{"id":9656,"date":"2021-04-19T17:09:45","date_gmt":"2021-04-19T15:09:45","guid":{"rendered":"https:\/\/taiyo.fi\/?page_id=9656"},"modified":"2025-10-31T13:54:26","modified_gmt":"2025-10-31T11:54:26","slug":"keittion-kayttooikeudet","status":"publish","type":"page","link":"https:\/\/taiyo.fi\/sv\/keittion-kayttooikeudet\/","title":{"rendered":"Beh\u00f6righeter f\u00f6r k\u00f6ket i N-huset"},"content":{"rendered":"<p class=\"wp-block-paragraph\"><strong>L\u00e4nk f\u00f6r att ans\u00f6ka om beh\u00f6righeter f\u00f6r k\u00f6ket i N-huset:<br \/><a href=\"https:\/\/forms.office.com\/r\/Sn2tVzg6LD\">Keitti\u00f6n k\u00e4ytt\u00f6oikeudet N412kk &#8211; Right to use the kitchen N412kk \u2013 T\u00e4yt\u00e4 lomake<\/a><br \/><\/strong><\/p>\r\n<p>Alla studerande vid Konstuniversitetet kan ans\u00f6ka om att f\u00e5 tillg\u00e5ng till k\u00f6ket, som finns i anslutning till TaiYo:s kansli p\u00e5 4:e v\u00e5ningen i N-huset. (Nervandersgatan 13).<\/p>\r\n<p>Tillg\u00e5ng till k\u00f6ket sker med Sibelius-Akademins N-husets tag. K\u00f6ksanv\u00e4ndaren ansvarar f\u00f6r inf\u00f6rskaffningen av tagen (kontakta vaktm\u00e4starna i N-huset), medan TaiYo ser till att tillg\u00e5ng till k\u00f6ket l\u00e4ggs till i tagen efter att anv\u00e4ndaren har underskrivit detta avtal.\u00a0<\/p>\r\n<h4><br \/><strong>Ylioppilaskunnan keitti\u00f6n k\u00e4ytt\u00f6sopimus\u00a0<\/strong><\/h4>\r\n\r\n\r\n\r\n<p class=\"wp-block-paragraph\">Genom att underteckna detta avtal f\u00f6rbinder jag mig att f\u00f6lja f\u00f6ljande anv\u00e4ndningsregler f\u00f6r Konstuniversitetets studentk\u00e5rs (TaiYo) k\u00f6k.\u00a0<\/p>\r\n\r\n\r\n\r\n\r\n\r\n<ol class=\"wp-block-list\">\r\n<li><strong>K\u00f6ksd\u00f6rren ska inte \u00f6ppnas f\u00f6r n\u00e5gon annan<\/strong> - om du sl\u00e4pper in n\u00e5gon annan i k\u00f6ket kommer du att vara ansvarig f\u00f6r eventuella skador och r\u00e5dd som personen kan orsaka! K\u00f6ket \u00e4r inte i allas anv\u00e4ndning, utan den \u00e4r till endast f\u00f6r studentk\u00e5rens anst\u00e4llda och f\u00f6rtroendevalda samt f\u00f6r studenter som har ans\u00f6kt om anv\u00e4ndarr\u00e4tt av KonSt genom att skriva under detta avtal.<br \/><br \/><\/li>\r\n<li><strong>K\u00f6ksd\u00f6rren m\u00e5ste alltid vara st\u00e4ngd<\/strong> och l\u00e5st efter att du anv\u00e4nt utrymmet d\u00e5 du l\u00e4mnar KonSt:s lokaler.<br \/><br \/><\/li>\r\n<li><strong>K\u00f6ksanv\u00e4ndaren \u00e4r alltid skyldig att st\u00e4da upp och diska efter sig!\u00a0<br \/><br \/><\/strong><\/li>\r\n<li><strong>Studentk\u00e5rens k\u00e4rl och bestick f\u00e5r inte f\u00f6ras utanf\u00f6r studentk\u00e5rens rum.\u00a0<br \/><br \/><\/strong><\/li>\r\n<li><strong>Hyllorna ovanf\u00f6r kaffemaskinen och de l\u00e5ga kylsk\u00e5pen, bredvid d\u00f6rren och markerade f\u00f6r studenter, \u00e4r tillg\u00e4ngliga f\u00f6r studenter.\u00a0<\/strong>K\u00f6ket anv\u00e4nds ocks\u00e5 av TaiYo:s anst\u00e4llda, f\u00f6r vilka ett annat kylsk\u00e5p har reserverats.\u00a0<br \/><br \/><\/li>\r\n<li><strong>Om du f\u00f6rvarar matvaror i kylsk\u00e5pet eller p\u00e5 hyllor m\u00e5ste de m\u00e4rkas med \u00e4garens namn.<\/strong> Om\u00e4rkta f\u00f6rem\u00e5l i torrsk\u00e5pet och i kylsk\u00e5pet i offentligt bruk \u00e4r gratis villebr\u00e5d f\u00f6r alla och kan ocks\u00e5 sl\u00e4ngas fritt.\u00a0<br \/><br \/><\/li>\r\n<li><strong>Om du f\u00f6rvarar matvaror i kylsk\u00e5pet eller p\u00e5 hyllor m\u00e5ste de m\u00e4rkas med \u00e4garens namn.<\/strong> TaiYo:lla on oikeus heitt\u00e4\u00e4 pois kaikki\u00a0vanhaksi menneet elintarvikkeet, vaikka niiss\u00e4 olisi omistajan nimi.\u00a0<br \/><br \/><\/li>\r\n<li><strong>Livsmedel som m\u00e4rkts av andra f\u00e5r inte r\u00f6ras,<\/strong>inte heller livsmedel som finns i studentk\u00e5rens kylsk\u00e5p\/sk\u00e5p\/hylla. T.ex. Kaffe-, te- och filterp\u00e5sarna p\u00e5 TaiYos \u00f6ppna hylla \u00e4r inte i allm\u00e4nt bruk, alla m\u00e5ste allts\u00e5 h\u00e4mta sitt egna kaffe!\u00a0<br \/><br \/><\/li>\r\n<li><strong>Observera att mikrov\u00e5gsugnen m\u00e5ste st\u00e4ngas av separat efter varje anv\u00e4ndning, annars forts\u00e4tter apparaten att pipa.<\/strong> muuten laite j\u00e4\u00e4 piippaamaan. Ylioppilaskunnan keitti\u00f6koneita (mikroaaltouuni, kahvinkeitin, vedenkeitin) saa k\u00e4ytt\u00e4\u00e4, kunhan toimii huolellisesti ja puhdistaa ne k\u00e4yt\u00f6n j\u00e4lkeen.\u00a0<br \/><br \/><\/li>\r\n<li><strong>Trasiga f\u00f6rem\u00e5l m\u00e5ste rapporteras till KonSt:s kansli s\u00e5 snart som m\u00f6jligt.\u00a0<br \/><br \/><\/strong><\/li>\r\n<li><strong>Om en k\u00f6ksanv\u00e4ndare inte st\u00e4dar upp sin egen r\u00f6ra eller har s\u00f6nder saker,<\/strong> kan studentk\u00e5ren be dem st\u00e4da upp k\u00f6ket eller kompensera de trasiga f\u00f6rem\u00e5len. Om en k\u00f6ksanv\u00e4ndare upprepade g\u00e5nger f\u00f6rsummar dessa anv\u00e4ndarvillkor kan studentk\u00e5ren avbryta deras tilltr\u00e4de till k\u00f6ket. (OBS! Det elektroniska nyckelsystemet g\u00f6r att vi kan kontrollera efter\u00e5t vem som har anv\u00e4nt k\u00f6ket vid ett visst \u00f6gonblick!)<\/li>\r\n<\/ol>\r\n\r\n\r\n\r\n\r\n\r\n\r\n\r\n\r\n\r\n\r\n\r\n\r\n\r\n\r\n\r\n\r\n\r\n\r\n\r\n<p><iframe loading=\"lazy\" style=\"border: none; max-width: 100%; max-height: 100vh;\" src=\"https:\/\/forms.office.com\/Pages\/ResponsePage.aspx?id=r_2RbbArHUO4kGTBSGlLrPrA2cagVZpPkUxPpXG1MZxURFhJNThDQzRXNjJCSUdFQkUxOFdMUFRGWiQlQCN0PWcu&amp;embed=true\" width=\"100%\" height=\"4480px\" frameborder=\"0\" marginwidth=\"0\" marginheight=\"0\" allowfullscreen=\"allowfullscreen\"> <\/iframe><\/p>","protected":false},"excerpt":{"rendered":"<p>Linkki Keitti\u00f6n k\u00e4ytt\u00f6oikeus lomakkeeseen, jos se ei avaudu alla:Keitti\u00f6n k\u00e4ytt\u00f6oikeudet N412kk &#8211; Right to use the kitchen N412kk \u2013 T\u00e4yt\u00e4 lomake Kaikkien [&hellip;]<\/p>\n","protected":false},"author":13,"featured_media":0,"parent":0,"menu_order":0,"comment_status":"closed","ping_status":"closed","template":"","meta":{"_coblocks_attr":"","_coblocks_dimensions":"","_coblocks_responsive_height":"","_coblocks_accordion_ie_support":"","_crdt_document":"","advanced_seo_description":"","jetpack_seo_html_title":"","jetpack_seo_noindex":false,"footnotes":""},"class_list":["post-9656","page","type-page","status-publish","hentry"],"jetpack_sharing_enabled":true,"jetpack_shortlink":"https:\/\/wp.me\/P2w00X-2vK","jetpack_likes_enabled":true,"amp_enabled":true,"_links":{"self":[{"href":"https:\/\/taiyo.fi\/sv\/wp-json\/wp\/v2\/pages\/9656","targetHints":{"allow":["GET"]}}],"collection":[{"href":"https:\/\/taiyo.fi\/sv\/wp-json\/wp\/v2\/pages"}],"about":[{"href":"https:\/\/taiyo.fi\/sv\/wp-json\/wp\/v2\/types\/page"}],"author":[{"embeddable":true,"href":"https:\/\/taiyo.fi\/sv\/wp-json\/wp\/v2\/users\/13"}],"replies":[{"embeddable":true,"href":"https:\/\/taiyo.fi\/sv\/wp-json\/wp\/v2\/comments?post=9656"}],"version-history":[{"count":23,"href":"https:\/\/taiyo.fi\/sv\/wp-json\/wp\/v2\/pages\/9656\/revisions"}],"predecessor-version":[{"id":15613,"href":"https:\/\/taiyo.fi\/sv\/wp-json\/wp\/v2\/pages\/9656\/revisions\/15613"}],"wp:attachment":[{"href":"https:\/\/taiyo.fi\/sv\/wp-json\/wp\/v2\/media?parent=9656"}],"curies":[{"name":"wp","href":"https:\/\/api.w.org\/{rel}","templated":true}]}}