{"id":963,"date":"2013-04-03T13:54:02","date_gmt":"2013-04-03T11:54:02","guid":{"rendered":"http:\/\/taiyo.fi\/?page_id=963"},"modified":"2026-03-31T12:20:18","modified_gmt":"2026-03-31T10:20:18","slug":"avoimet-luottamuspaikat","status":"publish","type":"page","link":"https:\/\/taiyo.fi\/sv\/avoimet-luottamuspaikat\/","title":{"rendered":"Lediga studentrepresentantposter"},"content":{"rendered":"<p class=\"wp-block-paragraph\">Beslut i \u00e4renden som g\u00e4ller Konstuniversitetet och dess akademier fattas av olika myndigheter, s\u00e5som universitetskollegiet, akademiernas direktioner och olika arbetsgrupper. Alla dessa har studentrepresentation och studentrepresentanterna v\u00e4ljs av studentk\u00e5ren p\u00e5 basis av elektroniska ans\u00f6kningar. Dessutom finns det till exempel studentmedlemmar i varje rekryteringsgrupp f\u00f6r en ny lektor eller professor.<\/p>\r\n\r\n<p>Nedan hittar du den officiella utlysningen av alla lediga studentrepresentantsposter inom Konstuniversitetets f\u00f6rvaltning. De spr\u00e5kkunskaper som kr\u00e4vs anges separat f\u00f6r varje uppgift. Mer information om studentrepresentantens arbete hittar du p\u00e5 sidan <a href=\"https:\/\/taiyo.fi\/sv\/ylioppilaskunta\/halloped\/\">Studentrepresentanter i f\u00f6rvaltningen<\/a>!<\/p>\r\n<h3><a href=\"https:\/\/taiyo.fi\/sv\/hakemus-opiskelijaedustajaksi\/\">L\u00e4nk till ans\u00f6kningsformul\u00e4ret:\u00a0<\/a><\/h3>\r\n<h3>\u00a0<\/h3>\r\n<h3>Lediga platser<\/h3>\r\n<ul>\r\n<li>Maalaustaiteen professorin rekrytointiryhm\u00e4, 1 j\u00e4sen (fi)<\/li>\r\n<li>Pianon, harmonikan, kitaran ja kanteleen aineryhm\u00e4n johtajan rekrytointiryhm\u00e4, 1 j\u00e4sen (fi)<\/li>\r\n<li>S\u00f6rn\u00e4isten kampuskehitt\u00e4misty\u00f6ryhm\u00e4, 1 j\u00e4sen (fi, en)<\/li>\r\n<li>Viljo ja Lahja Koposen s\u00e4\u00e4ti\u00f6n hallitus,\u00a0 1 varaj\u00e4sen (fi)<\/li>\r\n<\/ul>\r\n<h3>Avoinna olevat teht\u00e4v\u00e4t, jossa haetaan vain v\u00e4it\u00f6stutkijoita<\/h3>\r\n<ul>\r\n<li>Dosentuurihakuprosessin opetusn\u00e4ytetoimikunnan opiskelijaj\u00e4sen, 1 j\u00e4sen (fi)<\/li>\r\n<\/ul>\r\n<h2>Uppgiftsspecifika beskrivningar<\/h2>\r\n<p>&nbsp;<\/p>\r\n<h3>Maalaustaiteen professorin rekrytointiryhm\u00e4<\/h3>\r\n<p>Taideyliopiston ylioppilaskunta hakee yht\u00e4 (1) opiskelijaedustajaa Kuvataideakatemian maalaustaiteen professorin rekrytointiryhm\u00e4\u00e4n. Rekrytointiryhm\u00e4ss\u00e4 ty\u00f6skentelev\u00e4lt\u00e4 vaaditaan sujuvaa suomen taitoa.<\/p>\r\n<p>Rekrytointiryhm\u00e4\u00e4n voivat hakea kaikki Kuvataideakatemian opiskelijat. Opiskelijaj\u00e4senelle maksetaan rekrytointiprosessista kertaluontoinen 300\u20ac palkkio.\u00a0<\/p>\r\n<p>Studentrepresantpost ans\u00f6ks <a href=\"https:\/\/taiyo.fi\/sv\/hakemus-opiskelijaedustajaksi\/\">med denna elektroniska blankett<\/a> <strong>torstaihin <\/strong><strong>9.4.<\/strong><strong> kl. 23:59.<\/strong> Mera information om ans\u00f6kningsprocessen samt rekryteringprocessen f\u00e5r du av generalsekreterare Jane K\u00e4rn\u00e4 (taiyo-paasihteeri@uniarts.fi, tfn. 040 710 4296).<\/p>\r\n<p>&nbsp;<\/p>\r\n<h3>Pianon, harmonikan, kitaran ja kanteleen aineryhm\u00e4n johtajan rekrytointiryhm\u00e4<\/h3>\r\n<p>Taideyliopiston ylioppilaskunta hakee yht\u00e4 (1) opiskelijaedustajaa pianon, harmonikan, kitaran ja kanteleen aineryhm\u00e4n johtajan rekrytointiryhm\u00e4\u00e4n. Rekrytointiryhm\u00e4ss\u00e4 ty\u00f6skentelev\u00e4lt\u00e4 vaaditaan sujuvaa suomen taitoa.<\/p>\r\n<p>Rekrytointiryhm\u00e4\u00e4n voivat hakea kaikki Sibelius-Akatemian opiskelijat. Opiskelijaj\u00e4senelle maksetaan rekrytointiprosessista kertaluontoinen 200\u20ac palkkio.\u00a0<\/p>\r\n<p>Studentrepresantpost ans\u00f6ks <a href=\"https:\/\/taiyo.fi\/sv\/hakemus-opiskelijaedustajaksi\/\">med denna elektroniska blankett<\/a> <strong>torstaihin <\/strong><strong>9.4.<\/strong><strong> kl. 23:59.<\/strong> Mera information om ans\u00f6kningsprocessen samt rekryteringprocessen f\u00e5r du av generalsekreterare Jane K\u00e4rn\u00e4 (taiyo-paasihteeri@uniarts.fi, tfn. 040 710 4296).<\/p>\r\n<p>&nbsp;<\/p>\r\n<h3>S\u00f6rn\u00e4isten kampuskehitt\u00e4misty\u00f6ryhm\u00e4<\/h3>\r\n<p>Taideyliopiston ylioppilaskunta hakee toista opiskelijaj\u00e4sent\u00e4 S\u00f6rn\u00e4isten kampuskehitt\u00e4misryhm\u00e4\u00e4n.<\/p>\r\n<p>S\u00f6rn\u00e4isten kampuskehitt\u00e4misryhm\u00e4\u00e4n opiskelijaj\u00e4seneksi voivat hakea S\u00f6rn\u00e4isten kampuksella opiskelevat opiskelijat. Opiskelijaj\u00e4senelle maksetaan kokouspalkkiota v\u00e4hint\u00e4\u00e4n 25 \u20ac \/kokous riippuen kokouksen kestosta.<\/p>\r\n<p>Studentrepresantpost ans\u00f6ks <a href=\"https:\/\/taiyo.fi\/sv\/hakemus-opiskelijaedustajaksi\/\">med denna elektroniska blankett<\/a> <strong>torstaihin <\/strong><strong>9.4.<\/strong><strong> kl. 23:59.<\/strong> Lis\u00e4tietoja hausta ja ty\u00f6ryhm\u00e4n toiminnasta antaa p\u00e4\u00e4sihteeri Jane K\u00e4rn\u00e4 (taiyo-paasihteeri @uniarts.fi, puh. 040 710 4296).<\/p>\r\n<p>&nbsp;<\/p>\r\n<h3>Viljo ja Lahja Koposen s\u00e4\u00e4ti\u00f6n hallitus<\/h3>\r\n<p>Taideyliopiston ylioppilaskunta hakee yht\u00e4 (1) varaj\u00e4sent\u00e4 Vilho ja Lahja Koposen s\u00e4\u00e4ti\u00f6n hallitukseen.<\/p>\r\n<p>Vilho ja Lahja Koposen s\u00e4\u00e4ti\u00f6 on vuokraa omistamiaan asuntoja (5 kpl) p\u00e4\u00e4asiassa suomalaisille jousisoittajille, stipendiluontoisesti.<\/p>\r\n<p>Vilho ja Lahja Koposen s\u00e4\u00e4ti\u00f6n hallitukseen voivat hakea kaikki Taideyliopiston l\u00e4sn\u00e4olevat opiskelijat, mutta pesti\u00e4 suositellaan Sibelius-Akatemian opiskelijoille. S\u00e4\u00e4ti\u00f6n hallitus kokoontuu 2\u20134 kertaa vuodessa ja kokouspalkkio on 30\u20ac\/kokous. Hallituksen ty\u00f6skentelykieli on suomi.<\/p>\r\n<p>Studentrepresantpost ans\u00f6ks <a href=\"https:\/\/taiyo.fi\/sv\/hakemus-opiskelijaedustajaksi\/\">med denna elektroniska blankett<\/a> <strong>torstaihin 9.4.<\/strong><strong>\u00a0<\/strong><strong>klo 23:59 menness\u00e4<\/strong><strong>.<\/strong> Lis\u00e4tietoja hausta ja s\u00e4\u00e4ti\u00f6n toiminnasta antaa p\u00e4\u00e4sihteeri Jane K\u00e4rn\u00e4 (taiyo-paasihteeri@uniarts.fi, puh. 040 710 4296).<\/p>\r\n<p>&nbsp;<\/p>\r\n<h3>Dosentuurihakuprosessin opetusn\u00e4ytetoimikunnan opiskelijaj\u00e4sen<\/h3>\r\n<p>Taideyliopiston ylioppilaskunta hakee yht\u00e4 (1) v\u00e4it\u00f6stutkijaa opiskelijaedustajaksi dosentuurihakuprosessin opetusn\u00e4ytetoimikuntaan. Rekrytointiryhm\u00e4ss\u00e4 ty\u00f6skentelev\u00e4lt\u00e4 vaaditaan sujuvaa suomen taitoa. Opetusn\u00e4yte j\u00e4rjestet\u00e4\u00e4n keskiviikkona 15.4.2026 klo 13.15-14 Nervanderinkadun yksik\u00f6ss\u00e4.<\/p>\r\n<p>Rekrytointiryhm\u00e4\u00e4n voivat hakea kaikki Sibelius-Akatemian v\u00e4it\u00f6stutkijat, joita ei katsota yliopiston henkil\u00f6kuntaan kuuluviksi. Opiskelijaj\u00e4senelle maksetaan 25\u20ac\/2h.<\/p>\r\n<p>Studentrepresantpost ans\u00f6ks <a href=\"https:\/\/taiyo.fi\/sv\/hakemus-opiskelijaedustajaksi\/\">med denna elektroniska blankett<\/a> <strong>torstaihin <\/strong><strong>9.4.<\/strong><strong> kl. 23:59.<\/strong> Mera information om ans\u00f6kningsprocessen samt rekryteringprocessen f\u00e5r du av generalsekreterare Jane K\u00e4rn\u00e4 (taiyo-paasihteeri@uniarts.fi, tfn. 040 710 4296).<\/p>\r\n<p>&nbsp;<\/p>\r\n<h3>Tills vidare obesatta poster<\/h3>\r\n<p>Om n\u00e5gon av de tills vidare obesatta posterna intresserar, kan du ans\u00f6ka om en post genom att fylla i <a href=\"https:\/\/taiyo.fi\/sv\/hakemus-opiskelijaedustajaksi\/\">s\u00e4hk\u00f6isen lomakkeen<\/a>. Lis\u00e4tietoja varten voit ottaa yhteytt\u00e4 p\u00e4\u00e4sihteeri Jane K\u00e4rn\u00e4\u00e4n (taiyo-paasihteeri (\u00e4t) uniarts.fi, 040 710 4296).<\/p>\r\n<ul>\r\n<li>SVEN-gruppen<\/li>\r\n<\/ul>","protected":false},"excerpt":{"rendered":"<p>Taideyliopiston ja sen akatemioiden asioista p\u00e4\u00e4tet\u00e4\u00e4n erilaisissa virallisissa toimielimiss\u00e4, joita ovat esimerkiksi yliopistokollegio, akatemioiden johtokunnat ja erilaiset ty\u00f6ryhm\u00e4t. Kaikissa n\u00e4iss\u00e4 on opiskelijaedustus, [&hellip;]<\/p>\n","protected":false},"author":13,"featured_media":11555,"parent":0,"menu_order":0,"comment_status":"open","ping_status":"open","template":"","meta":{"_coblocks_attr":"","_coblocks_dimensions":"","_coblocks_responsive_height":"","_coblocks_accordion_ie_support":"","_crdt_document":"","advanced_seo_description":"","jetpack_seo_html_title":"","jetpack_seo_noindex":false,"footnotes":""},"class_list":["post-963","page","type-page","status-publish","has-post-thumbnail","hentry"],"jetpack_sharing_enabled":true,"jetpack_shortlink":"https:\/\/wp.me\/P2w00X-fx","jetpack_likes_enabled":true,"amp_enabled":true,"_links":{"self":[{"href":"https:\/\/taiyo.fi\/sv\/wp-json\/wp\/v2\/pages\/963","targetHints":{"allow":["GET"]}}],"collection":[{"href":"https:\/\/taiyo.fi\/sv\/wp-json\/wp\/v2\/pages"}],"about":[{"href":"https:\/\/taiyo.fi\/sv\/wp-json\/wp\/v2\/types\/page"}],"author":[{"embeddable":true,"href":"https:\/\/taiyo.fi\/sv\/wp-json\/wp\/v2\/users\/13"}],"replies":[{"embeddable":true,"href":"https:\/\/taiyo.fi\/sv\/wp-json\/wp\/v2\/comments?post=963"}],"version-history":[{"count":101,"href":"https:\/\/taiyo.fi\/sv\/wp-json\/wp\/v2\/pages\/963\/revisions"}],"predecessor-version":[{"id":16190,"href":"https:\/\/taiyo.fi\/sv\/wp-json\/wp\/v2\/pages\/963\/revisions\/16190"}],"wp:featuredmedia":[{"embeddable":true,"href":"https:\/\/taiyo.fi\/sv\/wp-json\/wp\/v2\/media\/11555"}],"wp:attachment":[{"href":"https:\/\/taiyo.fi\/sv\/wp-json\/wp\/v2\/media?parent=963"}],"curies":[{"name":"wp","href":"https:\/\/api.w.org\/{rel}","templated":true}]}}