{"id":928,"date":"2013-04-02T13:01:17","date_gmt":"2013-04-02T11:01:17","guid":{"rendered":"http:\/\/taiyo.fi\/?page_id=928"},"modified":"2023-06-07T14:30:09","modified_gmt":"2023-06-07T12:30:09","slug":"jasenedut","status":"publish","type":"page","link":"https:\/\/taiyo.fi\/sv\/jasenedut\/","title":{"rendered":"F\u00f6rm\u00e5ner f\u00f6r medlemmar"},"content":{"rendered":"<h3>Studentrabatter<\/h3>\r\n<p class=\"translation-block\">Studerande f\u00e5r ett brett utbud av rabatter genom att visa studentkortet. Till exempel i kollektivtrafik ger HRT, VR och Matkahuolto vanligtvis studerande en rabatt p\u00e5 ca. 40-50% p\u00e5 sina biljetter. Det finns ocks\u00e5 flera studentrestauranger i storstadsomr\u00e5det som erbjuder lunch till l\u00e5ga priser.<\/p>\r\n<p>Ut\u00f6ver de centrala rabatterna p\u00e5 resor och lunch erbjuder m\u00e5nga butiker, tj\u00e4nster och kulturinstitutioner olika rabatter f\u00f6r studerande. Dessa studief\u00f6rm\u00e5ner och erbjudanden finns samlade p\u00e5 studerandef\u00f6rm\u00e5nstj\u00e4nsten\u00a0<a href=\"https:\/\/frank.fi\/fi\/\">Franks webbsidor<\/a>. Nedan finns n\u00e5gra exempel p\u00e5 studierabatter, s\u00e4rskilt inom kulturtj\u00e4nster, men fler f\u00f6rm\u00e5ner och rabatter uppdateras kontinuerligt p\u00e5 Franks webbplats, s\u00e5 det l\u00f6nar sig att regelbundet kontrollera de senaste erbjudandena!<\/p>\r\n<ul>\r\n<li>Konstuniversitetets egna produktioner \u00e4r gratis f\u00f6r studerande (exklusive n\u00e5gra SibA-konserter): som studerande vid Konstuniversitetet har du r\u00e4tt till en gratis biljett till evenemangen p\u00e5 Sibelius-Akademin och tv\u00e5 gratis biljetter till Teaterh\u00f6gskolans evenemang. Tilltr\u00e4de till Bildkonstakademins utst\u00e4llningar \u00e4r alltid gratis och SibAs examina \u00e4r offentliga och gratis evenemang.<\/li>\r\n<li>Bland musikinstitutioner, t.ex. Helsingfors stadsorkester, Radions symfoniorkester och Operan erbjuder studentrabatt. Dessutom \u00e4r \u00f6vningar i HSO och RSO \u00f6ppna f\u00f6r SibA-studerande.<\/li>\r\n<li>Teatrarna ger s\u00e5 gott som utan undantag studentrabatter.<\/li>\r\n<li>N\u00e4stan alla konstmuseer beviljar studentrabatt. Dessutom, t.ex. intr\u00e4de till Ateneum, Kiasma, Konstmuseet Sinebrychoff och Helsingfors Konstmuseum \u00e4r gratis vid vissa tider.<\/li>\r\n<li>Finnkinos biografer erbjuder studerande 10-30 % rabatt, beroende p\u00e5 visningen.<\/li>\r\n<li>Nothandeln\u00a0<a href=\"http:\/\/www.ostinato.fi\/\">Ostinato<\/a>som \u00e4r grundad av konststuderande, ger 10 % rabatt till alla studerande vid Konstuniversitetet.<\/li>\r\n<li>Vandrarhemmen som h\u00f6r till Suomen hostellij\u00e4rjest\u00f6 erbjuder inkvartering och hostellkort till rabatterat medlemspris.<\/li>\r\n<li class=\"translation-block\">Hundratals fler studentrabatter finns p\u00e5 <a href=\"https:\/\/frank.fi\/fi\/\" target=\"_self\">Franks webbplats<\/a>, t.ex. resor, tidskrifter, kl\u00e4der, Maccar, hotell och restauranger. G\u00e5 och titta!<\/li>\r\n<\/ul>\r\n<div>\u00a0<\/div>\r\n<h4><strong>STUDENT: LADDA NER MICROSOFT OFFICE GRATIS TILL DIN HEMDATOR!<\/strong><\/h4>\r\n<p>K\u00e4mpar du med gamla eller svaga arbetsprogram? \u00c4r textformateringen av en uppsats eller kandidatexamen en lidelse? \u00c4r dina anteckningar i en h\u00f6g i v\u00e4skan? Letar du efter en mera proffsig look till dina diashower? Nu finns det en l\u00f6sning p\u00e5 allt detta. Gratis.<\/p>\r\n<p>Som en ny f\u00f6rm\u00e5n f\u00f6r Konstuniversitetet har du nu en unik m\u00f6jlighet att ladda ner bekanta och s\u00e4kra Office-verktyg till din hemdator gratis i form av ett Office 365 ProPlus-paket.<br \/>Office 365 ProPlus inneh\u00e5ller ett anv\u00e4ndbart programpaket f\u00f6r studier, inklusive Word, Excel, PowerPoint, OneNote och Outlook. Du kan ladda ned Office p\u00e5 fem av dina egna enheter och aktivera Office p\u00e5 din smartphone, Mac och iPad med ditt Office 365-konto.<\/p>\r\n<p>Det \u00e4r enkelt att ladda ned Office 365 ProPlus:<br \/>1. \u00d6ppna adressen i webbl\u00e4saren p\u00e5 din hemdator: <a href=\"https:\/\/portal.office.com\/OLS\/MySoftware.aspx\" target=\"_blank\" rel=\"noopener noreferrer\">https:\/\/portal.office.com\/OLS\/MySoftware.aspx<\/a><br \/>2. Logga in med ditt O365-konto i format anv\u00e4ndarnamn@uniarts.fi (om du har problem med att logga in b\u00f6r du prova en annan webbl\u00e4sare)<br \/>3. Klicka p\u00e5 knappen Installera l\u00e4ngst ner p\u00e5 sidan och f\u00f6lj instruktionerna<\/p>\r\n<p>&nbsp;<\/p>\r\n\r\n<p class=\"wp-block-paragraph\">&nbsp;<\/p>","protected":false},"excerpt":{"rendered":"<p>Opiskelija-alennukset Opiskelijat saavat monenlaisia alennuksia n\u00e4ytt\u00e4m\u00e4ll\u00e4\u00a0opiskelijakorttia. Esimerkiksi joukkoliikenteess\u00e4 HSL, VR ja Matkahuolto antavat lipuistaan perustutkinto-opiskelijoille yleens\u00e4 n. 40-50 % alennuksen. P\u00e4\u00e4kaupunkiseudulla on [&hellip;]<\/p>\n","protected":false},"author":13,"featured_media":0,"parent":0,"menu_order":0,"comment_status":"open","ping_status":"open","template":"","meta":{"_coblocks_attr":"","_coblocks_dimensions":"","_coblocks_responsive_height":"","_coblocks_accordion_ie_support":"","_crdt_document":"","advanced_seo_description":"","jetpack_seo_html_title":"","jetpack_seo_noindex":false,"footnotes":""},"class_list":["post-928","page","type-page","status-publish","hentry"],"jetpack_sharing_enabled":true,"jetpack_shortlink":"https:\/\/wp.me\/P2w00X-eY","jetpack_likes_enabled":true,"amp_enabled":true,"_links":{"self":[{"href":"https:\/\/taiyo.fi\/sv\/wp-json\/wp\/v2\/pages\/928","targetHints":{"allow":["GET"]}}],"collection":[{"href":"https:\/\/taiyo.fi\/sv\/wp-json\/wp\/v2\/pages"}],"about":[{"href":"https:\/\/taiyo.fi\/sv\/wp-json\/wp\/v2\/types\/page"}],"author":[{"embeddable":true,"href":"https:\/\/taiyo.fi\/sv\/wp-json\/wp\/v2\/users\/13"}],"replies":[{"embeddable":true,"href":"https:\/\/taiyo.fi\/sv\/wp-json\/wp\/v2\/comments?post=928"}],"version-history":[{"count":31,"href":"https:\/\/taiyo.fi\/sv\/wp-json\/wp\/v2\/pages\/928\/revisions"}],"predecessor-version":[{"id":12491,"href":"https:\/\/taiyo.fi\/sv\/wp-json\/wp\/v2\/pages\/928\/revisions\/12491"}],"wp:attachment":[{"href":"https:\/\/taiyo.fi\/sv\/wp-json\/wp\/v2\/media?parent=928"}],"curies":[{"name":"wp","href":"https:\/\/api.w.org\/{rel}","templated":true}]}}