{"id":74,"date":"2012-06-19T12:12:20","date_gmt":"2012-06-19T12:12:20","guid":{"rendered":"http:\/\/taiyo.fi\/?page_id=74"},"modified":"2019-11-29T17:20:11","modified_gmt":"2019-11-29T15:20:11","slug":"ohjeita-ehdokkaalle","status":"publish","type":"page","link":"https:\/\/taiyo.fi\/sv\/edustajistovaalit\/ohjeita-ehdokkaalle\/","title":{"rendered":"Ohjeita ehdokkaalle"},"content":{"rendered":"<p>Olet p\u00e4\u00e4tt\u00e4nyt l\u00e4hte\u00e4 ehdolle, hieno juttu! T\u00e4lt\u00e4 sivulta l\u00f6yd\u00e4t muutamia yleisi\u00e4 ohjeita vaaleihin liittyen sek\u00e4 vinkkej\u00e4 ehdokkaana olemiseen.<\/p>\n<p>Ehdokkailla on merkitt\u00e4v\u00e4 rooli \u00e4\u00e4nestysaktiivisuuteen kannustamisessa. Siksi on hyv\u00e4 olla perill\u00e4 perusasioista vaaleihin liittyen. Tutustu siis <a title=\"Vaalien aikataulu\" href=\"http:\/\/taiyo.fi\/sv\/edustajistovaalit\/vaalien-aikataulu\/\">vaalien aikatauluun t\u00e4\u00e4ll\u00e4<\/a> och <a title=\"Tietoa edustajistotoiminnasta\" href=\"http:\/\/taiyo.fi\/sv\/edustajistovaalit\/tietoa-edustajistotoiminnasta\/\">edustajistotoimintaan t\u00e4\u00e4ll\u00e4<\/a>. My\u00f6s ylioppilaskunnan toimintaan perehtyminen yleisemm\u00e4ll\u00e4 tasolla on varmasti hy\u00f6dyllist\u00e4.<\/p>\n<p>T\u00e4ss\u00e4 lis\u00e4ksi pari muuta vinkki\u00e4 ehdolla olemiseen. Voit valita niist\u00e4 sinulle sopivat:<\/p>\n<ol>\n<li>Perusta vaaliliitto samanhenkisten ehdokkaiden kanssa (9.10.2019 klo 12 menness\u00e4, <a title=\"N\u00e4in asetut\u00a0ehdolle\" href=\"http:\/\/taiyo.fi\/sv\/edustajistovaalit\/nain-asetut-ehdolle\/\">ohjeet t\u00e4\u00e4ll\u00e4<\/a>).<\/li>\n<li>Juttele kaikille kavereille vaaleista ja kerro olevasi ehdolla.<\/li>\n<li>T\u00e4yt\u00e4 vaalikone, kun sen aika koittaa (saat ohjeet s\u00e4hk\u00f6postiisi ehdokasilmoittautumisen p\u00e4\u00e4tytty\u00e4).<\/li>\n<li>Tee oma tai vaaliliiton yhteinen mainosjuliste ja levit\u00e4 sit\u00e4 sopiviin paikkoihin (vaalimainonta alkaa 10.10. ja ohjeet mainonnasta l\u00f6ytyv\u00e4t <a title=\"Vaalimainostusohjeet 2019\" href=\"https:\/\/taiyo.fi\/wp-content\/uploads\/2019\/09\/Vaalimainostusohjeet-2019.pdf\">h\u00e4r<\/a>).<\/li>\n<li>J\u00e4rjest\u00e4 vaalitilaisuus tai innosta muita ehdokkaita j\u00e4rjest\u00e4m\u00e4\u00e4n kanssasi yhdess\u00e4 esimerkiksi vaalibileet tai -keskustelu.<\/li>\n<li>Perusta nettisivu tai Facebook-sivu, jolla kerrot, miksi sinua kannattaisi \u00e4\u00e4nest\u00e4\u00e4.<\/li>\n<li>Muista \u00e4\u00e4nest\u00e4\u00e4 itse itse\u00e4si! \ud83d\ude09<\/li>\n<\/ol>\n<p>Tsemppi\u00e4 vaaleihin!<\/p>\n\n\n<p class=\"wp-block-paragraph\"><\/p>","protected":false},"excerpt":{"rendered":"<p>Olet p\u00e4\u00e4tt\u00e4nyt l\u00e4hte\u00e4 ehdolle, hieno juttu! T\u00e4lt\u00e4 sivulta l\u00f6yd\u00e4t muutamia yleisi\u00e4 ohjeita vaaleihin liittyen sek\u00e4 vinkkej\u00e4 ehdokkaana olemiseen. Ehdokkailla on merkitt\u00e4v\u00e4 rooli [&hellip;]<\/p>\n","protected":false},"author":13,"featured_media":0,"parent":1342,"menu_order":30,"comment_status":"open","ping_status":"open","template":"","meta":{"_coblocks_attr":"","_coblocks_dimensions":"","_coblocks_responsive_height":"","_coblocks_accordion_ie_support":"","_crdt_document":"","advanced_seo_description":"","jetpack_seo_html_title":"","jetpack_seo_noindex":false,"footnotes":""},"class_list":["post-74","page","type-page","status-publish","hentry"],"jetpack_sharing_enabled":true,"jetpack_shortlink":"https:\/\/wp.me\/P2w00X-1c","jetpack_likes_enabled":true,"amp_enabled":true,"_links":{"self":[{"href":"https:\/\/taiyo.fi\/sv\/wp-json\/wp\/v2\/pages\/74","targetHints":{"allow":["GET"]}}],"collection":[{"href":"https:\/\/taiyo.fi\/sv\/wp-json\/wp\/v2\/pages"}],"about":[{"href":"https:\/\/taiyo.fi\/sv\/wp-json\/wp\/v2\/types\/page"}],"author":[{"embeddable":true,"href":"https:\/\/taiyo.fi\/sv\/wp-json\/wp\/v2\/users\/13"}],"replies":[{"embeddable":true,"href":"https:\/\/taiyo.fi\/sv\/wp-json\/wp\/v2\/comments?post=74"}],"version-history":[{"count":16,"href":"https:\/\/taiyo.fi\/sv\/wp-json\/wp\/v2\/pages\/74\/revisions"}],"predecessor-version":[{"id":6936,"href":"https:\/\/taiyo.fi\/sv\/wp-json\/wp\/v2\/pages\/74\/revisions\/6936"}],"up":[{"embeddable":true,"href":"https:\/\/taiyo.fi\/sv\/wp-json\/wp\/v2\/pages\/1342"}],"wp:attachment":[{"href":"https:\/\/taiyo.fi\/sv\/wp-json\/wp\/v2\/media?parent=74"}],"curies":[{"name":"wp","href":"https:\/\/api.w.org\/{rel}","templated":true}]}}