{"id":7395,"date":"2020-04-02T14:22:21","date_gmt":"2020-04-02T12:22:21","guid":{"rendered":"https:\/\/taiyo.fi\/?page_id=7395"},"modified":"2024-01-22T12:30:54","modified_gmt":"2024-01-22T10:30:54","slug":"hakemus-opiskelijaedustajaksi","status":"publish","type":"page","link":"https:\/\/taiyo.fi\/sv\/hakemus-opiskelijaedustajaksi\/","title":{"rendered":"Hakemus opiskelijaedustajaksi \u2013 Student representative application \u2013 Ans\u00f6kningsblankett f\u00f6r att bli studentrepresentant"},"content":{"rendered":"<p class=\"wp-block-paragraph\">Konstuniversitetets studentk\u00e5rs studentrepresentantsuppdrag s\u00f6ks genom att fylla i blanketten nedan. <strong>L\u00e4s instruktionerna innan du fyller i formul\u00e4ret.<\/strong><\/p>\r\n<ul>\r\n<li>Ans\u00f6kningar behandlas av Studentk\u00e5rs styrelse. Generalsekreteraren anonymiserar ans\u00f6kningar f\u00f6r styrelsens beslutsfattande. Personuppgifter som namn, \u00e5lder, k\u00f6n eller nationalitet kommer att anonymiseras fr\u00e5n applikationen.<\/li>\r\n<li>Eftersom valet av studentrepresentanter \u00e4r en av studentk\u00e5rens lagstadgade offentliga uppgifter, \u00e4r ans\u00f6kningarna offentliga handlingar. Det inneb\u00e4r att vi kommer att l\u00e4mna ut ans\u00f6kan p\u00e5 beg\u00e4ran, men vi kommer inte att publicera den n\u00e5gonstans. Fyll d\u00e4rf\u00f6r inte i k\u00e4nsliga uppgifter, till exempel uppgifter om din h\u00e4lsa eller andra personuppgifter, i ans\u00f6kan. TaiYos beskrivning av handlingars offentlighet finns <a href=\"https:\/\/taiyo.fi\/wp-content\/uploads\/2022\/06\/Asiakirjajulkisuuskuvaus.pdf\">h\u00e4r (l\u00e4nk)<\/a>.<\/li>\r\n<li>F\u00f6r att vi ska kunna verifiera att ans\u00f6kan kommer fr\u00e5n en riktig person m\u00e5ste du f\u00f6rst logga in p\u00e5 blanketten med ditt Uniarts-konto. Efter det beh\u00f6ver du inte l\u00e4ngre fylla i ditt namn p\u00e5 blanketten. Om du redan \u00e4r inloggad med dina Uniarts-konton, till exempel till din e-post, identifierar blanketten dig automatiskt och ingen ny inloggning kr\u00e4vs.<\/li>\r\n<li>Fr\u00e5gorna 3-5 i formul\u00e4ret hj\u00e4lper dig att ber\u00e4tta de r\u00e4tta sakerna om dig sj\u00e4lv, men du beh\u00f6ver inte dela upp din ans\u00f6kan enligt dessa fr\u00e5gor eller svara p\u00e5 alla fr\u00e5gor - du kan ans\u00f6ka genom en l\u00e4ngre text, och i bland r\u00e4cker till och med en kortare text. Granska dock all information om posten du ans\u00f6ker via <a href=\"https:\/\/taiyo.fi\/sv\/avoimet-luottamuspaikat\/\">https:\/\/taiyo.fi\/sv\/avoimet-luottamuspaikat\/<\/a>Om du har fr\u00e5gor ang\u00e5ende ans\u00f6kningsprocessen eller posten du ans\u00f6ker kan du ta kontakt med KonSt:s generalsekreterare (taiyo-paasihteeri@uniarts.fi, tfn. 040 710 4296).<\/li>\r\n<li>Dataskydd: Uppgifterna p\u00e5 blanketten anv\u00e4nds endast f\u00f6r \u00e4ndam\u00e5l relaterade till val av studentrepresentanter och behandlas i enlighet med studentk\u00e5rens integritetspolicy <a href=\"https:\/\/taiyo.fi\/sv\/ylioppilaskunta\/ilmoitustaulu\/tietosuojailmoitus\/\">integritetspolicy (l\u00e4nk)<\/a> mukaisesti.<\/li>\r\n<\/ul>\r\n\r\n\r\n\r\n<p class=\"wp-block-paragraph\">Linkki hakemukseen: <a href=\"https:\/\/forms.office.com\/Pages\/ResponsePage.aspx?id=r_2RbbArHUO4kGTBSGlLrPrA2cagVZpPkUxPpXG1MZxUM1VFVUlET1daRENIT0hXU0paMzhWUElXUiQlQCN0PWcu\">https:\/\/forms.office.com\/Pages\/ResponsePage.aspx?id=r_2RbbArHUO4kGTBSGlLrPrA2cagVZpPkUxPpXG1MZxUM1VFVUlET1daRENIT0hXU0paMzhWUElXUiQlQCN0PWcu<\/a><\/p>\r\n\r\n\r\n\r\n\r\n\r\n<p><iframe loading=\"lazy\" style=\"border: none; max-width: 100%; max-height: 100vh;\" src=\"https:\/\/forms.office.com\/Pages\/ResponsePage.aspx?id=r_2RbbArHUO4kGTBSGlLrPrA2cagVZpPkUxPpXG1MZxUM1VFVUlET1daRENIT0hXU0paMzhWUElXUiQlQCN0PWcu&amp;embed=true\" width=\"100%\" height=\"750px\" frameborder=\"0\" marginwidth=\"0\" marginheight=\"0\" allowfullscreen=\"allowfullscreen\"> <\/iframe><\/p>","protected":false},"excerpt":{"rendered":"<p>Taideyliopiston ylioppilaskunnan opiskelijaedustajan teht\u00e4vi\u00e4 haetaan t\u00e4ytt\u00e4m\u00e4ll\u00e4 allaoleva lomake. Tutustu ohjeisiin ennen hakemuksen l\u00e4hett\u00e4mist\u00e4. Hakemukset k\u00e4sittelee ylioppilaskunnan hallitus. P\u00e4\u00e4sihteeri anonymisoi hakemukset hallituksen k\u00e4sittely\u00e4 [&hellip;]<\/p>\n","protected":false},"author":13,"featured_media":0,"parent":0,"menu_order":0,"comment_status":"closed","ping_status":"closed","template":"","meta":{"_coblocks_attr":"","_coblocks_dimensions":"","_coblocks_responsive_height":"","_coblocks_accordion_ie_support":"","_crdt_document":"","advanced_seo_description":"","jetpack_seo_html_title":"","jetpack_seo_noindex":false,"footnotes":""},"class_list":["post-7395","page","type-page","status-publish","hentry"],"jetpack_sharing_enabled":true,"jetpack_shortlink":"https:\/\/wp.me\/P2w00X-1Vh","jetpack_likes_enabled":true,"amp_enabled":true,"_links":{"self":[{"href":"https:\/\/taiyo.fi\/sv\/wp-json\/wp\/v2\/pages\/7395","targetHints":{"allow":["GET"]}}],"collection":[{"href":"https:\/\/taiyo.fi\/sv\/wp-json\/wp\/v2\/pages"}],"about":[{"href":"https:\/\/taiyo.fi\/sv\/wp-json\/wp\/v2\/types\/page"}],"author":[{"embeddable":true,"href":"https:\/\/taiyo.fi\/sv\/wp-json\/wp\/v2\/users\/13"}],"replies":[{"embeddable":true,"href":"https:\/\/taiyo.fi\/sv\/wp-json\/wp\/v2\/comments?post=7395"}],"version-history":[{"count":17,"href":"https:\/\/taiyo.fi\/sv\/wp-json\/wp\/v2\/pages\/7395\/revisions"}],"predecessor-version":[{"id":13218,"href":"https:\/\/taiyo.fi\/sv\/wp-json\/wp\/v2\/pages\/7395\/revisions\/13218"}],"wp:attachment":[{"href":"https:\/\/taiyo.fi\/sv\/wp-json\/wp\/v2\/media?parent=7395"}],"curies":[{"name":"wp","href":"https:\/\/api.w.org\/{rel}","templated":true}]}}