{"id":70,"date":"2012-06-19T12:10:45","date_gmt":"2012-06-19T12:10:45","guid":{"rendered":"http:\/\/taiyo.fi\/?page_id=70"},"modified":"2019-09-10T18:31:27","modified_gmt":"2019-09-10T16:31:27","slug":"nain-asetut-ehdolle","status":"publish","type":"page","link":"https:\/\/taiyo.fi\/sv\/edustajistovaalit\/nain-asetut-ehdolle\/","title":{"rendered":"N\u00e4in asetut ehdolle"},"content":{"rendered":"<p><strong>Kuka voi asettua ehdolle ja miten se tehd\u00e4\u00e4n?<br \/>\n<\/strong>Edustajistovaaleissa voivat asettua ehdolle kaikki ylioppilaskunnan j\u00e4senet. J\u00e4seni\u00e4 ovat kaikki alempaan tai ylemp\u00e4\u00e4n korkeakoulututkintoon johtaviin opintoihin otetut Taideyliopiston opiskelijat (sek\u00e4 l\u00e4sn\u00e4- ett\u00e4 poissaolevaksi ilmoittautuneet) sek\u00e4 kaikki vapaaehtoisesti TaiYo:n j\u00e4seneksi liittyneet ja sen j\u00e4senmaksun maksaneet muut opiskelijat (mm. jatko- ja vaihto-opiskelijat sek\u00e4 opettajan pedagogisia opintoja suorittavat). Ehdolle asettuminen k\u00e4y varsin helposti: sinun tarvitsee vain t\u00e4ytt\u00e4\u00e4 yksi lomake (ehdokasilmoitus) ja palauttaa se oikeaan paikkaan ke 9.10. klo 12.00 menness\u00e4. T\u00e4m\u00e4n lis\u00e4ksi voit halutessasi liitty\u00e4 vaaliliittoon ja olla liitt\u00e4m\u00e4ss\u00e4 vaaliliittoasi vaalirenkaaseen (n\u00e4ist\u00e4 tarkemmin alempana), mutta t\u00e4m\u00e4 on t\u00e4ysin vapaaehtoista.<\/p>\n<p><strong>Lomakkeet<br \/>\n<\/strong><a title=\"Ehdokasilmoitus 2019\" href=\"https:\/\/taiyo.fi\/wp-content\/uploads\/2019\/09\/Ehdokasilmoitus-2019.pdf\">Ehdokasilmoitus<\/a><br \/>\n<a title=\"Vaaliliittosopimus 2019\" href=\"https:\/\/taiyo.fi\/wp-content\/uploads\/2019\/09\/Vaaliliittosopimus-2019.pdf\">Vaaliliittosopimus<\/a><br \/>\n<a title=\"Vaalirengassopimus 2019\" href=\"https:\/\/taiyo.fi\/wp-content\/uploads\/2019\/09\/Vaalirengassopimus-2019.pdf\">Avtalet om valring<\/a><strong><br \/>\n<\/strong><\/p>\n<p><strong>Ehdokasilmoituksen t\u00e4ytt\u00e4minen<\/strong><br \/>\nTulosta lomake yll\u00e4olevan linkin takaa tai hae sellainen oman akatemiasi palautuspisteest\u00e4 &#8211; alla luetelluista lomakkeiden j\u00e4tt\u00f6paikoista siis saa my\u00f6s tyhji\u00e4 lomakkeita. T\u00e4yt\u00e4 jokainen kohta Ehdokas-osasta siistill\u00e4 k\u00e4sialalla ja allekirjoita lomake. Merkitse rastilla, toimitko itse omana asiahenkil\u00f6n\u00e4si vai valtuutatko t\u00e4h\u00e4n jonkun muun, ja j\u00e4lkimm\u00e4isess\u00e4 tapauksessa t\u00e4yt\u00e4 my\u00f6s asiahenkil\u00f6n tiedot lomakkeeseen (lue alta tarkemmin, mik\u00e4 on asiahenkil\u00f6). Lomakkeiden tietoja k\u00e4sitell\u00e4\u00e4n luottamuksellisesti. Ehdokasluettelossa ja muussa tiedotuksessa n\u00e4kyvi\u00e4 tietoja ovat vain ehdokkaan nimi ja mahdollinen vaaliliitto sek\u00e4 akatemia ja koulutusohjelma.<\/p>\n<p><strong>T\u00e4ytettyjen lomakkeiden palauttaminen<\/strong><strong><br \/>\n<\/strong>Kaikki t\u00e4ytetyt lomakkeet (ehdokasilmoitus, vaaliliittosopimus tai vaalirengassopimus) tulee palauttaa ehdottomasti viimeist\u00e4\u00e4n <strong>keskiviikkona\u00a09.10. klo 12.00 menness\u00e4<\/strong> (my\u00f6h\u00e4ss\u00e4 palautettuja lomakkeita ei oteta huomioon). T\u00e4ytettyj\u00e4 lomakkeita ottavat vastaan seuraavissa paikoissa seuraavat henkil\u00f6t (heilt\u00e4 saa my\u00f6s tyhji\u00e4 lomakkeita):<\/p>\n<ul>\n<li><em>Taideyliopiston ylioppilaskunnan toimisto (Nervanderinkatu 13, 4. kerros):<\/em><br \/>\nj\u00e4senpalvelu- ja edunvalvontasihteeri Hannu Jaakkola ja p\u00e4\u00e4sihteeri Ville Sinnem\u00e4ki<\/li>\n<li><em>Kuvataideakatemian infopiste (Elim\u00e4enkatu 25 A, ala-aula):<\/em><br \/>\nvahtimestari Jukka Immonen ja toinen vahtimestari<\/li>\n<li><em>Teatterikorkeakoulun infopiste (Haapaniemenkatu 6, ala-aula):<\/em><br \/>\nvahtimestarit Jessica Aaltonen, Joona Meril\u00e4inen, Mikko Perttula, Joonas Portti, Teemu Soininen ja Pekka \u00c4ij\u00f6<\/li>\n<li><em>Sibelius-Akatemian Kuopion yksik\u00f6n toimisto (Kuopionlahdenkatu 23 C):<\/em><br \/>\nopintopalvelusihteeri Marjut Tikkanen<\/li>\n<li><em>Palautus postitse<\/em><br \/>\nOsoite: Taideyliopiston ylioppilaskunta \/ Edustajistovaalit,\u00a0PL 36, 00097 Taideyliopisto (kuoreen merkint\u00e4 \u201dvaaliasiakirja\u201d)<br \/>\nHUOM: My\u00f6s postitse l\u00e4hetettyjen lomakkeiden on oltava perill\u00e4 9.10. klo 12.00 menness\u00e4, eli kannattaa olla ajoissa liikkeell\u00e4! L\u00e4hett\u00e4j\u00e4 vastaa itse postitse toimitettavien asiakirjojen perille saapumisesta.<\/li>\n<\/ul>\n<p>Kyse on ihan oikeista vaaleista, joten jokaisen ehdokkaan sitoumus ehdolle asettumisesta, vakuutus vaalikelpoisuudesta ja tieto halukkuudesta liitty\u00e4 tiettyyn vaaliliittoon tulee varmentaa. K\u00e4yt\u00f6ss\u00e4mme ei ole s\u00e4hk\u00f6ist\u00e4 varmennusj\u00e4rjestelm\u00e4\u00e4, ja t\u00e4st\u00e4 syyst\u00e4 lomakkeet ker\u00e4t\u00e4\u00e4n paperisina ja allekirjoitettuina. Kirjoitathan selke\u00e4ll\u00e4 k\u00e4sialalla!<\/p>\n<h4>Lis\u00e4tietoa ehdokasilmoituksiin liittyvist\u00e4 asioista<strong><br \/>\n<\/strong><\/h4>\n<p><strong>Mit\u00e4 ovat vaaliliitto ja vaalirengas?<br \/>\n<\/strong>Ehdokasilmoituslomakkeen lis\u00e4ksi yll\u00e4 on tarjolla my\u00f6s my\u00f6s vaaliliitto- ja vaalirengassopimusten pohjat. Vaaliliittoon tai -renkaaseen kuuluminen ei ole pakollista, mutta k\u00e4yt\u00e4nn\u00f6ss\u00e4 se parantaa huomattavasti l\u00e4pip\u00e4\u00e4syn mahdollisuuksia. Vaaliliitto on ehdokkaiden muodostama ryhmittym\u00e4, johon saa kuulua v\u00e4hint\u00e4\u00e4n 2 ja enint\u00e4\u00e4n 15 henke\u00e4. Vaaliliiton tarkoitus on yhdist\u00e4\u00e4 jossain m\u00e4\u00e4rin samaa arvomaailmaa edustavia ja yhteisi\u00e4 tavoitteita ajavia ehdokkaita, aivan kuten puolueet kansallisella tasolla. K\u00e4yt\u00e4nn\u00f6ss\u00e4 vaaliliittojen vaikutus n\u00e4kyy vaalien \u00e4\u00e4ntenlaskennassa, jossa ehdokkaan sijoitukseen vaikuttavat vaaliliiton yhteenlaskettu \u00e4\u00e4nim\u00e4\u00e4r\u00e4 ja sijoitus vaaliliiton sis\u00e4ll\u00e4. Vaalirenkaat ovat puolestaan vaaliliittojen yhteenliittymi\u00e4, ja my\u00f6s vaalirenkaan yhteenlaskettu \u00e4\u00e4nim\u00e4\u00e4r\u00e4 vaikuttaa kaikkien sen liittojen ja niiden ehdokkaiden sijoitukseen.<\/p>\n<p><strong>Miten vaaliliitto\/-rengas perustetaan ja miten siihen liityt\u00e4\u00e4n?<br \/>\n<\/strong>Vaaliliiton perustaminen on helppoa: liittoon mukaan haluavat ehdokkaat (2-15 kpl) t\u00e4ytt\u00e4v\u00e4t yhdess\u00e4 vaaliliittosopimuksen, valitsevat liitolleen nimen ja asiahenkil\u00f6n (yhteyshenkil\u00f6) ja palauttavat paperin samalla tavoin kuin ehdokasilmoituksenkin. Vaaliliittosopimuksen allekirjoittavat kaikkien liittoon liittyvien ehdokkaiden asiahenkil\u00f6t. Jos haluat liitty\u00e4 vaaliliittoon, ota siis yhteytt\u00e4 ko. liiton asioita hoitavaan henkil\u00f6\u00f6n ja pid\u00e4 huoli, ett\u00e4 asiahenkil\u00f6si allekirjoitus tulee mukaan vaaliliittosopimukseen. Vaalirengas perustetaan samalla tavoin t\u00e4ytt\u00e4m\u00e4ll\u00e4 vaalirengassopimus ja palauttamalla se m\u00e4\u00e4r\u00e4aikaan menness\u00e4 johonkin lomakkeiden vastaanottopaikoista. Vaalirengassopimukseen tulee siihen kuuluvien liittojen asiahenkil\u00f6iden allekirjoitukset. Esimerkiksi kaksi samanhenkist\u00e4 liittoa voi perustaa vaalirenkaan.<\/p>\n<p><strong>Mik\u00e4 on asiahenkil\u00f6?<br \/>\n<\/strong>Jokaista ehdokasta, vaaliliittoa ja vaalirengasta pyydet\u00e4\u00e4n nime\u00e4m\u00e4\u00e4n itselleen asiahenkil\u00f6. Asiahenkil\u00f6 tarkoittaa henkil\u00f6\u00e4, joka toimii kyseisen ehdokkaan, vaaliliiton tai -renkaan nimiss\u00e4 ja yhteyshenkil\u00f6n\u00e4 ehdokkaiden ja vaalien j\u00e4rjest\u00e4jien v\u00e4lill\u00e4. Asiahenkil\u00f6n t\u00e4rkein funktio on, ett\u00e4 yksitt\u00e4isen<strong> ehdokkaan asiahenkil\u00f6 (ja vain h\u00e4n) voi liitt\u00e4\u00e4 ko. ehdokkaan vaaliliittoon<\/strong>, ja vaaliliiton asiahenkil\u00f6 taas voi liitt\u00e4\u00e4 ko. vaaliliiton vaalirenkaaseen. Jos siis tied\u00e4t jo ehdokasilmoitusta t\u00e4ytt\u00e4ess\u00e4si ett\u00e4 haluat liitty\u00e4 tiettyyn vaaliliittoon, voi olla k\u00e4tev\u00e4\u00e4 nimet\u00e4 ko. vaaliliiton asioita hoitava henkil\u00f6 saman tien omaksi asiahenkil\u00f6ksesi &#8211; n\u00e4in sinun ei en\u00e4\u00e4 erikseen tarvitse allekirjoittaa vaaliliittosopimusta, vaan asiahenkil\u00f6 voi tehd\u00e4 sen puolestasi. Ehdokas voi kuitenkin vallan hyvin toimia my\u00f6s itse omana asiahenkil\u00f6n\u00e4\u00e4n, ja usein se onkin kaikkein n\u00e4pp\u00e4rin vaihtoehto (t\u00e4ll\u00f6in ehdokas vain joutuu viel\u00e4 itse allekirjoittamaan erikseen vaaliliittosopimuksen, jos haluaa liitty\u00e4 vaaliliittoon). Vaaliliiton puolestaan kannattaa valita asiahenkil\u00f6 esim. liiton omien ehdokkaiden joukosta, ja vaalirenkaan taas jonkin ko. renkaaseen kuuluvan liiton ehdokkaiden joukosta (esim. jonkin liiton asiahenkil\u00f6 voi olla my\u00f6s vaalirenkaan asiahenkil\u00f6).<\/p>\n<p><strong>Voiko ehdokkuuden my\u00f6hemmin perua?<\/strong><br \/>\nEhdokasasettelun p\u00e4\u00e4tytty\u00e4 alustava ehdokaslista julkaistaan torstaina 10.10. n\u00e4ill\u00e4 nettisivuilla sek\u00e4 ilmoitustauluilla joka kampuksella. T\u00e4m\u00e4n j\u00e4lkeen \u00e4\u00e4nioikeutetut voivat viikon ajan tehd\u00e4 siihen korjauspyynt\u00f6j\u00e4, ja t\u00e4ss\u00e4 vaiheessa my\u00f6s kaikilla ehdokasilmoituksen j\u00e4tt\u00e4neill\u00e4 on viel\u00e4 mahdollisuus pyyt\u00e4\u00e4 ehdokkuutensa perumista. Korjauspyynn\u00f6t l\u00e4hetet\u00e4\u00e4n s\u00e4hk\u00f6postitse osoitteeseen taiyo-paasihteeri (at) uniarts.fi viimeist\u00e4\u00e4n torstaina 17.10. klo 16.00 menness\u00e4. Kun korjauspyynn\u00f6t on k\u00e4sitelty, lopullinen ehdokaslista julkaistaan perjantaina 18.10. eik\u00e4 siihen en\u00e4\u00e4 t\u00e4m\u00e4n j\u00e4lkeen voi tehd\u00e4 muutoksia.<\/p>\n<p><strong>Mera information<\/strong><br \/>\nVaality\u00f6ntekij\u00e4 Maria Valkeavuolle (maria.valkeavuolle (at) uniarts.fi, puh. 040 846 3357)<br \/>\nP\u00e4\u00e4sihteeri Ville Sinnem\u00e4ki (taiyo-paasihteeri (at) uniarts.fi, puh. 040\u00a0710 4296)<\/p>","protected":false},"excerpt":{"rendered":"<p>Kuka voi asettua ehdolle ja miten se tehd\u00e4\u00e4n? Edustajistovaaleissa voivat asettua ehdolle kaikki ylioppilaskunnan j\u00e4senet. J\u00e4seni\u00e4 ovat kaikki alempaan tai ylemp\u00e4\u00e4n korkeakoulututkintoon [&hellip;]<\/p>\n","protected":false},"author":13,"featured_media":0,"parent":1342,"menu_order":20,"comment_status":"open","ping_status":"open","template":"","meta":{"_coblocks_attr":"","_coblocks_dimensions":"","_coblocks_responsive_height":"","_coblocks_accordion_ie_support":"","_crdt_document":"","advanced_seo_description":"","jetpack_seo_html_title":"","jetpack_seo_noindex":false,"footnotes":""},"class_list":["post-70","page","type-page","status-publish","hentry"],"jetpack_sharing_enabled":true,"jetpack_shortlink":"https:\/\/wp.me\/P2w00X-18","jetpack_likes_enabled":true,"amp_enabled":true,"_links":{"self":[{"href":"https:\/\/taiyo.fi\/sv\/wp-json\/wp\/v2\/pages\/70","targetHints":{"allow":["GET"]}}],"collection":[{"href":"https:\/\/taiyo.fi\/sv\/wp-json\/wp\/v2\/pages"}],"about":[{"href":"https:\/\/taiyo.fi\/sv\/wp-json\/wp\/v2\/types\/page"}],"author":[{"embeddable":true,"href":"https:\/\/taiyo.fi\/sv\/wp-json\/wp\/v2\/users\/13"}],"replies":[{"embeddable":true,"href":"https:\/\/taiyo.fi\/sv\/wp-json\/wp\/v2\/comments?post=70"}],"version-history":[{"count":23,"href":"https:\/\/taiyo.fi\/sv\/wp-json\/wp\/v2\/pages\/70\/revisions"}],"predecessor-version":[{"id":6523,"href":"https:\/\/taiyo.fi\/sv\/wp-json\/wp\/v2\/pages\/70\/revisions\/6523"}],"up":[{"embeddable":true,"href":"https:\/\/taiyo.fi\/sv\/wp-json\/wp\/v2\/pages\/1342"}],"wp:attachment":[{"href":"https:\/\/taiyo.fi\/sv\/wp-json\/wp\/v2\/media?parent=70"}],"curies":[{"name":"wp","href":"https:\/\/api.w.org\/{rel}","templated":true}]}}