{"id":623,"date":"2013-02-20T15:24:41","date_gmt":"2013-02-20T13:24:41","guid":{"rendered":"http:\/\/taiyo.fi\/?page_id=623"},"modified":"2018-06-20T15:12:23","modified_gmt":"2018-06-20T13:12:23","slug":"kesaopintotuki-siba","status":"publish","type":"page","link":"https:\/\/taiyo.fi\/sv\/jasenille\/opintotuki\/kesaopintotuki-siba\/","title":{"rendered":"Kes\u00e4opintotuki Siba"},"content":{"rendered":"<p>Sivua p\u00e4ivitet\u00e4\u00e4n&#8230;<\/p>\n<p>&nbsp;<\/p>","protected":false},"excerpt":{"rendered":"<p>Sivua p\u00e4ivitet\u00e4\u00e4n&#8230; &nbsp;<\/p>","protected":false},"author":13,"featured_media":0,"parent":336,"menu_order":0,"comment_status":"open","ping_status":"open","template":"","meta":{"_coblocks_attr":"","_coblocks_dimensions":"","_coblocks_responsive_height":"","_coblocks_accordion_ie_support":"","_crdt_document":"","advanced_seo_description":"","jetpack_seo_html_title":"","jetpack_seo_noindex":false,"footnotes":""},"class_list":["post-623","page","type-page","status-publish","hentry"],"jetpack_sharing_enabled":true,"jetpack_shortlink":"https:\/\/wp.me\/P2w00X-a3","jetpack_likes_enabled":true,"amp_enabled":true,"_links":{"self":[{"href":"https:\/\/taiyo.fi\/sv\/wp-json\/wp\/v2\/pages\/623","targetHints":{"allow":["GET"]}}],"collection":[{"href":"https:\/\/taiyo.fi\/sv\/wp-json\/wp\/v2\/pages"}],"about":[{"href":"https:\/\/taiyo.fi\/sv\/wp-json\/wp\/v2\/types\/page"}],"author":[{"embeddable":true,"href":"https:\/\/taiyo.fi\/sv\/wp-json\/wp\/v2\/users\/13"}],"replies":[{"embeddable":true,"href":"https:\/\/taiyo.fi\/sv\/wp-json\/wp\/v2\/comments?post=623"}],"version-history":[{"count":13,"href":"https:\/\/taiyo.fi\/sv\/wp-json\/wp\/v2\/pages\/623\/revisions"}],"predecessor-version":[{"id":5236,"href":"https:\/\/taiyo.fi\/sv\/wp-json\/wp\/v2\/pages\/623\/revisions\/5236"}],"up":[{"embeddable":true,"href":"https:\/\/taiyo.fi\/sv\/wp-json\/wp\/v2\/pages\/336"}],"wp:attachment":[{"href":"https:\/\/taiyo.fi\/sv\/wp-json\/wp\/v2\/media?parent=623"}],"curies":[{"name":"wp","href":"https:\/\/api.w.org\/{rel}","templated":true}]}}