{"id":566,"date":"2013-02-18T12:06:06","date_gmt":"2013-02-18T10:06:06","guid":{"rendered":"http:\/\/taiyo.fi\/?page_id=566"},"modified":"2020-09-02T14:57:41","modified_gmt":"2020-09-02T12:57:41","slug":"pa-vuokraus","status":"publish","type":"page","link":"https:\/\/taiyo.fi\/sv\/jasenille\/palvelut-taiyon-jasenelle\/pa-vuokraus\/","title":{"rendered":"PA-uthyrning"},"content":{"rendered":"<p>Ylioppilaskunta vuokraa j\u00e4senilleen edullisesti PA-laitteita ja rumpusetti\u00e4. Kysy lis\u00e4\u00e4 toimistosta (taiyo (\u00e4t) uniarts.fi)!<\/p>\n<h3>PA-system<\/h3>\n<ul>\n<li>tv\u00e5 aktiv h\u00f6gtalare (JBL EON Power15) med stativ<\/li>\n<li>Ett mixerbord med inspelande ljudkanaler (Soundcraft Spirit Folio FX8)<\/li>\n<li>fyra dynamiska microfoner med st\u00e4llning<\/li>\n<li>mikrofon- och h\u00f6rtalare elsladdar<\/li>\n<\/ul>\n<p><strong>Pris: hela set 50 \u20ac \/dag eller 60 \u20ac\/veckoslut.<\/strong> Du kan ocks\u00e5 hyra moduler separat: h\u00f6gtalare 20 \u20ac\/dag, mixerbord 20 \u20ac\/dag, mikrofon och st\u00e4llning 5 \u20ac\/stycke\/dag. Om du hyrar PA-grejer f\u00f6r en veckoslut (fre-s\u00f6n), m\u00e5ste du \u00e5terlamna dem m\u00e5ndagmorgonen.<\/p>\n<h3>Trumset<\/h3>\n<p>Pearl World Series: tre toms, ride-, crash- och HiHat-symbals.<\/p>\n<p><strong>Pris: 20 \u20ac\/dag eller 30 \u20ac \/veckoslut.<\/strong><\/p>\n<h3>PA-laitteiston ja rumpusetin vuokrausehdot<\/h3>\n<h4>L\u00e4s bokningsvillkoren noggrant s\u00e5 undviker vi problem!<\/h4>\n<p>1. G\u00e5 igenom hyresavtalet f\u00f6r utrustning n\u00e4r du kommer f\u00f6r att h\u00e4mta varorna. ANGE i kontraktet vilka delar av utrustningen du kommer att ta med dig!<\/p>\n<p>2. Du hyr utrustningen i det skick den \u00e4r. Utrustningen hyrs aktivt av en mycket varierad grupp anv\u00e4ndare, och enheter b\u00e5de h\u00e4mtas och returneras utanf\u00f6r kontorstid. Av denna anledning har studentk\u00e5ren inte resurser att underh\u00e5lla och kontrollera skicket p\u00e5 utrustningen\/saknade delar etc. efter varje uthyrning.<\/p>\n<p>3. Det \u00e4r ditt ansvar att rapportera eventuella fel eller defekter i utrustningen. Vi tar ocks\u00e5 g\u00e4rna emot utvecklingsf\u00f6rslag!<\/p>\n<p>4. Vuokrahinnoista ei saa alennusta, jos vasta keikkapaikalla huomaat jonkin osan puuttuvan \/ ei toimivan -&gt;&nbsp; tarkista ja testaa laitteistoa hakiessasi, ett\u00e4 kaikki on ok!<\/p>\n<p>5. Du \u00e4r ansvarig om de uthyrda sakerna f\u00f6rsvinner eller g\u00e5r s\u00f6nder under din uthyrning.<\/p>\n<p>6. PA-utrustningen ska l\u00e4mnas tillbaka till sina respektive platser i kontorsf\u00f6rr\u00e5det. TaiYo tar ut en \u00f6verf\u00f6ringsavgift p\u00e5 15 euro f\u00f6r PA-utrustning som l\u00e4mnats p\u00e5 fel plats.<\/p>\n<p>7. S\u00e4tt tillbaka kablarna inslagna i snygga buntar, med h\u00f6gtalarens str\u00f6msladd som \u00f6verst i kabell\u00e5dan.<\/p>\n<iframe loading=\"lazy\" src=\"https:\/\/calendar.google.com\/calendar\/embed?height=600&#038;wkst=2&#038;bgcolor=%23FFFFFF&#038;src=hrthk78pbmelacv4l57mc62bh0%40group.calendar.google.com&#038;color=%23711616&#038;ctz=Europe%2FHelsinki\" frameborder=\"0\" width=\"100%\" height=\"600\" marginheight=\"0\" marginwidth=\"0\" allowfullscreen=\"true\" mozallowfullscreen=\"true\" webkitallowfullscreen=\"true\"><\/iframe>","protected":false},"excerpt":{"rendered":"<p>Ylioppilaskunta vuokraa j\u00e4senilleen edullisesti PA-laitteita ja rumpusetti\u00e4. Kysy lis\u00e4\u00e4 toimistosta (taiyo (\u00e4t) uniarts.fi)! PA-laitteet kahdet JBL EON Power15 -aktiivikaiuttimet jalustoilla Soundcraft Spirit [&hellip;]<\/p>\n","protected":false},"author":13,"featured_media":0,"parent":332,"menu_order":0,"comment_status":"open","ping_status":"open","template":"","meta":{"_coblocks_attr":"","_coblocks_dimensions":"","_coblocks_responsive_height":"","_coblocks_accordion_ie_support":"","_crdt_document":"","advanced_seo_description":"","jetpack_seo_html_title":"","jetpack_seo_noindex":false,"footnotes":""},"class_list":["post-566","page","type-page","status-publish","hentry"],"jetpack_sharing_enabled":true,"jetpack_shortlink":"https:\/\/wp.me\/P2w00X-98","jetpack_likes_enabled":true,"amp_enabled":true,"_links":{"self":[{"href":"https:\/\/taiyo.fi\/sv\/wp-json\/wp\/v2\/pages\/566","targetHints":{"allow":["GET"]}}],"collection":[{"href":"https:\/\/taiyo.fi\/sv\/wp-json\/wp\/v2\/pages"}],"about":[{"href":"https:\/\/taiyo.fi\/sv\/wp-json\/wp\/v2\/types\/page"}],"author":[{"embeddable":true,"href":"https:\/\/taiyo.fi\/sv\/wp-json\/wp\/v2\/users\/13"}],"replies":[{"embeddable":true,"href":"https:\/\/taiyo.fi\/sv\/wp-json\/wp\/v2\/comments?post=566"}],"version-history":[{"count":12,"href":"https:\/\/taiyo.fi\/sv\/wp-json\/wp\/v2\/pages\/566\/revisions"}],"predecessor-version":[{"id":7993,"href":"https:\/\/taiyo.fi\/sv\/wp-json\/wp\/v2\/pages\/566\/revisions\/7993"}],"up":[{"embeddable":true,"href":"https:\/\/taiyo.fi\/sv\/wp-json\/wp\/v2\/pages\/332"}],"wp:attachment":[{"href":"https:\/\/taiyo.fi\/sv\/wp-json\/wp\/v2\/media?parent=566"}],"curies":[{"name":"wp","href":"https:\/\/api.w.org\/{rel}","templated":true}]}}