{"id":5,"date":"2012-06-13T12:15:39","date_gmt":"2012-06-13T12:15:39","guid":{"rendered":"http:\/\/taiyo.fi\/?page_id=5"},"modified":"2013-02-08T11:41:08","modified_gmt":"2013-02-08T09:41:08","slug":"mika-taideylioppilaskunta","status":"publish","type":"page","link":"https:\/\/taiyo.fi\/sv\/vanha-sisalto\/mika-taideylioppilaskunta\/","title":{"rendered":"Mik\u00e4 Taideylioppilaskunta?"},"content":{"rendered":"<p>Kuvataideakatemia, Sibelius-Akatemia ja Teatterikorkeakoulu yhdistyv\u00e4t vuodenvaihteessa <strong>Taideyliopistoksi. <\/strong>Lain mukaan yhdess\u00e4 yliopistossa on yksi ylioppilaskunta, siksip\u00e4 my\u00f6s vanhat ylioppilaskunnat v\u00e4istyv\u00e4t ja tilalla aloittaa kaikkien yhteinen <strong>Konstuniversitetets studentk\u00e5r<\/strong>.<\/p>\n<blockquote><p>Yliopiston opiskelijoiden keskuudessa on ylioppilaskunta, jolla on itsehallinto. Ylioppilaskunnan tarkoituksena on olla j\u00e4sentens\u00e4 yhdyssiteen\u00e4 ja edist\u00e4\u00e4 heid\u00e4n yhteiskunnallisia, sosiaalisia ja henkisi\u00e4 sek\u00e4 opiskeluun ja opiskelijan asemaan yhteiskunnassa liittyvi\u00e4 pyrkimyksi\u00e4. Ylioppilaskunnan teht\u00e4v\u00e4n\u00e4 on osallistua 2 \u00a7:ss\u00e4 s\u00e4\u00e4detyn yliopiston kasvatusteht\u00e4v\u00e4n hoitamiseen valmistamalla opiskelijoita aktiiviseen, valveutuneeseen ja kriittiseen kansalaisuuteen. (Yliopistolaki 46\u00a7)<\/p><\/blockquote>\n<p>Ylioppilaskunnan olemassaolon ja tarkoituksen lis\u00e4ksi laki m\u00e4\u00e4r\u00e4\u00e4 ylioppilaskunnille joitain erityisi\u00e4 teht\u00e4vi\u00e4, kuten opiskelijaedustajien nimitt\u00e4minen yliopiston hallintoelimiin ja opiskelijaterveydenhuollon j\u00e4rjest\u00e4miseen osallistuminen (siis YTHS). Erityisten teht\u00e4vien hoitamisen ohella tarkoituksen toteuttamistavan valitseminen, suunnittelu ja toteuttaminen on ylioppilaiden itsens\u00e4 teht\u00e4v\u00e4.<\/p>\n<p>Nyt yhdistym\u00e4ss\u00e4 olevat ylioppilaskunnat KUVYO, SAY ja TEYO ovat kaikki olleet omanlaisiaan opiskelijayhteis\u00f6j\u00e4. Taideyliopistossa tulee yh\u00e4 olemaan kolme akatemiaa, joissa kussakin tapahtuu varmasti tulevaisuudessakin jonkinlaista omaa opiskelijatoimintaa. Yhteinen ylioppilaskunta on kuitenkin se ns. virallinen toimija, er\u00e4\u00e4nlainen <strong>sateenvarjo kaiken opiskelijoiden yhteis\u00f6llisen toiminnan ja edunvalvonnan yll\u00e4<\/strong>. Uudella ylioppilaskunnalla on jo kokonsakin puolesta mahdollisuus olla aiempia ylioppilaskuntia laajempien palveluiden tarjoaja ja voimakkaampi vaikuttaja.\u00a0Ylioppilaskunta pit\u00e4\u00e4 yhteytt\u00e4 muihin Suomen yliopisto-opiskelijoihin erityisesti Suomen ylioppilaskuntien liiton (SYL) sek\u00e4 p\u00e4\u00e4kaupunkiseudun ylioppilaskuntien kautta. Taideyliopiston ylioppilaskunta on p\u00e4\u00e4kaupunkiseudun ja koko Suomen ainoa yksinomaan taideopiskelijoista koostuva ylioppilaskunta. Se voi siis olla jopa, mik\u00e4li opiskelijat niin haluavat, aktiivinen keskustelunher\u00e4tt\u00e4j\u00e4, kokoaankin suurempi, suorastaan vallankumouksellinen.<\/p>\n<p>Taideyliopiston ylioppilaskunta aloittaa toimintansa varsinaisesti 1.1.2013. Jo syksyll\u00e4 2012 tehd\u00e4\u00e4n kuitenkin yhdistyvien ylioppilaskuntien voimin valmistelua. T\u00e4rkeimp\u00e4n\u00e4 ponnistuksena on <strong>edustajistovaalit<\/strong>, joissa valitaan reiluksi vuodeksi ylioppilaskunnan p\u00e4\u00e4t\u00f6ksentekij\u00e4t. Tekemist\u00e4 ylioppilaskunnasta l\u00f6ytyy kaikille halukkaille, ennakkovaatimuksia esimerkiksi edustajistotoimintaan ei ole, vaan<strong> into oppia ja halu vaikuttaa yhteisiin asioihin<\/strong> viev\u00e4t jo pitk\u00e4lle.<\/p>","protected":false},"excerpt":{"rendered":"<p>Kuvataideakatemia, Sibelius-Akatemia ja Teatterikorkeakoulu yhdistyv\u00e4t vuodenvaihteessa Taideyliopistoksi. Lain mukaan yhdess\u00e4 yliopistossa on yksi ylioppilaskunta, siksip\u00e4 my\u00f6s vanhat ylioppilaskunnat v\u00e4istyv\u00e4t ja tilalla aloittaa [&hellip;]<\/p>\n","protected":false},"author":13,"featured_media":0,"parent":242,"menu_order":1,"comment_status":"closed","ping_status":"closed","template":"","meta":{"_coblocks_attr":"","_coblocks_dimensions":"","_coblocks_responsive_height":"","_coblocks_accordion_ie_support":"","_crdt_document":"","advanced_seo_description":"","jetpack_seo_html_title":"","jetpack_seo_noindex":false,"footnotes":""},"class_list":["post-5","page","type-page","status-publish","hentry"],"jetpack_sharing_enabled":true,"jetpack_shortlink":"https:\/\/wp.me\/P2w00X-5","jetpack_likes_enabled":true,"amp_enabled":true,"_links":{"self":[{"href":"https:\/\/taiyo.fi\/sv\/wp-json\/wp\/v2\/pages\/5","targetHints":{"allow":["GET"]}}],"collection":[{"href":"https:\/\/taiyo.fi\/sv\/wp-json\/wp\/v2\/pages"}],"about":[{"href":"https:\/\/taiyo.fi\/sv\/wp-json\/wp\/v2\/types\/page"}],"author":[{"embeddable":true,"href":"https:\/\/taiyo.fi\/sv\/wp-json\/wp\/v2\/users\/13"}],"replies":[{"embeddable":true,"href":"https:\/\/taiyo.fi\/sv\/wp-json\/wp\/v2\/comments?post=5"}],"version-history":[{"count":9,"href":"https:\/\/taiyo.fi\/sv\/wp-json\/wp\/v2\/pages\/5\/revisions"}],"predecessor-version":[{"id":289,"href":"https:\/\/taiyo.fi\/sv\/wp-json\/wp\/v2\/pages\/5\/revisions\/289"}],"up":[{"embeddable":true,"href":"https:\/\/taiyo.fi\/sv\/wp-json\/wp\/v2\/pages\/242"}],"wp:attachment":[{"href":"https:\/\/taiyo.fi\/sv\/wp-json\/wp\/v2\/media?parent=5"}],"curies":[{"name":"wp","href":"https:\/\/api.w.org\/{rel}","templated":true}]}}