{"id":354,"date":"2013-02-12T11:31:50","date_gmt":"2013-02-12T09:31:50","guid":{"rendered":"http:\/\/taiyo.fi\/?page_id=354"},"modified":"2025-03-26T13:16:44","modified_gmt":"2025-03-26T11:16:44","slug":"edunvalvonta","status":"publish","type":"page","link":"https:\/\/taiyo.fi\/sv\/toiminta\/edunvalvonta\/","title":{"rendered":"Bevakning"},"content":{"rendered":"<p><img data-recalc-dims=\"1\" decoding=\"async\" class=\"rounded-image\" src=\"https:\/\/i0.wp.com\/taiyo.fi\/wp-content\/uploads\/2025\/03\/Workshops09_Art-Student-Seminar-4.2.2023-photo-by-Iiris-Ruokolainen.jpg?w=1170&#038;ssl=1\" alt=\"Your Image\" \/><\/p>\r\n<p><!-- CSS (WordPressin mukautettu CSS -osiossa tai teemassa) --> <style>\r\n    .rounded-image {\r\n        border-radius: 15px;\r\n        width: 100%; \r\n        height: 30%\r\n    }\r\n<\/style><\/p>\r\n<h2><br \/><b><span data-contrast=\"auto\">TaiYo f\u00f6rb\u00e4ttrar konststuderandenas vardag och framtid<\/span><\/b><\/h2>\r\n<p><span data-contrast=\"auto\">TaiYo \u00e4r Finlands mest inflytelserika sammanslutning f\u00f6r konststuderande. <\/span><span data-ccp-props=\"{}\">KonSt:s m\u00e5l \u00e4r att genom sitt aktiva p\u00e5verkansarbete st\u00f6da sina studerandes v\u00e4lbefinnande och verksamhetsf\u00f6ruts\u00e4ttningar vid universitetet och i samh\u00e4llet.\u00a0<\/span><\/p>\r\n<p><span data-contrast=\"auto\">Studentk\u00e5rens uppgift har ocks\u00e5 skrivits in i 46 \u00a7 i universitetslagen:<\/span><span data-ccp-props=\"{}\">\u00a0<\/span><\/p>\r\n<p><i><span data-contrast=\"none\">Studentk\u00e5rens syfte \u00e4r att vara en f\u00f6renande l\u00e4nk f\u00f6r sina medlemmar och att fr\u00e4mja deras samh\u00e4lleliga, sociala, intellektuella och studierelaterade ambitioner och str\u00e4vanden i anknytning till studenternas roll i samh\u00e4llet.<\/span><\/i><\/p>\r\n<h2>Studerandes r\u00f6st vid Konstuniversitetet<\/h2>\r\n<p>Konstuniversitetets studentk\u00e5r bedriver intressebevakning inom Konstuniversitetet genom att h\u00e5lla kontakt med universitetets ledning och f\u00f6rvaltning, aktivt f\u00f6lja aktuella h\u00e4ndelser, ge officiella st\u00e4llningstaganden och utl\u00e5tanden vid behov, delta i verksamheten i olika f\u00f6rvaltningsorganen, lyssna p\u00e5 studerandes feedback och informera studerande om aktuella fr\u00e5gor.<\/p>\r\n<p class=\"translation-block\">Praktiskt intressebevakningsarbete utf\u00f6rs varje vecka av KonSts anst\u00e4llda och <a href=\"http:\/\/taiyo.fi\/sv\/ylioppilaskunta\/hallitus\/\" target=\"_self\">styrelse<\/a>, som t.ex. tr\u00e4ffar universitetets ledning och studief\u00f6rvaltningen regelbundet, kontaktar andra ber\u00f6rda parter, l\u00f6ser problemssituationer, tar st\u00e4llning i fr\u00e5gor p\u00e5 studentk\u00e5rens v\u00e4gnar och tar fram \u00f6nskem\u00e5l om f\u00f6rb\u00e4ttring fr\u00e5n studerande. Studentk\u00e5rens <a href=\"http:\/\/taiyo.fi\/sv\/ylioppilaskunta\/edustajisto\/\" target=\"_self\">delegation<\/a>, som sammantr\u00e4der n\u00e5gra g\u00e5nger om \u00e5ret, diskuterar i sin tur aktuella fr\u00e5gor p\u00e5 en mer allm\u00e4n niv\u00e5 och utarbetar st\u00f6rre riktlinjer, t.ex. om hur KonSt vill utveckla Konstuniversitetet.<\/p>\r\n<p class=\"translation-block\">Dessutom \u00e4r deltagande i verksamheten av olika administrativa organen vid Konstuniversitetet och dess akademier en viktig del av intressebevakningen. I alla de viktigaste f\u00f6rvaltningsorganen vid Konstuniversitetet, fr\u00e5n universitetsstyrelsen och akademidirektioner till rekryteringsgrupper f\u00f6r l\u00e4rare och olika utvecklingsgrupper, finns det KonSt-valda studentrepresentanter, eller \u201dhallopeder\u201d, som fr\u00e4mjar studerandenas synpunkter och positioner i universitetets beslutsfattande. Mer information om studentrepresentanter i universitetsf\u00f6rvaltningen finns <a href=\"https:\/\/taiyo.fi\/sv\/ylioppilaskunta\/halloped\/\" target=\"_self\">h\u00e4r<\/a>.<\/p>\r\n<h2>Konststuderandenas r\u00f6st i samh\u00e4llet<\/h2>\r\n<p class=\"translation-block\">Konstuniversitetets studentk\u00e5r st\u00e4rker de studerandes st\u00e4llning och v\u00e4lm\u00e5ende \u00e4ven p\u00e5 nationell niv\u00e5 genom att vara en aktiv medlem av <a href=\"http:\/\/www.syl.fi\/\" target=\"_self\">Finlands studentk\u00e5rers f\u00f6rbund<\/a> (FSF), som \u00e4r en nationell intressebevakningsorganisation som representerar alla Finlands ca. 130 000 universitetsstuderande.<\/p>\r\n<p class=\"translation-block\">I lokala fr\u00e5gor arbetar TaiYo i <a href=\"http:\/\/www.worldstudentcapital.fi\" target=\"_self\">World Student Capital<\/a> rf, en samarbetsorganisation av studentk\u00e5rer och studerandek\u00e5rer i huvudstadsregionen och i konstfr\u00e5gor genom att samarbeta med olika akt\u00f6rer inom konst- och kultursektorn. Ut\u00f6ver dessa har TaiYo ocks\u00e5 en representant i f\u00f6rvaltningen av <a href=\"http:\/\/www.yths.fi\/\" target=\"_self\">Studenternas h\u00e4lsov\u00e5rdsstiftelse<\/a> (SHVS) och <a href=\"http:\/\/www.hoas.fi\/\" target=\"_self\">Helsingforsregionens studentbostadsstiftelse<\/a> (Hoas).<\/p>\r\n<h2>Vill du g\u00f6ra en skillnad?<\/h2>\r\n<p>Det b\u00e4sta s\u00e4ttet att p\u00e5verka studief\u00f6rh\u00e5llandena och Konstuniversitetets gemenskap \u00e4r att modigt lyfta fram brister och f\u00f6rb\u00e4ttringsf\u00f6rslag \u2013 kontakta till exempel KonSt:s <a href=\"https:\/\/taiyo.fi\/sv\/ylioppilaskunta\/yhteystiedot\/\">ty\u00f6ntekij\u00f6ihin<\/a>\u00a0eller en medlem i studentk\u00e5rens styrelsen du k\u00e4nner!<\/p>\r\n<p class=\"translation-block\">Du b\u00f6r ocks\u00e5 \u00f6verv\u00e4ga om du vill sj\u00e4lv delta i KonSts verksamhet i f\u00f6rtroendepositioner eller till exempel som studentrepresentant i universitetsf\u00f6rvaltningen - l\u00e4s mer <a href=\"https:\/\/taiyo.fi\/sv\/toiminta\/mukaan-toimintaan\/\" target=\"_self\">h\u00e4r<\/a>!<\/p>\r\n<p><\/p>\r\n<p class=\"wp-block-paragraph\">&nbsp;<\/p>\r\n<p><\/p>","protected":false},"excerpt":{"rendered":"<p>TaiYo parantaa taideopiskelijan arkea ja tulevaisuutta TaiYo on Suomen vaikuttavin taidealojen opiskelijoiden yhteis\u00f6. TaiYon t\u00e4rkein teht\u00e4v\u00e4 on huolehtia kokonaisvaltaisesti Taideyliopiston opiskelijoiden asemasta, [&hellip;]<\/p>\n","protected":false},"author":13,"featured_media":0,"parent":303,"menu_order":12,"comment_status":"open","ping_status":"open","template":"","meta":{"_coblocks_attr":"","_coblocks_dimensions":"","_coblocks_responsive_height":"","_coblocks_accordion_ie_support":"","_crdt_document":"","advanced_seo_description":"","jetpack_seo_html_title":"","jetpack_seo_noindex":false,"footnotes":""},"class_list":["post-354","page","type-page","status-publish","hentry"],"jetpack_sharing_enabled":true,"jetpack_shortlink":"https:\/\/wp.me\/P2w00X-5I","jetpack_likes_enabled":true,"amp_enabled":true,"_links":{"self":[{"href":"https:\/\/taiyo.fi\/sv\/wp-json\/wp\/v2\/pages\/354","targetHints":{"allow":["GET"]}}],"collection":[{"href":"https:\/\/taiyo.fi\/sv\/wp-json\/wp\/v2\/pages"}],"about":[{"href":"https:\/\/taiyo.fi\/sv\/wp-json\/wp\/v2\/types\/page"}],"author":[{"embeddable":true,"href":"https:\/\/taiyo.fi\/sv\/wp-json\/wp\/v2\/users\/13"}],"replies":[{"embeddable":true,"href":"https:\/\/taiyo.fi\/sv\/wp-json\/wp\/v2\/comments?post=354"}],"version-history":[{"count":16,"href":"https:\/\/taiyo.fi\/sv\/wp-json\/wp\/v2\/pages\/354\/revisions"}],"predecessor-version":[{"id":14708,"href":"https:\/\/taiyo.fi\/sv\/wp-json\/wp\/v2\/pages\/354\/revisions\/14708"}],"up":[{"embeddable":true,"href":"https:\/\/taiyo.fi\/sv\/wp-json\/wp\/v2\/pages\/303"}],"wp:attachment":[{"href":"https:\/\/taiyo.fi\/sv\/wp-json\/wp\/v2\/media?parent=354"}],"curies":[{"name":"wp","href":"https:\/\/api.w.org\/{rel}","templated":true}]}}