{"id":348,"date":"2013-02-12T11:29:12","date_gmt":"2013-02-12T09:29:12","guid":{"rendered":"http:\/\/taiyo.fi\/?page_id=348"},"modified":"2023-05-05T10:53:27","modified_gmt":"2023-05-05T08:53:27","slug":"joukkoliikenne","status":"publish","type":"page","link":"https:\/\/taiyo.fi\/sv\/jasenille\/joukkoliikenne\/","title":{"rendered":"Kollektivtrafiken"},"content":{"rendered":"<h3>N\u00e4rtrafik (HRT)<\/h3>\r\n<p>P\u00e4\u00e4kaupunkiseudun joukkoliikenteess\u00e4 k\u00e4ytet\u00e4\u00e4n puhelinsovellusta tai ladattavaa matkakorttia,\u00a0 joka toimii maksuv\u00e4lineen\u00e4 Helsingin, Espoon, Kauniaisten, Vantaan sek\u00e4 l\u00e4hiseudun joukkoliikenteess\u00e4. Matkakortin k\u00e4ytt\u00e4j\u00e4n\u00e4 voit liikkua saumattomasti kaupungista toiseen, bussista l\u00e4hijunaan ja Helsingiss\u00e4 metrolla, raitiovaunulla ja Suomenlinnan lautalla. Matkojen hinnoittelu perustuu kev\u00e4\u00e4st\u00e4 2019 l\u00e4htien kuntarajojen sijaan ns. vy\u00f6hykemalliin, josta l\u00f6ytyy tarkempia tietoja HSL:n nettisivuilta.<\/p>\r\n<p>Henkil\u00f6kohtaiselle matkakortille voi ladata aikaa eli kautta ja rahaa eli arvoa. Puhelinsovelluksella voi ostaa kuukausi kerrallaan opiskelija-alennetun matkalipun tai yksitt\u00e4isi\u00e4 matkalippuja. Matkakorttia voi ladata HSL:n palvelupisteiss\u00e4 ja automaateissa, VR:n myyntipisteiss\u00e4, p\u00e4\u00e4kaupunkiseudun R-kioskeilla sek\u00e4 muutamissa ruokakaupoissa. L\u00e4himm\u00e4n latauspisteen n\u00e4et verkosta osoitteesta <a href=\"http:\/\/www.hsl.fi\/myyntipaikkahaku\">www.hsl.fi\/myyntipaikkahaku<\/a>.<\/p>\r\n<p>Pysyv\u00e4sti p\u00e4\u00e4kaupunkiseudulla asuvat opiskelijat saavat kausilipun 40 % alennuksella sek\u00e4 puhelinsovelluksesta ostettuna ett\u00e4 fyysiseen matkakorttiin, itse kortti maksaa 5 \u20ac. Saadaksesi matkakorttiin alennus, on sinun k\u00e4yt\u00e4v\u00e4 HSL:n palvelupisteell\u00e4.\u00a0 Tilap\u00e4isesti p\u00e4\u00e4kaupunkiseudulla asuvilla ei ole oikeutta opiskelija-alennukseen (poikkeuksena vaihto-opiskelijat) ja he voivat hankkia ainoastaan haltijakohtaisen matkakortin. Tilap\u00e4isest\u00e4 asumisesta tehd\u00e4\u00e4n muuttoilmoitus kunnan maistraattiin, josta saa kotipaikkatodistuksen matkakortin ostamista varten. Lis\u00e4tietoja:\u00a0<a href=\"https:\/\/www.hsl.fi\/liput-ja-hinnat\/alennusryhmat\/opiskelija-alennus\">https:\/\/www.hsl.fi\/liput-ja-hinnat\/alennusryhmat\/opiskelija-alennus<\/a><\/p>\r\n<p>Mer information: <a href=\"http:\/\/www.hsl.fi\/sv\">www.hsl.fi<\/a><br \/>Den snabbaste rutten mellan tv\u00e5 adresser var som helst i huvudstadsregionen: <a href=\"http:\/\/www.reittiopas.fi\">www.reittiopas.fi<\/a><\/p>\r\n<h3>Annan trafik<\/h3>\r\n<p>N\u00e4r du reser med t\u00e5g f\u00e5r du rabatt mot uppvisande av ditt studentkort (om du inte \u00e4nnu har f\u00e5tt ditt kort, kontakta VR f\u00f6r mer info). Man ska alltid visa upp studentkortet vid k\u00f6pet och biljettkontroll. Kortet ska ha en giltig l\u00e4s\u00e5rsdekal. Mer information <a href=\"https:\/\/www.vr.fi\/cs\/vr\/sv\/etusivu_sv\">https:\/\/www.vr.fi\/cs\/vr\/sv\/etusivu_sv<\/a>.<\/p>\r\n<p>Inom busstrafiken f\u00e5r studerande studentrabatt p\u00e5 Matkahuolto, som f\u00f6ljer de rabattvillkor som bussbolagen har meddelat. Studerande f\u00e5r rabatt mot uppvisande av ett giltigt studentkort. Onnibus d\u00e4remot erbjuder billiga bussf\u00f6rbindelser till flera st\u00e4der i Finland. Mer information: <a href=\"https:\/\/www.matkahuolto.fi\/sv\">https:\/\/www.matkahuolto.fi\/sv<\/a> och <a href=\"http:\/\/www.onnibus.com\">www.onnibus.com<\/a>.<\/p>\r\n\r\n<p class=\"wp-block-paragraph\">&nbsp;<\/p>","protected":false},"excerpt":{"rendered":"<p>L\u00e4hiliikenne (HSL) P\u00e4\u00e4kaupunkiseudun joukkoliikenteess\u00e4 k\u00e4ytet\u00e4\u00e4n puhelinsovellusta tai ladattavaa matkakorttia,\u00a0 joka toimii maksuv\u00e4lineen\u00e4 Helsingin, Espoon, Kauniaisten, Vantaan sek\u00e4 l\u00e4hiseudun joukkoliikenteess\u00e4. Matkakortin k\u00e4ytt\u00e4j\u00e4n\u00e4 voit [&hellip;]<\/p>\n","protected":false},"author":13,"featured_media":0,"parent":299,"menu_order":101,"comment_status":"open","ping_status":"open","template":"","meta":{"_coblocks_attr":"","_coblocks_dimensions":"","_coblocks_responsive_height":"","_coblocks_accordion_ie_support":"","_crdt_document":"","advanced_seo_description":"","jetpack_seo_html_title":"","jetpack_seo_noindex":false,"footnotes":""},"class_list":["post-348","page","type-page","status-publish","hentry"],"jetpack_sharing_enabled":true,"jetpack_shortlink":"https:\/\/wp.me\/P2w00X-5C","jetpack_likes_enabled":true,"amp_enabled":true,"_links":{"self":[{"href":"https:\/\/taiyo.fi\/sv\/wp-json\/wp\/v2\/pages\/348","targetHints":{"allow":["GET"]}}],"collection":[{"href":"https:\/\/taiyo.fi\/sv\/wp-json\/wp\/v2\/pages"}],"about":[{"href":"https:\/\/taiyo.fi\/sv\/wp-json\/wp\/v2\/types\/page"}],"author":[{"embeddable":true,"href":"https:\/\/taiyo.fi\/sv\/wp-json\/wp\/v2\/users\/13"}],"replies":[{"embeddable":true,"href":"https:\/\/taiyo.fi\/sv\/wp-json\/wp\/v2\/comments?post=348"}],"version-history":[{"count":10,"href":"https:\/\/taiyo.fi\/sv\/wp-json\/wp\/v2\/pages\/348\/revisions"}],"predecessor-version":[{"id":12327,"href":"https:\/\/taiyo.fi\/sv\/wp-json\/wp\/v2\/pages\/348\/revisions\/12327"}],"up":[{"embeddable":true,"href":"https:\/\/taiyo.fi\/sv\/wp-json\/wp\/v2\/pages\/299"}],"wp:attachment":[{"href":"https:\/\/taiyo.fi\/sv\/wp-json\/wp\/v2\/media?parent=348"}],"curies":[{"name":"wp","href":"https:\/\/api.w.org\/{rel}","templated":true}]}}