{"id":346,"date":"2013-02-12T11:28:35","date_gmt":"2013-02-12T09:28:35","guid":{"rendered":"http:\/\/taiyo.fi\/?page_id=346"},"modified":"2025-05-12T12:59:03","modified_gmt":"2025-05-12T10:59:03","slug":"opiskelijaruokailu","status":"publish","type":"page","link":"https:\/\/taiyo.fi\/sv\/jasenille\/opiskelijaruokailu\/","title":{"rendered":"Studentlunch"},"content":{"rendered":"<p class=\"is-layout-flow wp-block-quote-is-layout-flow\">Opiskelija saa voimassaolevaa opiskelijakorttia tai Kelan ateriatukikorttia esitt\u00e4m\u00e4ll\u00e4 opiskelija-alennuksen opiskelijaravintoloissa. Alennettu lounashinta ravintoloissa on yleens\u00e4 2,85-3\u20ac.<\/p>\r\n<h2>Bildkonstakademins studentrestaurang<\/h2>\r\n<p>Restaurangers \u00f6ppettider och l\u00e4nkar till aktuella menyer.<\/p>\r\n<h3>Sibelius-Akademins studentrestauranger<\/h3>\r\n<p><strong>Musikhuset:<\/strong> <a href=\"https:\/\/www.compass-group.fi\/ravintolat-ja-ruokalistat\/muut-avoimet-ravintolat\/kaupungit\/helsinki\/musiikkitalon-ravintolat\/klubi\/\">Restel\/Musikhus Restaurang<\/a><\/p>\r\n<ul>\r\n<li>Auki arkip\u00e4ivisin 11-14<\/li>\r\n<\/ul>\r\n<p><strong>N-huset:<\/strong>\u00a0<a href=\"https:\/\/www.compass-group.fi\/ravintolat-ja-ruokalistat\/foodco\/kaupungit\/helsinki\/tempo\/\">Restaurang Tempo<\/a><\/p>\r\n<ul>\r\n<li>Auki arkip\u00e4ivisin 9:00-14:30<\/li>\r\n<li><span class=\"times\">Lounas kello 11-14<\/span><\/li>\r\n<\/ul>\r\n<h3>S\u00f6rn\u00e4isen kampuksen ravintola<\/h3>\r\n<p><strong>Teak: <\/strong><a href=\"https:\/\/www.uniarts.fi\/rakennukset-ja-tilat\/ravintola-kookos\/\">Ravintola Kookos<\/a><\/p>\r\n<ul>\r\n<li>Auki arkip\u00e4ivisin 8:30-17:00<\/li>\r\n<li>Lounas kello 10:30-14:30<\/li>\r\n<\/ul>\r\n<h2>Andra studentrestauranger<\/h2>\r\n<p>Du kan ocks\u00e5 \u00e4ta p\u00e5 restaurangerna p\u00e5 andra universitet och h\u00f6gskolor. UniCafe-kedjan, som \u00e4gs av Studenk\u00e5ren vid Helsingfors universitet (HUS), har m\u00e5nga restauranger runt Helsingfors. UniCafe-restaurangernas platser, menyer och prislistor finns p\u00e5 <a href=\"https:\/\/unicafe.fi\/\">UniCafes webbplats.<br \/><\/a>Studenterprissatta luncher finns ocks\u00e5 tillg\u00e4ngliga p\u00e5 flera av Fazers Amica-restauranger. Du kan hitta platser och menyer f\u00f6r Amicas restauranger <a href=\"https:\/\/www.amica.fi\/sv-FI\/restauranger\/\">h\u00e4r.<\/a><br \/>Dessutom kan du \u00e4ta en studentprisad lunch, t.ex. i <a href=\"https:\/\/hys.net\/osakuntabaari\/ruokalista\/\">H\u00e4m\u00e4l\u00e4is-Osakuntas Osakuntabaar<\/a>som ligger bredvid Tavastia p\u00e5 Urho Kekkonens gata.<\/p>","protected":false},"excerpt":{"rendered":"<p>Opiskelija saa voimassaolevaa opiskelijakorttia tai Kelan ateriatukikorttia esitt\u00e4m\u00e4ll\u00e4 opiskelija-alennuksen opiskelijaravintoloissa. Alennettu lounashinta ravintoloissa on yleens\u00e4 2,85-3\u20ac. Taideyliopiston kampusravintolat Ravintoloiden aukioloajat ja linkit [&hellip;]<\/p>\n","protected":false},"author":13,"featured_media":0,"parent":299,"menu_order":91,"comment_status":"open","ping_status":"open","template":"","meta":{"_coblocks_attr":"","_coblocks_dimensions":"","_coblocks_responsive_height":"","_coblocks_accordion_ie_support":"","_crdt_document":"","advanced_seo_description":"","jetpack_seo_html_title":"","jetpack_seo_noindex":false,"footnotes":""},"class_list":["post-346","page","type-page","status-publish","hentry"],"jetpack_sharing_enabled":true,"jetpack_shortlink":"https:\/\/wp.me\/P2w00X-5A","jetpack_likes_enabled":true,"amp_enabled":true,"_links":{"self":[{"href":"https:\/\/taiyo.fi\/sv\/wp-json\/wp\/v2\/pages\/346","targetHints":{"allow":["GET"]}}],"collection":[{"href":"https:\/\/taiyo.fi\/sv\/wp-json\/wp\/v2\/pages"}],"about":[{"href":"https:\/\/taiyo.fi\/sv\/wp-json\/wp\/v2\/types\/page"}],"author":[{"embeddable":true,"href":"https:\/\/taiyo.fi\/sv\/wp-json\/wp\/v2\/users\/13"}],"replies":[{"embeddable":true,"href":"https:\/\/taiyo.fi\/sv\/wp-json\/wp\/v2\/comments?post=346"}],"version-history":[{"count":35,"href":"https:\/\/taiyo.fi\/sv\/wp-json\/wp\/v2\/pages\/346\/revisions"}],"predecessor-version":[{"id":12038,"href":"https:\/\/taiyo.fi\/sv\/wp-json\/wp\/v2\/pages\/346\/revisions\/12038"}],"up":[{"embeddable":true,"href":"https:\/\/taiyo.fi\/sv\/wp-json\/wp\/v2\/pages\/299"}],"wp:attachment":[{"href":"https:\/\/taiyo.fi\/sv\/wp-json\/wp\/v2\/media?parent=346"}],"curies":[{"name":"wp","href":"https:\/\/api.w.org\/{rel}","templated":true}]}}