{"id":338,"date":"2013-02-12T11:25:27","date_gmt":"2013-02-12T09:25:27","guid":{"rendered":"http:\/\/taiyo.fi\/?page_id=338"},"modified":"2026-03-03T14:15:11","modified_gmt":"2026-03-03T12:15:11","slug":"uudet-opiskelijat","status":"publish","type":"page","link":"https:\/\/taiyo.fi\/sv\/jasenille\/uudet-opiskelijat\/","title":{"rendered":"Ny studerande,"},"content":{"rendered":"<h4>\u00a0<\/h4>\r\n<p><a href=\"https:\/\/i0.wp.com\/taiyo.fi\/wp-content\/uploads\/2025\/02\/Nimeton-800-x-400-px-600-x-400-px-5.png?ssl=1\"><img data-recalc-dims=\"1\" loading=\"lazy\" decoding=\"async\" data-attachment-id=\"14581\" data-permalink=\"https:\/\/taiyo.fi\/sv\/jasenille\/taiyon-jarjestoille\/nimeton-800-x-400-px-600-x-400-px-5\/\" data-orig-file=\"https:\/\/i0.wp.com\/taiyo.fi\/wp-content\/uploads\/2025\/02\/Nimeton-800-x-400-px-600-x-400-px-5.png?fit=600%2C400&amp;ssl=1\" data-orig-size=\"600,400\" data-comments-opened=\"0\" data-image-meta=\"{&quot;aperture&quot;:&quot;0&quot;,&quot;credit&quot;:&quot;&quot;,&quot;camera&quot;:&quot;&quot;,&quot;caption&quot;:&quot;&quot;,&quot;created_timestamp&quot;:&quot;0&quot;,&quot;copyright&quot;:&quot;&quot;,&quot;focal_length&quot;:&quot;0&quot;,&quot;iso&quot;:&quot;0&quot;,&quot;shutter_speed&quot;:&quot;0&quot;,&quot;title&quot;:&quot;&quot;,&quot;orientation&quot;:&quot;0&quot;}\" data-image-title=\"Nimet\u00f6n (800 x 400 px) (600 x 400 px) (5)\" data-image-description=\"\" data-image-caption=\"\" data-medium-file=\"https:\/\/i0.wp.com\/taiyo.fi\/wp-content\/uploads\/2025\/02\/Nimeton-800-x-400-px-600-x-400-px-5.png?fit=300%2C200&amp;ssl=1\" data-large-file=\"https:\/\/i0.wp.com\/taiyo.fi\/wp-content\/uploads\/2025\/02\/Nimeton-800-x-400-px-600-x-400-px-5.png?fit=600%2C400&amp;ssl=1\" class=\"alignnone size-full wp-image-14581\" src=\"https:\/\/i0.wp.com\/taiyo.fi\/wp-content\/uploads\/2025\/02\/Nimeton-800-x-400-px-600-x-400-px-5.png?resize=600%2C400&#038;ssl=1\" alt=\"\" width=\"600\" height=\"400\" srcset=\"https:\/\/i0.wp.com\/taiyo.fi\/wp-content\/uploads\/2025\/02\/Nimeton-800-x-400-px-600-x-400-px-5.png?w=600&amp;ssl=1 600w, https:\/\/i0.wp.com\/taiyo.fi\/wp-content\/uploads\/2025\/02\/Nimeton-800-x-400-px-600-x-400-px-5.png?resize=300%2C200&amp;ssl=1 300w, https:\/\/i0.wp.com\/taiyo.fi\/wp-content\/uploads\/2025\/02\/Nimeton-800-x-400-px-600-x-400-px-5.png?resize=18%2C12&amp;ssl=1 18w, https:\/\/i0.wp.com\/taiyo.fi\/wp-content\/uploads\/2025\/02\/Nimeton-800-x-400-px-600-x-400-px-5.png?resize=230%2C153&amp;ssl=1 230w, https:\/\/i0.wp.com\/taiyo.fi\/wp-content\/uploads\/2025\/02\/Nimeton-800-x-400-px-600-x-400-px-5.png?resize=350%2C233&amp;ssl=1 350w, https:\/\/i0.wp.com\/taiyo.fi\/wp-content\/uploads\/2025\/02\/Nimeton-800-x-400-px-600-x-400-px-5.png?resize=480%2C320&amp;ssl=1 480w\" sizes=\"auto, (max-width: 600px) 100vw, 600px\" \/><\/a><\/p>\r\n<h3><b><span data-contrast=\"auto\">Grattis och v\u00e4lkommen till Konstuniversitetets studentk\u00e5r!<\/span><\/b><span data-ccp-props=\"{&quot;134233117&quot;:false,&quot;134233118&quot;:false,&quot;335559738&quot;:240,&quot;335559739&quot;:240}\">\u00a0<\/span><\/h3>\r\n<p><span data-contrast=\"auto\">Linkki: <a href=\"https:\/\/taiyo.fi\/wp-content\/uploads\/2025\/05\/TAIYO-OPAS.pdf\">TaiYon Vinkit uudelle opiskelijalle \u2013 mukana my\u00f6s taideopiskelijan sanakirja<\/a><\/span><span data-ccp-props=\"{&quot;134233117&quot;:false,&quot;134233118&quot;:false,&quot;335559738&quot;:240,&quot;335559739&quot;:240}\">\u00a0<\/span><\/p>\r\n<p><span data-contrast=\"auto\">Som examensstuderande vid Konstuniversitetet h\u00f6r du automatiskt ocks\u00e5 till Konstuniversitetets studentk\u00e5r (TaiYo). Studentk\u00e5rens uppgift \u00e4r att fungera som studenternas representant i universitetets beslutsfattande, bygga gemenskap \u00f6ver akademigr\u00e4nserna och p\u00e5verka samh\u00e4llet med konststudenternas r\u00f6st.\u00a0\u00a0<\/span><span data-ccp-props=\"{&quot;134233117&quot;:false,&quot;134233118&quot;:false,&quot;335559738&quot;:240,&quot;335559739&quot;:240}\">\u00a0<\/span><\/p>\r\n<p><span data-contrast=\"auto\">TaiYos medlemmar studerar vid Konstuniversitetets tre akademier: Bildkonstakademin, Sibelius-Akademin och Teaterh\u00f6gskolan. Sammanlagt har studentk\u00e5ren cirka 1700 medlemmar.\u00a0<\/span><span data-ccp-props=\"{&quot;134233117&quot;:false,&quot;134233118&quot;:false,&quot;335559738&quot;:240,&quot;335559739&quot;:240}\">\u00a0<\/span><\/p>\r\n<p><span data-contrast=\"auto\">TaiYos h\u00f6gsta beslutande organ \u00e4r fullm\u00e4ktige, som v\u00e4ljs av studenterna i val. Fullm\u00e4ktige beslutar om studentk\u00e5rens riktning, budget samt medlemsavgiftens storlek. TaiYos dagliga verksamhet sk\u00f6ts av en styrelse best\u00e5ende av studenter samt ett team av kansliets anst\u00e4llda. Du hittar oss p\u00e5 Nervandersgatan 13 (4 v\u00e5n.) i anslutning till studentrummet!<\/span><span data-ccp-props=\"{&quot;134233117&quot;:false,&quot;134233118&quot;:false,&quot;335559738&quot;:240,&quot;335559739&quot;:240}\">\u00a0<br \/><br \/><\/span><\/p>\r\n<h3><strong>Var ska man b\u00f6rja studentlivet?<\/strong><\/h3>\r\n<ul>\r\n<li>Du kan hitta instruktioner f\u00f6r att b\u00f6rja dina studier <a href=\"https:\/\/studerande.uniarts.fi\/nya-studerande\/\">p\u00e5 Uniarts webbsidan<\/a><\/li>\r\n<\/ul>\r\n<h3><b><span data-contrast=\"auto\">TaiYo \u00e4r f\u00f6r dig<\/span><\/b><span data-ccp-props=\"{&quot;134233117&quot;:false,&quot;134233118&quot;:false,&quot;335559738&quot;:240,&quot;335559739&quot;:240}\">\u00a0<\/span><\/h3>\r\n<p><span data-contrast=\"auto\">TaiYo finns som st\u00f6d om du st\u00f6ter p\u00e5 intressebevakningsutmaningar under dina studier eller vill engagera dig och p\u00e5verka inom universitetet.\u00a0<\/span><span data-ccp-props=\"{&quot;134233117&quot;:false,&quot;134233118&quot;:false,&quot;335559738&quot;:240,&quot;335559739&quot;:240}\">\u00a0<\/span><\/p>\r\n<p><span data-contrast=\"auto\">TaiYo b\u00e4r upp och st\u00e4rker sin studentgemenskap. Inom TaiYo verkar studenternas egna \u00e4mnesf\u00f6reningar och akademisektioner, som ordnar evenemang och annan gemensam verksamhet under terminen.\u00a0<\/span><span data-ccp-props=\"{&quot;134233117&quot;:false,&quot;134233118&quot;:false,&quot;335559738&quot;:240,&quot;335559739&quot;:240}\">\u00a0<\/span><\/p>\r\n<p><span data-contrast=\"auto\">TaiYo erbjuder st\u00f6d f\u00f6r studenternas gemensamma konstprojekt i form av bidrag samt tillhandah\u00e5ller det avgiftsfria utrymmet Vapaan taiteen tila som kan bokas av TaiYos medlemmar.\u00a0<\/span><span data-ccp-props=\"{&quot;134233117&quot;:false,&quot;134233118&quot;:false,&quot;335559738&quot;:240,&quot;335559739&quot;:240}\">\u00a0<\/span><\/p>\r\n<p><span data-contrast=\"auto\">Mer information om de tj\u00e4nster som TaiYo erbjuder hittar du<a href=\"https:\/\/taiyo.fi\/sv\/jasenille\/palvelut-taiyon-jasenelle\/\"> h\u00e4r.<\/a><\/span><span data-ccp-props=\"{&quot;134233117&quot;:false,&quot;134233118&quot;:false,&quot;335559738&quot;:240,&quot;335559739&quot;:240}\">\u00a0<br \/><br \/><\/span><\/p>\r\n<h3>Tutorer - ditt st\u00f6d i b\u00f6rjan av studier!<\/h3>\r\n<p>Varje ny studerande h\u00f6r till en tutorgrupp som leds av en tutor, dvs. en \u00e4ldre studerande, som hj\u00e4lper och st\u00f6ttar nya studerande i b\u00f6rjan av studierna. Du kan fr\u00e5ga din tutor om vad som helst, till exempel om vardagslivet eller rutinerna p\u00e5 den egna akademin.<\/p>\r\n<p>Du kommer att bli kontaktad av din tutor i b\u00f6rjan av augusti!<br \/><br \/><br \/><\/p>\r\n<h4>Kurkkaa my\u00f6s TaiYo:n infopaketti: <a href=\"https:\/\/taiyo.fi\/wp-content\/uploads\/2025\/05\/FI_TaiYon-kirje-uusille-2025.pdf\">TaiYon infopaketti uudelle opiskelijalle<\/a><br \/>In english here: <a href=\"https:\/\/taiyo.fi\/wp-content\/uploads\/2025\/05\/EN_TaiYo-letter-for-new-students-2025.pdf\">TaiYo&#8217;s info pamphlet for a new student<\/a><br \/>P\u00e5 svenska h\u00e4r: <a href=\"https:\/\/taiyo.fi\/wp-content\/uploads\/2025\/05\/SV_TaiYo-brev-till-nya-studenter-2025.pdf\">TaiYos infopakett till nya studenter<\/a><\/h4>\r\n<h5><a href=\"https:\/\/taiyo.fi\/sv\/uuden-opiskelijan-muistilista\/\">Minneslista f\u00f6r nya studerande<\/a><\/h5>\r\n<h5><a href=\"https:\/\/studerande.uniarts.fi\/nya-studerande\/\">Konstuniversitetets Intro-sida f\u00f6r nya studerande<\/a><\/h5>\r\n<h5><a href=\"https:\/\/taiyo.fi\/sv\/toiminta\/mukaan-toimintaan\/\">Hur kommer jag med i studentgemenskapen?<\/a><\/h5>\r\n<h5><a href=\"https:\/\/taiyo.fi\/sv\/opintoihin-ja-taideyliopistoon-vaikuttaminen\/\">P\u00e5verka i studierna och p\u00e5 Konstuniversitetet<\/a><\/h5>\r\n<h5><a href=\"https:\/\/taiyo.fi\/sv\/unisport-yliopistolaisten-oma-liikuntakeskus\/\">UniSport \u2013 Universitetsgemenskapens egna sportcenter<\/a><\/h5>","protected":false},"excerpt":{"rendered":"<p>\u00a0 Onnea\u00a0 ja tervetuloa Taideyliopiston ylioppilaskuntaan!\u00a0 Linkki: TaiYon Vinkit uudelle opiskelijalle \u2013 mukana my\u00f6s taideopiskelijan sanakirja\u00a0 Taideyliopistossa tutkintoa suorittavana opiskelijana kuulut automaattisesti [&hellip;]<\/p>\n","protected":false},"author":13,"featured_media":11194,"parent":299,"menu_order":51,"comment_status":"open","ping_status":"closed","template":"","meta":{"_coblocks_attr":"","_coblocks_dimensions":"","_coblocks_responsive_height":"","_coblocks_accordion_ie_support":"","_crdt_document":"","advanced_seo_description":"","jetpack_seo_html_title":"","jetpack_seo_noindex":false,"footnotes":""},"class_list":["post-338","page","type-page","status-publish","has-post-thumbnail","hentry"],"jetpack_sharing_enabled":true,"jetpack_shortlink":"https:\/\/wp.me\/P2w00X-5s","jetpack_likes_enabled":true,"amp_enabled":true,"_links":{"self":[{"href":"https:\/\/taiyo.fi\/sv\/wp-json\/wp\/v2\/pages\/338","targetHints":{"allow":["GET"]}}],"collection":[{"href":"https:\/\/taiyo.fi\/sv\/wp-json\/wp\/v2\/pages"}],"about":[{"href":"https:\/\/taiyo.fi\/sv\/wp-json\/wp\/v2\/types\/page"}],"author":[{"embeddable":true,"href":"https:\/\/taiyo.fi\/sv\/wp-json\/wp\/v2\/users\/13"}],"replies":[{"embeddable":true,"href":"https:\/\/taiyo.fi\/sv\/wp-json\/wp\/v2\/comments?post=338"}],"version-history":[{"count":79,"href":"https:\/\/taiyo.fi\/sv\/wp-json\/wp\/v2\/pages\/338\/revisions"}],"predecessor-version":[{"id":16094,"href":"https:\/\/taiyo.fi\/sv\/wp-json\/wp\/v2\/pages\/338\/revisions\/16094"}],"up":[{"embeddable":true,"href":"https:\/\/taiyo.fi\/sv\/wp-json\/wp\/v2\/pages\/299"}],"wp:featuredmedia":[{"embeddable":true,"href":"https:\/\/taiyo.fi\/sv\/wp-json\/wp\/v2\/media\/11194"}],"wp:attachment":[{"href":"https:\/\/taiyo.fi\/sv\/wp-json\/wp\/v2\/media?parent=338"}],"curies":[{"name":"wp","href":"https:\/\/api.w.org\/{rel}","templated":true}]}}