{"id":336,"date":"2013-02-12T11:24:30","date_gmt":"2013-02-12T09:24:30","guid":{"rendered":"http:\/\/taiyo.fi\/?page_id=336"},"modified":"2026-03-04T12:02:18","modified_gmt":"2026-03-04T10:02:18","slug":"opintotuki","status":"publish","type":"page","link":"https:\/\/taiyo.fi\/sv\/jasenille\/opintotuki\/","title":{"rendered":"Studiest\u00f6d"},"content":{"rendered":"<p>Studiest\u00f6det best\u00e5r av studiepenning, studiel\u00e5n och bostadstill\u00e4gg. Studiepenningens belopp beror p\u00e5 din livssituation. Syftet med studiest\u00f6det \u00e4r att trygga studenrandens ekonomiska situation under studierna. \n\nStudiest\u00f6d kan beviljas om du studerar p\u00e5 heltid, dina studier framskrider och du har behov av ekonomiskt st\u00f6d. Mera information om studiest\u00f6det hittar du p\u00e5 FPA:s webbsidor <a href=\"https:\/\/www.kela.fi\/students\" target=\"_blank\" rel=\"noopener\">https:\/\/www.kela.fi\/studerande<\/a> samt p\u00e5 universitetets webbsidor\u00a0<a href=\"https:\/\/studerande.uniarts.fi\/allman-info\/studiestod\/\" target=\"_blank\" rel=\"noopener\">https:\/\/studerande.uniarts.fi\/allman-info\/studiestod\/<\/a><\/p>\n<p>Kontrollera alltid din egen personliga studiest\u00f6dssituation hos FPA \u2013 din studiekamrats situation kan vara annorlunda!<\/p>\n<ul>\n<li>Studiest\u00f6det finansieras av staten och utbetalas m\u00e5natligen. Studiepenningen \u00e4r skattepliktig inkomst. Hur mycket du f\u00e5r i studiepenning p\u00e5verkas av vilken l\u00e4roanstalt du studerar vid, din \u00e5lder, om du bor sj\u00e4lvst\u00e4ndigt eller hos en f\u00f6r\u00e4lder, om du \u00e4r gift och om du har barn. Studie\u00adpenningens belopp f\u00f6r h\u00f6gskolestuderande som bor sj\u00e4lvst\u00e4ndigt och inte har barn \u00e4r 279,38 \u20ac fr\u00e5n och med 1.8.2025.<\/li>\n<li>Studiel\u00e5net \u00e4r ett statsgaranterat l\u00e5n som man m\u00e5ste betala tillbaka. Om FPA beviljar dig stats\u00adgaranti f\u00f6r studiel\u00e5n kan du ans\u00f6ka om studiel\u00e5n hos den bank du sj\u00e4lv v\u00e4ljer. Kom \u00f6verens med din bank om r\u00e4ntan och \u00e5terbetalningsschemat f\u00f6r ditt studiel\u00e5n. Beloppet av studiel\u00e5net \u00e4r h\u00f6gst 850 \u20ac\/m\u00e5nad och 1000 \u20ac\/m\u00e5nad f\u00f6r studier utomlands. Du beh\u00f6ver inte lyfta studie\u00adl\u00e5net om du inte beh\u00f6ver det. Det l\u00f6nar sig att be om en offert p\u00e5 studiel\u00e5n fr\u00e5n flera banker eftersom l\u00e5nevillkoren kan variera fr\u00e5n bank till bank. Det \u00e4r viktigt att bekanta sig noggrant med l\u00e5nevillkor.<\/li>\n<li>Om det sker \u00e4ndringar i f\u00f6rh\u00e5llandena efter att du har l\u00e4mnat in din studiest\u00f6dsans\u00f6kan ska du omedelbart anm\u00e4la detta till FPA. Det l\u00e4ttaste s\u00e4ttet att anm\u00e4la \u00e4ndringarna \u00e4r via e-tj\u00e4nsten p\u00e5 FPA:s webbsidor (<a href=\"http:\/\/www.kela.fi\/opiskelijat\" target=\"_blank\" rel=\"noopener\">https:\/\/www.kela.fi\/studerande<\/a>). Om du har f\u00e5tt f\u00f6r mycket i studiest\u00f6d eller om studiest\u00f6d har betalats utan grund kommer det att \u00e5terkr\u00e4vas.\n<ul>\n<li>Din maximala st\u00f6dtid beror p\u00e5 examens omfattning och n\u00e4r du inlett dina f\u00f6rsta h\u00f6gskole\u00adstudier.<\/li>\n<li>Studiest\u00f6det beviljas f\u00f6rst f\u00f6r avl\u00e4ggandet av den l\u00e4gre h\u00f6gskoleexamen enligt dess om\u00adfattning. Efter att du har avlagt den l\u00e4gre h\u00f6gskoleexamen, beviljas du studiest\u00f6det f\u00f6r avl\u00e4ggandet av den h\u00f6gre h\u00f6gskoleexamen. Antalet st\u00f6dm\u00e5nader beror p\u00e5 hur m\u00e5nga m\u00e5nader du har kvar av den maximala st\u00f6dtiden enligt studiernas omfattning, men f\u00f6r avl\u00e4ggandet av enbart h\u00f6gre h\u00f6gskoleexamen beviljas dock h\u00f6gst den maximala st\u00f6dtiden som motsvarar examens omfattning.<\/li>\n<li>Om en universitetsstuderande studerar under sommarm\u00e5naderna p\u00e5 heltid och avl\u00e4gger studier som h\u00f6r till examen, kan st\u00f6det beviljas \u00e4ven f\u00f6r juni, juli och augusti p\u00e5 basis av en separat ans\u00f6kan. Notera att \u00e4ven sommarstudiest\u00f6det f\u00f6rbrukar den maximala st\u00f6dtiden som normalt. Ans\u00f6k om sommarstudiest\u00f6d antingen p\u00e5 n\u00e4tet p\u00e5 FPA:s sida om studiest\u00f6d eller med blanketten Meddelande om f\u00f6r\u00e4ndringar g\u00e4llande studiest\u00f6det.<\/li>\n<li>Om du blir sjuk mitt under studierna kan du bli sjukledig. I st\u00e4llet f\u00f6r studiest\u00f6d kan du f\u00e5 sjukdagpenning f\u00f6r sjukdomstiden. Mer information: <a href=\"https:\/\/www.kela.fi\/sjuk-hogskolestudier\" target=\"_blank\" rel=\"noopener\">https:\/\/www.kela.fi\/sjuk-hogskolestudier<\/a>.<\/li>\n<\/ul>\n<\/li>\n<\/ul>\n<p><b>OBS:<\/b><span style=\"font-weight: 400;\"> Studiest\u00f6det, s\u00e5som andra sociala st\u00f6d i Finland, kr\u00e4ver finskt medborgarskap.<\/span><\/p>\n<ul>\n<li style=\"font-weight: 400;\"><span style=\"font-weight: 400;\">du \u00e4r registrerad i befolkningsregistret med permanent uppeh\u00e5llstillst\u00e5nd och<\/span><\/li>\n<li style=\"font-weight: 400;\">din grund f\u00f6r bos\u00e4ttning i Finland \u00e4r n\u00e5got annat \u00e4n studier (till exempel arbete, familj eller \u00e5terflytt). Mer information om studiest\u00f6d finns h\u00e4r: <a href=\"https:\/\/www.kela.fi\/voitko-saada-tukia-kun-muutat-suomeen#opiskelija\" target=\"_blank\" rel=\"noopener\">https:\/\/www.kela.fi\/har-jag-ratt-till-formaner-i-finland<\/a><span style=\"font-weight: 400;\">.<\/span><\/li>\n<\/ul>\n<h4>Framg\u00e5ng i studierna<\/h4>\n<p>F\u00f6r att du ska kunna f\u00e5 studiest\u00f6d m\u00e5ste du g\u00f6ra tillr\u00e4ckliga framsteg i studierna. Om du inte g\u00f6r tillr\u00e4ckliga framsteg i studierna kan FPA skicka en beg\u00e4ran om utredning till dig. Besvara den och uppge orsakerna till att dina studier f\u00f6rdr\u00f6jts. Du kan fortfarande f\u00e5 studiest\u00f6d om det finns en god\u00adtagbar orsak till att din studietakt tillf\u00e4lligt varit l\u00e5ngsam. Godtagbara orsaker kan till exempel vara att du eller en n\u00e4ra anh\u00f6rig har drabbats av sjukdom eller att din livssituation varit sv\u00e5r p\u00e5 n\u00e5got annat s\u00e4tt. FPA kan ocks\u00e5 f\u00f6ruts\u00e4tta att du inom en viss tid fullg\u00f6r de studieprestationer som kr\u00e4vs.<\/p>\n<p>FPA drar in ditt studiest\u00f6d om du:<\/p>\n<ul>\n<li>inte svarar p\u00e5 FPA:s beg\u00e4ran om utredning, eller<\/li>\n<li>inte framf\u00f6r n\u00e5gon godtagbar orsak till att studierna framskrider l\u00e5ngsamt.<\/li>\n<\/ul>\n<p>Studiest\u00f6det kan ocks\u00e5 \u00e5terkr\u00e4vas om du har avlagt s\u00e4rskilt f\u00e5 studieprestationer och om dina omst\u00e4ndigheter tyder p\u00e5 att din avsikt inte har varit att studera. Om du vill minska antalet st\u00f6dm\u00e5nader som beaktas vid uppf\u00f6ljningen av studief\u00f6rloppet kan du avboka st\u00f6det eller \u00e5terbetala redan utbetalt st\u00f6d. Det l\u00f6nar sig att avboka st\u00f6det om det l\u00e4s\u00e5r d\u00e5 dina studier har framskridit l\u00e5ngsammare fortfarande p\u00e5g\u00e5r. Mer information: <a href=\"https:\/\/www.kela.fi\/annullera-och-betala-tillbaka-studiestod-hogskolestudier\" target=\"_blank\" rel=\"noopener\">https:\/\/www.kela.fi\/annullera-och-betala-tillbaka-studiestod-hogskolestudier<\/a>.<\/p>\n<p>Studiest\u00f6det kan \u00e4ven \u00e5terkr\u00e4vas om antalet studieprestationer varit synnerligen litet och det av omst\u00e4ndigheterna framg\u00e5r att du inte ens haft f\u00f6r avsikt att studera. Om du vill minska antalet st\u00f6dm\u00e5nader som beaktas vid kontrollen av studieframg\u00e5ngen kan du annullera st\u00f6d eller betala tillbaka st\u00f6d som redan betalats ut. Det l\u00f6nar sig att annullera st\u00f6det om det l\u00e4s\u00e5r d\u00e5 dina studier har f\u00f6rdr\u00f6jts \u00e4nnu p\u00e5g\u00e5r. Mer information: <a href=\"https:\/\/www.kela.fi\/studielanskompensation\" target=\"_blank\" rel=\"noopener\">https:\/\/www.kela.fi\/studielanskompensation<\/a>.<\/p>\n<h4>Studiest\u00f6dets inkomstkontroll<\/h4>\n<p>De inkomster som du f\u00f6rtj\u00e4nar under \u00e5ret p\u00e5verkar ditt studiest\u00f6d. Inkomster som beaktas i studiest\u00f6dets inkomstkontroll \u00e4r bland annat:<\/p>\n<ul>\n<li>l\u00f6neinkomst<\/li>\n<li>skattepliktiga socialf\u00f6rm\u00e5ner och vuxenutbildningsst\u00f6d<\/li>\n<li>aktieutdelning<\/li>\n<li>hyresinkomst<\/li>\n<li>familjepension<\/li>\n<li>semesterpenningar och naturaf\u00f6rm\u00e5ner<\/li>\n<li>frilansarvoden<\/li>\n<li>reservistl\u00f6n.<\/li>\n<\/ul>\n<p>Dessutom beaktar FPA stipendier som inkomster i studiest\u00f6dets inkomstkontroll. Stipendier som beviljats f\u00f6r utbytesstudier beaktas dock inte som inkomst. Studiepenning, bostadstill\u00e4gg och studiel\u00e5n beaktas inte heller som inkomst.<\/p>\n<p>\u00c5rsinkomstgr\u00e4nsen fastst\u00e4lls utg\u00e5ende fr\u00e5n hur m\u00e5nga m\u00e5nader du haft studiest\u00f6d under kalender\u00ad\u00e5ret. Du m\u00e5ste sj\u00e4lv se till att din \u00e5rsinkomst inte stiger \u00f6ver din \u00e5rsinkomstgr\u00e4ns, eftersom FPA inte kontrollerar inkomster vid betalningen av studiest\u00f6det. Inkomstkontrollen g\u00f6rs i efterhand efter att beskattningen f\u00e4rdigst\u00e4llts. Om du tj\u00e4nar mer \u00e4n inkomstgr\u00e4nsen, kr\u00e4ver FPA tillbaka det studiest\u00f6d som betalats ut f\u00f6r mycket. Beloppet h\u00f6js med 7,5 procent enligt lagen om studiest\u00f6d. Du kan undvika situationen genom att frivilligt betala tillbaka studiest\u00f6d, vilket ska g\u00f6ras senast i slutet av april som f\u00f6ljer st\u00f6ds\u00e5ret. Du kan kontrollera din \u00e5rsinkomstgr\u00e4ns samt annullera eller betala till\u00adbaka studiest\u00f6d p\u00e5 FPA:s webbsidor <a href=\"https:\/\/www.kela.fi\/inkomsternas-inverkan-hogskolestudier\" target=\"_blank\" rel=\"noopener\">https:\/\/www.kela.fi\/inkomsternas-inverkan-hogskolestudier<\/a>.<\/p>","protected":false},"excerpt":{"rendered":"<p>Opintotuki koostuu opintorahasta, asumislis\u00e4st\u00e4 ja opintolainan valtiontakauksesta. Opintotuen tarkoituksena on turvata opiskeluaikainen toimeentulo. My\u00f6nt\u00e4misperusteita ovat p\u00e4\u00e4toiminen opiskelu, opinnoissa edistyminen ja taloudellisen tuen [&hellip;]<\/p>\n","protected":false},"author":13,"featured_media":0,"parent":299,"menu_order":41,"comment_status":"open","ping_status":"closed","template":"","meta":{"_coblocks_attr":"","_coblocks_dimensions":"","_coblocks_responsive_height":"","_coblocks_accordion_ie_support":"","_crdt_document":"","advanced_seo_description":"","jetpack_seo_html_title":"","jetpack_seo_noindex":false,"footnotes":""},"class_list":["post-336","page","type-page","status-publish","hentry"],"jetpack_sharing_enabled":true,"jetpack_shortlink":"https:\/\/wp.me\/P2w00X-5q","jetpack_likes_enabled":true,"amp_enabled":true,"_links":{"self":[{"href":"https:\/\/taiyo.fi\/sv\/wp-json\/wp\/v2\/pages\/336","targetHints":{"allow":["GET"]}}],"collection":[{"href":"https:\/\/taiyo.fi\/sv\/wp-json\/wp\/v2\/pages"}],"about":[{"href":"https:\/\/taiyo.fi\/sv\/wp-json\/wp\/v2\/types\/page"}],"author":[{"embeddable":true,"href":"https:\/\/taiyo.fi\/sv\/wp-json\/wp\/v2\/users\/13"}],"replies":[{"embeddable":true,"href":"https:\/\/taiyo.fi\/sv\/wp-json\/wp\/v2\/comments?post=336"}],"version-history":[{"count":25,"href":"https:\/\/taiyo.fi\/sv\/wp-json\/wp\/v2\/pages\/336\/revisions"}],"predecessor-version":[{"id":16107,"href":"https:\/\/taiyo.fi\/sv\/wp-json\/wp\/v2\/pages\/336\/revisions\/16107"}],"up":[{"embeddable":true,"href":"https:\/\/taiyo.fi\/sv\/wp-json\/wp\/v2\/pages\/299"}],"wp:attachment":[{"href":"https:\/\/taiyo.fi\/sv\/wp-json\/wp\/v2\/media?parent=336"}],"curies":[{"name":"wp","href":"https:\/\/api.w.org\/{rel}","templated":true}]}}