{"id":334,"date":"2013-02-12T11:23:56","date_gmt":"2013-02-12T09:23:56","guid":{"rendered":"http:\/\/taiyo.fi\/?page_id=334"},"modified":"2023-05-05T10:46:28","modified_gmt":"2023-05-05T08:46:28","slug":"asuminen","status":"publish","type":"page","link":"https:\/\/taiyo.fi\/sv\/jasenille\/asuminen\/","title":{"rendered":"Boende"},"content":{"rendered":"<h3>Helsingforsregionens studentbostadsstiftelse (Hoas)<\/h3>\r\n<p class=\"translation-block\">Hoas har hyresbost\u00e4der runt hela huvudstadsregionen. Huvuddelen av bost\u00e4derna \u00e4r bost\u00e4derna med 2\u20133 rum och k\u00f6k eller kokvr\u00e5 som passar studerande med familj och som kollektivbostad f\u00f6r flera studerande. Hyran f\u00f6r rummet \u00e4r ungef\u00e4r 250\u2013440 \u20ac\/m\u00e5n. och f\u00f6r l\u00e4genheten 450\u2013850 \u20ac\/m\u00e5n. beroende p\u00e5 bostadens \u00e5lder och utrustningsniv\u00e5. Man kan \u00e4ven ans\u00f6ka om en kompisbostad eller en familjebostad hos Hoas. Hoas driver \u00e4ven en n\u00e4tloppmarknad (sektionen Asumisopas), d\u00e4r man kan annonsera m\u00f6bler som \u00e4r till salu. Mer information: www.hoas.fi.<\/p>\r\n<h3>Nationerna<\/h3>\r\n<p class=\"translation-block\">Studentnationerna erbjuder ett stort utbud av studentbost\u00e4der i huvudstadsregionen till ett rimligt pris. F\u00f6r att s\u00f6ka bostad via en nation beh\u00f6ver du bli medlem i respektive nation. Mer information: www.nation.fi\/nationer.<\/p>\r\n<h3>Clavis<\/h3>\r\n<p class=\"translation-block\">Clavis \u00e4r en studenthem f\u00f6r studerande fr\u00e5n Sibelius-Akademin i Etel\u00e4-Haaga, Helsingfors. Du kan ans\u00f6ka till Clavis s\u00e5 fort du har blivit accepterad som studerande vid Sibelius-Akademin. Det finns totalt 105 l\u00e4genheter i Clavis, av vilka n\u00e5gra \u00e4r blir lediga varje \u00e5r. L\u00e4genheterna \u00e4r sm\u00e5 ettor (18 m2 och 23 m2). I varje rum finns det ett badrum, dusch, mini-k\u00f6k och internetuppkoppling. I byggnaden finns en bastu, en tv\u00e4ttstuga, \u00f6vningsrum, ett gemensamt rum och en festsal. Mer information finns p\u00e5 www.clavishouse.fi.<\/p>\r\n<h3>Andra alternativ<\/h3>\r\n<p>Vissa banker, f\u00f6rs\u00e4kringsbolag och stiftelser har ocks\u00e5 studentl\u00e4genheter eller bostadshus, och ofta har dessa mer rimliga hyror \u00e4n l\u00e4genheter i \u00f6ppna marknaden. Studerande kan ocks\u00e5 ans\u00f6ka om stads\u00e4gda hyresl\u00e4genheter. Information om stads\u00e4gda hyresl\u00e4genheter i huvudstadsregionen finns p\u00e5 <a href=\"\/sv\/www.hel.fi\/kv\/stadinasunnot-fi\/\">www.hel.fi\/kv\/stadinasunnot-fi<\/a>, <a href=\"\/sv\/www.espoonasunnot.fi\/\">www.espoonasunnot.fi<\/a>\u00a0och <a href=\"http:\/\/www.vav.fi\/\">www.vav.fi<\/a> .<\/p>\r\n<p>En bostadsr\u00e4ttsbostad \u00e4r ocks\u00e5 ett alternativ f\u00f6r din egen kvart. F\u00f6rutom det m\u00e5natliga bruksvederlaget betalas 10\u201315 % av priset p\u00e5 l\u00e4genheten som en bostadsr\u00e4ttsavgift n\u00e4r man flyttar in, vilket g\u00f6r att man f\u00e5r permanent uppeh\u00e5llsr\u00e4tt. Bostadsr\u00e4ttsavgiften \u00e5terfinansieras n\u00e4r man flyttar ut. Varje ort har sin egen bostadsk\u00f6 f\u00f6r bostadsr\u00e4ttsbost\u00e4der, fr\u00e5ga bara efter den!<\/p>\r\n<p>L\u00e4genheter i \u00f6ppna marknaden kan letas p\u00e5 n\u00e4tet fr\u00e5n olika bostadssajter (se l\u00e4nkar nedan) och sociala medier; det finns t.ex. flera grupper p\u00e5 Facebook som delar information om lediga l\u00e4genheter och rum i delade l\u00e4genheter. Det \u00e4r ocks\u00e5 v\u00e4rt att f\u00f6lja annonserna i tidningar (b\u00e5de Helsingin Sanomat och lokala tidningar), och goda gamla anslagstavlor kan ocks\u00e5 vara ett anm\u00e4rkningsv\u00e4rt forum. Du kan ocks\u00e5 dra nytta av ditt n\u00e4tverk och l\u00e5ta folk veta dina planer: ju fler v\u00e4nner eller sl\u00e4ktingar vet om din situation, desto mer kan hj\u00e4lpa!<\/p>\r\n<p><strong>Nyttiga l\u00e4nkar<\/strong><br \/><a href=\"http:\/\/www.opiskelija-asunnot.fi\">www.opiskelija-asunnot.fi<br \/><\/a><a href=\"http:\/\/www.nuorisosaatio.fi\">www.nuorisosaatio.fi<br \/><\/a><a href=\"http:\/\/www.oikotie.fi\">www.oikotie.fi<br \/><\/a><a href=\"http:\/\/kuluttaja.etuovi.com\/\">www.etuovi.com<br \/><\/a><a href=\"http:\/\/www.vuokraovi.com\">www.vuokraovi.com<\/a><br \/><a href=\"http:\/\/www.sato.fi\">www.sato.fi<\/a><br \/><a href=\"http:\/\/www.ovv.fi\/etusivu\" target=\"_blank\" rel=\"noopener noreferrer\">www.ovv.fi<\/a><br \/><a href=\"http:\/\/www.lumo.fi\">www.lumo.fi<\/a><br \/><a href=\"http:\/\/asuntohelppi.fi\/\" target=\"_blank\" rel=\"noopener noreferrer\">www.asuntohelppi.fi<\/a><br \/><a href=\"http:\/\/www.kimppakamppa.fi\">www.kimppakamppa.fi<\/a><br \/><a href=\"http:\/\/www.oranssi.net\">www.oranssi.net<\/a><\/p>\r\n<h2>Flyttanm\u00e4lan och adressf\u00f6r\u00e4ndring<\/h2>\r\n<p>Om du flyttar permanent till en annan ort ska du g\u00f6ra en flyttanm\u00e4lan f\u00f6r att f\u00e5 din post till r\u00e4tt adress och f\u00f6r att uppdatera dina uppgifter i befolkningsregistret. Efter att du gjort anm\u00e4lan f\u00f6rmedlar systemet dina adressuppgifter automatiskt till olika myndigheter, bl.a. till FPA och skattef\u00f6rvaltningen. Enklast g\u00f6r du flyttanm\u00e4lan p\u00e5 n\u00e4tet <a href=\"https:\/\/www.posti.fi\/flyttanmalan\/\">www.posti.fi\/flyttanmalan<\/a>, men du kan ocks\u00e5 g\u00f6ra flyttanm\u00e4lan med en blankett som f\u00e5s hos posten eller magistraten.<\/p>\r\n<p><strong>Obs!<\/strong> Om du skickar in din flyttanm\u00e4lan till Posten kommer uppgifterna inte att \u00f6verf\u00f6ras till Konstuniversitetets studentregister, s\u00e5 se till att du ocks\u00e5 informerar universitetet om din nuvarande adress.\u00a0<\/p>\r\n\r\n<p class=\"wp-block-paragraph\">&nbsp;<\/p>","protected":false},"excerpt":{"rendered":"<p>Helsingin seudun opiskelija-asuntos\u00e4\u00e4ti\u00f6 (Hoas) Hoasilla on vuokra-asuntoja ymp\u00e4ri p\u00e4\u00e4kaupunkiseutua. Valtaosa asunnoista on 2-3 huoneen ja keitti\u00f6n\/keittokomeron huoneistoja, jotka soveltuvat sek\u00e4 perheellisille opiskelijoille [&hellip;]<\/p>\n","protected":false},"author":13,"featured_media":0,"parent":299,"menu_order":31,"comment_status":"open","ping_status":"open","template":"","meta":{"_coblocks_attr":"","_coblocks_dimensions":"","_coblocks_responsive_height":"","_coblocks_accordion_ie_support":"","_crdt_document":"","advanced_seo_description":"","jetpack_seo_html_title":"","jetpack_seo_noindex":false,"footnotes":""},"class_list":["post-334","page","type-page","status-publish","hentry"],"jetpack_sharing_enabled":true,"jetpack_shortlink":"https:\/\/wp.me\/P2w00X-5o","jetpack_likes_enabled":true,"amp_enabled":true,"_links":{"self":[{"href":"https:\/\/taiyo.fi\/sv\/wp-json\/wp\/v2\/pages\/334","targetHints":{"allow":["GET"]}}],"collection":[{"href":"https:\/\/taiyo.fi\/sv\/wp-json\/wp\/v2\/pages"}],"about":[{"href":"https:\/\/taiyo.fi\/sv\/wp-json\/wp\/v2\/types\/page"}],"author":[{"embeddable":true,"href":"https:\/\/taiyo.fi\/sv\/wp-json\/wp\/v2\/users\/13"}],"replies":[{"embeddable":true,"href":"https:\/\/taiyo.fi\/sv\/wp-json\/wp\/v2\/comments?post=334"}],"version-history":[{"count":22,"href":"https:\/\/taiyo.fi\/sv\/wp-json\/wp\/v2\/pages\/334\/revisions"}],"predecessor-version":[{"id":12324,"href":"https:\/\/taiyo.fi\/sv\/wp-json\/wp\/v2\/pages\/334\/revisions\/12324"}],"up":[{"embeddable":true,"href":"https:\/\/taiyo.fi\/sv\/wp-json\/wp\/v2\/pages\/299"}],"wp:attachment":[{"href":"https:\/\/taiyo.fi\/sv\/wp-json\/wp\/v2\/media?parent=334"}],"curies":[{"name":"wp","href":"https:\/\/api.w.org\/{rel}","templated":true}]}}