{"id":3310,"date":"2015-09-29T21:13:46","date_gmt":"2015-09-29T19:13:46","guid":{"rendered":"http:\/\/taiyo.fi\/?page_id=3310"},"modified":"2019-11-08T18:34:36","modified_gmt":"2019-11-08T16:34:36","slug":"konsts-delegationsval","status":"publish","type":"page","link":"https:\/\/taiyo.fi\/sv\/edustajistovaalit\/konsts-delegationsval\/","title":{"rendered":"KonSts delegationsval 2019"},"content":{"rendered":"<p><img data-recalc-dims=\"1\" loading=\"lazy\" decoding=\"async\" data-attachment-id=\"6566\" data-permalink=\"https:\/\/taiyo.fi\/sv\/edustajistovaalit\/banner_828x315\/\" data-orig-file=\"https:\/\/i0.wp.com\/taiyo.fi\/wp-content\/uploads\/2019\/09\/banner_828x315.jpg?fit=828%2C315&amp;ssl=1\" data-orig-size=\"828,315\" data-comments-opened=\"0\" data-image-meta=\"{&quot;aperture&quot;:&quot;0&quot;,&quot;credit&quot;:&quot;&quot;,&quot;camera&quot;:&quot;&quot;,&quot;caption&quot;:&quot;&quot;,&quot;created_timestamp&quot;:&quot;0&quot;,&quot;copyright&quot;:&quot;&quot;,&quot;focal_length&quot;:&quot;0&quot;,&quot;iso&quot;:&quot;0&quot;,&quot;shutter_speed&quot;:&quot;0&quot;,&quot;title&quot;:&quot;&quot;,&quot;orientation&quot;:&quot;0&quot;}\" data-image-title=\"banner_828x315\" data-image-description=\"\" data-image-caption=\"\" data-large-file=\"https:\/\/i0.wp.com\/taiyo.fi\/wp-content\/uploads\/2019\/09\/banner_828x315.jpg?fit=700%2C266&amp;ssl=1\" class=\"alignnone size-full wp-image-6566\" src=\"https:\/\/i0.wp.com\/taiyo.fi\/wp-content\/uploads\/2019\/09\/banner_828x315.jpg?resize=828%2C315&#038;ssl=1\" alt=\"banner_828x315\" width=\"828\" height=\"315\" srcset=\"https:\/\/i0.wp.com\/taiyo.fi\/wp-content\/uploads\/2019\/09\/banner_828x315.jpg?w=828&amp;ssl=1 828w, https:\/\/i0.wp.com\/taiyo.fi\/wp-content\/uploads\/2019\/09\/banner_828x315.jpg?resize=300%2C114&amp;ssl=1 300w, https:\/\/i0.wp.com\/taiyo.fi\/wp-content\/uploads\/2019\/09\/banner_828x315.jpg?resize=768%2C292&amp;ssl=1 768w\" sizes=\"auto, (max-width: 828px) 100vw, 828px\" \/><\/p>\n<blockquote><p>Delegationsvalets slutliga resultat har nu bekr\u00e4ftats och finns <a href=\"https:\/\/taiyo.fi\/wp-content\/uploads\/2019\/11\/TaiYo-vaalitulos-2019-lopullinen.pdf\">h\u00e4r<\/a>. Vi gratulerar alla nya delegationsmedlemmar!<\/p><\/blockquote>\n<p>Ocks\u00e5 du kan p\u00e5verka fr\u00e5gor som \u00e4r viktiga f\u00f6r alla studerande genom att r\u00f6sta eller att st\u00e4lla upp som kandidat, n\u00e4r Konstuniversitetets studentk\u00e5r (KonSt) h\u00e5ller delegationsval h\u00f6sten 2019. H\u00e4r nedan hittar du information om valet och hur man st\u00e4ller upp som kandidat samt hur r\u00f6stningen g\u00e5r till.<\/p>\n<h4>Vilken delegation? Vilket val?<\/h4>\n<p>Delegationen kan i princip liknas vid studentk\u00e5rens egen riksdag. Delegationen \u00e4r det h\u00f6gsta beslutande organet i studentk\u00e5ren, som bl.a. beslutar om studentk\u00e5rsavgiften och stadgarna, godk\u00e4nner verksamhetsplanen och budgeten samt v\u00e4ljer studentk\u00e5rens styrelse och generalsekreterare och studentrepresentanterna i Konstuniversitetets styrelse.<\/p>\n<p>Delegationen har 15 medlemmar och 15 suppleanter som v\u00e4ljs varannan h\u00f6st f\u00f6r en mandatperiod p\u00e5 tv\u00e5 \u00e5r. <strong>Kandidatnomineringsperioden <\/strong><strong>slutar 9.10 kl. 12.00<\/strong>. Sj\u00e4lva <strong>valdagarna \u00e4r 31.10 och 5\u20136.11<\/strong>, och r\u00f6stningen sker i din egna akademis lokaler.<\/p>\n<h4>Hur kan man r\u00f6sta?<\/h4>\n<p>F\u00f6rhandsr\u00f6stningen h\u00e5lls torsdag 31.10 och de egentliga valdagarna \u00e4r tisdag 5.11 och onsdag 6.11. R\u00f6str\u00e4tt i valet har alla medlemmar av Konstuniversitetets studentk\u00e5r som har anm\u00e4lt sig som n\u00e4rvarande. Vallokalen f\u00f6r varje r\u00f6stber\u00e4ttigad beror p\u00e5 akademin eller enheten d\u00e4r hen har sin huvudsakliga studier\u00e4tt, och man kan r\u00f6sta endast i sin egen akademis eller enhets vallokal enligt uppdelningen nedan. Man kan be om byte av vallokal per e-post till adressen taiyo-paasihteeri@uniarts.fi senast torsdagen 17.10 kl. 16.00.<\/p>\n<p>De som huvudsakligen studerar vid <strong>Bildkonstakademin<\/strong> kan r\u00f6sta:<br \/>\ntorsdag 31.10\u00a0 \u00a0kl. 11\u201316\u00a0 \u00a0Bildkonstakademin (Elim\u00e4gatan 25\u201327, Helsingfors)<br \/>\ntisdag 5.11\u00a0 \u00a0 \u00a0 \u00a0 kl. 11\u201316\u00a0 \u00a0Bildkonstakademin (Elim\u00e4gatan 25\u201327, Helsingfors)<br \/>\nonsdag 6.11\u00a0 \u00a0 \u00a0 kl. 11\u201318 \u00a0 Bildkonstakademin (Elim\u00e4gatan 25\u201327, Helsingfors)<\/p>\n<p>De som huvudsakligen studerar vid <strong>Sibelius-Akademin<\/strong> (exklusive enheten i Kuopio) kan r\u00f6sta:<br \/>\ntorsdag 31.10\u00a0 \u00a0kl. 11\u201316\u00a0 \u00a0N-huset (Nervandersgatan 13, Helsingfors)<br \/>\ntisdag 5.11\u00a0 \u00a0 \u00a0 \u00a0 kl. 11\u201316\u00a0 \u00a0R-huset (Norra J\u00e4rnv\u00e4gsgatan 9, Helsingfors)<br \/>\nonsdag 6.11\u00a0 \u00a0 \u00a0 kl. 11\u201318 \u00a0 M-huset (T\u00f6l\u00f6viksgatan 16 C, Helsingfors)<\/p>\n<p>De som huvudsakligen studerar vid <strong>Teaterh\u00f6gskolan<\/strong> kan r\u00f6sta:<br \/>\ntorsdag 31.10\u00a0 \u00a0kl. 11\u201316\u00a0 \u00a0Institutionen f\u00f6r ljud- och ljusdesign (F\u00e5gelviksgatan 3, Helsingfors)<br \/>\ntisdag 5.11\u00a0 \u00a0 \u00a0 \u00a0 kl. 11\u201316\u00a0 \u00a0Teaterh\u00f6gskolan (Aspn\u00e4sgatan 6, Helsingfors)<br \/>\nonsdag 6.11\u00a0 \u00a0 \u00a0 kl. 11\u201318 \u00a0 Teaterh\u00f6gskolan (Aspn\u00e4sgatan 6, Helsingfors)<\/p>\n<p>De som studerar vid <strong>Sibelius-Akademins enhet i Kuopio<\/strong> kan bara delta i f\u00f6rhandsr\u00f6stningen:<br \/>\ntorsdag 31.10\u00a0 \u00a0kl. 11\u201316\u00a0 \u00a0Enheten i Kuopio (Kuopionlahdenkatu 23 C, Kuopio)<\/p>\n<p>De som studerar vid <strong>Sibelius-Akademins enhet i Sein\u00e4joki<\/strong> och alla Konstuniversitetets studerande som <strong>vistas utomlands p.g.a. studier<\/strong> med motiverad orsak kan om de vill r\u00f6sta per post i brevval i st\u00e4llet f\u00f6r urnval. Man m\u00e5ste anm\u00e4la sig till brevvalet per e-post till adressen taiyo-paasihteeri@uniarts.fi senast torsdag 17.10.2019 kl. 16.00, och r\u00f6sterna i brevvalet m\u00e5ste vara framme senast tisdag 5.11.2019 kl. 18.00. De som har anm\u00e4lt sig till brevvalet kan inte r\u00f6sta i urnvalet.<\/p>\n<h4>Vem borde man r\u00f6sta p\u00e5?<\/h4>\n<p>Centralvaln\u00e4mnden har bekr\u00e4ftat slutliga kandidatlistan och sammanlagt 23 personer kandiderar i delegationsvalet, inklusive studerande fr\u00e5n alla tre akatemier och 14 utbildningsprogram. Kandidater och deras r\u00f6stningsnummer finns p\u00e5 adressen <a href=\"https:\/\/taiyo.fi\/sv\/edustajistovaalit\/ehdokkaat\/\">www.taiyo.fi\/edustajistovaalit\/ehdokkaat<\/a>.<\/p>\n<p>F\u00f6r att finna en l\u00e4mplig kandidat kan du anv\u00e4nda KonSts valkompass, d\u00e4r man kan l\u00e4sa kandidaternas presentationer och j\u00e4mf\u00f6ra deras \u00e5sikter om studentk\u00e5ren, Konstuniversitetet och finska utbildningssystemet (ocks\u00e5 p\u00e5 svenska). Valkompassen finns p\u00e5 adressen <a href=\"https:\/\/apps.myzef.com\/resources\/syl\/c3jb5l\/index.html\">https:\/\/apps.myzef.com\/resources\/syl\/c3jb5l\/index.html<\/a>.<\/p>\n<h4>L\u00f6nar det sig att kandidera ocks\u00e5?<\/h4>\n<p>Studentk\u00e5ren sk\u00f6ter fr\u00e5gor som \u00e4r gemensamma f\u00f6r alla studenter och den bevakar studenternas intressen vid universitetet. Delegationen \u00e4r allts\u00e5 en bra plats f\u00f6r alla som \u00e4r intresserade av att p\u00e5verka studierna, studenternas vardag och gemenskapen mellan studenterna. Alla studentk\u00e5rens medlemmar (b\u00e5de n\u00e4rvaro- och fr\u00e5nvaroanm\u00e4lda) kan kandidera i delegationsvalet.<\/p>\n<p>Det kr\u00e4vs inte mycket f\u00f6r att kunna medverka i delegationen \u2013 du beh\u00f6ver inte ha tidigare erfarenhet av studentk\u00e5rsverksamhet! F\u00f6rhoppningsvis du \u00e4nd\u00e5 \u00e4r ivrig att l\u00e4ra dig nya saker och \u00e4r redo att offra lite tid f\u00f6r att delta i m\u00f6ten och s\u00e4tta dig in i fr\u00e5gorna. Du kan l\u00e4sa mer om varf\u00f6r det \u00e4r en bra id\u00e9 att kandidera <a href=\"https:\/\/taiyo.fi\/sv\/tule-ehdokkaaksi-taiyon-edustajistovaaleissa\/\">h\u00e4r<\/a>.<\/p>\n<h4>Hur kandiderar man?<\/h4>\n<p>Det \u00e4r enkelt: du beh\u00f6ver bara fylla i en blankett och returnera den till r\u00e4tt st\u00e4lle senast 9.10 kl. 12.00. Kandidaterna kan \u00e4ven grunda valf\u00f6rbund om de vill och valf\u00f6rbunden kan grunda valringar. Det \u00e4r helt frivilligt att vara med i f\u00f6rbund och ringar, men p.g.a. det proportionella vals\u00e4ttet kan det hj\u00e4lpa dig i r\u00f6str\u00e4kningen. Blanketter f\u00f6r kandidatanm\u00e4lan och f\u00f6r grundande av valf\u00f6rbund och valringar finns h\u00e4r nedan och p\u00e5 nedanst\u00e5ende platser.<\/p>\n<p>Alla f\u00e4rdiga valhandlingar returneras <strong>senast onsdag 9.10 kl. 12.00<\/strong> till en av nedanst\u00e5ende platser under dess \u00f6ppettider:<br \/>\n\u2013 Konstuniversitetets studentk\u00e5rs kansli (Nervandersgatan 13, 4 v\u00e5n.)<br \/>\n\u2013 Bildkonstakademins infopunkt (Elim\u00e4gatan 25 A, foaj\u00e9n)<br \/>\n\u2013 Teaterh\u00f6gskolans infopunkt (Aspn\u00e4sgatan 6, foaj\u00e9n)<br \/>\n\u2013 Kansliet i Sibelius-Akademins enhet i Kuopio (Kuopionlahdenkatu 23 C).<\/p>\n<p>Du kan ocks\u00e5 returnera valhandlingar per post till f\u00f6ljande adress \u2013 men kom ih\u00e5g att ocks\u00e5 valhandlingar som skickas per post m\u00e5ste vara framme p\u00e5 studentk\u00e5ren senast 9.10 kl. 12.00 och att avs\u00e4ndaren sj\u00e4lv ansvarar f\u00f6r att handlingarna kommer fram:<br \/>\n<em>Konstuniversitetets studentk\u00e5r \/ Delegationsvalet, PB 36, 00097 Konstuniversitetet (skriv \u201dvalhandlingar\u201d p\u00e5 kuvertet)<\/em><\/p>\n<h4>Mera info och officiella dokument<\/h4>\n<p>Mer detaljerad information om delegationsvalet finns p\u00e5 finska valsidorna p\u00e5 adressen <strong><a href=\"https:\/\/taiyo.fi\/sv\/edustajistovaalit\/\" rel=\"nofollow\">http:\/\/www.taiyo.fi\/edustajistovaalit<\/a><\/strong>. Du kan ocks\u00e5 kontakta v\u00e5r valarbetare och fr\u00e5ga om allt m\u00f6jligt:<br \/>\n<em>Valarbetare Maria Valkeavuolle (maria.valkeavuolle (at) uniarts.fi, tfn 040 846 3357)<\/em><\/p>\n<p><a title=\"Kung\u00f6relse om val 2019\" href=\"https:\/\/taiyo.fi\/wp-content\/uploads\/2019\/09\/Kung\u00f6relse-om-val-2019.pdf\">Kung\u00f6relse om val<\/a><br \/>\n<a title=\"Lopullinen ehdokaslista 2019\" href=\"https:\/\/taiyo.fi\/wp-content\/uploads\/2019\/10\/Lopullinen-ehdokaslista-2019.pdf\">Slutliga kandidatlistan<\/a><br \/>\n<a title=\"Alustava ehdokaslista 2019 svenska\" href=\"https:\/\/taiyo.fi\/wp-content\/uploads\/2019\/10\/Alustava-ehdokaslista-2019-svenska.pdf\">Prelimin\u00e4r kandidatlista<\/a><br \/>\n<a title=\"Ehdokasilmoitus 2019\" href=\"https:\/\/taiyo.fi\/wp-content\/uploads\/2019\/09\/Ehdokasilmoitus-2019.pdf\">Kandidatanm\u00e4lan<\/a><br \/>\n<a title=\"Vaaliliittosopimus 2019\" href=\"https:\/\/taiyo.fi\/wp-content\/uploads\/2019\/09\/Vaaliliittosopimus-2019.pdf\">Avtal om valf\u00f6rbund<\/a><br \/>\n<a title=\"Vaalirengassopimus 2019\" href=\"https:\/\/taiyo.fi\/wp-content\/uploads\/2019\/09\/Vaalirengassopimus-2019.pdf\">Avtal om valring<\/a><\/p>\n<p><strong>Vi uppmanar alla studerande vid Konstuniversitetet som intresserar sig f\u00f6r gemensamma fr\u00e5gor att kandidera och att utnyttja sin r\u00f6st i delegationsvalet!<\/strong><\/p>","protected":false},"excerpt":{"rendered":"<p>Delegationsvalets slutliga resultat har nu bekr\u00e4ftats och finns h\u00e4r. Vi gratulerar alla nya delegationsmedlemmar! Ocks\u00e5 du kan p\u00e5verka fr\u00e5gor som \u00e4r viktiga [&hellip;]<\/p>\n","protected":false},"author":13,"featured_media":0,"parent":1342,"menu_order":0,"comment_status":"closed","ping_status":"closed","template":"","meta":{"_coblocks_attr":"","_coblocks_dimensions":"","_coblocks_responsive_height":"","_coblocks_accordion_ie_support":"","_crdt_document":"","advanced_seo_description":"","jetpack_seo_html_title":"","jetpack_seo_noindex":false,"footnotes":""},"class_list":["post-3310","page","type-page","status-publish","hentry"],"jetpack_sharing_enabled":true,"jetpack_shortlink":"https:\/\/wp.me\/P2w00X-Ro","jetpack_likes_enabled":true,"amp_enabled":true,"_links":{"self":[{"href":"https:\/\/taiyo.fi\/sv\/wp-json\/wp\/v2\/pages\/3310","targetHints":{"allow":["GET"]}}],"collection":[{"href":"https:\/\/taiyo.fi\/sv\/wp-json\/wp\/v2\/pages"}],"about":[{"href":"https:\/\/taiyo.fi\/sv\/wp-json\/wp\/v2\/types\/page"}],"author":[{"embeddable":true,"href":"https:\/\/taiyo.fi\/sv\/wp-json\/wp\/v2\/users\/13"}],"replies":[{"embeddable":true,"href":"https:\/\/taiyo.fi\/sv\/wp-json\/wp\/v2\/comments?post=3310"}],"version-history":[{"count":28,"href":"https:\/\/taiyo.fi\/sv\/wp-json\/wp\/v2\/pages\/3310\/revisions"}],"predecessor-version":[{"id":6843,"href":"https:\/\/taiyo.fi\/sv\/wp-json\/wp\/v2\/pages\/3310\/revisions\/6843"}],"up":[{"embeddable":true,"href":"https:\/\/taiyo.fi\/sv\/wp-json\/wp\/v2\/pages\/1342"}],"wp:attachment":[{"href":"https:\/\/taiyo.fi\/sv\/wp-json\/wp\/v2\/media?parent=3310"}],"curies":[{"name":"wp","href":"https:\/\/api.w.org\/{rel}","templated":true}]}}