{"id":329,"date":"2013-02-08T13:46:52","date_gmt":"2013-02-08T11:46:52","guid":{"rendered":"http:\/\/taiyo.fi\/?page_id=329"},"modified":"2025-05-05T13:53:45","modified_gmt":"2025-05-05T11:53:45","slug":"jasenmaksu","status":"publish","type":"page","link":"https:\/\/taiyo.fi\/sv\/jasenille\/jasenmaksu\/","title":{"rendered":"Information om medlemsavgiften"},"content":{"rendered":"<h3><a href=\"https:\/\/i0.wp.com\/taiyo.fi\/wp-content\/uploads\/2025\/02\/TaiYo_fuksipicnic_2024.jpg?ssl=1\"><img data-recalc-dims=\"1\" loading=\"lazy\" decoding=\"async\" data-attachment-id=\"14532\" data-permalink=\"https:\/\/taiyo.fi\/sv\/jasenille\/jasenmaksu\/taiyo_fuksipicnic_2024\/\" data-orig-file=\"https:\/\/i0.wp.com\/taiyo.fi\/wp-content\/uploads\/2025\/02\/TaiYo_fuksipicnic_2024.jpg?fit=4206%2C2387&amp;ssl=1\" data-orig-size=\"4206,2387\" data-comments-opened=\"0\" data-image-meta=\"{&quot;aperture&quot;:&quot;6.3&quot;,&quot;credit&quot;:&quot;&quot;,&quot;camera&quot;:&quot;DMC-GF6&quot;,&quot;caption&quot;:&quot;&quot;,&quot;created_timestamp&quot;:&quot;1724087128&quot;,&quot;copyright&quot;:&quot;&quot;,&quot;focal_length&quot;:&quot;16&quot;,&quot;iso&quot;:&quot;160&quot;,&quot;shutter_speed&quot;:&quot;0.003125&quot;,&quot;title&quot;:&quot;&quot;,&quot;orientation&quot;:&quot;0&quot;}\" data-image-title=\"TaiYo_fuksipicnic_2024\" data-image-description=\"&lt;p&gt;TaiYo:n fuksien picnic 2024&lt;\/p&gt;\" data-image-caption=\"\" data-large-file=\"https:\/\/i0.wp.com\/taiyo.fi\/wp-content\/uploads\/2025\/02\/TaiYo_fuksipicnic_2024.jpg?fit=700%2C397&amp;ssl=1\" class=\"alignnone size-large wp-image-14532\" src=\"https:\/\/i0.wp.com\/taiyo.fi\/wp-content\/uploads\/2025\/02\/TaiYo_fuksipicnic_2024.jpg?resize=700%2C397&#038;ssl=1\" alt=\"\" width=\"700\" height=\"397\" srcset=\"https:\/\/i0.wp.com\/taiyo.fi\/wp-content\/uploads\/2025\/02\/TaiYo_fuksipicnic_2024.jpg?resize=700%2C397&amp;ssl=1 700w, https:\/\/i0.wp.com\/taiyo.fi\/wp-content\/uploads\/2025\/02\/TaiYo_fuksipicnic_2024.jpg?resize=300%2C170&amp;ssl=1 300w, https:\/\/i0.wp.com\/taiyo.fi\/wp-content\/uploads\/2025\/02\/TaiYo_fuksipicnic_2024.jpg?resize=768%2C436&amp;ssl=1 768w, https:\/\/i0.wp.com\/taiyo.fi\/wp-content\/uploads\/2025\/02\/TaiYo_fuksipicnic_2024.jpg?resize=1536%2C872&amp;ssl=1 1536w, https:\/\/i0.wp.com\/taiyo.fi\/wp-content\/uploads\/2025\/02\/TaiYo_fuksipicnic_2024.jpg?resize=2048%2C1162&amp;ssl=1 2048w, https:\/\/i0.wp.com\/taiyo.fi\/wp-content\/uploads\/2025\/02\/TaiYo_fuksipicnic_2024.jpg?resize=18%2C10&amp;ssl=1 18w, https:\/\/i0.wp.com\/taiyo.fi\/wp-content\/uploads\/2025\/02\/TaiYo_fuksipicnic_2024.jpg?resize=1000%2C568&amp;ssl=1 1000w, https:\/\/i0.wp.com\/taiyo.fi\/wp-content\/uploads\/2025\/02\/TaiYo_fuksipicnic_2024.jpg?resize=230%2C131&amp;ssl=1 230w, https:\/\/i0.wp.com\/taiyo.fi\/wp-content\/uploads\/2025\/02\/TaiYo_fuksipicnic_2024.jpg?resize=350%2C199&amp;ssl=1 350w, https:\/\/i0.wp.com\/taiyo.fi\/wp-content\/uploads\/2025\/02\/TaiYo_fuksipicnic_2024.jpg?resize=480%2C272&amp;ssl=1 480w, https:\/\/i0.wp.com\/taiyo.fi\/wp-content\/uploads\/2025\/02\/TaiYo_fuksipicnic_2024.jpg?w=2340&amp;ssl=1 2340w, https:\/\/i0.wp.com\/taiyo.fi\/wp-content\/uploads\/2025\/02\/TaiYo_fuksipicnic_2024.jpg?w=3510&amp;ssl=1 3510w\" sizes=\"auto, (max-width: 700px) 100vw, 700px\" \/><\/a><\/h3>\n<h3><\/h3>\n<h3><strong>Vem \u00e4r studentk\u00e5r medlemmar och betalar medlemsavgift?\u00a0<\/strong><\/h3>\n<p><span data-contrast=\"none\">Varje studerande p\u00e5 grundniv\u00e5 ska betala TaiYo:s medlemsavgift i samband med n\u00e4rvaroanm\u00e4lan f\u00f6r kommande termin eller \u00e5r. Till exempel utbytesstuderande och forskarstuderande kan ocks\u00e5 ansluta sig som medlemmar.<\/span><\/p>\n<p>&nbsp;<\/p>\n<h3><\/h3>\n<h3><strong>Var kan man anm\u00e4la sig som n\u00e4rvarande studerande?\u00a0<\/strong><\/h3>\n<p><span data-contrast=\"none\">Konstuniversitetet ger n\u00e4rmare anvisningar om hur du anm\u00e4ler dig h\u00e4r:\u00a0\u00a0<a href=\"https:\/\/opiskelija.uniarts.fi\/ohjeet\/ilmoittautuminen-lukuvuodelle\/\"><span data-contrast=\"none\">https:\/\/opiskelija.uniarts.fi\/ohjeet\/ilmoittautuminen-lukuvuodelle\/<\/span><\/a><span data-ccp-props=\"{&quot;134233117&quot;:false,&quot;134233118&quot;:false,&quot;335557856&quot;:16777215,&quot;335559738&quot;:0,&quot;335559739&quot;:360}\">\u00a0<\/span><\/span><\/p>\n<p>Du kan anm\u00e4la dig som n\u00e4rvarande studerande<a href=\"https:\/\/oili.csc.fi\/\"> Oili<\/a> \u2013palvelussa, jossa samalla saat maksettua my\u00f6s TaiYon j\u00e4senmaksun. Ohjeet ja ilmottautumisen ajankohdat l\u00f6yd\u00e4t Taideyliopiston tarkemmista ilmottautumisohjeista. Jos ilmoittaudut muuna ajankohtana tai j\u00e4senmaksun maksaminen ei onnistu Oili palvelun kautta, lue TaiYon ohjeet j\u00e4senmaksun maksamiselle alempana t\u00e4lt\u00e4 sivulta.<\/p>\n<p>&nbsp;<\/p>\n<h3><span data-contrast=\"none\">Vad \u00e4r TaiYo, vad anv\u00e4nds medlemsavgiften till och vem beslutar om den?<\/span><span data-ccp-props=\"{&quot;134233117&quot;:false,&quot;134233118&quot;:false,&quot;335557856&quot;:16777215,&quot;335559738&quot;:0,&quot;335559739&quot;:360}\">\u00a0<\/span><\/h3>\n<p><span data-contrast=\"none\">Studentk\u00e5rens medlemsavgift \u00e4r inte universitetets terminsavgift, utan den anv\u00e4nds f\u00f6r att finansiera och eventuellt m\u00f6jligg\u00f6ra studentk\u00e5rens verksamhet. Studentk\u00e5ren \u00e4r ett sj\u00e4lvst\u00e4ndigt offentligr\u00e4ttsligt organ och studentk\u00e5rens verksamhet, till exempel storleken p\u00e5 medlemsavgiften, beslutas av ett delegation som studerandena v\u00e4ljer. Studentk\u00e5rens uppgift \u00e4r att f\u00f6ra studenternas r\u00f6st h\u00f6rd i universitetets beslutsfattande, att bygga upp en gemenskap \u00f6ver akademigr\u00e4nserna och att f\u00f6ra konststuderandenas och konstens talan i v\u00e5rt samh\u00e4lle. KonSt p\u00e5verkar till exempel studentrabatterna i huvudstadsregionen i samarbete med studentk\u00e5ren, ansvarar f\u00f6r att v\u00e4lja studentrepresentanter till universitetets f\u00f6rvaltningsorgan och st\u00f6der studenternas egna f\u00f6reningar och konstn\u00e4rliga verksamhet.<\/span><span data-ccp-props=\"{&quot;134233117&quot;:false,&quot;134233118&quot;:false,&quot;335557856&quot;:16777215,&quot;335559738&quot;:0,&quot;335559739&quot;:360}\">\u00a0<\/span><\/p>\n<p><span data-contrast=\"none\">Mera information om studentk\u00e5rens verksamhet hittas p\u00e5 denna websidor. Du hittar oss ocks\u00e5 p\u00e5 Instagram och Facebook (@taiyoartsu).<\/span><span data-ccp-props=\"{&quot;134233117&quot;:false,&quot;134233118&quot;:false,&quot;335557856&quot;:16777215,&quot;335559738&quot;:0,&quot;335559739&quot;:360}\">\u00a0<\/span><\/p>\n<p>&nbsp;<\/p>\n<h3>Hur mycket \u00e4r medlemsavgift?<\/h3>\n<p><span style=\"text-decoration: underline;\">L\u00e4s\u00e5ret 2025\u20132026 \u00e4r medlemsavgiften i TaiYo f\u00f6ljande:<\/span><\/p>\n<ul>\n<li>Studerande p\u00e5 grundexamensniv\u00e5, medlemsavgift f\u00f6r hela l\u00e4s\u00e5ret 85,00 \u20ac<\/li>\n<li>Studerande p\u00e5 grundexamensniv\u00e5, medlemsavgift f\u00f6r v\u00e5rterminen 42,50\u20ac<\/li>\n<li>Doktorand, medlemsavgift f\u00f6r hela l\u00e4s\u00e5ret 42,00 \u20ac (valfri)<\/li>\n<li>Doktorand, medlemsavgift f\u00f6r h\u00f6st- eller v\u00e5rterminen 21,00 \u20ac (valfri)<\/li>\n<\/ul>\n<h3><strong>Hur betalas TaiYos medlemsavgift?\u00a0\u00a0<\/strong><\/h3>\n<p><span data-contrast=\"none\">Helpoiten maksu tulee suoritettua lukuvuosi-ilmoittautumisen yhteydess\u00e4 <a href=\"https:\/\/oili.csc.fi\/\">via Oili<\/a>. Oilissa maksu onnistuu kaikkien kotimaisten pankkien verkkopankkitunnuksilla sek\u00e4 luottokortilla.<\/span><\/p>\n<p>Mik\u00e4li maksaminen ja ilmoittautuminen Oilissa ei onnistu, maksat j\u00e4senmaksun TaiYolle ja l\u00e4het\u00e4t t\u00e4st\u00e4 maksutositteen <a href=\"https:\/\/opiskelija.uniarts.fi\/yksikot\/opintopalvelut\/#:~:text=Opintopalvelut\">akatemiasi opintopalveluihin<\/a>. TaiYo:n j\u00e4senmaksun voi maksaa pankkisiirtona alla olevalle tilille. Kirjoita maksun viestikentt\u00e4\u00e4n opiskelijan nimi, jos opiskelija ei itse ole j\u00e4senmaksun maksaja. Tarvittaessa maksu onnistuu my\u00f6s k\u00e4teisell\u00e4 tai kortilla TaiYo:n toimistossa sen aukioloaikoina (<a href=\"http:\/\/taiyo.fi\/sv\/ylioppilaskunta\/yhteystiedot\/\">kontaktuppgifter<\/a>).<\/p>\n<p><strong>Mottagare:<\/strong> Konstuniversitetets studentk\u00e5r<br \/>\n<strong>Kontonummer (IBAN):<\/strong> FI77 5780 3820 1287 90<br \/>\n<strong>Referensnummer:<\/strong> 20132<br \/>\n<strong>BIC\/SWIFT <\/strong>(n\u00e4r man betalar utomlands)<strong>:<\/strong>\u00a0OKOYFIHH<br \/>\n<strong>Bankens adress <\/strong>(n\u00e4r man betalar utomlands)<strong>:<\/strong> OP Financial Group, PO Box 308, 00101 Helsinki, Finland<\/p>\n<p>Jos olet kokonaan unohtanut ilmoittautua ilmoittautumisaikana joudut t\u00e4ll\u00f6in ilmoittautuessasi maksamaan uudelleenkirjoittautumismaksun (50e): huomaa ett\u00e4 t\u00e4m\u00e4 maksu maksetaan Taideyliopistolle. Ohjeet esimerkiksi opiskeluoikeuden palauttamisen hakemiseen ja uudelleenkirjoittautumismaksun maksamiseen l\u00f6yd\u00e4t: <a href=\"https:\/\/opiskelija.uniarts.fi\/ohjeet\/lukuvuosi-ilmoittautuminen\/#:~:text=Lukuvuosi-ilmoittautuminen\">Taideyliopiston nettisivuilta.\u00a0<\/a><\/p>\n<p>&nbsp;<\/p>\n<h3><strong>Hur betalas h\u00e4lsov\u00e5rdsavgift?<\/strong><\/h3>\n<p><span data-contrast=\"none\">YTHS on Ylioppilaiden terveydenhoidons\u00e4\u00e4ti\u00f6 ja opiskelijana olet oikeutettu YTHS:n terveyspalveluihin. YTHS:n terveydenhoitomaksu on korkeakouluopiskelijoille pakollinen ja se on maksettava erikseen puolivuosittain Kelan kautta. Kela ei l\u00e4hetet\u00e4 t\u00e4st\u00e4 erikseen laskua, vaan maksu pit\u00e4\u00e4 maksaa oma-aloitteisesti! Lis\u00e4tietoja YTHS:lt\u00e4: <\/span><a href=\"https:\/\/www.kela.fi\/web\/sv\/sa-har-betalar-du-halsovardsavgiften-for-hogskolestuderande\"><span data-contrast=\"none\">S\u00e5 h\u00e4r betalar du h\u00e4lsov\u00e5rdsavgiften f\u00f6r h\u00f6gskolestuderande.<\/span><\/a><\/p>\n<p>&nbsp;<\/p>\n<h3><span data-contrast=\"none\">Kan en doktorand eller utbytesstuderande bli medlem?<\/span><\/h3>\n<p><span data-contrast=\"none\">Kyll\u00e4 voivat! Tohtoritutkintoaan suorittavat opiskelijat eli v\u00e4it\u00f6stutkijat voivat halutessaan liitty\u00e4 j\u00e4seneksi, samoin kuin v\u00e4hint\u00e4\u00e4n kolme kuukautta Taideyliopistossa opiskelevat vaihto-opiskelijat sek\u00e4 tietyin edellytyksin t\u00e4ydent\u00e4vi\u00e4 opintoja suorittavat opiskelijat. J\u00e4senill\u00e4 on oikeus voimassa olevaan opiskelijakorttiin, jota kautta saa k\u00e4ytt\u00f6\u00f6ns\u00e4 esimerkiksi monia opiskelija-alennuksia p\u00e4\u00e4kaupunkiseudulla ja Suomessa. TaiYo tukee j\u00e4seni\u00e4\u00e4n my\u00f6s edunvalvontaan liittyviss\u00e4 asioissa sek\u00e4 j\u00e4senet voivat esimerkiksi varata Vapaan taiteen tilaa omiin taideprojekteihin. <\/span><\/p>\n<p>T\u00e4\u00e4lt\u00e4 l\u00f6yd\u00e4t tarkempaa tietoa siit\u00e4, ketk\u00e4 kaikki voivat liitty\u00e4 TaiYon j\u00e4seniksi: <a class=\"Hyperlink SCXW29793237 BCX0\" href=\"https:\/\/taiyo.fi\/wp-content\/uploads\/2018\/11\/Toistaisp%C3%A4%C3%A4t%C3%B6s-2018-j%C3%A4senyysperusteista.pdf\" target=\"_blank\" rel=\"noreferrer noopener\"><span class=\"TextRun Underlined SCXW29793237 BCX0\" lang=\"FI-FI\" xml:lang=\"FI-FI\" data-contrast=\"none\"><span class=\"NormalTextRun SCXW29793237 BCX0\" data-ccp-charstyle=\"Hyperlink\">Linkki.<\/span><\/span><\/a><\/p>\n<p>&nbsp;<\/p>\n<h3><span data-contrast=\"none\">Miten haen ylioppilaskunnan j\u00e4senmaksun palautusta?\u00a0<\/span><\/h3>\n<p><strong>J\u00e4senmaksun palautuslomake, liit\u00e4 mukaan maksutosite:<br \/>\n<\/strong><span data-contrast=\"none\"><a href=\"https:\/\/link.webropolsurveys.com\/S\/F43446071E0402B4\" rel=\"nofollow\">https:\/\/link.webropolsurveys.com\/S\/F43446071E0402B4<\/a><\/span><\/p>\n<p>J\u00e4senmaksun palautusta voi hakea, jos olet jo aiemmin ilmoittautunut l\u00e4sn\u00e4olevaksi lukukaudelle, mutta opiskelijatilanteesi on muuttunut ja olet ilmoittautunut poissaolevaksi, luopunut tutkinnonsuoritusoikeudestasi tai esimerkiksi valmistunut.\u00a0 J\u00e4senmaksun palautusta kyseiselle lukukaudelle voi hakea<strong> syksylle viimeist\u00e4\u00e4n 30.9.<\/strong> och <strong>kev\u00e4\u00e4lle viimeist\u00e4\u00e4n 31.1.<\/strong> Hakemuksia ei k\u00e4sitell\u00e4 hakuaikojen umpeuduttua ja opiskelijastatuksesi muutos tulee n\u00e4ky\u00e4 tuolloin jo yliopiston Peppi-j\u00e4rjestelm\u00e4ss\u00e4.<\/p>\n<p>L\u00e4het\u00e4 ennen lukukauden hakuajan p\u00e4\u00e4ttymist\u00e4 t\u00e4ytt\u00e4m\u00e4si <strong>j\u00e4senmaksupalautuslomake, <\/strong>johon on liitetty mukaan <strong>maksutosite<\/strong> maksetusta j\u00e4senmaksusta.\u00a0Kysymyksiss\u00e4 hakemukseen liittyen voit olla yhteydess\u00e4: taiyo-toimisto@uniarts.fi.<\/p>","protected":false},"excerpt":{"rendered":"<p>Ketk\u00e4 ovat ylioppilaskunnan j\u00e4seni\u00e4 ja maksavat j\u00e4senmaksun?\u00a0 Taideyliopiston ylioppilaskuntaan (TaiYo) kuuluvat automaattisesti kaikki kandidaatin tai maisterin tutkintoa Taideyliopistossa suorittavat perustutkinto-opiskelijat. Jokaisen perustutkinto-opiskelijan [&hellip;]<\/p>\n","protected":false},"author":13,"featured_media":14532,"parent":299,"menu_order":11,"comment_status":"open","ping_status":"closed","template":"","meta":{"_coblocks_attr":"","_coblocks_dimensions":"","_coblocks_responsive_height":"","_coblocks_accordion_ie_support":"","_crdt_document":"","advanced_seo_description":"","jetpack_seo_html_title":"","jetpack_seo_noindex":false,"footnotes":""},"class_list":["post-329","page","type-page","status-publish","has-post-thumbnail","hentry"],"jetpack_sharing_enabled":true,"jetpack_shortlink":"https:\/\/wp.me\/P2w00X-5j","jetpack_likes_enabled":true,"amp_enabled":true,"_links":{"self":[{"href":"https:\/\/taiyo.fi\/sv\/wp-json\/wp\/v2\/pages\/329","targetHints":{"allow":["GET"]}}],"collection":[{"href":"https:\/\/taiyo.fi\/sv\/wp-json\/wp\/v2\/pages"}],"about":[{"href":"https:\/\/taiyo.fi\/sv\/wp-json\/wp\/v2\/types\/page"}],"author":[{"embeddable":true,"href":"https:\/\/taiyo.fi\/sv\/wp-json\/wp\/v2\/users\/13"}],"replies":[{"embeddable":true,"href":"https:\/\/taiyo.fi\/sv\/wp-json\/wp\/v2\/comments?post=329"}],"version-history":[{"count":100,"href":"https:\/\/taiyo.fi\/sv\/wp-json\/wp\/v2\/pages\/329\/revisions"}],"predecessor-version":[{"id":14859,"href":"https:\/\/taiyo.fi\/sv\/wp-json\/wp\/v2\/pages\/329\/revisions\/14859"}],"up":[{"embeddable":true,"href":"https:\/\/taiyo.fi\/sv\/wp-json\/wp\/v2\/pages\/299"}],"wp:featuredmedia":[{"embeddable":true,"href":"https:\/\/taiyo.fi\/sv\/wp-json\/wp\/v2\/media\/14532"}],"wp:attachment":[{"href":"https:\/\/taiyo.fi\/sv\/wp-json\/wp\/v2\/media?parent=329"}],"curies":[{"name":"wp","href":"https:\/\/api.w.org\/{rel}","templated":true}]}}