{"id":327,"date":"2013-02-08T13:43:20","date_gmt":"2013-02-08T11:43:20","guid":{"rendered":"http:\/\/taiyo.fi\/?page_id=327"},"modified":"2021-10-08T12:59:17","modified_gmt":"2021-10-08T10:59:17","slug":"historia","status":"publish","type":"page","link":"https:\/\/taiyo.fi\/sv\/ylioppilaskunta\/historia\/","title":{"rendered":"Akateemisen kaunotaiteen palkinto"},"content":{"rendered":"<p>Taideyliopiston ylioppilaskunta my\u00f6nt\u00e4\u00e4 vuosittain Akateemisen kaunotaiteen palkinnon nuorelle taiteilijalle, taiteilijaryhm\u00e4lle tai teokselle, joka laajentaa alansa ilmaisua ja\/tai tuo siihen jotakin uutta. Palkinto on rahalliselta suuruudeltaan Helsingiss\u00e4 4 hengen ruokakunnassa asuvan korkeakouluopiskelijan yhden kuukauden opintorahan ja asumistuen suuruinen ja muuttuu opintotuen kehityksen mukaisesti. Palkinto jaettiin ensimm\u00e4ist\u00e4 kertaa huhtikuussa 2014 TaiYo:n 1-vuotisp\u00e4iv\u00e4n juhlallisuuksissa ja se jaetaan vuosittain ylioppilaskunnan vuosip\u00e4iv\u00e4n yhteydess\u00e4.<\/p>\n<p>Akateemisen kaunotaiteen palkinnon tarkoituksena on edist\u00e4\u00e4 taiteen vapauteen ja kehitykseen liittyvi\u00e4 taiteellisia ja yhteiskunnallisia pyrkimyksi\u00e4. Palkinnon my\u00f6t\u00e4 Taideyliopiston ylioppilaskunta nostaa esiin nuorten taiteilijoiden n\u00e4k\u00f6kulmia sek\u00e4 lis\u00e4\u00e4 ennakkoluulottoman ja tulossa olevan taiteen arvostusta ja n\u00e4kyvyytt\u00e4. Palkinnon tavoitteena on erityisesti uudistaa ajatusta hyv\u00e4st\u00e4 taiteesta ja vallata akateemisen, korkean ja kaunotaiteen k\u00e4sitteet uuden, vasta tuloillaan olevan taiteen k\u00e4ytt\u00f6\u00f6n.<\/p>\n<p class=\"translation-block\">2014 Sorbus-galleria<br>2015 Blaue Frau -teatteriryhm\u00e4<br>2016 Transforces-ryhm\u00e4<br>2017 Rap-artisti Tero Hetero&nbsp;<br>2018 Kulttuuritila Asematila<br>2019 S\u00e4velt\u00e4j\u00e4-\u00e4\u00e4nitaiteilija Tytti Arola<br>2020 Ballroom-ryhm\u00e4 The Gorgeous House of Gucci Finland<\/p>\n\n\n<p class=\"wp-block-paragraph\"><\/p>","protected":false},"excerpt":{"rendered":"<p>Taideyliopiston ylioppilaskunta my\u00f6nt\u00e4\u00e4 vuosittain Akateemisen kaunotaiteen palkinnon nuorelle taiteilijalle, taiteilijaryhm\u00e4lle tai teokselle, joka laajentaa alansa ilmaisua ja\/tai tuo siihen jotakin uutta. Palkinto [&hellip;]<\/p>\n","protected":false},"author":13,"featured_media":0,"parent":296,"menu_order":100,"comment_status":"open","ping_status":"open","template":"","meta":{"_coblocks_attr":"","_coblocks_dimensions":"","_coblocks_responsive_height":"","_coblocks_accordion_ie_support":"","_crdt_document":"","advanced_seo_description":"","jetpack_seo_html_title":"","jetpack_seo_noindex":false,"footnotes":""},"class_list":["post-327","page","type-page","status-publish","hentry"],"jetpack_sharing_enabled":true,"jetpack_shortlink":"https:\/\/wp.me\/P2w00X-5h","jetpack_likes_enabled":true,"amp_enabled":true,"_links":{"self":[{"href":"https:\/\/taiyo.fi\/sv\/wp-json\/wp\/v2\/pages\/327","targetHints":{"allow":["GET"]}}],"collection":[{"href":"https:\/\/taiyo.fi\/sv\/wp-json\/wp\/v2\/pages"}],"about":[{"href":"https:\/\/taiyo.fi\/sv\/wp-json\/wp\/v2\/types\/page"}],"author":[{"embeddable":true,"href":"https:\/\/taiyo.fi\/sv\/wp-json\/wp\/v2\/users\/13"}],"replies":[{"embeddable":true,"href":"https:\/\/taiyo.fi\/sv\/wp-json\/wp\/v2\/comments?post=327"}],"version-history":[{"count":5,"href":"https:\/\/taiyo.fi\/sv\/wp-json\/wp\/v2\/pages\/327\/revisions"}],"predecessor-version":[{"id":10396,"href":"https:\/\/taiyo.fi\/sv\/wp-json\/wp\/v2\/pages\/327\/revisions\/10396"}],"up":[{"embeddable":true,"href":"https:\/\/taiyo.fi\/sv\/wp-json\/wp\/v2\/pages\/296"}],"wp:attachment":[{"href":"https:\/\/taiyo.fi\/sv\/wp-json\/wp\/v2\/media?parent=327"}],"curies":[{"name":"wp","href":"https:\/\/api.w.org\/{rel}","templated":true}]}}