{"id":318,"date":"2013-02-08T13:32:49","date_gmt":"2013-02-08T11:32:49","guid":{"rendered":"http:\/\/taiyo.fi\/?page_id=318"},"modified":"2026-03-04T13:54:32","modified_gmt":"2026-03-04T11:54:32","slug":"tyontekijat","status":"publish","type":"page","link":"https:\/\/taiyo.fi\/sv\/ylioppilaskunta\/tyontekijat\/","title":{"rendered":"Anst\u00e4llda"},"content":{"rendered":"<p>Ylioppilaskunnan toimisto sijaitsee Taideyliopiston Sibelius-Akatemian Nervanderinkadun toimipisteen eli N-talon nelj\u00e4nness\u00e4 kerroksessa. Siell\u00e4 ty\u00f6skentelev\u00e4t p\u00e4\u00e4sihteeri Jane K\u00e4rn\u00e4, viestint\u00e4asiantuntija-tuottaja Ester Sundstr\u00f6m sek\u00e4 toimistosihteeri Aino Lyra. P\u00e4\u00e4sihteeri toimii edustajiston ja hallituksen tukena sek\u00e4 huolehtii mm. ylioppilaskunnan hallinnosta ja taloudesta. Viestint\u00e4asiantuntija vastaa ylioppilaskunnan viestinn\u00e4n suunnittelemisesta ja toteuttamisesta. Toimistosihteerin teht\u00e4viin kuuluvat asiakaspalvelu ja erilaiset toimistoty\u00f6t.\u00a0<\/p>\r\n<p>Lis\u00e4ksi ylioppilaskunnan palveluksessa ty\u00f6skentelee vakituisesti Vapaan taiteen tilan koordinaattori, joka py\u00f6ritt\u00e4\u00e4 ylioppilaskunnan hallinnoiman Vapaan taiteen tilan k\u00e4yt\u00e4nn\u00f6n toimintaa. Vakituisten ty\u00f6ntekij\u00f6iden lis\u00e4ksi ylioppilaskunnan palveluksessa toimii vaihteleva m\u00e4\u00e4r\u00e4 projektity\u00f6ntekij\u00f6it\u00e4, kuten vuosittain valittava Taideyliopiston tuutoritoimintaa koordinoiva tuutorikoordinaattori.<\/p>\r\n<p>Kansliets \u00f6ppettider och mer detaljerad kontaktinformation finns p\u00e5 sidan <a href=\"http:\/\/taiyo.fi\/sv\/ylioppilaskunta\/yhteystiedot\/\">Kontakt<\/a> -sivulta.<strong><br \/><\/strong><\/p>\r\n<p><strong>Generalsekreterare<\/strong><br \/>Jane K\u00e4rn\u00e4, taiyo-paasihteeri (\u00e4t) uniarts.fi<br \/>tfn 040 710 4296<\/p>\r\n<p><strong>Viestint\u00e4asiantuntija-tuottaja<\/strong><br \/>Ester Sundstr\u00f6m,\u00a0 ester.sundstrom(\u00e4t) uniarts.fi<\/p>\r\n<p><strong>Kanslisekreterare<br \/><\/strong>Aino Lyra, taiyo-toimisto (\u00e4t) uniarts.fi<br \/>tfn 040 710 4298 (under kansliets \u00f6ppettider)<\/p>\r\n<p><strong>Koordinatorn f\u00f6r Rummet f\u00f6r fri konst<br \/><\/strong>Karoliina Korvuo, info (\u00e4t) vapaantaiteentila.fi<\/p>\r\n<p><strong>Tutorkoordinator<br \/><\/strong>Emilia Hellsten, emilia.hellsten (\u00e4t) uniarts.fi<\/p>\r\n<p>&nbsp;<\/p>\r\n\r\n<p class=\"wp-block-paragraph\">&nbsp;<\/p>","protected":false},"excerpt":{"rendered":"<p>Ylioppilaskunnan toimisto sijaitsee Taideyliopiston Sibelius-Akatemian Nervanderinkadun toimipisteen eli N-talon nelj\u00e4nness\u00e4 kerroksessa. Siell\u00e4 ty\u00f6skentelev\u00e4t p\u00e4\u00e4sihteeri Jane K\u00e4rn\u00e4, viestint\u00e4asiantuntija-tuottaja Ester Sundstr\u00f6m sek\u00e4 toimistosihteeri Aino [&hellip;]<\/p>\n","protected":false},"author":13,"featured_media":0,"parent":296,"menu_order":50,"comment_status":"open","ping_status":"open","template":"","meta":{"_coblocks_attr":"","_coblocks_dimensions":"","_coblocks_responsive_height":"","_coblocks_accordion_ie_support":"","_crdt_document":"","advanced_seo_description":"","jetpack_seo_html_title":"","jetpack_seo_noindex":false,"footnotes":""},"class_list":["post-318","page","type-page","status-publish","hentry"],"jetpack_sharing_enabled":true,"jetpack_shortlink":"https:\/\/wp.me\/P2w00X-58","jetpack_likes_enabled":true,"amp_enabled":true,"_links":{"self":[{"href":"https:\/\/taiyo.fi\/sv\/wp-json\/wp\/v2\/pages\/318","targetHints":{"allow":["GET"]}}],"collection":[{"href":"https:\/\/taiyo.fi\/sv\/wp-json\/wp\/v2\/pages"}],"about":[{"href":"https:\/\/taiyo.fi\/sv\/wp-json\/wp\/v2\/types\/page"}],"author":[{"embeddable":true,"href":"https:\/\/taiyo.fi\/sv\/wp-json\/wp\/v2\/users\/13"}],"replies":[{"embeddable":true,"href":"https:\/\/taiyo.fi\/sv\/wp-json\/wp\/v2\/comments?post=318"}],"version-history":[{"count":39,"href":"https:\/\/taiyo.fi\/sv\/wp-json\/wp\/v2\/pages\/318\/revisions"}],"predecessor-version":[{"id":16109,"href":"https:\/\/taiyo.fi\/sv\/wp-json\/wp\/v2\/pages\/318\/revisions\/16109"}],"up":[{"embeddable":true,"href":"https:\/\/taiyo.fi\/sv\/wp-json\/wp\/v2\/pages\/296"}],"wp:attachment":[{"href":"https:\/\/taiyo.fi\/sv\/wp-json\/wp\/v2\/media?parent=318"}],"curies":[{"name":"wp","href":"https:\/\/api.w.org\/{rel}","templated":true}]}}