{"id":316,"date":"2013-02-08T13:28:51","date_gmt":"2013-02-08T11:28:51","guid":{"rendered":"http:\/\/taiyo.fi\/?page_id=316"},"modified":"2026-03-09T19:51:22","modified_gmt":"2026-03-09T17:51:22","slug":"sektorit-ja-jaostot","status":"publish","type":"page","link":"https:\/\/taiyo.fi\/sv\/ylioppilaskunta\/sektorit-ja-jaostot\/","title":{"rendered":"Akademisektioner och \u00e4mnesf\u00f6reningar"},"content":{"rendered":"<h2>Akademisektioner<\/h2>\n<p>Inom studentk\u00e5ren verkar tre akademisektioner: Sektionen f\u00f6r Bildkonstakademin, sektionen f\u00f6r Sibelius-Akademin och sektionen f\u00f6r Teaterh\u00f6gskolan. Sektionerna fungerar som f\u00f6renande l\u00e4nk mellan studenterna vid respektive akademi, ordnar evenemang och uppr\u00e4tth\u00e5ller studenttraditionerna p\u00e5 akademierna. I m\u00e5n av m\u00f6jlighet deltar de ocks\u00e5 i intressebevakningen i fr\u00e5gor som r\u00f6r det egna \u00e4mnesomr\u00e5det och studenterna p\u00e5 akademin.<\/p>\n<p>Mera information om sektionerna f\u00e5r du av sektionernas ordf\u00f6rande:<\/p>\n<p><strong>Sektionen f\u00f6r Bildkonstakademin:<\/strong>:<\/p>\n<p>Intresserad av Kuvasektiones verksamhet? Kontakta sektionens anvariga:<\/p>\n<p>Saga Suni (saga.suni@uniarts.fi)<\/p>\n<p>&nbsp;<\/p>\n<p><strong>SibA-jaosto \u2013 SibA United<\/strong><\/p>\n<p>SibA United on Sibelius-Akatemian opiskelijoiden ainej\u00e4rjest\u00f6jen ja opiskelijaedustajien liitto, joka keskittyy yhteisten tapahtumien luomiseen ja kehitt\u00e4miseen SibAn kampuksilla. Toimimme TaiYon rohkaisemana jaoston asemassa! Kutsumme kaikkin opiskelijat matalalla kynnyksell\u00e4 mukaan tomintaamme, avoimiin kokouksiin ja varsinaisee tapahtumatuotantoon.<\/p>\n<p>S\u00e4hk\u00f6posti: siba.jaosto@uniarts.fi<br \/>\nInstagram: @siba.united<\/p>\n<p>Puheenjohtaja: Maissi Uusitalo maissi.uusitalo@uniarts.fi<br \/>\nVarapuheenjohtaja: Ville Halkosalmi ville.halkosalmi@uniarts.fi<\/p>\n<p>&nbsp;<\/p>\n<p><strong>Sektionen f\u00f6r Teaterh\u00f6gskolan:<\/strong><\/p>\n<p>Vill du vara med i Teak sektionen? Kontakta ordf\u00f6randena!<\/p>\n<p>Maija Antikainen, teak.jaosto-pj (at) uniarts.fi<\/p>\n<p>&nbsp;<\/p>\n<div data-olk-copy-source=\"MessageBody\"><strong>UADoRe<br \/>\n<\/strong><br \/>\nTaideyliopiston v\u00e4it\u00f6stutkijat &#8211; Uniarts Doctoral Researchers<\/div>\n<div data-olk-copy-source=\"MessageBody\"><\/div>\n<div data-olk-copy-source=\"MessageBody\">Uniarts Doktorandsektionen.\u00a0<\/div>\n<div>V\u00e4nligen kontakta: uniarts.dore@uniarts.fi<\/div>\n<div><\/div>\n<h2>\u00c4mnesf\u00f6reningar<\/h2>\n<p>\u00c4mnesf\u00f6reningarna \u00e4r studentf\u00f6reningar f\u00f6r alla som studerar samma \u00e4mne eller \u00e4mnesomr\u00e5de, och de driver studenternas intressen och ordnar verksamhet. F\u00f6rutom studentk\u00e5ren kan du uppleva en traditionell studentkultur genom \u00e4mnesf\u00f6reningar, och samtidigt kan du p\u00e5verka angel\u00e4genheterna i ditt eget studieomr\u00e5de och institution.<\/p>\n<p>Taideyliopistossa ainej\u00e4rjest\u00f6j\u00e4 toimii t\u00e4ll\u00e4 hetkell\u00e4 l\u00e4hinn\u00e4 Sibelius-Akatemiassa, jonka ainej\u00e4rjest\u00f6t on esitelty alla. Lis\u00e4ksi Teatterikorkeakoulussa toimii valo- ja \u00e4\u00e4nisuunnittelun opiskelijoiden yhdistys V\u00c4Sy.<\/p>\n<h3>Kamus<\/h3>\n<p>\u00c4mnesf\u00f6reningen har som m\u00e5l att bevaka folkmusikstuderandes intresse och vara en l\u00e4nk mellan personalen och studerande. \u00c4mnesf\u00f6reningen fr\u00e4mjar studerandes v\u00e4lbefinnande under studietiden genom att ordna jamsessioner, fester och annan rekreationsverksamhet samt deltar i konstn\u00e4rlig diskussion vid akademin. \u00c4mnesf\u00f6reningen deltar i l\u00e4rarnas veckom\u00f6te och rapporterar om de \u00e4mnen som behandlas.<\/p>\n<p>Puheenjohtajana toimii vuonna 2025 Kerttu Luotamo (kerttu.luotamo (at) uniarts.fi)<\/p>\n<h3>Kimu rf<\/h3>\n<p>Kimu ry toimii Sibelius-Akatemian kirkkomusiikin ja urkujen aineryhm\u00e4n opiskelijoiden etuj\u00e4rjest\u00f6n\u00e4 ja edist\u00e4\u00e4 j\u00e4sentens\u00e4 v\u00e4list\u00e4 yhteistoimintaa. Kimu ry:n varsinaisiksi j\u00e4seniksi voivat liitty\u00e4 Sibelius-Akatemian Helsingin kirkkomusiikin ja urkujen aineryhm\u00e4n tutkinto-opiskelijat ja kannatusj\u00e4seniksi kaikki halukkaat.<\/p>\n<p>F\u00f6reningen ordnar rekreationsverksamhet som skapar samh\u00f6righet bland studerande inom \u00e4mnesgruppen f\u00f6r kyrkomusik och organ och fr\u00e4mjar samarbetet mellan olika \u00e4mnesgrupper och -f\u00f6reningar. Kimu ry sk\u00f6ter om studerandes intressebevakning inom \u00e4mnesgruppen och f\u00f6r en aktiv dialog med l\u00e4rare och studerande.<\/p>\n<p>Yhdistyksen teht\u00e4vi\u00e4 hoitaa eri vuosikurssien opiskelijoista koostuva hallitus, joka valitaan vuosikokouksessa syyslukukaudella. Tapahtumista tiedotetaan joko N-talon kellarikerroksen \u201dKimun mutkan\u201d ilmoitustaulun tai s\u00e4hk\u00f6postilistan kautta. Vuonna 2025 Kimu ry:n puheenjohtajana toimii Susanna Rantakyl\u00e4 (susanna.rantakyla (at) uniarts.fi).<\/p>\n<h3>Kukko ry<\/h3>\n<p>Kukko rf fr\u00e4mjar och bevakar studerandes v\u00e4lm\u00e5ende. Syftet med \u00e4mnesf\u00f6reningen \u00e4r att fungera som en l\u00e4nk mellan de studerande och personalen och att f\u00f6ra ett t\u00e4tt samarbete med avdelningen. Kukko rf arbetar f\u00f6r en funktionell och trivsam studiemilj\u00f6.<\/p>\n<p>Ut\u00f6ver intressebevakning organiserar Kukko rf rekreationsevenemang f\u00f6r sina studerande. Vi skapar en positiv livsinst\u00e4llning hos studerande och erbjuder aktiviteter som fr\u00e4mjar v\u00e4lm\u00e5ende. Kukko rf organiserar ocks\u00e5 sina egna konserter och fester!<\/p>\n<p>Vuonna 2025 Kukko ry:t\u00e4 johtaa Martin Iivarinen.<br \/>\nS\u00e4hk\u00f6postiosoite: rykukko@gmail.com<\/p>\n<h3>Kumulaatio ry<\/h3>\n<div class=\"x_elementToProof\" data-olk-copy-source=\"MessageBody\">Taideyliopiston Sein\u00e4joen yksik\u00f6ss\u00e4 k\u00e4ynnistyi vuonna 2022 kulttuurisen musiikintutkimuksen koulutusohjelma, jonka opiskelijoiden ainej\u00e4rjest\u00f6n\u00e4 toimii Kumulaatio, eli Kulttuurisen musiikintutkimuksen opiskelijat ry.<\/div>\n<div><\/div>\n<div class=\"x_elementToProof\">Kumulaatio edist\u00e4\u00e4 j\u00e4sentens\u00e4 etuja ja yhteis\u00f6n rakentumista j\u00e4rjest\u00e4m\u00e4ll\u00e4 tapahtumia, keskustelemalla koulutusohjelman opettajien kanssa sek\u00e4 osallistumalla Taideyliopiston opiskelijakulttuurin muodostamiseen yhteisty\u00f6ss\u00e4 muiden ainej\u00e4rjest\u00f6jen kanssa.<\/div>\n<div class=\"x_elementToProof\">Kumulaation varsinaisiksi j\u00e4seniksi voivat liitty\u00e4 kaikki Sibelius-Akatemian opiskelijat ja vaihto-opiskelijat. Toiminnastaan Kumulaatio tiedottaa j\u00e4seni\u00e4\u00e4n s\u00e4hk\u00f6postin ja WhatsAppin v\u00e4lityksell\u00e4 sek\u00e4 sosiaalisessa mediassa (@kumulaatiory).<\/div>\n<div><\/div>\n<div class=\"x_elementToProof\">Kumulaation toimintaa py\u00f6ritt\u00e4\u00e4 hallitus, jonka puheenjohtajana toimii Suvi Vendelin.<\/div>\n<div class=\"x_elementToProof\">Kumulaation s\u00e4hk\u00f6posti: kumulaatio.ry@gmail.com<\/div>\n<h3>Maine rf<\/h3>\n<div>\n<div dir=\"auto\"><span data-olk-copy-source=\"MessageBody\">Maine ry on vuonna 2005 perustettu Sibelius-Akatemian musiikkikasvattajien opiskelijoiden ainej\u00e4rjest\u00f6, jonka perusj\u00e4seniksi voivat liitty\u00e4 kaikki Sibelius-Akatemiassa musiikkikasvatuksen aineryhm\u00e4ss\u00e4 tutkintoa suorittavat opiskelijat. My\u00f6s vaihto-opiskelijat ovat tervetulleita liittym\u00e4\u00e4n ainej\u00e4rjest\u00f6\u00f6n.<\/span><\/div>\n<div dir=\"auto\">\n<div>\n<p dir=\"auto\">Maine ry:n teht\u00e4v\u00e4n\u00e4 on huolehtia j\u00e4sentens\u00e4 opiskeluaikaisesta hyvinvoinnista j\u00e4rjest\u00e4m\u00e4ll\u00e4 tapahtumia ja muuta virkistystoimintaa sek\u00e4 toimia musiikkikasvatuksen opiskelijoiden edunajajana. Maine ry ottaa kantaa j\u00e4senist\u00f6\u00e4\u00e4n koskevaan koulutuspoliittiseen keskusteluun niin Taideyliopistossa kuin laajemmalti yhteiskunnassa. J\u00e4rjest\u00f6 toimii yhteisty\u00f6ss\u00e4 muiden Sibelius-Akatemian ainej\u00e4rjest\u00f6jen, Taideyliopiston ylioppilaskunnan ja muiden SOOL:in eli Suomen Opettajaksi Opiskelevien Liiton alaisten ainej\u00e4rjest\u00f6jen kanssa.<\/p>\n<p dir=\"auto\">Maine ry tiedottaa j\u00e4seni\u00e4\u00e4n ajankohtaisista asioista ja tapahtumista s\u00e4hk\u00f6postitse, sosiaalisessa mediassa (@maineryofficial) ja WhatsApp-yhteis\u00f6n kautta. Maine ry:n vuosikokoukset j\u00e4rjestet\u00e4\u00e4n kev\u00e4\u00e4ll\u00e4 ja syksyll\u00e4. Syksyn kokouksessa j\u00e4senist\u00f6 valitsee keskuudestaan hallituksen seuraavan vuoden ajalle. Voit tutustua Maine ry:n hallitukseen osoitteessa\u00a0<a title=\"Alkuper\u00e4inen URL-osoite: https:\/\/maine.nettisivut.fi\/. Napsauta tai napauta, jos luotat t\u00e4h\u00e4n linkkiin.\" href=\"https:\/\/eur03.safelinks.protection.outlook.com\/?url=https%3A%2F%2Fmaine.nettisivut.fi%2F&amp;data=05%7C02%7Cester.sundstrom%40uniarts.fi%7Ce80bd2a30536457cb45608dd42f29eae%7C6d91fdaf2bb0431db89064c148694bac%7C0%7C0%7C638740332014218784%7CUnknown%7CTWFpbGZsb3d8eyJFbXB0eU1hcGkiOnRydWUsIlYiOiIwLjAuMDAwMCIsIlAiOiJXaW4zMiIsIkFOIjoiTWFpbCIsIldUIjoyfQ%3D%3D%7C0%7C%7C%7C&amp;sdata=Mb8LZEVvjjxM5ijb9LwlhCD7DD8A3xF1LStmqx2kXyE%3D&amp;reserved=0\" target=\"_blank\" rel=\"noopener noreferrer\" data-auth=\"Verified\" data-linkindex=\"0\">https:\/\/maine.nettisivut.fi<\/a>.<\/p>\n<p dir=\"auto\">Maine ry:n s\u00e4hk\u00f6postiosoite on\u00a0<a title=\"mailto:maineen.oma@gmail.com\" href=\"mailto:maineen.oma@gmail.com\" data-linkindex=\"1\">maineen.oma@gmail.com<\/a>.<\/p>\n<p dir=\"auto\">\n<\/div>\n<\/div>\n<\/div>\n<h3>SAKKO rf<\/h3>\n<p>Taideyliopiston Sibelius-Akatemian Kuopion osaston opiskelijoiden oma opiskelijayhdistys SAKKO ry, eli Sibelius-Akatemian Kuopion opiskelijat ry, on perustettu vuonna 1989. SAKKO ry toimii opiskelijoiden edunvalvontaj\u00e4rjest\u00f6n\u00e4, sek\u00e4 j\u00e4rjest\u00e4\u00e4 mm. vapaa-ajan toimintaa, retki\u00e4 ja opintomatkoja.<\/p>\n<p>Yhdistyksen puheenjohtaja ja hallitus valitaan vuosittain syksyll\u00e4 yleiskokouksessa. Hallitukseen kuuluu puheenjohtajan lis\u00e4ksi nelj\u00e4 j\u00e4sent\u00e4 sek\u00e4 ensimm\u00e4isen vuosikurssin tarkkailijaj\u00e4sen. Hallituksen teht\u00e4viin kuuluu olla opiskelijoiden tukena ja \u00e4\u00e4nitorvena.<\/p>\n<p>Sakko ry:n puheenjohtajana toimii <strong>Lilja Airas (lilja.airas (at) uniarts.fi)<\/strong><\/p>\n<h3>Sima rf<\/h3>\n<p>F\u00f6reningens syfte \u00e4r att fr\u00e4mja Arts Management-studerandes samh\u00e4lleliga, konstn\u00e4rliga, sociala och intellektuella ambitioner under deras studier samt att g\u00f6ra utbildningsprogrammet mer k\u00e4nt b\u00e5de nationellt och internationellt.<\/p>\n<p>Alla de som studerar p\u00e5 Arts Management-utbildningsprogrammet och har anm\u00e4lt sig som n\u00e4rvarande samt utbytesstuderande som studerar p\u00e5 Arts Management-utbildningsprogrammet i \u00f6ver tre m\u00e5nader och godk\u00e4nner f\u00f6reningens regler kan bli f\u00f6reningens medlemmar.<\/p>\n<p>SIMA ry:t\u00e4 py\u00f6ritt\u00e4\u00e4 hallitus, jonka puheenjohtajana toimii Kara Koskinen (<strong>kara.koskinen (at) uniarts.fi<\/strong>)<\/p>\n<h3>Unisono ry<\/h3>\n<p>Unisono ry on Sibelius-Akatemian klassisen musiikin instrumenttiopiskelijoiden ainej\u00e4rjest\u00f6. Ota yhteytt\u00e4: unisonory@gmail.com<\/p>","protected":false},"excerpt":{"rendered":"<p>Jaostot Taideyliopiston ylioppilaskunnan alaisuudessa toimii kolme akatemiakohtaista\u00a0 jaostoa: Kuvataideakatemian jaosto, Sibelius-Akatemian jaosto ja Teatterikorkeakoulun jaosto. Jaostot toimivat oman akatemiansa opiskelijoiden yhdyssiteen\u00e4, huolehtivat [&hellip;]<\/p>\n","protected":false},"author":13,"featured_media":0,"parent":296,"menu_order":40,"comment_status":"open","ping_status":"open","template":"","meta":{"_coblocks_attr":"","_coblocks_dimensions":"","_coblocks_responsive_height":"","_coblocks_accordion_ie_support":"","_crdt_document":"","advanced_seo_description":"","jetpack_seo_html_title":"","jetpack_seo_noindex":false,"footnotes":""},"class_list":["post-316","page","type-page","status-publish","hentry"],"jetpack_sharing_enabled":true,"jetpack_shortlink":"https:\/\/wp.me\/P2w00X-56","jetpack_likes_enabled":true,"amp_enabled":true,"_links":{"self":[{"href":"https:\/\/taiyo.fi\/sv\/wp-json\/wp\/v2\/pages\/316","targetHints":{"allow":["GET"]}}],"collection":[{"href":"https:\/\/taiyo.fi\/sv\/wp-json\/wp\/v2\/pages"}],"about":[{"href":"https:\/\/taiyo.fi\/sv\/wp-json\/wp\/v2\/types\/page"}],"author":[{"embeddable":true,"href":"https:\/\/taiyo.fi\/sv\/wp-json\/wp\/v2\/users\/13"}],"replies":[{"embeddable":true,"href":"https:\/\/taiyo.fi\/sv\/wp-json\/wp\/v2\/comments?post=316"}],"version-history":[{"count":92,"href":"https:\/\/taiyo.fi\/sv\/wp-json\/wp\/v2\/pages\/316\/revisions"}],"predecessor-version":[{"id":16130,"href":"https:\/\/taiyo.fi\/sv\/wp-json\/wp\/v2\/pages\/316\/revisions\/16130"}],"up":[{"embeddable":true,"href":"https:\/\/taiyo.fi\/sv\/wp-json\/wp\/v2\/pages\/296"}],"wp:attachment":[{"href":"https:\/\/taiyo.fi\/sv\/wp-json\/wp\/v2\/media?parent=316"}],"curies":[{"name":"wp","href":"https:\/\/api.w.org\/{rel}","templated":true}]}}