{"id":312,"date":"2013-02-08T13:26:56","date_gmt":"2013-02-08T11:26:56","guid":{"rendered":"http:\/\/taiyo.fi\/?page_id=312"},"modified":"2025-12-02T14:22:09","modified_gmt":"2025-12-02T12:22:09","slug":"edustajisto","status":"publish","type":"page","link":"https:\/\/taiyo.fi\/sv\/ylioppilaskunta\/edustajisto\/","title":{"rendered":"Delegationen"},"content":{"rendered":"<p>Delegationen \u00e4r det h\u00f6gsta beslutande organet i studentk\u00e5ren. Delegationen har 15 medlemmar som v\u00e4ljs av medlemmarna i studentk\u00e5ren. Alla medlemmar i KonSt som har anm\u00e4lt sig som n\u00e4rvarande till Konstuniversitetet kan kandidera i delegationsvalet.<\/p>\n<p>Delegationen sammantr\u00e4der 2-3 g\u00e5nger under termin. Delegationen beslutar bl.a. om studentk\u00e5rens budget, medlemsavgift, riktlinjer f\u00f6r verksamheten och de viktigaste personalvalen, s\u00e5som styrelsen, generalsekreteraren och studentrepresentanterna i universitetets styrelse och universitetskollegiet. L\u00e4s mer om delegationens verksamhet <a href=\"https:\/\/taiyo.fi\/sv\/mika-edustajisto\/\">h\u00e4r<\/a>.<\/p>\n<p><strong>TaiYo:n edustajiston puheenjohtajisto 2025<br \/>\n<\/strong><\/p>\n<p>Genevi\u00e8ve Andersen, edustajiston puheenjohtaja<br \/>\nSusanna Rantakyl\u00e4, edustajiston 1. varapuheenjohtaja<br \/>\nAnneli Saari, edustajiston 2. varapuheenjohtaja<\/p>\n<p><strong>Delegationen 2025-2027<\/strong><\/p>\n<p><em>Delegationsmedlemmar:<br \/>\n<\/em><span class=\"TextRun SCXW188835657 BCX0\" lang=\"FI-FI\" xml:lang=\"FI-FI\" data-contrast=\"auto\"><span class=\"NormalTextRun SCXW188835657 BCX0\">Mahis\u00a0<\/span><span class=\"NormalTextRun SpellingErrorV2Themed SCXW188835657 BCX0\">Salim<\/span><span class=\"NormalTextRun SCXW188835657 BCX0\">,<\/span><span class=\"NormalTextRun SCXW188835657 BCX0\">\u00a0m\u00e5leri<\/span><span class=\"NormalTextRun SCXW188835657 BCX0\">,<\/span><em><span class=\"NormalTextRun SCXW188835657 BCX0\">\u00a0Bildkonstakademin\u00a0<\/span><\/em><\/span><span class=\"LineBreakBlob BlobObject DragDrop SCXW188835657 BCX0\"><em><span class=\"SCXW188835657 BCX0\">\u00a0<\/span><\/em><br class=\"SCXW188835657 BCX0\" \/><\/span><span class=\"TextRun SCXW188835657 BCX0\" lang=\"FI-FI\" xml:lang=\"FI-FI\" data-contrast=\"auto\"><span class=\"NormalTextRun SCXW188835657 BCX0\">Humphrey\u00a0<\/span><span class=\"NormalTextRun SpellingErrorV2Themed SCXW188835657 BCX0\">Abduel<\/span>\u00a0<span class=\"NormalTextRun SpellingErrorV2Themed SCXW188835657 BCX0\">Mbaruku<\/span><span class=\"NormalTextRun SpellingErrorV2Themed SCXW188835657 BCX0\">,<\/span><span class=\"NormalTextRun SCXW188835657 BCX0\">\u00a0global music<\/span><span class=\"NormalTextRun SCXW188835657 BCX0\">,<\/span><em><span class=\"NormalTextRun SCXW188835657 BCX0\">\u00a0Sibelius Akademin\u00a0<\/span><\/em><\/span><span class=\"LineBreakBlob BlobObject DragDrop SCXW188835657 BCX0\"><em><span class=\"SCXW188835657 BCX0\">\u00a0<\/span><\/em><br class=\"SCXW188835657 BCX0\" \/><\/span><span class=\"TextRun SCXW188835657 BCX0\" lang=\"FI-FI\" xml:lang=\"FI-FI\" data-contrast=\"auto\"><span class=\"NormalTextRun SCXW188835657 BCX0\">Jesper Autio<\/span><span class=\"NormalTextRun SCXW188835657 BCX0\">,<\/span><span class=\"NormalTextRun SCXW188835657 BCX0\">\u00a0music business<\/span><span class=\"NormalTextRun SCXW188835657 BCX0\">,<\/span><span class=\"NormalTextRun SCXW188835657 BCX0\"><em>\u00a0Sibelius Akademin<\/em>\u00a0<\/span><\/span><span class=\"LineBreakBlob BlobObject DragDrop SpellingErrorV2Themed SCXW188835657 BCX0\"><span class=\"SCXW188835657 BCX0\">\u00a0<\/span><br class=\"SCXW188835657 BCX0\" \/><\/span><span class=\"TextRun SCXW188835657 BCX0\" lang=\"FI-FI\" xml:lang=\"FI-FI\" data-contrast=\"auto\"><span class=\"NormalTextRun SpellingErrorV2Themed SCXW188835657 BCX0\">Cris<\/span>\u00a0<span class=\"NormalTextRun SpellingErrorV2Themed SCXW188835657 BCX0\">Arroyo<\/span><span class=\"NormalTextRun SCXW188835657 BCX0\">\u00a0Perez<\/span><span class=\"NormalTextRun SCXW188835657 BCX0\">,<\/span><span class=\"NormalTextRun SCXW188835657 BCX0\">\u00a0tidig musik<\/span><span class=\"NormalTextRun SCXW188835657 BCX0\">,<\/span><em><span class=\"NormalTextRun SCXW188835657 BCX0\">\u00a0Sibelius Akademin\u00a0<\/span><\/em><\/span><span class=\"LineBreakBlob BlobObject DragDrop SCXW188835657 BCX0\"><span class=\"SCXW188835657 BCX0\">\u00a0<\/span><br class=\"SCXW188835657 BCX0\" \/><\/span><span class=\"TextRun SCXW188835657 BCX0\" lang=\"FI-FI\" xml:lang=\"FI-FI\" data-contrast=\"auto\"><span class=\"NormalTextRun SCXW188835657 BCX0\">Martin Iivarinen<\/span><span class=\"NormalTextRun SCXW188835657 BCX0\">,<\/span><span class=\"NormalTextRun SCXW188835657 BCX0\">\u00a0opera<\/span><span class=\"NormalTextRun SCXW188835657 BCX0\">,<\/span><span class=\"NormalTextRun SCXW188835657 BCX0\"><em>\u00a0Sibelius Akademin<\/em>\u00a0<\/span><\/span><span class=\"LineBreakBlob BlobObject DragDrop SCXW188835657 BCX0\"><span class=\"SCXW188835657 BCX0\">\u00a0<\/span><br class=\"SCXW188835657 BCX0\" \/><\/span><span class=\"TextRun SCXW188835657 BCX0\" lang=\"FI-FI\" xml:lang=\"FI-FI\" data-contrast=\"auto\"><span class=\"NormalTextRun SCXW188835657 BCX0\">Susanna Rantakyl\u00e4<\/span><span class=\"NormalTextRun SCXW188835657 BCX0\">,<\/span><span class=\"NormalTextRun SCXW188835657 BCX0\">\u00a0kyrkomusik<\/span><span class=\"NormalTextRun SCXW188835657 BCX0\">,<\/span><em><span class=\"NormalTextRun SCXW188835657 BCX0\">\u00a0Sibelius Akademin\u00a0<\/span><\/em><\/span><span class=\"LineBreakBlob BlobObject DragDrop SCXW188835657 BCX0\"><em><span class=\"SCXW188835657 BCX0\">\u00a0<\/span><\/em><br class=\"SCXW188835657 BCX0\" \/><\/span><span class=\"TextRun SCXW188835657 BCX0\" lang=\"FI-FI\" xml:lang=\"FI-FI\" data-contrast=\"auto\"><span class=\"NormalTextRun SCXW188835657 BCX0\">Anneli Saari<\/span><span class=\"NormalTextRun SCXW188835657 BCX0\">,<\/span><span class=\"NormalTextRun SCXW188835657 BCX0\">\u00a0musikpedagogi<\/span><span class=\"NormalTextRun SCXW188835657 BCX0\">,<\/span><span class=\"NormalTextRun SCXW188835657 BCX0\">\u00a0Sibelius Akademin\u00a0<\/span><\/span><span class=\"LineBreakBlob BlobObject DragDrop SCXW188835657 BCX0\"><span class=\"SCXW188835657 BCX0\">\u00a0<\/span><br class=\"SCXW188835657 BCX0\" \/><\/span><span class=\"TextRun SCXW188835657 BCX0\" lang=\"FI-FI\" xml:lang=\"FI-FI\" data-contrast=\"auto\"><span class=\"NormalTextRun SCXW188835657 BCX0\">Silvia\u00a0<\/span><span class=\"NormalTextRun SpellingErrorV2Themed SCXW188835657 BCX0\">Steckiewicz<\/span><span class=\"NormalTextRun SpellingErrorV2Themed SCXW188835657 BCX0\">,<\/span><span class=\"NormalTextRun SCXW188835657 BCX0\">\u00a0kulturell musikforskning<\/span><span class=\"NormalTextRun SCXW188835657 BCX0\">,<\/span><em><span class=\"NormalTextRun SCXW188835657 BCX0\">\u00a0Sibelius Akademin\u00a0<\/span><\/em><\/span><span class=\"LineBreakBlob BlobObject DragDrop SCXW188835657 BCX0\"><em><span class=\"SCXW188835657 BCX0\">\u00a0<\/span><\/em><br class=\"SCXW188835657 BCX0\" \/><\/span><span class=\"TextRun SCXW188835657 BCX0\" lang=\"FI-FI\" xml:lang=\"FI-FI\" data-contrast=\"auto\"><span class=\"NormalTextRun SCXW188835657 BCX0\">Maissi Uusitalo<\/span><span class=\"NormalTextRun SCXW188835657 BCX0\">,<\/span><span class=\"NormalTextRun SCXW188835657 BCX0\">\u00a0musikpedagogi<\/span><span class=\"NormalTextRun SCXW188835657 BCX0\">,<\/span><em><span class=\"NormalTextRun SCXW188835657 BCX0\">\u00a0Sibelius Akademin\u00a0<\/span><\/em><\/span><span class=\"LineBreakBlob BlobObject DragDrop SCXW188835657 BCX0\"><em><span class=\"SCXW188835657 BCX0\">\u00a0<\/span><\/em><br class=\"SCXW188835657 BCX0\" \/><\/span><span class=\"TextRun SCXW188835657 BCX0\" lang=\"FI-FI\" xml:lang=\"FI-FI\" data-contrast=\"auto\"><span class=\"NormalTextRun SCXW188835657 BCX0\">Maija Antikainen<\/span><span class=\"NormalTextRun SCXW188835657 BCX0\">,<\/span><span class=\"NormalTextRun SCXW188835657 BCX0\">\u00a0regi<\/span><span class=\"NormalTextRun SCXW188835657 BCX0\">,<\/span>\u00a0<em><span class=\"NormalTextRun SCXW188835657 BCX0\">Teaterh\u00f6gskolan\u00a0<\/span><\/em><\/span><span class=\"LineBreakBlob BlobObject DragDrop SCXW188835657 BCX0\"><em><span class=\"SCXW188835657 BCX0\">\u00a0<\/span><\/em><br class=\"SCXW188835657 BCX0\" \/><\/span><span class=\"TextRun SCXW188835657 BCX0\" lang=\"FI-FI\" xml:lang=\"FI-FI\" data-contrast=\"auto\"><span class=\"NormalTextRun SCXW188835657 BCX0\">Jonas Kanto<\/span><span class=\"NormalTextRun SCXW188835657 BCX0\">,<\/span><span class=\"NormalTextRun SCXW188835657 BCX0\">\u00a0ljuddesign<\/span><span class=\"NormalTextRun SCXW188835657 BCX0\">,<\/span><em><span class=\"NormalTextRun SCXW188835657 BCX0\">\u00a0Teaterh\u00f6gskolan\u00a0<\/span><\/em><\/span><span class=\"LineBreakBlob BlobObject DragDrop SCXW188835657 BCX0\"><em><span class=\"SCXW188835657 BCX0\">\u00a0<\/span><\/em><br class=\"SCXW188835657 BCX0\" \/><\/span><span class=\"TextRun SCXW188835657 BCX0\" lang=\"FI-FI\" xml:lang=\"FI-FI\" data-contrast=\"auto\"><span class=\"NormalTextRun SCXW188835657 BCX0\">Pauliina Kiet\u00e4v\u00e4inen<\/span><span class=\"NormalTextRun SCXW188835657 BCX0\">,<\/span><span class=\"NormalTextRun SCXW188835657 BCX0\">\u00a0dramaturgi och dramatiskt skrivande<\/span><span class=\"NormalTextRun SCXW188835657 BCX0\">,<\/span><span class=\"NormalTextRun SCXW188835657 BCX0\"><em>\u00a0Teaterh\u00f6gskolan<\/em><br \/>\nVenla\u00a0<\/span><span class=\"NormalTextRun SpellingErrorV2Themed SCXW188835657 BCX0\">Niitemaa<\/span><span class=\"NormalTextRun SpellingErrorV2Themed SCXW188835657 BCX0\">,<\/span><span class=\"NormalTextRun SCXW188835657 BCX0\">\u00a0danskonst<\/span><span class=\"NormalTextRun SCXW188835657 BCX0\">,<\/span><em><span class=\"NormalTextRun SCXW188835657 BCX0\">\u00a0Teaterh\u00f6gskolan\u00a0<\/span><\/em><\/span><span class=\"LineBreakBlob BlobObject DragDrop SCXW188835657 BCX0\"><em><span class=\"SCXW188835657 BCX0\">\u00a0<\/span><\/em><br class=\"SCXW188835657 BCX0\" \/><\/span><span class=\"TextRun SCXW188835657 BCX0\" lang=\"FI-FI\" xml:lang=\"FI-FI\" data-contrast=\"auto\"><span class=\"NormalTextRun SCXW188835657 BCX0\">Malla\u00a0<\/span><span class=\"NormalTextRun SpellingErrorV2Themed SCXW188835657 BCX0\">Ylijurva<\/span><span class=\"NormalTextRun SpellingErrorV2Themed SCXW188835657 BCX0\">,<\/span><span class=\"NormalTextRun SCXW188835657 BCX0\">\u00a0sk\u00e5despelarkonst<\/span><span class=\"NormalTextRun SCXW188835657 BCX0\">,<\/span><em><span class=\"NormalTextRun SCXW188835657 BCX0\">\u00a0Teaterh\u00f6gskolan<\/span><\/em><\/span><span class=\"LineBreakBlob BlobObject DragDrop SCXW188835657 BCX0\"><em><span class=\"SCXW188835657 BCX0\">\u00a0<\/span><\/em><br class=\"SCXW188835657 BCX0\" \/><\/span><span class=\"TextRun SCXW188835657 BCX0\" lang=\"EN-US\" xml:lang=\"EN-US\" data-contrast=\"auto\"><span class=\"NormalTextRun SCXW188835657 BCX0\">Genevieve Andersen, global music,\u00a0<em>Sibelius-<\/em><\/span><em><span class=\"NormalTextRun SpellingErrorV2Themed SCXW188835657 BCX0\">Akatemia<\/span><\/em><\/span><em><span class=\"EOP SCXW188835657 BCX0\" data-ccp-props=\"{&quot;134233117&quot;:false,&quot;134233118&quot;:false,&quot;335559738&quot;:240,&quot;335559739&quot;:240}\">\u00a0<\/span><\/em><\/p>\n<p><em>varaj\u00e4senet:<\/em><\/p>\n<p><span class=\"TextRun SCXW156956796 BCX0\" lang=\"EN-US\" xml:lang=\"EN-US\" data-contrast=\"auto\"><span class=\"NormalTextRun SCXW156956796 BCX0\">Ona\u00a0<\/span><span class=\"NormalTextRun SpellingErrorV2Themed SCXW156956796 BCX0\">Huczkowski<\/span><span class=\"NormalTextRun SCXW156956796 BCX0\">,\u00a0<\/span><span class=\"NormalTextRun SpellingErrorV2Themed SCXW156956796 BCX0\">sk\u00e5despelarkonst<\/span>\u00a0<span class=\"NormalTextRun SpellingErrorV2Themed SCXW156956796 BCX0\">p\u00e5 finska<\/span><span class=\"NormalTextRun SCXW156956796 BCX0\">,\u00a0<em>Teaterh\u00f6gskolan<\/em><\/span><\/span><span class=\"LineBreakBlob BlobObject DragDrop SCXW156956796 BCX0\"><em><span class=\"SCXW156956796 BCX0\">\u00a0<\/span><\/em><br class=\"SCXW156956796 BCX0\" \/><\/span><span class=\"TextRun SCXW156956796 BCX0\" lang=\"EN-US\" xml:lang=\"EN-US\" data-contrast=\"auto\"><span class=\"NormalTextRun SCXW156956796 BCX0\">Li Krook,\u00a0<\/span><span class=\"NormalTextRun SpellingErrorV2Themed SCXW156956796 BCX0\">sk\u00e5despelarkonst<\/span>\u00a0<span class=\"NormalTextRun SpellingErrorV2Themed SCXW156956796 BCX0\">p\u00e5 svenska<\/span><span class=\"NormalTextRun SCXW156956796 BCX0\">,\u00a0<em>Teaterh\u00f6gskolan<\/em><\/span><\/span><span class=\"LineBreakBlob BlobObject DragDrop SCXW156956796 BCX0\"><em><span class=\"SCXW156956796 BCX0\">\u00a0<\/span><\/em><br class=\"SCXW156956796 BCX0\" \/><\/span><span class=\"TextRun SCXW156956796 BCX0\" lang=\"EN-US\" xml:lang=\"EN-US\" data-contrast=\"auto\"><span class=\"NormalTextRun SCXW156956796 BCX0\">Vivian WONG Wing Lam, live\u00a0<\/span><span class=\"NormalTextRun SCXW156956796 BCX0\">art<\/span><span class=\"NormalTextRun SCXW156956796 BCX0\">\u00a0and performance studies,\u00a0<em>Teaterh\u00f6gskolan<\/em><\/span><\/span><span class=\"LineBreakBlob BlobObject DragDrop SCXW156956796 BCX0\"><em><span class=\"SCXW156956796 BCX0\">\u00a0<\/span><\/em><br class=\"SCXW156956796 BCX0\" \/><\/span><span class=\"TextRun SCXW156956796 BCX0\" lang=\"EN-US\" xml:lang=\"EN-US\" data-contrast=\"auto\"><span class=\"NormalTextRun SCXW156956796 BCX0\">Niilo\u00a0<\/span><span class=\"NormalTextRun SpellingErrorV2Themed SCXW156956796 BCX0\">Korpihete<\/span><span class=\"NormalTextRun SCXW156956796 BCX0\">,\u00a0<\/span><span class=\"NormalTextRun SpellingErrorV2Themed SCXW156956796 BCX0\">samtidskonstens<\/span>\u00a0<span class=\"NormalTextRun SpellingErrorV2Themed SCXW156956796 BCX0\">histori<\/span><span class=\"NormalTextRun SCXW156956796 BCX0\">\u00a0och\u00a0<\/span><span class=\"NormalTextRun SpellingErrorV2Themed SCXW156956796 BCX0\">teori<\/span><span class=\"NormalTextRun SCXW156956796 BCX0\">,\u00a0<em>Bildkonstakademin<\/em><\/span><\/span><span class=\"LineBreakBlob BlobObject DragDrop SCXW156956796 BCX0\"><em><span class=\"SCXW156956796 BCX0\">\u00a0<\/span><\/em><br class=\"SCXW156956796 BCX0\" \/><\/span><span class=\"TextRun SCXW156956796 BCX0\" lang=\"EN-US\" xml:lang=\"EN-US\" data-contrast=\"auto\"><span class=\"NormalTextRun SCXW156956796 BCX0\">Anton Laatikainen,\u00a0<\/span><span class=\"NormalTextRun SpellingErrorV2Themed SCXW156956796 BCX0\">samtidskonstens<\/span>\u00a0<span class=\"NormalTextRun SpellingErrorV2Themed SCXW156956796 BCX0\">histori<\/span><span class=\"NormalTextRun SCXW156956796 BCX0\">\u00a0och\u00a0<\/span><span class=\"NormalTextRun SpellingErrorV2Themed SCXW156956796 BCX0\">teori<\/span><span class=\"NormalTextRun SCXW156956796 BCX0\">,\u00a0<em>Bildkonstakademin<\/em><\/span><\/span><\/p>","protected":false},"excerpt":{"rendered":"<p>Edustajisto on ylioppilaskunnan j\u00e4senten vaaleilla valitsema 15-henkinen, ylioppilaskunnan ylint\u00e4 p\u00e4\u00e4t\u00f6svaltaa k\u00e4ytt\u00e4v\u00e4 toimielin. Vaalikelpoisia edustajiston j\u00e4seniksi ovat kaikki yliopistoon l\u00e4sn\u00e4olevaksi kirjautuneet TaiYo:n j\u00e4senet. [&hellip;]<\/p>\n","protected":false},"author":13,"featured_media":0,"parent":296,"menu_order":30,"comment_status":"open","ping_status":"open","template":"","meta":{"_coblocks_attr":"","_coblocks_dimensions":"","_coblocks_responsive_height":"","_coblocks_accordion_ie_support":"","_crdt_document":"","advanced_seo_description":"","jetpack_seo_html_title":"","jetpack_seo_noindex":false,"footnotes":""},"class_list":["post-312","page","type-page","status-publish","hentry"],"jetpack_sharing_enabled":true,"jetpack_shortlink":"https:\/\/wp.me\/P2w00X-52","jetpack_likes_enabled":true,"amp_enabled":true,"_links":{"self":[{"href":"https:\/\/taiyo.fi\/sv\/wp-json\/wp\/v2\/pages\/312","targetHints":{"allow":["GET"]}}],"collection":[{"href":"https:\/\/taiyo.fi\/sv\/wp-json\/wp\/v2\/pages"}],"about":[{"href":"https:\/\/taiyo.fi\/sv\/wp-json\/wp\/v2\/types\/page"}],"author":[{"embeddable":true,"href":"https:\/\/taiyo.fi\/sv\/wp-json\/wp\/v2\/users\/13"}],"replies":[{"embeddable":true,"href":"https:\/\/taiyo.fi\/sv\/wp-json\/wp\/v2\/comments?post=312"}],"version-history":[{"count":32,"href":"https:\/\/taiyo.fi\/sv\/wp-json\/wp\/v2\/pages\/312\/revisions"}],"predecessor-version":[{"id":15794,"href":"https:\/\/taiyo.fi\/sv\/wp-json\/wp\/v2\/pages\/312\/revisions\/15794"}],"up":[{"embeddable":true,"href":"https:\/\/taiyo.fi\/sv\/wp-json\/wp\/v2\/pages\/296"}],"wp:attachment":[{"href":"https:\/\/taiyo.fi\/sv\/wp-json\/wp\/v2\/media?parent=312"}],"curies":[{"name":"wp","href":"https:\/\/api.w.org\/{rel}","templated":true}]}}