{"id":305,"date":"2013-02-08T13:07:09","date_gmt":"2013-02-08T11:07:09","guid":{"rendered":"http:\/\/taiyo.fi\/?page_id=305"},"modified":"2020-06-16T18:04:43","modified_gmt":"2020-06-16T16:04:43","slug":"pa-svenska","status":"publish","type":"page","link":"https:\/\/taiyo.fi\/sv\/pa-svenska\/","title":{"rendered":"P\u00e5 svenska"},"content":{"rendered":"<p class=\"wp-block-paragraph\">Konstuniversitetets studentk\u00e5r (KonSt) \u00e4r samfundet och intresse- och serviceorganisationen f\u00f6r Konstuniversitetets studerande. Studentk\u00e5ren \u00e4r ett sj\u00e4lvst\u00e4ndigt offentligr\u00e4ttsligt samfund, och alla studerande som avl\u00e4gger kandidat- eller magisterexamen vid Konstuniversitetet \u00e4r automatiskt medlemmar i studentk\u00e5ren. Ocks\u00e5 forskarstuderande, utbytesstuderande och studerande som genomg\u00e5r separata pedagogikstudier f\u00f6r l\u00e4rare kan om de vill bli medlem i studentk\u00e5ren, och KonSt har totalt ca 1 800 medlemmar.<\/p>\n\n\n\n<p class=\"wp-block-paragraph\">Studentk\u00e5rens syfte \u00e4r att vara en f\u00f6renande l\u00e4nk f\u00f6r sina medlemmar och st\u00f6dja deras gemenskaplighet, fr\u00e4mja deras samh\u00e4lleliga, konstn\u00e4rliga och intellektuella ambitioner samt bevaka studerandenas intressen och r\u00e4ttigheter s\u00e5v\u00e4l vid Konstuniversitetet som p\u00e5 nationell niv\u00e5. Dessutom erbjuder KonSt sina medlemmar service och f\u00f6rm\u00e5ner som underl\u00e4ttar studentlivet och ordnar olika evenemang och annan verksamhet tillsammans med studentf\u00f6reningarna som verkar inom KonSt.<\/p>\n\n\n\n<p class=\"wp-block-paragraph\">Konstuniversitetets studentk\u00e5r bildades i samband med bildandet av sj\u00e4lva universitetet den 1 januari 2013 n\u00e4r Bildkonstakademins, Sibelius-Akademins och Teaterh\u00f6gskolans studentk\u00e5rer gick samman. KonSt \u00e4r medlem i Finlands studentk\u00e5rers f\u00f6rbund (FSF), som \u00e4r den nationella paraplyorganisationen f\u00f6r alla studentk\u00e5rer, och genom FSF deltar KonSt ocks\u00e5 i att p\u00e5verka nationella utbildnings- och socialpolitiska studentfr\u00e5gor. Alla studerande vid Konstuniversitetet \u00e4r varmt v\u00e4lkomna med i studentk\u00e5rens verksamhet!<\/p>","protected":false},"excerpt":{"rendered":"<p>Konstuniversitetets studentk\u00e5r (KonSt) \u00e4r samfundet och intresse- och serviceorganisationen f\u00f6r Konstuniversitetets studerande. Studentk\u00e5ren \u00e4r ett sj\u00e4lvst\u00e4ndigt offentligr\u00e4ttsligt samfund, och alla studerande som [&hellip;]<\/p>\n","protected":false},"author":13,"featured_media":0,"parent":0,"menu_order":50,"comment_status":"open","ping_status":"open","template":"","meta":{"_coblocks_attr":"","_coblocks_dimensions":"","_coblocks_responsive_height":"","_coblocks_accordion_ie_support":"","_crdt_document":"","advanced_seo_description":"","jetpack_seo_html_title":"","jetpack_seo_noindex":false,"footnotes":""},"class_list":["post-305","page","type-page","status-publish","hentry"],"jetpack_sharing_enabled":true,"jetpack_shortlink":"https:\/\/wp.me\/P2w00X-4V","jetpack_likes_enabled":true,"amp_enabled":true,"_links":{"self":[{"href":"https:\/\/taiyo.fi\/sv\/wp-json\/wp\/v2\/pages\/305","targetHints":{"allow":["GET"]}}],"collection":[{"href":"https:\/\/taiyo.fi\/sv\/wp-json\/wp\/v2\/pages"}],"about":[{"href":"https:\/\/taiyo.fi\/sv\/wp-json\/wp\/v2\/types\/page"}],"author":[{"embeddable":true,"href":"https:\/\/taiyo.fi\/sv\/wp-json\/wp\/v2\/users\/13"}],"replies":[{"embeddable":true,"href":"https:\/\/taiyo.fi\/sv\/wp-json\/wp\/v2\/comments?post=305"}],"version-history":[{"count":6,"href":"https:\/\/taiyo.fi\/sv\/wp-json\/wp\/v2\/pages\/305\/revisions"}],"predecessor-version":[{"id":7700,"href":"https:\/\/taiyo.fi\/sv\/wp-json\/wp\/v2\/pages\/305\/revisions\/7700"}],"wp:attachment":[{"href":"https:\/\/taiyo.fi\/sv\/wp-json\/wp\/v2\/media?parent=305"}],"curies":[{"name":"wp","href":"https:\/\/api.w.org\/{rel}","templated":true}]}}