{"id":296,"date":"2013-02-08T12:56:35","date_gmt":"2013-02-08T10:56:35","guid":{"rendered":"http:\/\/taiyo.fi\/?page_id=296"},"modified":"2025-06-05T10:06:28","modified_gmt":"2025-06-05T08:06:28","slug":"ylioppilaskunta","status":"publish","type":"page","link":"https:\/\/taiyo.fi\/sv\/ylioppilaskunta\/","title":{"rendered":"Konstuniversitetets studentk\u00e5r"},"content":{"rendered":"<p>Konstuniversitetets studentk\u00e5r (TaiYo) \u00e4r samfund och intresse- och serviceorganisation f\u00f6r alla Konstuniversitetets studerande. TaiYo:s medlemmar \u00e4r alla studerande p\u00e5 grundexamensniv\u00e5. Ocks\u00e5 forskarstuderande, utbytesstuderande och studerande som avl\u00e4gger pedagogiska studier f\u00f6r l\u00e4rare kan g\u00e5 med som medlem, och TaiYo:s har totalt cirka 1650 medlemmar.<\/p>\r\n<p>Vi \u00e4r en egen organisation, offentligt organ, som best\u00e4ms av studenterna (delegationen som har den h\u00f6gsta beslutander\u00e4tten kommer att v\u00e4ljas genom val n\u00e4sta g\u00e5ng i november) \u2013 naturligtvis samarbetar vi n\u00e4ra med universitetet. Studentk\u00e5ren har ocks\u00e5 n\u00e5gra anst\u00e4llda. Varje studerande betalar en \u00e5rlig medlemsavgift till studentk\u00e5ren och TaiYo:s verksamhet financieras med dom.<\/p>\r\n<p>&nbsp;<\/p>\r\n<h4>Konstuniversitetets Studentk\u00e5r TaiYo \u00e4r:<\/h4>\r\n<p><strong>Studerandes r\u00f6st p\u00e5 universitet.\u00a0<\/strong>Vi jobbar f\u00f6r att studier vid Konstuniversitet \u00e4r s\u00e5 h\u00f6gkvalitativa som m\u00f6jligt, att studerandena m\u00e5r v\u00e4l och att de behandlas r\u00e4ttvist, rej\u00e4lt och j\u00e4mlikt b\u00e5de i undervisningen och administration. Vi m\u00f6ter bland annat rektorer och andra fr\u00e5n universitets ledarskap regelbundet om aktuella \u00e4rende och v\u00e4ljer studentrepresentanter till olika administrativa organ, som till exempel rekryteringsgrupper och universitetsstyrelse.<\/p>\r\n<p><strong>Samfund \u00f6ver akademigr\u00e4nser och gemenskaplighets bildare.\u00a0<\/strong>Vi ordnar evenemang, utbildar tutorer och delar ut bidrag f\u00f6r olika projekt fr\u00e5n tv\u00e4rvetenskapliga konstprojekt till fotbollstr\u00e4ningar. V\u00e5ra grundv\u00e4rderingar \u00e4r j\u00e4mst\u00e4lldhet, diversitet, anti-rasism, genussensitivitet, tillg\u00e4nglighet, bildning och internationalism. Vi vill bygga ett samfund var varje studerande k\u00e4nner sig v\u00e4lkommen.<\/p>\r\n<p><strong>Advokat f\u00f6r konst och konststurendandenas intressebevakare i samh\u00e4llet.<\/strong>\u00a0TaiYo lyfter fram konstens betydelse och deltar i samh\u00e4llsdebatt om kulturs positions, finansiering och industris framtidens riktningar. Studentk\u00e5ren ocks\u00e5 har sj\u00e4lv Vapaan taiteen tila, rummet f\u00f6r fria konst i S\u00f6rn\u00e4s som studerande kan boka f\u00f6r egna projekt (mera information p\u00e5 finska och engelska i <a href=\"https:\/\/vapaantaiteentila.fi\/\">vapaantaiteentila.fi<\/a>)<\/p>\r\n<p>&nbsp;<\/p>\r\n<h4>I Konstuniversitetets studentk\u00e5r fattas beslut av:<\/h4>\r\n<p><strong>Delegationen. <\/strong>Delegationen \u00e4r det h\u00f6gsta beslutande organet i studentk\u00e5ren. Delegationen har 15 medlemmar som v\u00e4ljs av medlemmarna i studentk\u00e5ren. Delegationen beslutar bl.a. om studentk\u00e5rens budget, medlemsavgift, riktlinjer f\u00f6r verksamheten och de viktigaste personalvalen, s\u00e5som styrelsen, generalsekreteraren och studentrepresentanterna i universitetets styrelse och universitetskollegiet. Mer information om delegationens verksamhet samt delegationens medlemmar finnas <a href=\"https:\/\/taiyo.fi\/sv\/ylioppilaskunta\/edustajisto\/\">finns h\u00e4r (l\u00e4nk)<\/a>.<\/p>\r\n<p><strong>Styrelsen<\/strong>. Styrelsen leder TaiYo:s verksamhet och vardag. I praktiken ansvarar styrelsen f\u00f6r genomf\u00f6randet av verksamhetsplanen, ordnar evenemang, tar st\u00e4llning i TaiYo:s namn, representerar studentk\u00e5ren och s\u00f6rjer dagligen f\u00f6r att studerandenas intressen f\u00f6rverkligas. Styrelsens mandatperiod \u00e4r ett kalender\u00e5r, och den utses av delegationen. Styrelsens kontaktinformation och medlemmar finnas <a href=\"https:\/\/taiyo.fi\/sv\/ylioppilaskunta\/hallitus\/\">finns h\u00e4r (l\u00e4nk)<\/a>.<\/p>\r\n<p><strong>Anst\u00e4llda<\/strong>. Ut\u00f6ver studenter har studentk\u00e5ren ett f\u00e5tal anst\u00e4llda. Anst\u00e4lldas kontaktuppgifter finns <a href=\"https:\/\/taiyo.fi\/sv\/ylioppilaskunta\/yhteystiedot\/\">finns h\u00e4r (l\u00e4nk)<\/a>.<\/p>\r\n<p>&nbsp;<\/p>\r\n<p>Konstuniversitetets studentk\u00e5r bildades i likhet med Konstuniversitetet \u00e5r 2013 n\u00e4r Bildkonstakademins, Sibelius-Akademins och Teaterh\u00f6gskolans studentk\u00e5rer slogs samman. TaiYo \u00e4r medlem i Finlands studentk\u00e5rers f\u00f6rbund FSF, som \u00e4r den nationella paraplyorganisationen f\u00f6r alla studentk\u00e5rer, och genom FSF deltar TaiYo ocks\u00e5 i att p\u00e5verka nationella student\u00e4renden inom utbildnings- och socialpolitiken. Alla studerande vid Konstuniversitetet \u00e4r varmt v\u00e4lkomna att delta i studentk\u00e5rens verksamhet!<\/p>\r\n\r\n<p class=\"wp-block-paragraph\">&nbsp;<\/p>","protected":false},"excerpt":{"rendered":"<p>Taideyliopiston ylioppilaskunta (TaiYo) on Taideyliopiston opiskelijoiden yhteis\u00f6 sek\u00e4 etu- ja palveluj\u00e4rjest\u00f6. TaiYo:n j\u00e4seni\u00e4 ovat kaikki Taideyliopistossa kandidaatin tai maisterin tutkintoa suorittavat opiskelijat. [&hellip;]<\/p>\n","protected":false},"author":13,"featured_media":0,"parent":0,"menu_order":10,"comment_status":"open","ping_status":"open","template":"","meta":{"_coblocks_attr":"","_coblocks_dimensions":"","_coblocks_responsive_height":"","_coblocks_accordion_ie_support":"","_crdt_document":"","advanced_seo_description":"","jetpack_seo_html_title":"","jetpack_seo_noindex":false,"footnotes":""},"class_list":["post-296","page","type-page","status-publish","hentry"],"jetpack_sharing_enabled":true,"jetpack_shortlink":"https:\/\/wp.me\/P2w00X-4M","jetpack_likes_enabled":true,"amp_enabled":true,"_links":{"self":[{"href":"https:\/\/taiyo.fi\/sv\/wp-json\/wp\/v2\/pages\/296","targetHints":{"allow":["GET"]}}],"collection":[{"href":"https:\/\/taiyo.fi\/sv\/wp-json\/wp\/v2\/pages"}],"about":[{"href":"https:\/\/taiyo.fi\/sv\/wp-json\/wp\/v2\/types\/page"}],"author":[{"embeddable":true,"href":"https:\/\/taiyo.fi\/sv\/wp-json\/wp\/v2\/users\/13"}],"replies":[{"embeddable":true,"href":"https:\/\/taiyo.fi\/sv\/wp-json\/wp\/v2\/comments?post=296"}],"version-history":[{"count":21,"href":"https:\/\/taiyo.fi\/sv\/wp-json\/wp\/v2\/pages\/296\/revisions"}],"predecessor-version":[{"id":15062,"href":"https:\/\/taiyo.fi\/sv\/wp-json\/wp\/v2\/pages\/296\/revisions\/15062"}],"wp:attachment":[{"href":"https:\/\/taiyo.fi\/sv\/wp-json\/wp\/v2\/media?parent=296"}],"curies":[{"name":"wp","href":"https:\/\/api.w.org\/{rel}","templated":true}]}}