{"id":2783,"date":"2015-01-21T15:09:01","date_gmt":"2015-01-21T13:09:01","guid":{"rendered":"http:\/\/taiyo.fi\/?page_id=2783"},"modified":"2020-04-07T12:51:31","modified_gmt":"2020-04-07T10:51:31","slug":"halsa-och-valstand","status":"publish","type":"page","link":"https:\/\/taiyo.fi\/sv\/pa-svenska\/halsa-och-valstand\/","title":{"rendered":"H\u00e4lsa och v\u00e4lst\u00e5nd"},"content":{"rendered":"<h3>Studenternas h\u00e4lsov\u00e5rdsstiftelse (SHVS)<\/h3>\n<p>Studenternas h\u00e4lsov\u00e5rdsstiftelse SHVS erbjuder tj\u00e4nster inom allm\u00e4n h\u00e4lsa, mental h\u00e4lsa och oral h\u00e4lsa f\u00f6r studerande vid universitet och h\u00f6gskolor. F\u00f6rutom mottagningsverksamhet arbetar SHVS p\u00e5 m\u00e5nga olika s\u00e4tt f\u00f6r att fr\u00e4mja de studerandes h\u00e4lsa. SHVS ger r\u00e5d och instruerar hur man tar hand om sin h\u00e4lsa, f\u00f6rebygger sjukdomar och hur man genom egna val och sin livsstil kan p\u00e5verka sitt h\u00e4lsotillst\u00e5nd.<\/p>\n<p>P\u00e5 SHVS:s webbplats <a href=\"http:\/\/www.yths.fi\/sv\">www.yths.fi\/sv<\/a> finns ett omfattande informationspaket, kontaktuppgifter till h\u00e4lsostationerna i T\u00f6l\u00f6 och Otn\u00e4s samt information om \u00f6ppettider, tidsbest\u00e4llning och avgifter. Du kan ocks\u00e5 st\u00e4lla fr\u00e5gor till specialister p\u00e5 SHVS:s webbr\u00e5dgivning.<\/p>\n<p>Du har r\u00e4tten att anv\u00e4nda SHVS:s tj\u00e4nster n\u00e4r du har betalt h\u00e4lsov\u00e5rdsavgiften som ing\u00e5r i studentk\u00e5rens medlemsavgift (g\u00e4ller inte forskarstuderande). \u00c4ven om du har avlagt din examen kan du anlita SHVS:s tj\u00e4nster lika l\u00e4nge som ditt medlemskap i studentk\u00e5ren \u00e4r i kraft, dvs till och med 31.7 under v\u00e5rterminen och t.o.m. 31.12 under h\u00f6stterminen.<\/p>\n<h3>Studiepsykolog<\/h3>\n<p>Studiepsykologen vid Konstuniversitetet betj\u00e4nar Konstuniversitetets studerande och utbytesstuderande i fr\u00e5gor kring studier och v\u00e4lm\u00e5ende. \u00c4mnen som ofta diskuteras p\u00e5 studiepsykologens mottagning \u00e4r bl.a. motivation, att orka, tidshantering, prokrastinering, att sp\u00e4nna sig, funderingar kring konstn\u00e4rskap och olika sorters inl\u00e4rningssv\u00e5righeter.<\/p>\n<p>Kontakten med studiepsykologen \u00e4r konfidentiell och kostnadsfri. Vi erbjuder 1-5 bes\u00f6k\/student\/l\u00e4s\u00e5r. Varje bes\u00f6k tar 45-60 min i anspr\u00e5k. D\u00e5 behov av mer st\u00f6d eller v\u00e5rd framkommer kan studenten h\u00e4nvisas till fortsatt v\u00e5rd. Du kan \u00e4ven direkt ta kontakt med Studenternas h\u00e4lsov\u00e5rdsstiftelse eller h\u00e4lsocentralen.<\/p>\n<p>Mera information om studiepsykologtj\u00e4nster och instruktioner f\u00f6r att boka tid finns p\u00e5 Artsi: <a href=\"https:\/\/artsi.uniarts.fi\/sv\/studier\/studiesociala-arenden-utkomst-och-valmaende\/studiepsykolog\">F\u00f6r den studerande &gt; Studerandes vardag och v\u00e4lm\u00e5ende &gt; Studiepsykolog<\/a><\/p>\n<h3>Universitetspr\u00e4st<\/h3>\n<p>L\u00e4ngtar du efter en andningspaus mitt i hektisk vardag? Beh\u00f6ver du n\u00e5gon att prata eller sucka tillsammans med? Studentpr\u00e4sten finns till f\u00f6r dig! B\u00e5de studerande och personal kan kontakta studentpr\u00e4sten f\u00f6r prat om b\u00e5de vardag och fest, studiestress och v\u00e4gvals\u00e5ngest, relationer och ensamhet, tro och tvivel. Pr\u00e4sten har tystnadsplikt.<\/p>\n<p>Mera information om universitetspr\u00e4sten och instruktioner f\u00f6r att boka tid finns p\u00e5 Artsi: <a href=\"https:\/\/artsi.uniarts.fi\/sv\/studier\/studiesociala-arenden-utkomst-och-valmaende\/universitetsprast\">F\u00f6r den studerande &gt; Studerandes vardag och v\u00e4lm\u00e5ende &gt; Universitetspr\u00e4st<\/a><\/p>\n<h3>Kontaktpersoner f\u00f6r osakligt bem\u00f6tande<\/h3>\n<p>P\u00e5 Konstuniversitetet r\u00e5der nolltolerans f\u00f6r osakligt bem\u00f6tande, och universitetet har lagstadgad skyldighet att f\u00f6rs\u00f6ka f\u00f6rebygga och eliminera trakasserier och annat osakligt bem\u00f6tande. Om du st\u00f6ter p\u00e5 mobbning, diskriminering, sexuella trakasserier eller trakasserier av annan natur eller andra former av osakligt beteende kan du kontakta alla anst\u00e4llda vid Konstuniversitetet som k\u00e4nns trygga (t.ex. ansvarig l\u00e4rare p\u00e5 kursen eller \u00e4mnesledare) eller de <strong>kontaktpersoner f\u00f6r j\u00e4mst\u00e4lldhetsfr\u00e5gor<\/strong> (<a href=\"https:\/\/artsi.uniarts.fi\/sv\/web\/guest\/personalarenden\/for-personal\/samarbete-arbetarskydd-och-jamstalldhet\/jamstalldhet\">kontaktuppgifter<\/a>) som universitetet har utsett \u2013 de har r\u00e4tt och skyldighet att konfidentiellt f\u00f6ra \u00e4rendet vidare. N\u00e4rmare information och anvisningar om hur du g\u00e5r till v\u00e4ga finns i <a href=\"https:\/\/issuu.com\/sibelius-akatemia\/docs\/epaasiallisen_ruotsi_issuu\">Konstuniversitetets anvisningar om f\u00f6rebyggande av osakligt bem\u00f6tande<\/a>.<\/p>\n<p>F\u00f6rutom universitetets kontaktpersoner ger \u00e4ven studiepsykologerna (se ovan) samtalsst\u00f6d, till exempel om du inte \u00e4r s\u00e4ker p\u00e5 om ett visst agerande \u00e4r osakligt. Studentk\u00e5ren har i sin tur utsett egna <strong>trakasserikontaktpersoner<\/strong> som ger r\u00e5d, samtalsst\u00f6d och kamratst\u00f6d n\u00e4r \u00e4rendet utreds och behandlas p\u00e5 universitetet. Som trakasserikontaktpersoner fungerar studerande fr\u00e5n alla tre akademier och representanter av olika k\u00f6n, men du kan fritt kontakta vem som helst av dem oberoende av akademigr\u00e4nser och k\u00f6n. Samtal med b\u00e5de studiepsykologerna och kontaktpersonerna f\u00f6r trakasserier \u00e4r alltid konfidentiella.<\/p>\n<p>Trakasserikontaktpersonernas kontaktuppgifter finns p\u00e5 sidan <a href=\"https:\/\/taiyo.fi\/sv\/pa-svenska\/kontakt\/\">Kontakt<\/a>.<\/p>\n<h3>Nyyti<\/h3>\n<p>Nyyti rf fr\u00e4mjar studerandenas mentala h\u00e4lsa genom att tillhandah\u00e5lla m\u00e5ngsidig information och aktiviteter i fr\u00e5gor som r\u00f6r mentalt v\u00e4lbefinnande och studerandenas uth\u00e5llighet i vardagen. Du kan delta i chattar, n\u00e4tgruppernas diskussioner och exempelvis en \u201dlivskunskapskurs\u201d. N\u00e4rmare information om Nyytis tj\u00e4nster samt annan nyttig information om studier och livet finns p\u00e5 Nyytis webbsida <a href=\"http:\/\/www.nyyti.fi\/sv\/\">www.nyyti.fi.<\/a>.<\/p>\n<h3>Unisport<\/h3>\n<p>Konstuniversitetet uppmuntrar de n\u00e4rvarande examensstuderande att motionera genom att vara med och betala kostnaderna f\u00f6r Unisports motionstj\u00e4nster. Unisport erbjuder motionstj\u00e4nster i Helsingfors centrum, T\u00f6l\u00f6, Gumt\u00e4kt, Vik, Mejlans och Otn\u00e4s. I Unisports breda utbud ing\u00e5r bl.a. gymtr\u00e4ning, olika gruppmotionstimmar, bollspelsturer, klubbspel, massage och personal training -tj\u00e4nster. Mera information on Unisports tj\u00e4nster, tidtabeller och priser finns p\u00e5 adressen <a href=\"http:\/\/www.unisport.fi\/\">www.unisport.fi.<\/a>.<\/p>\n<p>De som studerar vid Sibelius-Akademins campus i Kuopio kan anv\u00e4nda SYKETT\u00c4-motionstj\u00e4nster. Mera information: <a href=\"https:\/\/sykett\u00e4.fi\/kuopio\/fi\">https:\/\/sykett\u00e4.fi\/kuopio\/fi<\/a>.<\/p>\n<p>\u00a0<\/p>\n\n\n<p class=\"wp-block-paragraph\"><\/p>","protected":false},"excerpt":{"rendered":"<p>Studenternas h\u00e4lsov\u00e5rdsstiftelse (SHVS) Studenternas h\u00e4lsov\u00e5rdsstiftelse SHVS erbjuder tj\u00e4nster inom allm\u00e4n h\u00e4lsa, mental h\u00e4lsa och oral h\u00e4lsa f\u00f6r studerande vid universitet och h\u00f6gskolor. [&hellip;]<\/p>\n","protected":false},"author":13,"featured_media":0,"parent":305,"menu_order":5,"comment_status":"closed","ping_status":"open","template":"","meta":{"_coblocks_attr":"","_coblocks_dimensions":"","_coblocks_responsive_height":"","_coblocks_accordion_ie_support":"","_crdt_document":"","advanced_seo_description":"","jetpack_seo_html_title":"","jetpack_seo_noindex":false,"footnotes":""},"class_list":["post-2783","page","type-page","status-publish","hentry"],"jetpack_sharing_enabled":true,"jetpack_shortlink":"https:\/\/wp.me\/P2w00X-IT","jetpack_likes_enabled":true,"amp_enabled":true,"_links":{"self":[{"href":"https:\/\/taiyo.fi\/sv\/wp-json\/wp\/v2\/pages\/2783","targetHints":{"allow":["GET"]}}],"collection":[{"href":"https:\/\/taiyo.fi\/sv\/wp-json\/wp\/v2\/pages"}],"about":[{"href":"https:\/\/taiyo.fi\/sv\/wp-json\/wp\/v2\/types\/page"}],"author":[{"embeddable":true,"href":"https:\/\/taiyo.fi\/sv\/wp-json\/wp\/v2\/users\/13"}],"replies":[{"embeddable":true,"href":"https:\/\/taiyo.fi\/sv\/wp-json\/wp\/v2\/comments?post=2783"}],"version-history":[{"count":6,"href":"https:\/\/taiyo.fi\/sv\/wp-json\/wp\/v2\/pages\/2783\/revisions"}],"predecessor-version":[{"id":7420,"href":"https:\/\/taiyo.fi\/sv\/wp-json\/wp\/v2\/pages\/2783\/revisions\/7420"}],"up":[{"embeddable":true,"href":"https:\/\/taiyo.fi\/sv\/wp-json\/wp\/v2\/pages\/305"}],"wp:attachment":[{"href":"https:\/\/taiyo.fi\/sv\/wp-json\/wp\/v2\/media?parent=2783"}],"curies":[{"name":"wp","href":"https:\/\/api.w.org\/{rel}","templated":true}]}}