{"id":2571,"date":"2014-11-06T11:13:55","date_gmt":"2014-11-06T09:13:55","guid":{"rendered":"http:\/\/taiyo.fi\/?page_id=2571"},"modified":"2023-09-13T12:55:01","modified_gmt":"2023-09-13T10:55:01","slug":"ilmoitus","status":"publish","type":"page","link":"https:\/\/taiyo.fi\/sv\/ilmoitus\/","title":{"rendered":"L\u00e4mn\u00e4 en annons"},"content":{"rendered":"<p><strong>YLIOPPILASKUNNAN J\u00c4SENILLE: Kaipaatko keikkoja tai opetust\u00f6it\u00e4? Kelpaako raha? J\u00e4t\u00e4 ilmoituksesi TaiYo:n Taiteilijapankkiin!<\/strong><\/p>\n<p>Kun joku etsii juhliinsa esim. improryhm\u00e4\u00e4, tanssiesityst\u00e4 tai b\u00e4ndi\u00e4, lapselleen piirustuksen tai pianonsoiton opettajaa tai haluaa maalauttaa kohtuuhintaisen muotokuvan, ei ole ollenkaan harvinaista ett\u00e4 h\u00e4n yritt\u00e4\u00e4 l\u00f6yt\u00e4\u00e4 tekij\u00f6it\u00e4 Taideyliopiston tai ylioppilaskunnan kautta. N\u00e4iss\u00e4 tilanteissa avun tarjoaa TaiYo:n Taiteilijapankki, jonne sek\u00e4 yliopisto ett\u00e4 ylioppilaskunta ohjaavat kaikki kyselij\u00e4t.<\/p>\n<p>Taiteilijapankki on Taideyliopiston ylioppilaskunnan j\u00e4senpalvelu, joka on avoin kaikille Taideyliopiston opiskelijoille. Taiteilijapankki palvelee v\u00e4litt\u00e4m\u00e4ll\u00e4 TaiYo:n nettisivujen kautta opiskelijoiden yhteystietoja tilaajille, jotka kaipaavat esiintyji\u00e4 erilaisiin tilaisuuksiin, haluavat l\u00f6yt\u00e4\u00e4 opettajan tai etsiv\u00e4t muita taideaiheisia palveluita. Palvelu on ilmainen sek\u00e4 ilmoituksen j\u00e4tt\u00e4j\u00e4lle ett\u00e4 asiakkaalle. Ylioppilaskunta toimii ainoastaan yhteystietojen v\u00e4litt\u00e4j\u00e4n\u00e4 n\u00e4iden nettisivujen kautta, ja kaikista k\u00e4yt\u00e4nn\u00f6n asioista sovitaan suoraan taiteilijan ja tilaajan kesken.<\/p>\n<p>Ilmoituksen j\u00e4tt\u00e4minen on helppoa ja tapahtuu allaolevan lomakkeen kautta. Ilmoitukset voivat koskea mit\u00e4 tahansa taideyliopistolaisille ominaista osaamista, ja ilmoituksia voi j\u00e4tt\u00e4\u00e4 yksin tai esiintyj\u00e4ryhm\u00e4n puolesta. Ryhmist\u00e4 v\u00e4hint\u00e4\u00e4n yhden henkil\u00f6n on oltava ylioppilaskunnan j\u00e4sen. Ilmoitukset ovat voimassa kaksi vuotta kerrallaan, ja vanhoja ilmoituksia poistetaan kev\u00e4isin ja syksyisin.<\/p>\n<p>Mik\u00e4li sinulla on kysytt\u00e4v\u00e4\u00e4 Taiteilijapankista, haluat p\u00e4ivitt\u00e4\u00e4 ilmoituksesi tietoja tai poistaa ilmoituksesi esim. valmistuttuasi, ota yhteytt\u00e4 TaiYo:n toimistoon osoitteessa taiyo-toimisto (\u00e4t) uniarts.fi.<\/p>\n<p><strong>Huom. T\u00e4m\u00e4n sivun lomake ei ole tarkoitettu ty\u00f6tarjouksille.<\/strong><\/p>\n<p>&nbsp;<\/p>\n<hr \/>\n<h3>Ohjeita lomakkeen t\u00e4ytt\u00f6\u00f6n<\/h3>\n<p><strong>Post title<\/strong><\/p>\n<ul>\n<li>Kirjoita t\u00e4h\u00e4n nimesi tai ryhm\u00e4n\/yhtyeen nimi, halutessasi my\u00f6s parilla sanalla jokin tarkennus, esim. \u201dEtunimi Sukunimi, instrumentti\u201d<\/li>\n<\/ul>\n<p><strong>Post content<\/strong><\/p>\n<ul>\n<li>T\u00e4m\u00e4 on ilmoituksen sis\u00e4lt\u00f6. Esikatselussa t\u00e4st\u00e4 tekstist\u00e4 n\u00e4kyy noin 230 ensimm\u00e4ist\u00e4 merkki\u00e4. K\u00e4yt\u00e4 kappalejakoa ilmoituksesi j\u00e4sentelyyn.<\/li>\n<li>Kerro tekstiss\u00e4si ainakin seuraavat asiat\n<ul>\n<li>Mit\u00e4 tarjoat yhteydenottajalle? Oletko esiintyj\u00e4, opettaja, teetk\u00f6 jotain muuta vai t\u00e4t\u00e4 kaikkea? Mit\u00e4 osaamista haluat nostaa esille?<\/li>\n<li>Yhteystiedot (v\u00e4hint\u00e4\u00e4n s\u00e4hk\u00f6postiosoite)<\/li>\n<li>Mink\u00e4laista korvausta haluat ty\u00f6st\u00e4si? Haluatko neuvotella jokaisen kanssa erikseen vai haluatko kertoa esim. tuntihinnan opetukseen? (Asian voi muotoilla esim. \u201cOta yhteytt\u00e4, niin neuvotellaan korvauksesta!\u201d tai \u201cTarjoan opetusta 60\u20ac\/45 min tunti.\u201d)<\/li>\n<li>Voit lis\u00e4t\u00e4 tekstisi loppuun asiasanoja, joiden avulla hakijat voivat hakutoimintoa k\u00e4ytt\u00e4en l\u00f6yt\u00e4\u00e4 sinut muiden ehdotusten joukosta. Ainakin seuraavat asiat kannattaa huomioida (esimerkkiasiasanat suluissa):\n<ul>\n<li>Oletko esiintyj\u00e4, opettaja ja\/tai muun palvelun tarjoaja? [esiintyj\u00e4, opettaja, muu palvelu, performer, teacher, other service]<\/li>\n<li>Mink\u00e4 perinteen taiteilija olet? [tanssi, teatteri, kansanmusiikki, klassinen musiikki, singer, theater]<\/li>\n<li>Soitatko instrumenttia? [piano, huilu, saksofoni, flute]<\/li>\n<li>Voitko eritell\u00e4 muuten taidettasi? [s\u00e4vellys, composition, valosuunnittelu, kuvataide, fine arts, valokuvaus]<\/li>\n<\/ul>\n<\/li>\n<\/ul>\n<\/li>\n<\/ul>\n<p><strong>Featured image<\/strong><\/p>\n<p>Lataa t\u00e4h\u00e4n kuva itsest\u00e4si, ryhm\u00e4st\u00e4si tai esim. ty\u00f6st\u00e4si eli esittele itsesi kuvan avulla. Kuva n\u00e4kyy esikatselussa muiden ilmoitusten joukossa ja ilmoituksen omalla sivulla yl\u00e4laidassa ennen teksti\u00e4.<\/p>\n<p><strong>Category<\/strong><\/p>\n<p>T\u00e4ss\u00e4 tulee lukea &#8221;Taiteilijapankki&#8221;, jotta ilmoitus ohjautuu oikeaan paikkaan.<\/p>\n<p>&nbsp;<\/p>\n<hr \/>\n<div class=\"forminator-ui forminator-custom-form forminator-custom-form-12635 forminator-design--default  forminator_ajax\" data-forminator-render=\"0\" data-form=\"forminator-module-12635\" data-uid=\"69d25fe1adc12\"><br\/><\/div><form\n\t\t\t\tid=\"forminator-module-12635\"\n\t\t\t\tclass=\"forminator-ui forminator-custom-form forminator-custom-form-12635 forminator-design--default  forminator_ajax\"\n\t\t\t\tmethod=\"post\"\n\t\t\t\tdata-forminator-render=\"0\"\n\t\t\t\tdata-form-id=\"12635\"\n\t\t\t\tenctype=\"multipart\/form-data\" data-color-option=\"default\" data-design=\"default\" data-grid=\"open\" style=\"display: none;\"\n\t\t\t\tdata-uid=\"69d25fe1adc12\"\n\t\t\t><div role=\"alert\" aria-live=\"polite\" class=\"forminator-response-message forminator-error\" aria-hidden=\"true\"><\/div><div class=\"forminator-row\"><div id=\"postdata-1\" class=\"forminator-field-postdata forminator-col forminator-col-12 \"><div class=\"forminator-row\"><div class=\"forminator-col forminator-col-12\"><div class=\"forminator-field\"><label for=\"forminator-field-post-title-postdata-1_69d25fe1adc12\" id=\"forminator-field-post-title-postdata-1_69d25fe1adc12-label\" class=\"forminator-label\">Post Title<\/label><input type=\"text\" name=\"postdata-1-post-title\" placeholder=\"\" id=\"forminator-field-post-title-postdata-1_69d25fe1adc12\" class=\"forminator-input\" value=\"\" \/><\/div><\/div><\/div><div class=\"forminator-row\"><div class=\"forminator-col forminator-col-12\"><div class=\"forminator-field\"><div class=\"forminator-field--label\"><label for=\"forminator-wp-editor-forminator-field-post-content-postdata-1_69d25fe1adc12\" id=\"forminator-label-forminator-field-post-content-postdata-1_69d25fe1adc12\" class=\"forminator-label\">Post Content<\/label><\/div><div id=\"wp-forminator-wp-editor-forminator-field-post-content-postdata-1_69d25fe1adc12-wrap\" class=\"wp-core-ui wp-editor-wrap tmce-active\"><link rel='stylesheet' id='dashicons-css' href='https:\/\/taiyo.fi\/wp-includes\/css\/dashicons.min.css?ver=6.9.4' media='all' \/>\n<link rel='stylesheet' id='all-css-b77eef11b831e50a6fad054508f159c9' href='https:\/\/taiyo.fi\/wp-includes\/css\/editor.min.css?m=1769634330' type='text\/css' media='all' \/>\n<div id=\"wp-forminator-wp-editor-forminator-field-post-content-postdata-1_69d25fe1adc12-editor-tools\" class=\"wp-editor-tools hide-if-no-js\"><div class=\"wp-editor-tabs\"><button type=\"button\" id=\"forminator-wp-editor-forminator-field-post-content-postdata-1_69d25fe1adc12-tmce\" aria-pressed=\"true\" class=\"wp-switch-editor switch-tmce\" data-wp-editor-id=\"forminator-wp-editor-forminator-field-post-content-postdata-1_69d25fe1adc12\">Visuellt<\/button>\n<button type=\"button\" id=\"forminator-wp-editor-forminator-field-post-content-postdata-1_69d25fe1adc12-html\" class=\"wp-switch-editor switch-html\" data-wp-editor-id=\"forminator-wp-editor-forminator-field-post-content-postdata-1_69d25fe1adc12\">Kod<\/button>\n<\/div>\n<\/div>\n<div id=\"wp-forminator-wp-editor-forminator-field-post-content-postdata-1_69d25fe1adc12-editor-container\" class=\"wp-editor-container\"><div id=\"qt_forminator-wp-editor-forminator-field-post-content-postdata-1_69d25fe1adc12_toolbar\" class=\"quicktags-toolbar hide-if-no-js\"><\/div><textarea class=\"forminator-textarea wp-editor-area\" style=\"height: 140px\" autocomplete=\"off\" cols=\"40\" name=\"postdata-1-post-content\" id=\"forminator-wp-editor-forminator-field-post-content-postdata-1_69d25fe1adc12\"><\/textarea><\/div>\n<\/div>\n\n<\/div><\/div><\/div><div class=\"forminator-row\"><div class=\"forminator-col forminator-col-12\"><div class=\"forminator-field\"><label for=\"forminator-field-post-image-postdata-1_69d25fe1adc12\" id=\"forminator-field-post-image-postdata-1_69d25fe1adc12-label\" class=\"forminator-label\">Featured Image<\/label><div class=\"forminator-file-upload \" data-element=\"post-image-postdata-1_69d25fe1adc12\"><input type=\"file\" name=\"postdata-1-post-image\" id=\"forminator-field-post-image-postdata-1_69d25fe1adc12\" class=\"forminator-input-file\" accept=\".jpg,.jpeg,.jpe,.gif,.png,.bmp\" tabindex=\"-1\"><button id=\"forminator-field-post-image-postdata-1_69d25fe1adc12_button\" class=\"forminator-button forminator-button-upload\" data-id=\"forminator-field-post-image-postdata-1_69d25fe1adc12\">Choose File<\/button><span data-empty-text=\"No file chosen\">No file chosen<\/span><button class=\"forminator-button-delete\" style=\"display: none;\"><i class=\"forminator-icon-close\" aria-hidden=\"true\"><\/i><span class=\"forminator-screen-reader-only\">Delete uploaded file<\/span><\/button><\/div><\/div><\/div><\/div><div class=\"forminator-row\"><div class=\"forminator-col forminator-col-12\"><div class=\"forminator-field\"><label for=\"forminator-field-category-postdata-1_69d25fe1adc12\" id=\"forminator-field-category-postdata-1_69d25fe1adc12-label\" class=\"forminator-label\">Category<\/label><select type=\"select\" name=\"postdata-1-category\" placeholder=\"\" id=\"forminator-field-category-postdata-1_69d25fe1adc12\" class=\"forminator-select2\" aria-labelledby=\"forminator-field-category-postdata-1_69d25fe1adc12-label\" data-default-value=\"\"><option value=\"143982105\" >Taiteilijapankki<\/option><option value=\"1\" >TaiYo<\/option><option value=\"143982104\" >TaiYo Blogi<\/option><option value=\"143981781\" >Ty\u00f6ilmoitus<\/option><\/select><\/div><\/div><\/div><\/div><\/div><input type=\"hidden\" name=\"referer_url\" value=\"\" \/><div class=\"forminator-row forminator-row-last\"><div class=\"forminator-col\"><div class=\"forminator-field\"><button class=\"forminator-button forminator-button-submit\">Create Post<\/button><\/div><\/div><\/div><input type=\"hidden\" id=\"forminator_nonce\" name=\"forminator_nonce\" value=\"402a07fbfe\" \/><input type=\"hidden\" name=\"_wp_http_referer\" value=\"\/sv\/wp-json\/wp\/v2\/pages\/2571\" \/><input type=\"hidden\" name=\"form_id\" value=\"12635\"><input type=\"hidden\" name=\"page_id\" value=\"2571\"><input type=\"hidden\" name=\"form_type\" value=\"default\"><input type=\"hidden\" name=\"current_url\" value=\"https:\/\/taiyo.fi\/sv\/ilmoitus\/\"><input type=\"hidden\" name=\"render_id\" value=\"0\"><input type=\"hidden\" name=\"action\" value=\"forminator_submit_form_custom-forms\"><\/form>\n<p>L\u00e4hett\u00e4m\u00e4ll\u00e4 n\u00e4m\u00e4 tiedot hyv\u00e4ksyn, ett\u00e4 TaiYo julkaisee lomakkeen tiedot verkkosivullaan. TaiYo voi levitt\u00e4\u00e4 julkaistuja tietoja sosiaalisessa mediassa ja s\u00e4hk\u00f6postilla.<\/p>\n","protected":false},"excerpt":{"rendered":"<p>YLIOPPILASKUNNAN J\u00c4SENILLE: Kaipaatko keikkoja tai opetust\u00f6it\u00e4? Kelpaako raha? J\u00e4t\u00e4 ilmoituksesi TaiYo:n Taiteilijapankkiin! Kun joku etsii juhliinsa esim. improryhm\u00e4\u00e4, tanssiesityst\u00e4 tai b\u00e4ndi\u00e4, lapselleen [&hellip;]<\/p>\n","protected":false},"author":13,"featured_media":0,"parent":0,"menu_order":50,"comment_status":"closed","ping_status":"open","template":"","meta":{"_coblocks_attr":"","_coblocks_dimensions":"","_coblocks_responsive_height":"","_coblocks_accordion_ie_support":"","_crdt_document":"","advanced_seo_description":"","jetpack_seo_html_title":"","jetpack_seo_noindex":false,"footnotes":""},"class_list":["post-2571","page","type-page","status-publish","hentry"],"jetpack_sharing_enabled":true,"jetpack_shortlink":"https:\/\/wp.me\/P2w00X-Ft","jetpack_likes_enabled":true,"amp_enabled":true,"_links":{"self":[{"href":"https:\/\/taiyo.fi\/sv\/wp-json\/wp\/v2\/pages\/2571","targetHints":{"allow":["GET"]}}],"collection":[{"href":"https:\/\/taiyo.fi\/sv\/wp-json\/wp\/v2\/pages"}],"about":[{"href":"https:\/\/taiyo.fi\/sv\/wp-json\/wp\/v2\/types\/page"}],"author":[{"embeddable":true,"href":"https:\/\/taiyo.fi\/sv\/wp-json\/wp\/v2\/users\/13"}],"replies":[{"embeddable":true,"href":"https:\/\/taiyo.fi\/sv\/wp-json\/wp\/v2\/comments?post=2571"}],"version-history":[{"count":25,"href":"https:\/\/taiyo.fi\/sv\/wp-json\/wp\/v2\/pages\/2571\/revisions"}],"predecessor-version":[{"id":12664,"href":"https:\/\/taiyo.fi\/sv\/wp-json\/wp\/v2\/pages\/2571\/revisions\/12664"}],"wp:attachment":[{"href":"https:\/\/taiyo.fi\/sv\/wp-json\/wp\/v2\/media?parent=2571"}],"curies":[{"name":"wp","href":"https:\/\/api.w.org\/{rel}","templated":true}]}}