{"id":2552,"date":"2014-10-30T17:20:50","date_gmt":"2014-10-30T15:20:50","guid":{"rendered":"http:\/\/taiyo.fi\/?page_id=2552"},"modified":"2023-09-25T09:59:49","modified_gmt":"2023-09-25T07:59:49","slug":"taiteilijapankki","status":"publish","type":"page","link":"https:\/\/taiyo.fi\/sv\/taiteilijapankki\/","title":{"rendered":"Konstn\u00e4rsbank"},"content":{"rendered":"<p>Konstuniversitetets studentk\u00e5rs Konstn\u00e4rsbank \u00e4r en m\u00f6tesplats f\u00f6r unga konstn\u00e4rer och kunder som vill k\u00f6pa konstrelaterade tj\u00e4nster. H\u00e4r kan du hitta ett band till ditt br\u00f6llop, en improvisationsgrupp till din f\u00f6delsedagsfest, eller varf\u00f6r inte en teckningsl\u00e4rare f\u00f6r ditt barn! Alla som har annonserat i Konstn\u00e4rsbanken \u00e4r studerande vid Konstuniversitetet och d\u00e4rmed allraminst blivande toppar inom sina branscher. Konstuniversitetet f\u00f6renar Sibelius-Akademin, Teaterh\u00f6gskolan och Bildkonstakademin under samma tak, s\u00e5 i Konstn\u00e4rsbanken kan du hitta musiker inom alla genrer, fr\u00e5n klassiskt och folkmusik till jazz och pop, men ocks\u00e5 sk\u00e5despelare, dansare och bildkonstn\u00e4rer.<\/p>\r\n<p>Observera att Konstn\u00e4rsbanken enbart fungerar via dessa webbsidor och att den enbart f\u00f6rmedlar kontaktuppgifter till studerande som \u00e4r intresserade av jobb. Konstuniversitetets studentk\u00e5r har ingen annan information \u00e4n den som syns h\u00e4r; varken kontaktuppgifter till andra upptr\u00e4dande artister eller l\u00e4rare, eller uppgifter om enskilda konstn\u00e4rers l\u00f6nekrav eller tidtabeller. Vi ger allts\u00e5 ingen till\u00e4ggsinformation t.ex. per telefon och vi fungerar inte som f\u00f6rmedlare mellan kunder och annons\u00f6rer \u2013 om du vill ha mera information om enskilda artister eller l\u00e4rare ska du m.a.o. ta kontakt med personen i fr\u00e5ga direkt, kontaktuppgifterna finns i annonsen! Det finns inga gemensamma taxor eller regler f\u00f6r Konstn\u00e4rsbanken, utan alla konstn\u00e4rer best\u00e4mmer sj\u00e4lva vilka tj\u00e4nster de utf\u00f6r och hur mycket de tar i arvode. Konstn\u00e4rsbanken tar inga f\u00f6rmedlingsavgifter, tj\u00e4nsten \u00e4r gratis b\u00e5de f\u00f6r kunder och annons\u00f6rer.<\/p>\r\n<p>Taiteilijapankki palvelee ensisijaisesti yksityishenkil\u00f6it\u00e4. Jos etsit esiintyj\u00e4\u00e4 esimerkiksi yrityksesi tai j\u00e4rjest\u00f6si juhlaan tai kaipaat alusta loppuun asti tuotettua huippulaatuista musiikin ohjelmapalvelua, ota yhteytt\u00e4 Taideyliopiston Sibelius-Akatemian ohjelmapalvelu <a href=\"https:\/\/primo.uniarts.fi\/\">Primoon (linkki)<\/a>.<\/p>\r\n<p>&nbsp;<\/p>\r\n<h3 class=\"wp-block-heading\">Tutustu taiteilijoihin: <a href=\"https:\/\/taiyo.fi\/sv\/category\/taiteilijapankki\/\">Kaikki ilmoitukset &#8211; All posts<\/a>\u00a0<\/h3>\r\n<p>&nbsp;<\/p>\r\n<p>Konstuniversitetets studentk\u00e5rs medlemmar kan l\u00e4mna in sina annonser till Konstn\u00e4rsbanken <a href=\"https:\/\/taiyo.fi\/sv\/taiteilijapankki\/ilmoitus\/\">h\u00e4r<\/a>.<\/p>\r\n<p>&nbsp;<\/p>","protected":false},"excerpt":{"rendered":"<p>Taideyliopiston ylioppilaskunnan Taiteilijapankki on taiteesta kiinnostuneiden tilaajien ja nuorten taiteilijoiden kohtauspaikka. T\u00e4\u00e4lt\u00e4 l\u00f6yd\u00e4t niin bileb\u00e4ndin h\u00e4ihisi, improryhm\u00e4n syntt\u00e4reillesi kuin kuviksenopettajan lapsellesi! Kaikki [&hellip;]<\/p>\n","protected":false},"author":13,"featured_media":0,"parent":0,"menu_order":0,"comment_status":"closed","ping_status":"open","template":"","meta":{"_coblocks_attr":"","_coblocks_dimensions":"","_coblocks_responsive_height":"","_coblocks_accordion_ie_support":"","_crdt_document":"","advanced_seo_description":"","jetpack_seo_html_title":"","jetpack_seo_noindex":false,"footnotes":""},"class_list":["post-2552","page","type-page","status-publish","hentry"],"jetpack_sharing_enabled":true,"jetpack_shortlink":"https:\/\/wp.me\/P2w00X-Fa","jetpack_likes_enabled":true,"amp_enabled":true,"_links":{"self":[{"href":"https:\/\/taiyo.fi\/sv\/wp-json\/wp\/v2\/pages\/2552","targetHints":{"allow":["GET"]}}],"collection":[{"href":"https:\/\/taiyo.fi\/sv\/wp-json\/wp\/v2\/pages"}],"about":[{"href":"https:\/\/taiyo.fi\/sv\/wp-json\/wp\/v2\/types\/page"}],"author":[{"embeddable":true,"href":"https:\/\/taiyo.fi\/sv\/wp-json\/wp\/v2\/users\/13"}],"replies":[{"embeddable":true,"href":"https:\/\/taiyo.fi\/sv\/wp-json\/wp\/v2\/comments?post=2552"}],"version-history":[{"count":40,"href":"https:\/\/taiyo.fi\/sv\/wp-json\/wp\/v2\/pages\/2552\/revisions"}],"predecessor-version":[{"id":12789,"href":"https:\/\/taiyo.fi\/sv\/wp-json\/wp\/v2\/pages\/2552\/revisions\/12789"}],"wp:attachment":[{"href":"https:\/\/taiyo.fi\/sv\/wp-json\/wp\/v2\/media?parent=2552"}],"curies":[{"name":"wp","href":"https:\/\/api.w.org\/{rel}","templated":true}]}}