{"id":15906,"date":"2026-01-08T14:44:31","date_gmt":"2026-01-08T12:44:31","guid":{"rendered":"https:\/\/taiyo.fi\/?page_id=15906"},"modified":"2026-01-15T13:42:29","modified_gmt":"2026-01-15T11:42:29","slug":"arkisto-2025","status":"publish","type":"page","link":"https:\/\/taiyo.fi\/sv\/ylioppilaskunta\/ilmoitustaulu\/arkisto-2025\/","title":{"rendered":"Arkisto 2025"},"content":{"rendered":"<p><strong>Vaaliasiakirjat 2025<\/strong><\/p>\n<p><a href=\"https:\/\/taiyo.fi\/wp-content\/uploads\/2025\/11\/TaiYo-vaalitulos-2025-lopullinen.pdf\">T\u00e4ydennysvaalin tulos 2025 (5.11.2025)<\/a><\/p>\n<p><a href=\"https:\/\/taiyo.fi\/wp-content\/uploads\/2025\/10\/Lopullinen-ehdokaslista-2025.pdf\">Slutliga kandidatlistan 2025<\/a><\/p>\n<p><a href=\"https:\/\/taiyo.fi\/wp-content\/uploads\/2025\/10\/Valittu-ilman-vaaleja-2025.pdf\">Valde in i delegationen utan val 2025<\/a><\/p>\n<p><a href=\"https:\/\/taiyo.fi\/wp-content\/uploads\/2025\/08\/Kungorelse-om-val-2025-1.pdf\">Kung\u00f6relse om val 2025<\/a><br \/>\n<a href=\"https:\/\/taiyo.fi\/wp-content\/uploads\/2025\/10\/KVL-2-2025-Taydennys-vaalijulistukseen-7.10.2025.pdf\">T\u00e4ydennys vaalijulistukseen 7.10.2025<\/a><\/p>\n<p><a href=\"https:\/\/taiyo.fi\/wp-content\/uploads\/2025\/10\/Paivitetyt-vaalimainonnanohjeet-2025.pdf\">Vaalimainonnan ohjeet<\/a><\/p>\n<p><strong>Keskusvaalilautakunnan asiakirjat 2025<\/strong><\/p>\n<p><a href=\"https:\/\/taiyo.fi\/wp-content\/uploads\/2025\/08\/KVL-paatosluettelo-1-2025.pdf\">Keskusvaalilautakunnan p\u00e4\u00e4t\u00f6sluettelo 1-2025<\/a><br \/>\n<a href=\"https:\/\/taiyo.fi\/wp-content\/uploads\/2025\/10\/KVL-paatosluettelo-2-2025.pdf\">Keskusvaalilautakunnan p\u00e4\u00e4t\u00f6sluettelo 2-2025<\/a><br \/>\n<a href=\"https:\/\/taiyo.fi\/wp-content\/uploads\/2025\/10\/KVL-paatosluettelo-3-2025.pdf\">Keskusvaalilautakunnan p\u00e4\u00e4t\u00f6sluettelo 3-2025<\/a><br \/>\n<a href=\"https:\/\/taiyo.fi\/wp-content\/uploads\/2025\/10\/KVL-paatosluettelo-4-2025.pdf\">Keskusvaalilautakunnan p\u00e4\u00e4t\u00f6sluettelo 4-2025<\/a><br \/>\n<a href=\"https:\/\/taiyo.fi\/wp-content\/uploads\/2025\/11\/KVL-paatosluettelo-5-2025.pdf\">Keskusvaalilautakunnan p\u00e4\u00e4t\u00f6sluettelo 5-2025<\/a><\/p>\n<p><strong>Delegations m\u00f6teskallelser 2025<\/strong><\/p>\n<p><a href=\"https:\/\/taiyo.fi\/wp-content\/uploads\/2025\/05\/Edustajiston-kokouskutsu-ja-esityslista-1-2025-1.pdf\">Edustajiston kokouskutsu ja esityslista 1-2025<\/a><br \/>\n<a href=\"https:\/\/taiyo.fi\/wp-content\/uploads\/2025\/11\/Edustajiston-kokouskutsu-ja-esityslista-2-2025.pdf\">Edustajiston kokouskutsu ja esityslista 2-2025<\/a><br \/>\n<a href=\"https:\/\/taiyo.fi\/wp-content\/uploads\/2025\/11\/Edustajiston-kokouskutsu-ja-esityslista-3-2025.pdf\">M\u00f6teskallelse och f\u00f6redragninglista 3-2025 (p\u00e5 finska)<\/a><br \/>\n<a href=\"https:\/\/taiyo.fi\/wp-content\/uploads\/2025\/12\/Edustajiston-kokouskutsu-ja-esityslista-4-2025-1-%E2%80%93-kopio.pdf\">Edustajiston kokouskutsu ja esityslista 4-2025<\/a><\/p>\n<p><strong>Delegations beslutningar 2025<br \/>\n<\/strong><\/p>\n<p><a href=\"https:\/\/taiyo.fi\/wp-content\/uploads\/2025\/05\/Edustajiston-paatosluettelo-1-2025.pdf\">Edustajiston p\u00e4\u00e4t\u00f6sluettelo 1-2025<\/a><br \/>\n<a href=\"https:\/\/taiyo.fi\/wp-content\/uploads\/2025\/11\/2-2025-Edustajiston-paatosluettelo.pdf\">Edustajiston p\u00e4\u00e4t\u00f6sluettelo 2-2025<\/a><br \/>\n<a href=\"https:\/\/taiyo.fi\/wp-content\/uploads\/2025\/12\/3-2025-Edusjatiston-paatosluettelo.pdf\">Edustajiston p\u00e4\u00e4t\u00f6sluettelo 3-2025<\/a><br \/>\n<a href=\"https:\/\/taiyo.fi\/wp-content\/uploads\/2025\/12\/4-2025-Edustajiston-paatosluettelo.pdf\">Edustajiston p\u00e4\u00e4t\u00f6sluettelo 4-2025<\/a><\/p>\n<p><strong>Styrelses beslytningar 2025<\/strong><\/p>\n<p><a href=\"https:\/\/taiyo.fi\/wp-content\/uploads\/2025\/01\/Hallituksen-paatosluettelo-1-2025.pdf\">Hallituksen p\u00e4\u00e4t\u00f6sluettelo 1-2025<\/a><br \/>\n<a href=\"https:\/\/taiyo.fi\/wp-content\/uploads\/2025\/01\/Hallituksen-paatosluettelo-2-2025.pdf\">Hallituksen p\u00e4\u00e4t\u00f6sluettelo 2-2025<\/a><br \/>\n<a href=\"https:\/\/taiyo.fi\/wp-content\/uploads\/2025\/01\/Hallituksen-paatosluettelo-3-2025-1.pdf\">Hallituksen p\u00e4\u00e4t\u00f6sluettelo 3-2025<\/a><br \/>\n<a href=\"https:\/\/taiyo.fi\/wp-content\/uploads\/2025\/02\/Hallituksen-paatosluettelo-4-2025.pdf\">Hallituksen p\u00e4\u00e4t\u00f6sluettelo 4-2025<\/a><br \/>\n<a href=\"https:\/\/taiyo.fi\/wp-content\/uploads\/2025\/02\/Hallituksen-paatosluettelo-5-2025.pdf\">Hallituksen p\u00e4\u00e4t\u00f6sluettelo 5-2025<\/a><br \/>\n<a href=\"https:\/\/taiyo.fi\/wp-content\/uploads\/2025\/02\/Hallituksen-paatosluettelo-6-2025.pdf\">Hallituksen p\u00e4\u00e4t\u00f6sluettelo 6-2025<\/a><br \/>\n<a href=\"https:\/\/taiyo.fi\/wp-content\/uploads\/2025\/03\/Hallituksen-paatosluettelo-7-2025.pdf\">Hallituksen p\u00e4\u00e4t\u00f6sluettelo 7-2025<\/a><br \/>\n<a href=\"https:\/\/taiyo.fi\/wp-content\/uploads\/2025\/03\/Hallituksen-paatosluettelo-8-2025.pdf\">Hallituksen p\u00e4\u00e4t\u00f6sluettelo 8-2025<\/a><br \/>\n<a href=\"https:\/\/taiyo.fi\/wp-content\/uploads\/2025\/03\/Hallituksen-paatosluettelo_9-2025.pdf\">Hallituksen p\u00e4\u00e4t\u00f6sluettelo 9-2025<\/a><br \/>\n<a href=\"https:\/\/taiyo.fi\/wp-content\/uploads\/2025\/04\/Hallituksen-paatosluettelo-10-2025.pdf\">Hallituksen p\u00e4\u00e4t\u00f6sluettelo 10-2025<\/a><br \/>\n<a href=\"https:\/\/taiyo.fi\/wp-content\/uploads\/2025\/04\/Hallituksen-paatosluettelo_11-2025.pdf\">Hallituksen p\u00e4\u00e4t\u00f6sluettelo 11-2025<\/a><br \/>\n<a href=\"https:\/\/taiyo.fi\/wp-content\/uploads\/2025\/04\/Hallituksen-paatosluettelo-12-2025.pdf\">Hallituksen p\u00e4\u00e4t\u00f6sluettelo 12-2025<\/a><br \/>\n<a href=\"https:\/\/taiyo.fi\/wp-content\/uploads\/2025\/04\/Hallituksen-paatosluettelo-13-2025.pdf\">Hallituksen p\u00e4\u00e4t\u00f6sluettelo 13-2025<\/a><br \/>\n<a href=\"https:\/\/taiyo.fi\/wp-content\/uploads\/2025\/05\/Hallituksen-paatosluettelo-14-2025.pdf\">Hallituksen p\u00e4\u00e4t\u00f6sluettelo 14-2025<\/a><br \/>\n<a href=\"https:\/\/taiyo.fi\/wp-content\/uploads\/2025\/05\/Hallituksen-paatosluettelo-14-2025_.pdf\">Hallituksen p\u00e4\u00e4t\u00f6sluettelo 15-2025<\/a><br \/>\n<a href=\"https:\/\/taiyo.fi\/wp-content\/uploads\/2025\/08\/Hallituksen-paatosluettelo-16-2025_.pdf\">Hallituksen p\u00e4\u00e4t\u00f6sluettelo 16-2025<\/a><br \/>\n<a href=\"https:\/\/taiyo.fi\/wp-content\/uploads\/2025\/08\/Hallituksen-paatosluettelo-17-2025.pdf\">Hallituksen p\u00e4\u00e4t\u00f6sluettelo 17-2025<\/a><br \/>\n<a href=\"https:\/\/taiyo.fi\/wp-content\/uploads\/2025\/09\/Hallituksen-paatosluettelo-18-2025.pdf\">Hallituksen p\u00e4\u00e4t\u00f6sluettelo 18-2025<\/a><br \/>\n<a href=\"https:\/\/taiyo.fi\/wp-content\/uploads\/2025\/09\/Hallituksen-kokouksen-paatosluettelo-19-25.pdf\">Hallituksen p\u00e4\u00e4t\u00f6sluettelo 19-2025<\/a><br \/>\n<a href=\"https:\/\/taiyo.fi\/wp-content\/uploads\/2025\/09\/20_25-Hallituksen-kokouksen-paatosluettelo.pdf\">Hallituksen p\u00e4\u00e4t\u00f6sluettelo 20-2025<\/a><br \/>\n<a href=\"https:\/\/taiyo.fi\/wp-content\/uploads\/2025\/09\/21_25_Hallituksen-kokouksen-paatosluettelo.pdf\">Hallituksen p\u00e4\u00e4t\u00f6sluettelo 21-2025<\/a><br \/>\n<a href=\"https:\/\/taiyo.fi\/wp-content\/uploads\/2025\/09\/22_25-Hallituksen-kokouksen-paatosluettelo.pdf\">Hallituksen p\u00e4\u00e4t\u00f6sluettelo 22-2025<\/a><br \/>\n<a href=\"https:\/\/taiyo.fi\/wp-content\/uploads\/2025\/10\/23_25-Hallituksen-kokouksen-paatosluettelo.pdf\">Hallituksen p\u00e4\u00e4t\u00f6sluettelo 23-2025<\/a><br \/>\n<a href=\"https:\/\/taiyo.fi\/wp-content\/uploads\/2025\/10\/24_25-Hallituksen-kokouksen-paatosluettelo.pdf\">Hallituksen p\u00e4\u00e4t\u00f6sluettelo 24-2025<\/a><br \/>\n<a href=\"https:\/\/taiyo.fi\/wp-content\/uploads\/2025\/10\/Hallituksen-paatosluettelo-25-2025.pdf\">Hallituksen p\u00e4\u00e4t\u00f6sluettelo 25-2025<\/a><br \/>\n<a href=\"https:\/\/taiyo.fi\/wp-content\/uploads\/2025\/11\/26_25-Hallituksen-kokouksen-paatosluettelo.pdf\">Hallituksen p\u00e4\u00e4t\u00f6sluettelo 26-2025<\/a><br \/>\n<a href=\"https:\/\/taiyo.fi\/wp-content\/uploads\/2025\/11\/Hallituksen-paatosluettelo-27-2025.pdf\">Hallituksen p\u00e4\u00e4t\u00f6sluettelo 27-2025<\/a><br \/>\n<a href=\"https:\/\/taiyo.fi\/wp-content\/uploads\/2025\/11\/28_25-Hallituksen-kokouksen-paatosluettelo.pdf\">Hallituksen p\u00e4\u00e4t\u00f6sluettelo 28-2025<\/a><br \/>\n<a href=\"https:\/\/taiyo.fi\/wp-content\/uploads\/2025\/11\/29_25-Hallituksen-paatosluettelo.pdf\">Hallituksen p\u00e4\u00e4t\u00f6sluettelo 29-2025<\/a><br \/>\n<a href=\"https:\/\/taiyo.fi\/wp-content\/uploads\/2025\/11\/Hallituksen-paatosluettelo-30-2025.pdf\">Hallituksen p\u00e4\u00e4t\u00f6sluettelo 30-2025<\/a><br \/>\n<a href=\"https:\/\/taiyo.fi\/wp-content\/uploads\/2025\/12\/31_25-Hallituksen-kokouksen-paatosluettelo.pdf\">Hallituksen p\u00e4\u00e4t\u00f6sluettelo 31-2025<\/a><br \/>\n<a href=\"https:\/\/taiyo.fi\/wp-content\/uploads\/2025\/12\/27_25-Hallituksen-kokouksen-paatosluettelo.pdf\">Hallituksen p\u00e4\u00e4t\u00f6sluettelo 32-2025<\/a><\/p>\n<p><strong>Avustukset 2025<\/strong><\/p>\n<p><a href=\"https:\/\/taiyo.fi\/wp-content\/uploads\/2025\/10\/Paatos_-TaiYon-avustukset-syksy-2025.pdf\">TaiYon avustukset, syksy 2025<\/a><br \/>\n<a href=\"https:\/\/taiyo.fi\/wp-content\/uploads\/2025\/03\/Paatos_-TaiYon-avustukset-kevat-2025.pdf\">TaiYon avustukset, kev\u00e4t 2025<\/a><br \/>\n<a href=\"https:\/\/taiyo.fi\/wp-content\/uploads\/2025\/06\/Avustukset-taydentava-esitys-kevat-2025.pdf\">TaiYon avustukset, kev\u00e4t 2025, lis\u00e4jako<\/a><\/p>","protected":false},"excerpt":{"rendered":"<p>Vaaliasiakirjat 2025 T\u00e4ydennysvaalin tulos 2025 (5.11.2025) Lopullinen ehdokaslista 2025 Valittu ilman vaaleja 2025 Vaalijulistus 2025 T\u00e4ydennys vaalijulistukseen 7.10.2025 Vaalimainonnan ohjeet Keskusvaalilautakunnan asiakirjat [&hellip;]<\/p>\n","protected":false},"author":13,"featured_media":0,"parent":2,"menu_order":0,"comment_status":"closed","ping_status":"closed","template":"page-templates\/page_fullwidth.php","meta":{"_coblocks_attr":"","_coblocks_dimensions":"","_coblocks_responsive_height":"","_coblocks_accordion_ie_support":"","_crdt_document":"","advanced_seo_description":"","jetpack_seo_html_title":"","jetpack_seo_noindex":false,"footnotes":""},"class_list":["post-15906","page","type-page","status-publish","hentry"],"jetpack_sharing_enabled":true,"jetpack_shortlink":"https:\/\/wp.me\/P2w00X-48y","jetpack_likes_enabled":true,"amp_enabled":false,"_links":{"self":[{"href":"https:\/\/taiyo.fi\/sv\/wp-json\/wp\/v2\/pages\/15906","targetHints":{"allow":["GET"]}}],"collection":[{"href":"https:\/\/taiyo.fi\/sv\/wp-json\/wp\/v2\/pages"}],"about":[{"href":"https:\/\/taiyo.fi\/sv\/wp-json\/wp\/v2\/types\/page"}],"author":[{"embeddable":true,"href":"https:\/\/taiyo.fi\/sv\/wp-json\/wp\/v2\/users\/13"}],"replies":[{"embeddable":true,"href":"https:\/\/taiyo.fi\/sv\/wp-json\/wp\/v2\/comments?post=15906"}],"version-history":[{"count":4,"href":"https:\/\/taiyo.fi\/sv\/wp-json\/wp\/v2\/pages\/15906\/revisions"}],"predecessor-version":[{"id":15937,"href":"https:\/\/taiyo.fi\/sv\/wp-json\/wp\/v2\/pages\/15906\/revisions\/15937"}],"up":[{"embeddable":true,"href":"https:\/\/taiyo.fi\/sv\/wp-json\/wp\/v2\/pages\/2"}],"wp:attachment":[{"href":"https:\/\/taiyo.fi\/sv\/wp-json\/wp\/v2\/media?parent=15906"}],"curies":[{"name":"wp","href":"https:\/\/api.w.org\/{rel}","templated":true}]}}