{"id":15266,"date":"2025-08-25T15:52:30","date_gmt":"2025-08-25T13:52:30","guid":{"rendered":"https:\/\/taiyo.fi\/?page_id=15266"},"modified":"2025-10-22T13:05:29","modified_gmt":"2025-10-22T11:05:29","slug":"keskusvaalilautakunta","status":"publish","type":"page","link":"https:\/\/taiyo.fi\/sv\/vaalit\/keskusvaalilautakunta\/","title":{"rendered":"Centralvaln\u00e4mnd"},"content":{"rendered":"<p>Centralvaln\u00e4mnd ansvar om delegationsval.<\/p>\n<h4>Centralvaln\u00e4mnd 2025<\/h4>\n<p>Artturi Vuorinen (ordf\u00f6rande)<br \/>\nElli Kujansuu (vice ordf\u00f6rande)<br \/>\nSara Koiranen<br \/>\nWilljam Tigerstedt<\/p>\n<p>Generalsekreterare Jane K\u00e4rn\u00e4 \u00e4r ocks\u00e5 sekreterare till centralvaln\u00e4mnd.<\/p>\n<p>&nbsp;<\/p>\n<h4>Centralvaln\u00e4mnds dokumenter<\/h4>\n<p><strong>P\u00e4\u00e4t\u00f6sluettelot<\/strong><\/p>\n<p><a href=\"https:\/\/taiyo.fi\/wp-content\/uploads\/2025\/08\/KVL-paatosluettelo-1-2025.pdf\">Centralvaln\u00e4mnd m\u00f6te 1-2025 (bara p\u00e5 finska)<\/a> (11.8.)<br \/>\n<a href=\"https:\/\/taiyo.fi\/wp-content\/uploads\/2025\/10\/KVL-paatosluettelo-2-2025.pdf\">KVL p\u00e4\u00e4t\u00f6sluettelo 2-2025<\/a> (7.10.)<br \/>\n<a href=\"https:\/\/taiyo.fi\/wp-content\/uploads\/2025\/10\/KVL-paatosluettelo-3-2025.pdf\">KVL p\u00e4\u00e4t\u00f6sluettelo 3-2025<\/a> (13.-14.10.)<\/p>\n<p><strong>Val dokumenter<\/strong><\/p>\n<p><a href=\"https:\/\/taiyo.fi\/wp-content\/uploads\/2025\/10\/Lopullinen-ehdokaslista-2025.pdf\">Slutliga kandidatlistan 2025<\/a><\/p>\n<p><a href=\"https:\/\/taiyo.fi\/wp-content\/uploads\/2025\/10\/Valittu-ilman-vaaleja-2025.pdf\">Vald in i delegationen utan val 2025<\/a><\/p>\n<p><a href=\"https:\/\/taiyo.fi\/wp-content\/uploads\/2025\/08\/Kungorelse-om-val-2025-1.pdf\">Kung\u00f6relse om val 2025<\/a><br \/>\n<a href=\"https:\/\/taiyo.fi\/wp-content\/uploads\/2025\/10\/KVL-2-2025-Taydennys-vaalijulistukseen-7.10.2025.pdf\">T\u00e4ydennys vaalijulistukseen 7.10.2025<\/a><\/p>\n<p><a href=\"https:\/\/taiyo.fi\/wp-content\/uploads\/2025\/10\/Paivitetyt-vaalimainonnanohjeet-2025.pdf\">Vaalimainonnan ohjeet 2025<\/a><\/p>","protected":false},"excerpt":{"rendered":"<p>Keskusvaalilautakunta vastaa vaalien toteutumisesta. Keskusvaalilautakunnan kokoonpano 2025 Artturi Vuorinen (puheenjohtaja) Elli Kujansuu (varapuheenjohtaja) Sara Koiranen Willjam Tigerstedt Keskusvaalilautakunnan sihteerin\u00e4 toimii ylioppilaskunnan p\u00e4\u00e4sihteeri [&hellip;]<\/p>\n","protected":false},"author":16,"featured_media":0,"parent":15196,"menu_order":4,"comment_status":"closed","ping_status":"closed","template":"","meta":{"_coblocks_attr":"","_coblocks_dimensions":"","_coblocks_responsive_height":"","_coblocks_accordion_ie_support":"","_crdt_document":"","advanced_seo_description":"","jetpack_seo_html_title":"","jetpack_seo_noindex":false,"footnotes":""},"class_list":["post-15266","page","type-page","status-publish","hentry"],"jetpack_sharing_enabled":true,"jetpack_shortlink":"https:\/\/wp.me\/P2w00X-3Ye","jetpack_likes_enabled":true,"amp_enabled":true,"_links":{"self":[{"href":"https:\/\/taiyo.fi\/sv\/wp-json\/wp\/v2\/pages\/15266","targetHints":{"allow":["GET"]}}],"collection":[{"href":"https:\/\/taiyo.fi\/sv\/wp-json\/wp\/v2\/pages"}],"about":[{"href":"https:\/\/taiyo.fi\/sv\/wp-json\/wp\/v2\/types\/page"}],"author":[{"embeddable":true,"href":"https:\/\/taiyo.fi\/sv\/wp-json\/wp\/v2\/users\/16"}],"replies":[{"embeddable":true,"href":"https:\/\/taiyo.fi\/sv\/wp-json\/wp\/v2\/comments?post=15266"}],"version-history":[{"count":11,"href":"https:\/\/taiyo.fi\/sv\/wp-json\/wp\/v2\/pages\/15266\/revisions"}],"predecessor-version":[{"id":15557,"href":"https:\/\/taiyo.fi\/sv\/wp-json\/wp\/v2\/pages\/15266\/revisions\/15557"}],"up":[{"embeddable":true,"href":"https:\/\/taiyo.fi\/sv\/wp-json\/wp\/v2\/pages\/15196"}],"wp:attachment":[{"href":"https:\/\/taiyo.fi\/sv\/wp-json\/wp\/v2\/media?parent=15266"}],"curies":[{"name":"wp","href":"https:\/\/api.w.org\/{rel}","templated":true}]}}