{"id":15251,"date":"2025-08-25T15:10:12","date_gmt":"2025-08-25T13:10:12","guid":{"rendered":"https:\/\/taiyo.fi\/?page_id=15251"},"modified":"2025-11-11T13:16:15","modified_gmt":"2025-11-11T11:16:15","slug":"aanesta","status":"publish","type":"page","link":"https:\/\/taiyo.fi\/sv\/vaalit\/aanesta\/","title":{"rendered":"R\u00f6sta"},"content":{"rendered":"<p>&nbsp;<\/p>\n<p>R\u00f6sta i Konstuniversitetets studentk\u00e5rs delegationsvalet: <a href=\"https:\/\/vaalit.trevea.fi\/taiyo\/\">L\u00c4NK TILL R\u00d6STNING<\/a><\/p>\n<p><span class=\"TextRun SCXW201213061 BCX0\" lang=\"FI-FI\" xml:lang=\"FI-FI\" data-contrast=\"none\"><span class=\"NormalTextRun SCXW201213061 BCX0\">Delegationsvalets valdagarna \u00e4r <\/span><\/span><\/p>\n<ul>\n<li><span class=\"TextRun SCXW201213061 BCX0\" lang=\"FI-FI\" xml:lang=\"FI-FI\" data-contrast=\"none\"><span class=\"NormalTextRun SCXW201213061 BCX0\">torsday 30.10 <\/span><\/span><\/li>\n<li><span class=\"TextRun SCXW201213061 BCX0\" lang=\"FI-FI\" xml:lang=\"FI-FI\" data-contrast=\"none\"><span class=\"NormalTextRun SCXW201213061 BCX0\">tisdag 4.11 och<\/span><\/span><\/li>\n<li><span class=\"TextRun SCXW201213061 BCX0\" lang=\"FI-FI\" xml:lang=\"FI-FI\" data-contrast=\"none\"><span class=\"NormalTextRun SCXW201213061 BCX0\">onsdag 5.11 <\/span><\/span><\/li>\n<\/ul>\n<p><span class=\"TextRun SCXW201213061 BCX0\" lang=\"FI-FI\" xml:lang=\"FI-FI\" data-contrast=\"none\"><span class=\"NormalTextRun SCXW201213061 BCX0\">R\u00f6stning \u00e4r \u00f6ppen<\/span><span class=\"NormalTextRun ContextualSpellingAndGrammarErrorV2Themed SCXW201213061 BCX0\">\u00e4 <\/span><span class=\"NormalTextRun ContextualSpellingAndGrammarErrorV2Themed SCXW201213061 BCX0\">klo 8-<\/span><span class=\"NormalTextRun ContextualSpellingAndGrammarErrorV2Themed SCXW201213061 BCX0\">20<\/span><span class=\"NormalTextRun SCXW201213061 BCX0\">R\u00f6stningen \u00e4r elektronisk och h\u00e4nder p\u00e5 n\u00e4tet<\/span><span class=\"NormalTextRun SpellingErrorV2Themed SCXW201213061 BCX0\">\u00e4 <\/span><span class=\"NormalTextRun SpellingErrorV2Themed SCXW201213061 BCX0\">uniar<\/span><span class=\"NormalTextRun SpellingErrorV2Themed SCXW201213061 BCX0\">ts<\/span><span class=\"NormalTextRun SCXW201213061 BCX0\">-tunnuksilla.\u00a0<\/span><\/span><span class=\"LineBreakBlob BlobObject DragDrop SCXW201213061 BCX0\"><br class=\"SCXW201213061 BCX0\" \/><\/span><span class=\"LineBreakBlob BlobObject DragDrop SCXW201213061 BCX0\"><span class=\"SCXW201213061 BCX0\">\u00a0<\/span><br class=\"SCXW201213061 BCX0\" \/><\/span><span class=\"TextRun SCXW201213061 BCX0\" lang=\"FI-FI\" xml:lang=\"FI-FI\" data-contrast=\"none\"><span class=\"NormalTextRun SCXW201213061 BCX0\">Alla studentk\u00e5rsmedlemmar som<\/span><span class=\"NormalTextRun ContextualSpellingAndGrammarErrorV2Themed SCXW201213061 BCX0\">i <\/span><span class=\"NormalTextRun ContextualSpellingAndGrammarErrorV2Themed SCXW201213061 BCX0\">har registrerat sig f\u00f6r att n\u00e4rvara senast den 6 oktober har r\u00f6str\u00e4tt.<\/span><\/span><\/p>\n<p>Det vill s\u00e4ga, <span class=\"TextRun SCXW201213061 BCX0\" lang=\"FI-FI\" xml:lang=\"FI-FI\" data-contrast=\"none\"><span class=\"NormalTextRun SCXW201213061 BCX0\">kandidaatin tai maisterin tutkintoa suorittavat Taideyliopiston opiskelijat sek\u00e4 erikseen ylioppilaskuntaan liittyneet vaihto-opiskelijat ja v\u00e4it\u00f6stutkijat. Kullakin \u00e4\u00e4nioikeutetulla on k\u00e4yt\u00f6ss\u00e4\u00e4n yksi (1) \u00e4\u00e4ni.<\/span><\/span><span class=\"LineBreakBlob BlobObject DragDrop SCXW201213061 BCX0\"><span class=\"SCXW201213061 BCX0\">\u00a0<\/span><br class=\"SCXW201213061 BCX0\" \/><\/span><span class=\"LineBreakBlob BlobObject DragDrop SCXW201213061 BCX0\"><span class=\"SCXW201213061 BCX0\">\u00a0<\/span><\/span><\/p>\n<p><span class=\"LineBreakBlob BlobObject DragDrop SCXW201213061 BCX0\">Den slutgiltiga kandidatlistan f\u00f6r delegationsvalet: <a href=\"https:\/\/taiyo.fi\/wp-content\/uploads\/2025\/10\/Lopullinen-ehdokaslista-2025.pdf\">Slutliga kandidatlistan 2025<\/a><\/span><\/p>","protected":false},"excerpt":{"rendered":"<p>&nbsp; \u00c4\u00e4nest\u00e4 Taideyliopiston ylioppilaskunnan edustajistovaaleissa: LINKKI \u00c4\u00c4NESTYKSEEN Edustajistovaalien \u00e4\u00e4nestysp\u00e4iv\u00e4t ovat torstai 30.10., tiistai 4.11. ja keskiviikko 5.11. \u00c4\u00e4nestys on auki \u00e4\u00e4nestysp\u00e4ivin\u00e4 klo [&hellip;]<\/p>\n","protected":false},"author":16,"featured_media":0,"parent":15196,"menu_order":1,"comment_status":"closed","ping_status":"closed","template":"","meta":{"_coblocks_attr":"","_coblocks_dimensions":"","_coblocks_responsive_height":"","_coblocks_accordion_ie_support":"","_crdt_document":"","advanced_seo_description":"","jetpack_seo_html_title":"","jetpack_seo_noindex":false,"footnotes":""},"class_list":["post-15251","page","type-page","status-publish","hentry"],"jetpack_sharing_enabled":true,"jetpack_shortlink":"https:\/\/wp.me\/P2w00X-3XZ","jetpack_likes_enabled":true,"amp_enabled":true,"_links":{"self":[{"href":"https:\/\/taiyo.fi\/sv\/wp-json\/wp\/v2\/pages\/15251","targetHints":{"allow":["GET"]}}],"collection":[{"href":"https:\/\/taiyo.fi\/sv\/wp-json\/wp\/v2\/pages"}],"about":[{"href":"https:\/\/taiyo.fi\/sv\/wp-json\/wp\/v2\/types\/page"}],"author":[{"embeddable":true,"href":"https:\/\/taiyo.fi\/sv\/wp-json\/wp\/v2\/users\/16"}],"replies":[{"embeddable":true,"href":"https:\/\/taiyo.fi\/sv\/wp-json\/wp\/v2\/comments?post=15251"}],"version-history":[{"count":9,"href":"https:\/\/taiyo.fi\/sv\/wp-json\/wp\/v2\/pages\/15251\/revisions"}],"predecessor-version":[{"id":15681,"href":"https:\/\/taiyo.fi\/sv\/wp-json\/wp\/v2\/pages\/15251\/revisions\/15681"}],"up":[{"embeddable":true,"href":"https:\/\/taiyo.fi\/sv\/wp-json\/wp\/v2\/pages\/15196"}],"wp:attachment":[{"href":"https:\/\/taiyo.fi\/sv\/wp-json\/wp\/v2\/media?parent=15251"}],"curies":[{"name":"wp","href":"https:\/\/api.w.org\/{rel}","templated":true}]}}