{"id":15245,"date":"2025-08-25T15:04:25","date_gmt":"2025-08-25T13:04:25","guid":{"rendered":"https:\/\/taiyo.fi\/?page_id=15245"},"modified":"2025-10-07T19:59:57","modified_gmt":"2025-10-07T17:59:57","slug":"lahde-ehdolle","status":"publish","type":"page","link":"https:\/\/taiyo.fi\/sv\/vaalit\/lahde-ehdolle\/","title":{"rendered":"Kandidatupst\u00e4llning"},"content":{"rendered":"<p><span class=\"NormalTextRun SCXW245169115 BCX0\">Ehdolle Taideyliopiston ylioppilaskunnan edustajistovaalien t\u00e4ydennysvaaleissa voi asettua <\/span><span class=\"NormalTextRun SCXW245169115 BCX0\">keskiviikosta 8<\/span><span class=\"NormalTextRun SCXW245169115 BCX0\">.10. alkaen maanantaihin 13.10. klo 14 asti. T\u00e4lt\u00e4 sivulta l\u00f6yd\u00e4t tietoa <\/span><span class=\"NormalTextRun SCXW245169115 BCX0\">om bland annat <\/span><span class=\"NormalTextRun SCXW245169115 BCX0\">siit\u00e4<\/span><span class=\"NormalTextRun SCXW245169115 BCX0\"> vem som kan kandidera och hur man kan kandiderar.<\/span><\/p>\n<p>&nbsp;<\/p>\n<h4>Vem kan kandidera?<\/h4>\n<p><span data-contrast=\"none\">Alla medlemmar i Konstuniversitetets studentk\u00e5r kan kandidera. <\/span><span data-ccp-props=\"{}\">\u00a0<\/span><\/p>\n<p><span data-contrast=\"none\">Du \u00e4r studentk\u00e5rens medlem om:<\/span><span data-ccp-props=\"{}\">\u00a0<\/span><\/p>\n<ul>\n<li><span data-contrast=\"none\">du avl\u00e4gger en kandidat- eller magisterexamen vid Konstuniversitetet och har registrerat dig n\u00e4rvarande eller fr\u00e5mvarande f\u00f6r l\u00e4s\u00e5ret 2025-2026<br \/>\n<em>ELLER<\/em><\/span><em>\u00a0<\/em><\/li>\n<li><span data-contrast=\"none\">du \u00e4r utbytesstudent eller doktorand som separat har g\u00e5tt med i studentk\u00e5ren genom att betala medlemsavgiften<\/span><span data-ccp-props=\"{}\">\u00a0<\/span><\/li>\n<\/ul>\n<p>&nbsp;<\/p>\n<h4>Hur kan man kandidera?<\/h4>\n<p><span class=\"TextRun SCXW58958097 BCX0\" lang=\"FI-FI\" xml:lang=\"FI-FI\" data-contrast=\"none\"><span class=\"NormalTextRun SCXW58958097 BCX0\">Ehdokkaaksi asetutaan t\u00e4ytt\u00e4m\u00e4ll\u00e4 ehdokasilmoituslomake 13.10. klo 14 menness\u00e4.<br \/>\n<\/span><\/span><span class=\"LineBreakBlob BlobObject DragDrop SCXW58958097 BCX0\"><br class=\"SCXW58958097 BCX0\" \/><\/span><a href=\"https:\/\/forms.office.com\/e\/t8VVkjqgKv\"><span class=\"TextRun SCXW58958097 BCX0\" lang=\"FI-FI\" xml:lang=\"FI-FI\" data-contrast=\"none\"><span class=\"NormalTextRun SCXW58958097 BCX0\">L\u00e4nk till kandidatanm\u00e4lansformul\u00e4ret\u00a0<\/span><\/span><\/a><\/p>","protected":false},"excerpt":{"rendered":"<p>Ehdolle Taideyliopiston ylioppilaskunnan edustajistovaalien t\u00e4ydennysvaaleissa voi asettua keskiviikosta 8.10. alkaen maanantaihin 13.10. klo 14 asti. T\u00e4lt\u00e4 sivulta l\u00f6yd\u00e4t tietoa muun muassa siit\u00e4 [&hellip;]<\/p>\n","protected":false},"author":16,"featured_media":0,"parent":15196,"menu_order":0,"comment_status":"closed","ping_status":"closed","template":"","meta":{"_coblocks_attr":"","_coblocks_dimensions":"","_coblocks_responsive_height":"","_coblocks_accordion_ie_support":"","_crdt_document":"","advanced_seo_description":"","jetpack_seo_html_title":"","jetpack_seo_noindex":false,"footnotes":""},"class_list":["post-15245","page","type-page","status-publish","hentry"],"jetpack_sharing_enabled":true,"jetpack_shortlink":"https:\/\/wp.me\/P2w00X-3XT","jetpack_likes_enabled":true,"amp_enabled":true,"_links":{"self":[{"href":"https:\/\/taiyo.fi\/sv\/wp-json\/wp\/v2\/pages\/15245","targetHints":{"allow":["GET"]}}],"collection":[{"href":"https:\/\/taiyo.fi\/sv\/wp-json\/wp\/v2\/pages"}],"about":[{"href":"https:\/\/taiyo.fi\/sv\/wp-json\/wp\/v2\/types\/page"}],"author":[{"embeddable":true,"href":"https:\/\/taiyo.fi\/sv\/wp-json\/wp\/v2\/users\/16"}],"replies":[{"embeddable":true,"href":"https:\/\/taiyo.fi\/sv\/wp-json\/wp\/v2\/comments?post=15245"}],"version-history":[{"count":8,"href":"https:\/\/taiyo.fi\/sv\/wp-json\/wp\/v2\/pages\/15245\/revisions"}],"predecessor-version":[{"id":15475,"href":"https:\/\/taiyo.fi\/sv\/wp-json\/wp\/v2\/pages\/15245\/revisions\/15475"}],"up":[{"embeddable":true,"href":"https:\/\/taiyo.fi\/sv\/wp-json\/wp\/v2\/pages\/15196"}],"wp:attachment":[{"href":"https:\/\/taiyo.fi\/sv\/wp-json\/wp\/v2\/media?parent=15245"}],"curies":[{"name":"wp","href":"https:\/\/api.w.org\/{rel}","templated":true}]}}