{"id":13105,"date":"2023-12-15T10:35:04","date_gmt":"2023-12-15T08:35:04","guid":{"rendered":"https:\/\/taiyo.fi\/?page_id=13105"},"modified":"2025-11-10T11:01:28","modified_gmt":"2025-11-10T09:01:28","slug":"unisport-yliopistolaisten-oma-liikuntakeskus","status":"publish","type":"page","link":"https:\/\/taiyo.fi\/sv\/unisport-yliopistolaisten-oma-liikuntakeskus\/","title":{"rendered":"UniSport \u2013 Universitetsgemenskapens eget sportcenter"},"content":{"rendered":"<p>UniSport erbjuder f\u00f6rm\u00e5nliga och h\u00f6gklassiga motions- och h\u00e4lsotj\u00e4nster f\u00f6r alla vid universiteten \u2013 oavsett om du vill kanalisera din energi i gymmet, utmana dina v\u00e4nner i badminton eller lugna ditt sinne med st\u00e4rkande hathayoga.<\/p>\n<p>UniSport \u00e4r den gemensamma tillhandah\u00e5llaren av motions- och h\u00e4lsotj\u00e4nster f\u00f6r Helsingfors universitet, Konstuniversitetet, Hanken och Aalto-universitetet. Du kan komma till UniSport precis som du \u00e4r.<\/p>\n<ul>\n<li><a href=\"https:\/\/www.unisport.fi\/sv\/bli-kund\/guide-fr-nybrjare\">Guide f\u00f6r nyb\u00f6rjare<\/a><\/li>\n<li><a href=\"https:\/\/www.unisport.fi\/sv\/motionscentrum-och-oppettider\">Motionscentrum<\/a><\/li>\n<li><a href=\"https:\/\/www.unisport.fi\/sv\">UniSport<\/a><\/li>\n<\/ul>\n<p><strong>https:\/\/www.unisport.fi\/en<\/strong><\/p>\n<p>Med det f\u00f6rm\u00e5nliga medlemskapet kan du motionera i gymmet, i bollspelsgrupper och delta i gruppmotion i UniSports motionscenter, p\u00e5 campus samt p\u00e5 distans. I UniSports utbud finns dessutom bland annat massage, olika kurser och personal training-tj\u00e4nster. Som universitetsmedlem f\u00e5r du avgiftsfritt tillg\u00e5ng till UniSports tj\u00e4nster f\u00f6r pausgympa.<\/p>\n<p><strong>Det f\u00f6rsta bes\u00f6ket \u00e4r kostnadsfritt f\u00f6r nya kunder!<\/strong><\/p>\n<p><strong>L\u00e4s mer om UniSports tj\u00e4nster:<\/strong><\/p>\n<ul>\n<li><a href=\"https:\/\/www.unisport.fi\/sv\/medlemstjanster\">Medlemstj\u00e4nster<\/a><\/li>\n<li><a href=\"https:\/\/www.unisport.fi\/sv\/produkter-och-priser\">Produkter och priser<\/a><\/li>\n<li><a href=\"https:\/\/www.unisport.fi\/sv\/andra-tjanster\">\u00d6vriga tj\u00e4nster<\/a><\/li>\n<\/ul>\n<p><strong>Avgiftsfria tj\u00e4nster f\u00f6r pausgympa<\/strong><\/p>\n<ul>\n<li><a href=\"https:\/\/www.unisport.fi\/sv\/taukoliikuntapalvelut\/take-break\">Take a break! -pausgymnastikstunder<\/a><\/li>\n<li><a href=\"https:\/\/www.unisport.fi\/sv\/break-exercise-services\/video-recordings\">Videoinspelningar<\/a><\/li>\n<li><a href=\"https:\/\/www.unisport.fi\/sv\/taukoliikuntapalvelut\/break-pro-taukoliikuntaohjelmisto\">Pausgymnastikprogrammet Break Pro<\/a><\/li>\n<\/ul>\n<p>&nbsp;<\/p>\n<p>L\u00e4s mera om UniSport h\u00e4r:\u00a0<a href=\"https:\/\/www.unisport.fi\/sv\">https:\/\/www.unisport.fi\/sv<\/a><\/p>","protected":false},"excerpt":{"rendered":"<p>UniSport tarjoaa edullisia ja laadukkaita liikunta- ja hyvinvointipalveluita yliopistolaisten tarpeisiin \u2013 halusitpa sitten kanavoida energiaasi kuntosalilla, haastaa kaverisi sulkapallossa tai rauhoittaa mielt\u00e4si [&hellip;]<\/p>\n","protected":false},"author":13,"featured_media":0,"parent":0,"menu_order":0,"comment_status":"closed","ping_status":"closed","template":"","meta":{"_coblocks_attr":"","_coblocks_dimensions":"","_coblocks_responsive_height":"","_coblocks_accordion_ie_support":"","_crdt_document":"","advanced_seo_description":"","jetpack_seo_html_title":"","jetpack_seo_noindex":false,"footnotes":""},"class_list":["post-13105","page","type-page","status-publish","hentry"],"jetpack_sharing_enabled":true,"jetpack_shortlink":"https:\/\/wp.me\/P2w00X-3pn","jetpack_likes_enabled":true,"amp_enabled":true,"_links":{"self":[{"href":"https:\/\/taiyo.fi\/sv\/wp-json\/wp\/v2\/pages\/13105","targetHints":{"allow":["GET"]}}],"collection":[{"href":"https:\/\/taiyo.fi\/sv\/wp-json\/wp\/v2\/pages"}],"about":[{"href":"https:\/\/taiyo.fi\/sv\/wp-json\/wp\/v2\/types\/page"}],"author":[{"embeddable":true,"href":"https:\/\/taiyo.fi\/sv\/wp-json\/wp\/v2\/users\/13"}],"replies":[{"embeddable":true,"href":"https:\/\/taiyo.fi\/sv\/wp-json\/wp\/v2\/comments?post=13105"}],"version-history":[{"count":4,"href":"https:\/\/taiyo.fi\/sv\/wp-json\/wp\/v2\/pages\/13105\/revisions"}],"predecessor-version":[{"id":15658,"href":"https:\/\/taiyo.fi\/sv\/wp-json\/wp\/v2\/pages\/13105\/revisions\/15658"}],"wp:attachment":[{"href":"https:\/\/taiyo.fi\/sv\/wp-json\/wp\/v2\/media?parent=13105"}],"curies":[{"name":"wp","href":"https:\/\/api.w.org\/{rel}","templated":true}]}}