{"id":12470,"date":"2023-05-31T15:16:11","date_gmt":"2023-05-31T13:16:11","guid":{"rendered":"https:\/\/taiyo.fi\/?page_id=12470"},"modified":"2023-05-31T15:16:11","modified_gmt":"2023-05-31T13:16:11","slug":"turvallisempi-tila-ja-toimintaohjeet","status":"publish","type":"page","link":"https:\/\/taiyo.fi\/sv\/turvallisempi-tila-ja-toimintaohjeet\/","title":{"rendered":"Turvallisempi tila ja toimintaohjeet"},"content":{"rendered":"<p>Ylioppilaskunnalla ja yliopistolla on erilaisia linjauksia, periaatteita ja toimintaohjeita, joilla pyrit\u00e4\u00e4n varmistamaan koko yliopistoyhteis\u00f6n hyvinvointi, turvallisuus ja inklusiivisuus. K\u00e4yt\u00e4nn\u00f6ss\u00e4 jokaisen yhteis\u00f6mme j\u00e4senen vastuulla on tiet\u00e4\u00e4, ett\u00e4 erilaisia linjauksia ja toimintaohjeita on olemassa ja mist\u00e4 ne l\u00f6ytyv\u00e4t, nostaa ne tarvittaessa esille erilaisissa keskusteluissa ja toimia n\u00e4iden ohjeistusten pohjalta.<\/p>\n<p>Seuraavassa on lyhyesti esitelty erilaiset voimassa olevat ohjeistukset ja yhteydenottotahot mahdollisissa h\u00e4irint\u00e4-, ristiriita- tai muissa ep\u00e4asiallisen k\u00e4yt\u00f6ksen tilanteissa.<\/p>\n<p>Taideyliopiston eettiset periaatteet <a href=\"https:\/\/www.uniarts.fi\/yleistieto\/taideyliopiston-eettiset-periaatteet\/\">(linkki)<\/a> l\u00f6ytyv\u00e4t yliopiston verkkosivuilta ja ohjaavat kaikkea yliopistoyhteis\u00f6n toimintaa. Eettisten periaatteiden tarkoitus on varmistaa, ett\u00e4 yliopistoymp\u00e4rist\u00f6 on turvallinen, terveellinen ja innostava.<\/p>\n<p>Taideyliopiston ylioppilaskunnan turvallisemman tilan periaatteiden <a href=\"https:\/\/taiyo.fi\/sv\/turvallisemman-tilan-periaatteet\/\">(linkki)<\/a> tarkoituksena on rakentaa yhdenvertaista ja mukaan ottavaa ilmapiiri\u00e4, jossa jokainen ylioppilaskunnan toimintaan ja tapahtumiin osallistuva voi tuntea kuuluvansa sek\u00e4 tuntea olonsa turvalliseksi. Periaatteet ovat voimassa kaikessa ylioppilaskunnan toiminnassa ja tapahtumissa, ja kaikkien n\u00e4ihin osallistuvien edellytet\u00e4\u00e4n sitoutuvan niihin.<\/p>\n<p>Taideyliopistolla on my\u00f6s toimintaohjeet erilaisten ristiriitatilanteiden ja ep\u00e4asiallisen k\u00e4ytt\u00e4ytymisen varalle. Koko ohjeistuksen l\u00f6yd\u00e4t <a href=\"https:\/\/opiskelija.uniarts.fi\/ohjeet\/toimintaohje-ristiriitatilanteiden-ja-epaasiallisen-kayttaytymisen-varalle\/\">finns h\u00e4r (l\u00e4nk)<\/a>. T\u00e4llaisissa tilanteissa voit olla yhteydess\u00e4:<\/p>\n<ul>\n<li>ylioppilaskunnan h\u00e4irint\u00e4yhdyshenkil\u00f6ihin. H\u00e4irint\u00e4yhdyshenkil\u00f6iden yhteystiedot l\u00f6ytyv\u00e4t <a href=\"https:\/\/taiyo.fi\/sv\/ylioppilaskunta\/yhteystiedot\/#h%C3%A4irint%C3%A4yhdyshenkil%C3%B6t\">finns h\u00e4r (l\u00e4nk)<\/a><\/li>\n<li>yliopiston tasa-arvo- ja yhdenvertaisuusvastaavaan <a href=\"https:\/\/opiskelija.uniarts.fi\/ohjeet\/toimintaohje-ristiriitatilanteiden-ja-epaasiallisen-kayttaytymisen-varalle\/#opiskelijoiden-yhteyshenkilot-hairintatilanteissa\">(lis\u00e4tietoa, linkki)<\/a><\/li>\n<li>opintopsykologeihin <a href=\"https:\/\/opiskelija.uniarts.fi\/yleistieto\/opintopsykologi-ja-pappi\/\">(lis\u00e4tietoa, linkki)<\/a><\/li>\n<li>yliopistopappiin <a href=\"https:\/\/opiskelija.uniarts.fi\/yleistieto\/opintopsykologi-ja-pappi\/#helsingin-kampuksen-yliopistopappi:~:text=Opintopsykologien%20yhteystiedot-,Helsingin%20kampuksen%20yliopistopappi,-Kuopion%20kampuksen%20oppilaitospappi\">(lis\u00e4tietoa, linkki)<\/a><\/li>\n<li>ylioppilaskunnan ty\u00f6ntekij\u00f6ihin <a href=\"https:\/\/taiyo.fi\/sv\/ylioppilaskunta\/yhteystiedot\/#ty%C3%B6ntekij%C3%A4t\">(yhteystiedot, linkki)<\/a><\/li>\n<\/ul>\n<p>Taideyliopistolla on lis\u00e4ksi p\u00e4ihdeohjelma <a href=\"https:\/\/opiskelija.uniarts.fi\/yleistieto\/toimenpiteita-paihteiden-kayton-ehkaisemiseksi\/\">(linkki)<\/a>, joka sis\u00e4lt\u00e4\u00e4 toimenpiteit\u00e4 opiskelijoiden p\u00e4ihteiden k\u00e4yt\u00f6n ehk\u00e4isemiseksi ja ongelmatilanteisiin puuttumisen tueksi.<\/p>","protected":false},"excerpt":{"rendered":"<p>Ylioppilaskunnalla ja yliopistolla on erilaisia linjauksia, periaatteita ja toimintaohjeita, joilla pyrit\u00e4\u00e4n varmistamaan koko yliopistoyhteis\u00f6n hyvinvointi, turvallisuus ja inklusiivisuus. K\u00e4yt\u00e4nn\u00f6ss\u00e4 jokaisen yhteis\u00f6mme j\u00e4senen [&hellip;]<\/p>\n","protected":false},"author":13,"featured_media":0,"parent":0,"menu_order":0,"comment_status":"closed","ping_status":"closed","template":"","meta":{"_coblocks_attr":"","_coblocks_dimensions":"","_coblocks_responsive_height":"","_coblocks_accordion_ie_support":"","_crdt_document":"","advanced_seo_description":"","jetpack_seo_html_title":"","jetpack_seo_noindex":false,"footnotes":""},"class_list":["post-12470","page","type-page","status-publish","hentry"],"jetpack_sharing_enabled":true,"jetpack_shortlink":"https:\/\/wp.me\/P2w00X-3f8","jetpack_likes_enabled":true,"amp_enabled":true,"_links":{"self":[{"href":"https:\/\/taiyo.fi\/sv\/wp-json\/wp\/v2\/pages\/12470","targetHints":{"allow":["GET"]}}],"collection":[{"href":"https:\/\/taiyo.fi\/sv\/wp-json\/wp\/v2\/pages"}],"about":[{"href":"https:\/\/taiyo.fi\/sv\/wp-json\/wp\/v2\/types\/page"}],"author":[{"embeddable":true,"href":"https:\/\/taiyo.fi\/sv\/wp-json\/wp\/v2\/users\/13"}],"replies":[{"embeddable":true,"href":"https:\/\/taiyo.fi\/sv\/wp-json\/wp\/v2\/comments?post=12470"}],"version-history":[{"count":2,"href":"https:\/\/taiyo.fi\/sv\/wp-json\/wp\/v2\/pages\/12470\/revisions"}],"predecessor-version":[{"id":12472,"href":"https:\/\/taiyo.fi\/sv\/wp-json\/wp\/v2\/pages\/12470\/revisions\/12472"}],"wp:attachment":[{"href":"https:\/\/taiyo.fi\/sv\/wp-json\/wp\/v2\/media?parent=12470"}],"curies":[{"name":"wp","href":"https:\/\/api.w.org\/{rel}","templated":true}]}}