{"id":12282,"date":"2023-05-03T13:42:10","date_gmt":"2023-05-03T11:42:10","guid":{"rendered":"https:\/\/taiyo.fi\/?page_id=12282"},"modified":"2025-09-23T14:23:41","modified_gmt":"2025-09-23T12:23:41","slug":"tapahtumat","status":"publish","type":"page","link":"https:\/\/taiyo.fi\/sv\/tapahtumat\/","title":{"rendered":"Evenemang"},"content":{"rendered":"<p>TaiYo organiserar olika evenemang till sina medlemmar - f\u00f6lj h\u00e4r vad \u00e4r p\u00e5 kommande! Mera information p\u00e5 varje evenemangs egen sida!<\/p>\n<h4>Kommande evenemang:<\/h4>\n<h5>H\u00f6st 2025<\/h5>\n<p>10.10. <a href=\"https:\/\/taiyo.fi\/sv\/2025\/09\/23\/taiyo-12-vee-synttaribileet\/\">TaiYon syntt\u00e4ribileet!<\/a><br \/>\n30.10. &amp; 4.-5.11. <a href=\"http:\/\/taiyo.fi\/sv\/vaalit\/\">Edustajistovaalit<\/a><\/p>\n<p>6.12 Sj\u00e4lvst\u00e4ndighetsdags studenternas fackelt\u00e5g<\/p>\n<p>TBA International students' evening<\/p>\n<h4>Tidigare evenemang<\/h4>\n<h5>Sommer 2025<\/h5>\n<p>26.6. klo 16-19 <a href=\"https:\/\/taiyo.fi\/sv\/2025\/06\/09\/pride-piknik\/\">Korkeakouluopiskelijoiden Pride-piknik<\/a> @ Sinebrychoffin puisto<\/p>\n<p>28.7-3.8. <a href=\"https:\/\/vapaantaiteentila.fi\/front\/vapaan-taiteen-tila-pop-up\/\">Vapaan taiteen tila pop up<\/a> @ Karhupuisto<\/p>\n<p>3.8. <a href=\"https:\/\/taiyo.fi\/sv\/2025\/07\/04\/sunday-in-the-park-with-taiyo-3-8-klo-18-karhupuisto\/\">Sunday in the Park with TaiYo<\/a> @ Karhupuisto<\/p>\n<p>18.8 Orienteringdags piknik @ Museonpuisto<\/p>\n<p>&nbsp;<\/p>\n<p>&nbsp;<\/p>\n<p><a href=\"https:\/\/i0.wp.com\/taiyo.fi\/wp-content\/uploads\/2023\/05\/photo1682591021.jpeg?ssl=1\"><img data-recalc-dims=\"1\" loading=\"lazy\" decoding=\"async\" data-attachment-id=\"12284\" data-permalink=\"https:\/\/taiyo.fi\/sv\/tapahtumat\/photo1682591021\/\" data-orig-file=\"https:\/\/i0.wp.com\/taiyo.fi\/wp-content\/uploads\/2023\/05\/photo1682591021.jpeg?fit=1280%2C960&amp;ssl=1\" data-orig-size=\"1280,960\" data-comments-opened=\"0\" data-image-meta=\"{&quot;aperture&quot;:&quot;0&quot;,&quot;credit&quot;:&quot;&quot;,&quot;camera&quot;:&quot;&quot;,&quot;caption&quot;:&quot;&quot;,&quot;created_timestamp&quot;:&quot;0&quot;,&quot;copyright&quot;:&quot;&quot;,&quot;focal_length&quot;:&quot;0&quot;,&quot;iso&quot;:&quot;0&quot;,&quot;shutter_speed&quot;:&quot;0&quot;,&quot;title&quot;:&quot;&quot;,&quot;orientation&quot;:&quot;0&quot;}\" data-image-title=\"photo1682591021\" data-image-description=\"\" data-image-caption=\"\" data-medium-file=\"https:\/\/i0.wp.com\/taiyo.fi\/wp-content\/uploads\/2023\/05\/photo1682591021.jpeg?fit=300%2C225&amp;ssl=1\" data-large-file=\"https:\/\/i0.wp.com\/taiyo.fi\/wp-content\/uploads\/2023\/05\/photo1682591021.jpeg?fit=700%2C525&amp;ssl=1\" class=\"alignnone size-large wp-image-12284\" src=\"https:\/\/i0.wp.com\/taiyo.fi\/wp-content\/uploads\/2023\/05\/photo1682591021.jpeg?resize=700%2C525&#038;ssl=1\" alt=\"\" width=\"700\" height=\"525\" srcset=\"https:\/\/i0.wp.com\/taiyo.fi\/wp-content\/uploads\/2023\/05\/photo1682591021.jpeg?resize=700%2C525&amp;ssl=1 700w, https:\/\/i0.wp.com\/taiyo.fi\/wp-content\/uploads\/2023\/05\/photo1682591021.jpeg?resize=300%2C225&amp;ssl=1 300w, https:\/\/i0.wp.com\/taiyo.fi\/wp-content\/uploads\/2023\/05\/photo1682591021.jpeg?resize=768%2C576&amp;ssl=1 768w, https:\/\/i0.wp.com\/taiyo.fi\/wp-content\/uploads\/2023\/05\/photo1682591021.jpeg?resize=16%2C12&amp;ssl=1 16w, https:\/\/i0.wp.com\/taiyo.fi\/wp-content\/uploads\/2023\/05\/photo1682591021.jpeg?resize=1200%2C900&amp;ssl=1 1200w, https:\/\/i0.wp.com\/taiyo.fi\/wp-content\/uploads\/2023\/05\/photo1682591021.jpeg?resize=800%2C600&amp;ssl=1 800w, https:\/\/i0.wp.com\/taiyo.fi\/wp-content\/uploads\/2023\/05\/photo1682591021.jpeg?resize=400%2C300&amp;ssl=1 400w, https:\/\/i0.wp.com\/taiyo.fi\/wp-content\/uploads\/2023\/05\/photo1682591021.jpeg?resize=200%2C150&amp;ssl=1 200w, https:\/\/i0.wp.com\/taiyo.fi\/wp-content\/uploads\/2023\/05\/photo1682591021.jpeg?resize=1000%2C750&amp;ssl=1 1000w, https:\/\/i0.wp.com\/taiyo.fi\/wp-content\/uploads\/2023\/05\/photo1682591021.jpeg?resize=230%2C173&amp;ssl=1 230w, https:\/\/i0.wp.com\/taiyo.fi\/wp-content\/uploads\/2023\/05\/photo1682591021.jpeg?resize=350%2C263&amp;ssl=1 350w, https:\/\/i0.wp.com\/taiyo.fi\/wp-content\/uploads\/2023\/05\/photo1682591021.jpeg?resize=480%2C360&amp;ssl=1 480w, https:\/\/i0.wp.com\/taiyo.fi\/wp-content\/uploads\/2023\/05\/photo1682591021.jpeg?w=1280&amp;ssl=1 1280w\" sizes=\"auto, (max-width: 700px) 100vw, 700px\" \/><\/a><\/p>","protected":false},"excerpt":{"rendered":"<p>TaiYo j\u00e4rjest\u00e4\u00e4 j\u00e4senilleen s\u00e4\u00e4nn\u00f6llisesti erilaisia tapahtumia &#8211; seuraa t\u00e4\u00e4lt\u00e4, mit\u00e4 tapahtuu seuraavaksi! Lis\u00e4tietoa kustakin tapahtumasta sen omalta sivulta! Tulevat tapahtumat Syksy 2025 [&hellip;]<\/p>\n","protected":false},"author":13,"featured_media":0,"parent":0,"menu_order":0,"comment_status":"closed","ping_status":"closed","template":"","meta":{"_coblocks_attr":"","_coblocks_dimensions":"","_coblocks_responsive_height":"","_coblocks_accordion_ie_support":"","_crdt_document":"","advanced_seo_description":"","jetpack_seo_html_title":"","jetpack_seo_noindex":false,"footnotes":""},"class_list":["post-12282","page","type-page","status-publish","hentry"],"jetpack_sharing_enabled":true,"jetpack_shortlink":"https:\/\/wp.me\/P2w00X-3c6","jetpack_likes_enabled":true,"amp_enabled":true,"_links":{"self":[{"href":"https:\/\/taiyo.fi\/sv\/wp-json\/wp\/v2\/pages\/12282","targetHints":{"allow":["GET"]}}],"collection":[{"href":"https:\/\/taiyo.fi\/sv\/wp-json\/wp\/v2\/pages"}],"about":[{"href":"https:\/\/taiyo.fi\/sv\/wp-json\/wp\/v2\/types\/page"}],"author":[{"embeddable":true,"href":"https:\/\/taiyo.fi\/sv\/wp-json\/wp\/v2\/users\/13"}],"replies":[{"embeddable":true,"href":"https:\/\/taiyo.fi\/sv\/wp-json\/wp\/v2\/comments?post=12282"}],"version-history":[{"count":22,"href":"https:\/\/taiyo.fi\/sv\/wp-json\/wp\/v2\/pages\/12282\/revisions"}],"predecessor-version":[{"id":15427,"href":"https:\/\/taiyo.fi\/sv\/wp-json\/wp\/v2\/pages\/12282\/revisions\/15427"}],"wp:attachment":[{"href":"https:\/\/taiyo.fi\/sv\/wp-json\/wp\/v2\/media?parent=12282"}],"curies":[{"name":"wp","href":"https:\/\/api.w.org\/{rel}","templated":true}]}}