{"id":1174,"date":"2013-05-23T13:47:57","date_gmt":"2013-05-23T11:47:57","guid":{"rendered":"http:\/\/taiyo.fi\/?page_id=1174"},"modified":"2025-05-07T14:23:37","modified_gmt":"2025-05-07T12:23:37","slug":"opiskelijakortti","status":"publish","type":"page","link":"https:\/\/taiyo.fi\/sv\/jasenille\/opiskelijakortti\/","title":{"rendered":"Studentkort"},"content":{"rendered":"<h3><strong>Mik\u00e4 on opiskelijakortti? <\/strong><\/h3>\r\n<ul>\r\n \t<li><strong>Opiskelijakortti on todiste opiskeluoikeudesta suomalaisessa korkeakoulussa.\u00a0<\/strong> Opiskelijakortti voi olla perinteinen muovinen kortti tai \u00e4lypuhelimsessa toimiva digitaalinen kortti. Opiskelijakortin voimassaolo p\u00e4ivitet\u00e4\u00e4n lukuvuosittain joko digitaalisessa opiskelijakortti-sovelluksessa tai hakemalla lukuvuositarra fyysiseen opiskelijakorttiin TaiYo:n toimistosta.<\/li>\r\n \t<li><strong>Opiskelija-alennukset ja -palvelut saa k\u00e4ytt\u00f6\u00f6ns\u00e4 n\u00e4ytt\u00e4m\u00e4ll\u00e4 voimassa olevaa opiskelijakorttia.<\/strong> N\u00e4in p\u00e4\u00e4set esimerkiksi k\u00e4ytt\u00e4m\u00e4\u00e4n opiskelijoiden terveydenhuollon palveluja YTHS:ll\u00e4, olet oikeutettu opiskelijahintaisiin matkalippuihin HSL:ss\u00e4 sek\u00e4 VR junaliikenteess\u00e4. Lis\u00e4ksi p\u00e4\u00e4set hy\u00f6dynt\u00e4m\u00e4\u00e4n lukuisia muitakin opiskelijoille suunnattuja tarjouksia.<\/li>\r\n \t<li><strong>My\u00f6s v\u00e4it\u00f6stutkija eli jatko-opiskelija voi tilata opiskelijakortin,<\/strong> ja on oikeutettu osaan alennuksista, kuten junaliikenteen opiskelija-alennuksiin.<\/li>\r\n<\/ul>\r\n<h3><\/h3>\r\n<h3>Mist\u00e4 saan digitaalisen opiskelijakortin?<\/h3>\r\n<ul>\r\n \t<li><strong>Digitaalinen opiskelijakortti on ilmainen sovellus, joka toimii \u00e4lypuhelimissa.<\/strong> Se toimii opiskelijatodisteena siin\u00e4 miss\u00e4 fyysinenkin kortti. Lis\u00e4ksi sovelluksesta l\u00f6ytyy aletarjouksia ja muuta tietoa opiskelijalle. Taideyliopiston opiskelija voi k\u00e4ytt\u00e4\u00e4 <a href=\"https:\/\/www.frank.fi\/opiskelijakortti\/\">Frank -sovellusta<\/a> eller <a href=\"https:\/\/opiskelija.uniarts.fi\/tyokalut\/tuudo-mobiilisovellus\/\">Tuudo -sovellusta<\/a> ja kummatkin l\u00f6ytyv\u00e4t \u00e4lypyhelimien sovelluskaupoista. Voit my\u00f6s k\u00e4ytt\u00e4\u00e4 kumpaakin sovellusta samanaikaisesti.<\/li>\r\n \t<li><strong>Sovellus saa varmistettua opiskelijastatuksen, kun ilmoittautuminen l\u00e4sn\u00e4olevaksi opiskelijaksi on rekister\u00f6ity.<\/strong> Avaa sovellus ja valitse tai ilmoita oppilaitoksesi. Kirjaudu sis\u00e4\u00e4n opiskelijatunnuksilla tai opiskelijan s\u00e4hk\u00f6postilla. Varmista, ett\u00e4 k\u00e4yt\u00f6ss\u00e4si on aina sovelluksen uusin versio.<\/li>\r\n<\/ul>\r\n<h3><\/h3>\r\n<h3>Mist\u00e4 saan fyysisen opiskelijakortin?<\/h3>\r\n<ul>\r\n \t<li><strong>TaiYo:n j\u00e4senten opiskelijakortit toimittaa <a href=\"https:\/\/www.frank.fi\">Frank<\/a>.<\/strong> Tilatessasi kortin liit\u00e4t mukaan kasvokuvasi, josta tarkemmat ohjeet l\u00f6yd\u00e4t Frankin nettisivuilta. Opiskelijakortti on voimassa, kun olet saanut korttiin voimassa olevan lukuvuositarran. Lis\u00e4maksua vastaan kortin voi tilata my\u00f6s kansainv\u00e4lisen\u00e4 ISIC-korttina, jolla saa opiskelijaetuja ymp\u00e4ri maailman.<\/li>\r\n \t<li>Ajantasainen tieto tarjolla olevista korttivaihtoehdoista ja juuri Frankilt\u00e4 saatavista opiskelijoille suunnatuista tarjouksista l\u00f6ytyy osoitteesta <a href=\"http:\/\/www.frank.fi\/opiskelijakortti\">www.frank.fi\/opiskelijakortti<\/a>.<\/li>\r\n<\/ul>\r\n<h3><\/h3>\r\n<h3>Miten saan fyysiseen opiskelijakorttiin lukuvuositarran?<\/h3>\r\n<ul>\r\n \t<li><strong>Fyysinen opiskelijakortti on voimassa vasta, kun siin\u00e4 on voimassaoleva lukuvuositarra.<\/strong> Taideyliopiston opiskelijana voit noutaa ilmaiseksi lukuvuositarran TaiYo:n toimistosta sen aukioloaikoina, tai voit tarvittaessa sopia s\u00e4hk\u00f6postitse erillisen k\u00e4yntiajan (taiyo-toimisto@uniarts.fi).<\/li>\r\n \t<li><strong>TaiYo tekee yhteisty\u00f6t\u00e4 my\u00f6s muiden ylioppilaskuntien kanssa<\/strong>, ja muualla Suomessa sijaitsevan yliopiston opiskelija voi noutaa lukuvuositarran TaiYo:n toimistosta 5e palvelumaksua vastaan, kun noudosta on sovittu s\u00e4hk\u00f6postitse oman ylioppilaskunnan kanssa. Ohjeet miten sopia tarran noudosta TaiYo:n kautta l\u00f6ytyv\u00e4t oman ylioppilaskunnan nettisivuilta.<\/li>\r\n<\/ul>\r\n<em>Huom! Jos opiskelijaoikeutesi p\u00e4\u00e4ttyy jo kesken lukukauden, opiskelijakortin tarra tulee poistattaa. Vain l\u00e4sn\u00e4oleva opiskelija on oikeutettu opiskeljaetuuksiin.<\/em>\r\n<h3>Nya studerande<\/h3>\r\n<ul>\r\n \t<li>Kun olet ottanut opiskelupaikan vastaan ja ilmoittautunut l\u00e4sn\u00e4olevaksi, opiskelijakorttisi astuu voimaan lukukauden alettua. Opiskelijakortin aktivointi ei v\u00e4ltt\u00e4m\u00e4tt\u00e4 onnistu aivan heti ilmoittautumisen j\u00e4lkeen, jos rekister\u00f6intitiedot eiv\u00e4t viel\u00e4 ole ehtineet p\u00e4ivitty\u00e4 yliopiston j\u00e4rjestelm\u00e4\u00e4n.<\/li>\r\n<\/ul>\r\n<!-- \/wp:post-content -->","protected":false},"excerpt":{"rendered":"<p>Mik\u00e4 on opiskelijakortti? Opiskelijakortti on todiste opiskeluoikeudesta suomalaisessa korkeakoulussa.\u00a0 Opiskelijakortti voi olla perinteinen muovinen kortti tai \u00e4lypuhelimsessa toimiva digitaalinen kortti. Opiskelijakortin voimassaolo [&hellip;]<\/p>\n","protected":false},"author":13,"featured_media":0,"parent":299,"menu_order":0,"comment_status":"closed","ping_status":"open","template":"","meta":{"_coblocks_attr":"","_coblocks_dimensions":"","_coblocks_responsive_height":"","_coblocks_accordion_ie_support":"","_crdt_document":"","advanced_seo_description":"","jetpack_seo_html_title":"","jetpack_seo_noindex":false,"footnotes":""},"class_list":["post-1174","page","type-page","status-publish","hentry"],"jetpack_sharing_enabled":true,"jetpack_shortlink":"https:\/\/wp.me\/P2w00X-iW","jetpack_likes_enabled":true,"amp_enabled":true,"_links":{"self":[{"href":"https:\/\/taiyo.fi\/sv\/wp-json\/wp\/v2\/pages\/1174","targetHints":{"allow":["GET"]}}],"collection":[{"href":"https:\/\/taiyo.fi\/sv\/wp-json\/wp\/v2\/pages"}],"about":[{"href":"https:\/\/taiyo.fi\/sv\/wp-json\/wp\/v2\/types\/page"}],"author":[{"embeddable":true,"href":"https:\/\/taiyo.fi\/sv\/wp-json\/wp\/v2\/users\/13"}],"replies":[{"embeddable":true,"href":"https:\/\/taiyo.fi\/sv\/wp-json\/wp\/v2\/comments?post=1174"}],"version-history":[{"count":52,"href":"https:\/\/taiyo.fi\/sv\/wp-json\/wp\/v2\/pages\/1174\/revisions"}],"predecessor-version":[{"id":14908,"href":"https:\/\/taiyo.fi\/sv\/wp-json\/wp\/v2\/pages\/1174\/revisions\/14908"}],"up":[{"embeddable":true,"href":"https:\/\/taiyo.fi\/sv\/wp-json\/wp\/v2\/pages\/299"}],"wp:attachment":[{"href":"https:\/\/taiyo.fi\/sv\/wp-json\/wp\/v2\/media?parent=1174"}],"curies":[{"name":"wp","href":"https:\/\/api.w.org\/{rel}","templated":true}]}}