{"id":11698,"date":"2022-12-05T11:30:03","date_gmt":"2022-12-05T09:30:03","guid":{"rendered":"https:\/\/taiyo.fi\/?page_id=11698"},"modified":"2022-12-14T16:26:14","modified_gmt":"2022-12-14T14:26:14","slug":"pikkujoulut","status":"publish","type":"page","link":"https:\/\/taiyo.fi\/sv\/pikkujoulut\/","title":{"rendered":"Pikkujoulut"},"content":{"rendered":"<p class=\"wp-block-paragraph\"><strong>TaiYo:n pikkujoulup\u00e4iv\u00e4 16.12.<\/strong><\/p>\n\n\n\n<p class=\"wp-block-paragraph\">Gl\u00f6gi\u00e4! Kortteja! Karaokea!<\/p>\n\n\n\n<p class=\"wp-block-paragraph\">Lomat l\u00e4hestyv\u00e4t, mutta viel\u00e4 ehtii viett\u00e4m\u00e4\u00e4n rentoa aikaa yhdess\u00e4 yst\u00e4vien ja uusien tuttujen kanssa! TaiYo:n kaikille opiskelijoille tarkoitettu pikkujoulup\u00e4iv\u00e4 on perjantaina 16.12.!<\/p>\n\n\n\n<p class=\"wp-block-paragraph\"><strong>Pikkujouluja juhlitaan<\/strong>:<br>klo 13\u201315 Myllyn opiskelijahuoneessa (S\u00f6rn\u00e4isten rantatie 19, 5. krs)<br>klo 16\u201318 N-talon opiskelijahuoneessa (Nervanderinkatu 13, 4. krs)<br><strong>+<\/strong><br>n. 18:30 alkaen jatkoilla My\u00f6h\u00e4 Cafe &amp; Bar:ssa (Mannerheimintie 3).&nbsp;<\/p>\n\n\n\n<p class=\"wp-block-paragraph\">Jatkoille siirryt\u00e4\u00e4n yhteisl\u00e4ht\u00f6n\u00e4 N-talon opiskelijahuoneelta n. klo 18, mutta seuraan voi liitty\u00e4 my\u00f6s my\u00f6hemmin!<\/p>\n\n\n\n<p class=\"wp-block-paragraph\">Voit osallistua koko pikkujoulup\u00e4iv\u00e4\u00e4n tai k\u00e4yd\u00e4 paikalla k\u00e4\u00e4ntym\u00e4ss\u00e4! Ohjelmassa on rentoa yhdess\u00e4oloa, korttien askartelua sek\u00e4 TaiYo:n tarjoamaa gl\u00f6gi\u00e4 ja vegaanista naposteltavaa. Jatkoilla My\u00f6h\u00e4ss\u00e4 voi laulaa karaokea ja nauttia omakustanteisia virvokkeita.<\/p>\n\n\n\n<p class=\"wp-block-paragraph\">TaiYo:n toiminnassa ja tapahtumissa on nollatoleranssi kaikenlaiselle h\u00e4irinn\u00e4lle, rasismille, kiusaamiselle, syrjinn\u00e4lle ja asiattomalle k\u00e4yt\u00f6kselle. TaiYo:n pikkujouluissa noudatetaan ylioppilaskunnan turvallisemman tilan periaatteita, jotka l\u00f6ytyv\u00e4t kokonaisuudessaan nettisivuiltamme: <a href=\"https:\/\/taiyo.fi\/sv\/turvallisemman-tilan-periaatteet\/\">https:\/\/taiyo.fi\/turvallisemman-tilan-periaatteet\/<\/a><br>Tapahtuman tapahtumaturvallisuushenkil\u00f6n\u00e4 toimii yhteis\u00f6koordinaattori Jane K\u00e4rn\u00e4 (telegram: @JaneTaiYo; puh. 050 597 7592).<\/p>\n\n\n\n<p class=\"wp-block-paragraph\"><strong>ArtSU Pre-Holiday Party Day this Friday, Dec 16!<\/strong><\/p>\n\n\n\n<p class=\"wp-block-paragraph\">Gl\u00f6gi! Cards! Karaoke!<\/p>\n\n\n\n<p class=\"wp-block-paragraph\">The holidays are approaching but before that let\u2019s spend some time with friends and new people! ArtSU\u2019s Pre-Holiday Party for all Uniarts students is on Friday 16 December!<\/p>\n\n\n\n<p class=\"wp-block-paragraph\"><strong>The Pre-Holiday Party is<\/strong>:<br>1PM to 3PM at Mylly\u2019s student room (S\u00f6rn\u00e4isten rantatie 19, 5th floor)<br>4PM to 6PM at N House\u2019s student room (Nervanderinkatu 13, 4th floor)<br>+<br>from approx. 6:30PM afterparty at My\u00f6h\u00e4 Cafe &amp; Bar (Mannerheimintie 3).&nbsp;<\/p>\n\n\n\n<p class=\"wp-block-paragraph\">We will head to the afterparty together from N House at approx. 6 PM but you can also join us later!<\/p>\n\n\n\n<p class=\"wp-block-paragraph\">You can take part in the entire Pre-Holiday Party Day or just stop by at any of the locations! During the party you can enjoy some gl\u00f6gi (alcohol-free mulled wine) and snacks provided by ArtSU, make some holiday cards or just chill out. At the afterparty in My\u00f6h\u00e4 you can sing karaoke!<\/p>\n\n\n\n<p class=\"wp-block-paragraph\">ArtSU\u2019s events and activities have zero tolerance for any form of harassment, racism, bullying, discrimination or inappropriate behavior. ArtSU\u2019s principles for safer space are in place in the Pre-Holiday Party and can be found on our website: <a href=\"https:\/\/taiyo.fi\/en\/turvallisemman-tilan-periaatteet\/\">https:\/\/taiyo.fi\/en\/turvallisemman-tilan-periaatteet\/<\/a><br>The event safety contact person for the Pre-Holiday Party will be Community Coordinator Jane K\u00e4rn\u00e4 (telegram: @JaneTaiYo phone: 050 597 7592).<\/p>\n\n\n\n<p class=\"wp-block-paragraph\"><\/p>\n\n\n\n<p class=\"wp-block-paragraph\"><strong>KonSt:s lillajulsdag 16.12&nbsp;<\/strong><\/p>\n\n\n\n<p class=\"wp-block-paragraph\">Gl\u00f6gg! Kort! Karaoke!<\/p>\n\n\n\n<p class=\"wp-block-paragraph\">Jullovet \u00e4r snart h\u00e4r, men f\u00f6re det finns det \u00e4nnu tid att chilla tillsammans med v\u00e4nner och nya bekanta! KonSt:s lillajulsdag f\u00f6r alla studerande \u00e4r fredagen den 16. december!<\/p>\n\n\n\n<p class=\"wp-block-paragraph\"><strong>Lillajul firas<\/strong>:<br>kl 13-15 i studentrummet Mylly (S\u00f6rn\u00e4s strandv\u00e4g 19, 5:e v\u00e5ningen)<br>kl 16-18 i N-husets studentrum (Nervandergatan 13, 4:e v\u00e5ningen)<br>+<br>cirka klockan 18:30 efterfest i My\u00f6h\u00e4 Cafe &amp; Bar (Mannerheimv\u00e4gen 3).<\/p>\n\n\n\n<p class=\"wp-block-paragraph\">Till efterfesten g\u00e5r vi tillsammans fr\u00e5n N-husests studentrum ca. klockan 18, men du kan ansluta dig till efterfesten ocks\u00e5 senare!<\/p>\n\n\n\n<p class=\"wp-block-paragraph\">Du kan delta i hela lillajulsdagen eller bara komma och fira en stund! P\u00e5 programmet \u00e4r det att vara tillsammans och pyssla ihop julkort &#8211; KonSt bjuder p\u00e5 gl\u00f6gg och veganska snacks. P\u00e5 efterfesten i My\u00f6h\u00e4 kan du sjunga karaoke och k\u00f6pa f\u00f6rfriskningar.<\/p>\n\n\n\n<p class=\"wp-block-paragraph\">Det \u00e4r nolltolerans f\u00f6r alla former av trakasserier, rasism, mobbning, diskriminering och annat osakligt beteende i KonSt:s verksamhet och evenemang. I KonSts lillajulsfest g\u00e4ller studentk\u00e5rens principer f\u00f6r tryggare utrymmen, som hittas fr\u00e5n v\u00e5r webbsidan: <a href=\"https:\/\/taiyo.fi\/sv\/turvallisemman-tilan-periaatteet\/\">https:\/\/taiyo.fi\/sv\/turvallisemman-tilan-periaatteet\/<\/a><br>Som evenemangss\u00e4kerhetsperson fungerar gemenskapskoordinator Jane K\u00e4rn\u00e4 (telegram: @JaneTaiYo; 050 597 7592).<\/p>","protected":false},"excerpt":{"rendered":"<p>TaiYo:n pikkujoulup\u00e4iv\u00e4 16.12. Gl\u00f6gi\u00e4! Kortteja! Karaokea! Lomat l\u00e4hestyv\u00e4t, mutta viel\u00e4 ehtii viett\u00e4m\u00e4\u00e4n rentoa aikaa yhdess\u00e4 yst\u00e4vien ja uusien tuttujen kanssa! TaiYo:n kaikille [&hellip;]<\/p>\n","protected":false},"author":13,"featured_media":11715,"parent":0,"menu_order":0,"comment_status":"closed","ping_status":"closed","template":"","meta":{"_coblocks_attr":"","_coblocks_dimensions":"","_coblocks_responsive_height":"","_coblocks_accordion_ie_support":"","_crdt_document":"","advanced_seo_description":"","jetpack_seo_html_title":"","jetpack_seo_noindex":false,"footnotes":""},"class_list":["post-11698","page","type-page","status-publish","has-post-thumbnail","hentry"],"jetpack_sharing_enabled":true,"jetpack_shortlink":"https:\/\/wp.me\/P2w00X-32G","jetpack_likes_enabled":true,"amp_enabled":true,"_links":{"self":[{"href":"https:\/\/taiyo.fi\/sv\/wp-json\/wp\/v2\/pages\/11698","targetHints":{"allow":["GET"]}}],"collection":[{"href":"https:\/\/taiyo.fi\/sv\/wp-json\/wp\/v2\/pages"}],"about":[{"href":"https:\/\/taiyo.fi\/sv\/wp-json\/wp\/v2\/types\/page"}],"author":[{"embeddable":true,"href":"https:\/\/taiyo.fi\/sv\/wp-json\/wp\/v2\/users\/13"}],"replies":[{"embeddable":true,"href":"https:\/\/taiyo.fi\/sv\/wp-json\/wp\/v2\/comments?post=11698"}],"version-history":[{"count":9,"href":"https:\/\/taiyo.fi\/sv\/wp-json\/wp\/v2\/pages\/11698\/revisions"}],"predecessor-version":[{"id":11738,"href":"https:\/\/taiyo.fi\/sv\/wp-json\/wp\/v2\/pages\/11698\/revisions\/11738"}],"wp:featuredmedia":[{"embeddable":true,"href":"https:\/\/taiyo.fi\/sv\/wp-json\/wp\/v2\/media\/11715"}],"wp:attachment":[{"href":"https:\/\/taiyo.fi\/sv\/wp-json\/wp\/v2\/media?parent=11698"}],"curies":[{"name":"wp","href":"https:\/\/api.w.org\/{rel}","templated":true}]}}