{"id":11636,"date":"2022-11-16T11:43:47","date_gmt":"2022-11-16T09:43:47","guid":{"rendered":"https:\/\/taiyo.fi\/?page_id=11636"},"modified":"2022-11-16T11:43:48","modified_gmt":"2022-11-16T09:43:48","slug":"eduskuntavaalit","status":"publish","type":"page","link":"https:\/\/taiyo.fi\/sv\/eduskuntavaalit\/","title":{"rendered":"Taide ja kulttuuri prosenttiin \u2013 TaiYo:n eduskuntavaalitavoitteet 2023"},"content":{"rendered":"<p class=\"has-medium-font-size wp-block-paragraph\">1. <strong>Taide ja kulttuuri on yhteiskuntamme ytimess\u00e4&nbsp;<\/strong>&nbsp;<\/p>\n\n\n\n<p class=\"wp-block-paragraph\">Panostamalla luoviin aloihin panostamme ty\u00f6llisyyden kasvuun, tuemme aluekehityst\u00e4 ja lis\u00e4\u00e4mme hyvinvointia. Luovien alojen bruttokansantuote ei ole viel\u00e4 yleisell\u00e4 EU:n tasolla (4,4%), joten paljon on tilaa parantaa.&nbsp;&nbsp;<\/p>\n\n\n\n<p class=\"wp-block-paragraph\">Taide ja kulttuuri vahvistavat hyvinvointia, tukevat kest\u00e4vyytt\u00e4, oppimista ja osallisuutta. Luovat alat toimivat merkitt\u00e4vin\u00e4 ty\u00f6llist\u00e4jin\u00e4 Suomessa, ja ovat keskeinen osa kansantaloutta. Taide omana itseisarvonaan luo korvaamatonta merkityst\u00e4 yksil\u00f6iden sek\u00e4 yhteis\u00f6jen el\u00e4m\u00e4\u00e4n ja toimii yhteiskunnallisen muutoksen edell\u00e4k\u00e4vij\u00e4n\u00e4.&nbsp;<\/p>\n\n\n\n<ul class=\"wp-block-list\">\n<li>Nostetaan kulttuuribudjetti yli prosenttiin valtion budjetista (1,5% taiteen perusopetus mukaan laskettuna).&nbsp;&nbsp;<\/li>\n\n\n\n<li>Kulttuurin ja taiteen nykyinen apurahaj\u00e4rjestelm\u00e4 on hyvin sirpaloitunut. Apurahaj\u00e4rjestelm\u00e4 tarvitsee kokonaisvaltaista tarkastelua, jossa on huomioitava alojen moninaisuus ja tarve joustavuudelle, p\u00e4\u00e4t\u00f6sten avoimuus sek\u00e4 hakijan\u00e4k\u00f6kulma kokonaisj\u00e4rjestelm\u00e4\u00e4n.&nbsp;<\/li>\n\n\n\n<li>Edistet\u00e4\u00e4n uusien luovien alojen yritysten syntymist\u00e4 ja tuetaan luovien alojen yhteisty\u00f6t\u00e4, sek\u00e4 yhteisty\u00f6mahdollisuuksia muiden alojen kanssa.&nbsp;&nbsp;<\/li>\n\n\n\n<li>Tarvitsemme my\u00f6s nuorten taiteilijoiden \u00e4\u00e4nt\u00e4 ja kokemuksia kulttuurialojen p\u00e4\u00e4t\u00f6ksenteossa. Taideopiskelijoiden \u00e4\u00e4nt\u00e4 kuullaan kulttuuripoliittisessa selontekoty\u00f6ss\u00e4 tulevalla hallituskaudella.<\/li>\n<\/ul>\n\n\n\n<p class=\"has-medium-font-size wp-block-paragraph\">2. <strong><strong>Rakennetaan taidealojen sosiaaliturvaa kest\u00e4v\u00e4mm\u00e4ksi<\/strong><\/strong><\/p>\n\n\n\n<p class=\"wp-block-paragraph\">Kulttuuri ja luovat alat ovat Suomen suurimpia ty\u00f6llist\u00e4ji\u00e4. Luovien alojen erityispiirteit\u00e4 ei t\u00e4ll\u00e4 hetkell\u00e4 osata tunnistaa tarpeeksi monissa hallintorakenteissa. Taiteilijat saavat muun muassa ty\u00f6suhdepalkkioiden lis\u00e4ksi rojalteja, tekij\u00e4noikeuskorvauksia ja apurahoja. Luovan alojen tekij\u00f6iss\u00e4 on jo pitk\u00e4\u00e4n ollut itsen\u00e4isi\u00e4 yritt\u00e4ji\u00e4, ja tulevaisuudessa taide- ja my\u00f6s muiden alojen itsens\u00e4 ty\u00f6llist\u00e4minen tulee kasvamaan entisest\u00e4\u00e4n erityisesti digitalisaation tuomien mahdollisuuksien my\u00f6t\u00e4. Koronapandemia toi erityisesti esille taiteen ja kulttuurin sosiaaliturvan haasteet.&nbsp;&nbsp;<\/p>\n\n\n\n<ul class=\"wp-block-list\">\n<li>Tunnistetaan luovan ty\u00f6n erityisluonne ja kehitet\u00e4\u00e4n sen toimeentuloa ja ty\u00f6llistymist\u00e4.&nbsp;&nbsp;<\/li>\n\n\n\n<li>Parannetaan ty\u00f6tt\u00f6myysturvaa taidealojen tekij\u00f6ille. Esimerkiksi kun tulovirta tulee alan luonteesta johtuen jatkuvasti useammasta l\u00e4hteest\u00e4, luovan ty\u00f6n tekij\u00e4ll\u00e4 on oikeus ty\u00f6tt\u00f6myysturvaan.&nbsp;&nbsp;<\/li>\n\n\n\n<li>Kuttuuri- ja taidealojen erityisluonne otettava huomioon sosiaaliturvan uudistuksessa.<\/li>\n<\/ul>\n\n\n\n<p class=\"has-medium-font-size wp-block-paragraph\">3. <strong>Luovien alojen osaamisen hy\u00f6dyt k\u00e4ytt\u00f6\u00f6n<\/strong><\/p>\n\n\n\n<p class=\"wp-block-paragraph\">Kulttuurin keinoilla voidaan tukea yhteis\u00f6llisyytt\u00e4, mielenterveytt\u00e4, kriittist\u00e4 ajattelemista, johtamistaitoja ja itsetuntemusta. Luovien alojen erikoisosaamisella voidaan tukea laajalti yhteiskunnan monia peruspilareita.&nbsp;&nbsp;<\/p>\n\n\n\n<p class=\"wp-block-paragraph\">Digitalisaation my\u00f6t\u00e4 kulttuurin ja taiteen ollessa n\u00e4kyvill\u00e4 kaikkialla kaiken aikaa, tarvitsemme entist\u00e4 enemm\u00e4n kulttuurilukutaitoa. Jokaisella on oikeus taide- ja kulttuuriosaamiseen.&nbsp;&nbsp;<\/p>\n\n\n\n<ul class=\"wp-block-list\">\n<li>Luovien alojen erikoisosaaminen tunnistettava entist\u00e4 paremmin.&nbsp;&nbsp;<\/li>\n\n\n\n<li>Kulttuurin voima tunnistetaan kehityshankkeissa. Yhteiskunnallisten haasteiden ratkaisujen l\u00f6yt\u00e4misess\u00e4 ja rakentamisessa hy\u00f6dynnet\u00e4\u00e4n luovien alojen asiantuntijoita.&nbsp;<\/li>\n\n\n\n<li>Taiteitten perusopetusta vahvistetaan osana koulutusj\u00e4rjestelm\u00e4\u00e4, ja vahvistetaan kansalaisten kulttuurilukutaitoa.&nbsp;<\/li>\n<\/ul>","protected":false},"excerpt":{"rendered":"<p>1. Taide ja kulttuuri on yhteiskuntamme ytimess\u00e4&nbsp;&nbsp; Panostamalla luoviin aloihin panostamme ty\u00f6llisyyden kasvuun, tuemme aluekehityst\u00e4 ja lis\u00e4\u00e4mme hyvinvointia. Luovien alojen bruttokansantuote ei [&hellip;]<\/p>\n","protected":false},"author":13,"featured_media":0,"parent":0,"menu_order":0,"comment_status":"closed","ping_status":"closed","template":"","meta":{"_coblocks_attr":"","_coblocks_dimensions":"","_coblocks_responsive_height":"","_coblocks_accordion_ie_support":"","_crdt_document":"","advanced_seo_description":"","jetpack_seo_html_title":"","jetpack_seo_noindex":false,"footnotes":""},"class_list":["post-11636","page","type-page","status-publish","hentry"],"jetpack_sharing_enabled":true,"jetpack_shortlink":"https:\/\/wp.me\/P2w00X-31G","jetpack_likes_enabled":true,"amp_enabled":true,"_links":{"self":[{"href":"https:\/\/taiyo.fi\/sv\/wp-json\/wp\/v2\/pages\/11636","targetHints":{"allow":["GET"]}}],"collection":[{"href":"https:\/\/taiyo.fi\/sv\/wp-json\/wp\/v2\/pages"}],"about":[{"href":"https:\/\/taiyo.fi\/sv\/wp-json\/wp\/v2\/types\/page"}],"author":[{"embeddable":true,"href":"https:\/\/taiyo.fi\/sv\/wp-json\/wp\/v2\/users\/13"}],"replies":[{"embeddable":true,"href":"https:\/\/taiyo.fi\/sv\/wp-json\/wp\/v2\/comments?post=11636"}],"version-history":[{"count":2,"href":"https:\/\/taiyo.fi\/sv\/wp-json\/wp\/v2\/pages\/11636\/revisions"}],"predecessor-version":[{"id":11638,"href":"https:\/\/taiyo.fi\/sv\/wp-json\/wp\/v2\/pages\/11636\/revisions\/11638"}],"wp:attachment":[{"href":"https:\/\/taiyo.fi\/sv\/wp-json\/wp\/v2\/media?parent=11636"}],"curies":[{"name":"wp","href":"https:\/\/api.w.org\/{rel}","templated":true}]}}