{"id":11181,"date":"2022-06-01T12:14:03","date_gmt":"2022-06-01T10:14:03","guid":{"rendered":"https:\/\/taiyo.fi\/?page_id=11181"},"modified":"2025-05-28T12:37:22","modified_gmt":"2025-05-28T10:37:22","slug":"uuden-opiskelijan-muistilista","status":"publish","type":"page","link":"https:\/\/taiyo.fi\/sv\/uuden-opiskelijan-muistilista\/","title":{"rendered":"Minneslista f\u00f6r nya studerande"},"content":{"rendered":"<p class=\"wp-block-paragraph\">B\u00f6rjan av studier g\u00e5r b\u00e4ttre n\u00e4r du har delat med n\u00e5gra saker f\u00f6re l\u00e4s\u00e5ret b\u00f6rjar. L\u00e4s ocks\u00e5 noggrant instruktionerna p\u00e5 universitetets hemsida! H\u00e4r finns n\u00e5gra p\u00e5minnelser och tips<\/p>\r\n\r\n\r\n\r\n<ul class=\"wp-block-list\">\r\n<li>Acceptera din studieplats, registrera dig som n\u00e4rvarande och betala TaiYo-medlemsavgiften. Detaljerade instruktioner f\u00f6r nya studenter finns p\u00e5 Konstuniversitetets webbplats. <a href=\"https:\/\/studerande.uniarts.fi\/nya-studerande\/\">opiskelijoille suunnatulta sivustolta<\/a>, mutta vastaisuuden varalle ohjeet j\u00e4senmaksun maksamiseen l\u00f6ytyv\u00e4t my\u00f6s <a href=\"http:\/\/taiyo.fi\/sv\/jasenille\/jasenmaksu\/\">h\u00e4r<\/a>.<\/li>\r\n<li>Om du vill, best\u00e4ll ett fysiskt studentkort <a href=\"http:\/\/taiyo.fi\/sv\/jasenille\/opiskelijakortti\/\">studentkort<\/a>. Det kan du g\u00f6ra p\u00e5 <a href=\"http:\/\/frank.fi\/sv\/\">Franks webbplats<\/a>. I b\u00f6rjan av h\u00f6sten tar det ett tag innan studentkortet av plast kommer. I v\u00e4ntan p\u00e5 kortet kan du ladda ner ett elektroniskt studentkort eller ha med dig ett n\u00e4rvarointyg som du f\u00e5r av din egen akademi.<\/li>\r\n<li>Skaffa dig tak \u00f6ver huvudet. Hj\u00e4lp med att skaffa bostad f\u00e5r du <a href=\"http:\/\/taiyo.fi\/sv\/jasenille\/asuminen\/\">h\u00e4r<\/a>. Kom ocks\u00e5 ih\u00e5g att g\u00f6ra en <a href=\"https:\/\/www.posti.fi\/flyttanmalan\/\">flyttanm\u00e4lan<\/a>!<\/li>\r\n<li>Ans\u00f6k om <a href=\"https:\/\/taiyo.fi\/sv\/jasenille\/opintotuki\/\">studiest\u00f6d och bostadsbidrag<\/a>. Bidrag ans\u00f6kas elektroniskt p\u00e5 <a href=\"http:\/\/www.kela.fi\/opiskelijat-pikaopas\">FPA:s webbokats<\/a> d\u00e4r du ocks\u00e5 kan hitta detaljerade instruktioner f\u00f6r bidragjungeln.<\/li>\r\n<li>Bekanta dig med <a href=\"https:\/\/taiyo.fi\/sv\/jasenille\/joukkoliikenne\/\">kollektivtrafiken<\/a> Skaffa HRT-appen och f\u00f6rse det med studerandestatus.<\/li>\r\n<li>Ta reda p\u00e5 n\u00e4r dina studier b\u00f6rjar. Mer information om detta (och mycket annat som r\u00f6r studierna) hittar du ocks\u00e5 p\u00e5 <a href=\"https:\/\/opiskelija.uniarts.fi\/yleistieto\/lukuvuoden-yhteiset-aikataulut\/\">opiskelijoille suunnatulta sivustolta<\/a>.<\/li>\r\n<li>Se till att dra nytta av en m\u00e4ngd olika <a href=\"https:\/\/taiyo.fi\/sv\/jasenille\/hyvinvointi-ja-terveys\/\">h\u00e4lso- och v\u00e4lst\u00e5ndstj\u00e4nster<\/a> f\u00f6r studerande, billiga <a href=\"https:\/\/taiyo.fi\/sv\/jasenille\/opiskelijaruokailu\/\">studentlunchar<\/a> och andra <a href=\"https:\/\/taiyo.fi\/sv\/jasenille\/jasenpalvelut-ja-edut\/\">f\u00f6rm\u00e5ner och studentrabatter som g\u00e4ller dig som medlem i TaiYo.<\/a>.<\/li>\r\n<li>Visste du att Konstuniversitetets studerande kan ocks\u00e5 anv\u00e4nda UniSport? L\u00e4s mera <a href=\"https:\/\/www.unisport.fi\/sv\">fr\u00e5n UniSports sida<\/a><\/li>\r\n<li>F\u00f6lj TaiYos <a href=\"https:\/\/taiyo.fi\/sv\/toiminta\/viestinta\/\">kommunikation<\/a>, kom med i v\u00e5ra <a href=\"https:\/\/taiyo.fi\/sv\/tapahtumat\/\">evenemang<\/a> och ta en aktiv del <a href=\"https:\/\/taiyo.fi\/sv\/toiminta\/mukaan-toimintaan\/\">i studentgemenskapen!<\/a>!<\/li>\r\n<\/ul>","protected":false},"excerpt":{"rendered":"<p>Opiskelujen aloittaminen sujuu mukavammin, kun olet hoitanut ensin muutamat k\u00e4yt\u00e4nn\u00f6n asiat kuntoon. Lue huolella my\u00f6s yliopiston sivuilta l\u00f6ytyv\u00e4t ohjeistukset! T\u00e4ss\u00e4 muutamia muistutuksia [&hellip;]<\/p>\n","protected":false},"author":13,"featured_media":0,"parent":0,"menu_order":0,"comment_status":"closed","ping_status":"closed","template":"","meta":{"_coblocks_attr":"","_coblocks_dimensions":"","_coblocks_responsive_height":"","_coblocks_accordion_ie_support":"","_crdt_document":"","advanced_seo_description":"","jetpack_seo_html_title":"","jetpack_seo_noindex":false,"footnotes":""},"class_list":["post-11181","page","type-page","status-publish","hentry"],"jetpack_sharing_enabled":true,"jetpack_shortlink":"https:\/\/wp.me\/P2w00X-2Ul","jetpack_likes_enabled":true,"amp_enabled":true,"_links":{"self":[{"href":"https:\/\/taiyo.fi\/sv\/wp-json\/wp\/v2\/pages\/11181","targetHints":{"allow":["GET"]}}],"collection":[{"href":"https:\/\/taiyo.fi\/sv\/wp-json\/wp\/v2\/pages"}],"about":[{"href":"https:\/\/taiyo.fi\/sv\/wp-json\/wp\/v2\/types\/page"}],"author":[{"embeddable":true,"href":"https:\/\/taiyo.fi\/sv\/wp-json\/wp\/v2\/users\/13"}],"replies":[{"embeddable":true,"href":"https:\/\/taiyo.fi\/sv\/wp-json\/wp\/v2\/comments?post=11181"}],"version-history":[{"count":9,"href":"https:\/\/taiyo.fi\/sv\/wp-json\/wp\/v2\/pages\/11181\/revisions"}],"predecessor-version":[{"id":15011,"href":"https:\/\/taiyo.fi\/sv\/wp-json\/wp\/v2\/pages\/11181\/revisions\/15011"}],"wp:attachment":[{"href":"https:\/\/taiyo.fi\/sv\/wp-json\/wp\/v2\/media?parent=11181"}],"curies":[{"name":"wp","href":"https:\/\/api.w.org\/{rel}","templated":true}]}}