{"id":10713,"date":"2021-12-02T11:30:39","date_gmt":"2021-12-02T09:30:39","guid":{"rendered":"https:\/\/taiyo.fi\/?page_id=10713"},"modified":"2025-08-26T14:53:49","modified_gmt":"2025-08-26T12:53:49","slug":"turvallisemman-tilan-periaatteet","status":"publish","type":"page","link":"https:\/\/taiyo.fi\/sv\/turvallisemman-tilan-periaatteet\/","title":{"rendered":"Konstuniversitetets studentk\u00e5rs principer och praxis f\u00f6r ett tryggare rum"},"content":{"rendered":"\r\n\r\n\r\n<p class=\"wp-block-paragraph\"><span data-contrast=\"none\">Turvallisemman tilan periaatteilla ja toimintatavoilla viitataan yhteis\u00f6lliseen pyrkimykseen luoda tiloihin sek\u00e4 tapahtumiin turvallisuutta lis\u00e4\u00e4vi\u00e4 k\u00e4yt\u00e4nt\u00f6j\u00e4. K\u00e4yt\u00e4mme sanaa \u201cturvallisempi\u201d sanan \u201cturvallinen\u201d sijaan, koska t\u00e4ysin turvallista tilaa ei koskaan pystyt\u00e4 luomaan t\u00e4ysin varmasti kaikille.<\/span><span data-ccp-props=\"{&quot;134233117&quot;:false,&quot;134233118&quot;:false,&quot;335559738&quot;:0,&quot;335559739&quot;:0}\">\u00a0<br \/><br \/><\/span><\/p>\r\n<p><span data-contrast=\"none\">Turvallisemman tilan luominen edellytt\u00e4\u00e4 kaikkien aktiivista osallistumista ja vastuunkantoa. Emme odota kenelt\u00e4k\u00e4\u00e4n t\u00e4ydellisyytt\u00e4, mutta toivomme, ett\u00e4 kaikki yritt\u00e4v\u00e4t parhaansa turvallisemman tilan rakentamiseksi. N\u00e4m\u00e4 periaatteet ovat voimassa kaikessa ylioppilaskunnan toiminnassa ja tapahtumissa, ja kaikkien edellytet\u00e4\u00e4n sitoutuvan niihin.<\/span><span data-ccp-props=\"{&quot;134233117&quot;:false,&quot;134233118&quot;:false,&quot;335559738&quot;:0,&quot;335559739&quot;:0}\">\u00a0<\/span><\/p>\r\n<p><span data-ccp-props=\"{&quot;134233117&quot;:false,&quot;134233118&quot;:false,&quot;335559738&quot;:0,&quot;335559739&quot;:0}\"><br \/><\/span><strong>TaiYo:n toiminnassa, tilaisuuksissa ja tapahtumissa ei hyv\u00e4ksyt\u00e4 mink\u00e4\u00e4nlaista ahdistelua, naisvihaa, seksismi\u00e4, rasismia, ableismia, homo- ja transfobiaa, ulkon\u00e4\u00f6n ja kehon arvostelua tai muuta asiatonta k\u00e4yt\u00f6st\u00e4.<\/strong><span data-ccp-props=\"{&quot;134233117&quot;:false,&quot;134233118&quot;:false,&quot;335559738&quot;:0,&quot;335559739&quot;:0}\"><strong>\u00a0<\/strong><\/span><\/p>\r\n<h3><span data-ccp-props=\"{&quot;134233117&quot;:false,&quot;134233118&quot;:false,&quot;335559738&quot;:0,&quot;335559739&quot;:0}\"><strong><span class=\"TextRun SCXW171448457 BCX8\" lang=\"FI-FI\" xml:lang=\"FI-FI\" data-contrast=\"none\"><span class=\"NormalTextRun SCXW171448457 BCX8\">Turvallisemman tilan muodostaa:<\/span><\/span> <\/strong><\/span><\/h3>\r\n<ul>\r\n<li><b><span data-contrast=\"none\">Sensitiivinen ja kuunteleva toimintakulttuuri<\/span><\/b><\/li>\r\n<\/ul>\r\n<p><i><span data-contrast=\"none\">Kunnioita<\/span><\/i><span data-ccp-props=\"{&quot;134233117&quot;:false,&quot;134233118&quot;:false,&quot;335559738&quot;:0,&quot;335559739&quot;:0}\">\u00a0<\/span><\/p>\r\n<p><span data-contrast=\"none\">Kunnioita osallistujien fyysist\u00e4 sek\u00e4 psyykkist\u00e4 tilaa, yksityisyytt\u00e4 ja pronomineja. Muista, ett\u00e4 \u201cei\u201d tarkoittaa ei. \u00c4l\u00e4 pilkkaa, ivaa, halvenna, sys\u00e4\u00e4 syrj\u00e4\u00e4n tai nolaa ket\u00e4\u00e4n puheillasi, k\u00e4yt\u00f6ksell\u00e4si tai teoillasi. K\u00e4sittele herkki\u00e4 aiheita kunnioittavasti, ja k\u00e4yt\u00e4 sis\u00e4lt\u00f6varoituksia tarpeen tullen.<\/span><span data-ccp-props=\"{&quot;134233117&quot;:false,&quot;134233118&quot;:false,&quot;335559738&quot;:0,&quot;335559739&quot;:0}\">\u00a0<\/span><\/p>\r\n<p><i><span data-contrast=\"none\">Oleta moninaisuutta<\/span><\/i><\/p>\r\n<p><span data-contrast=\"none\">Anna osallistujille tilaa m\u00e4\u00e4ritell\u00e4 itsens\u00e4. V\u00e4lt\u00e4 tekem\u00e4st\u00e4 olettamuksia kenenk\u00e4\u00e4n sukupuolesta, seksuaalisesta suuntautumisesta, kansallisuudesta, uskonnosta, sosioekonomisesta taustasta tai muistakaan yksityisist\u00e4 aiheista.<\/span><span data-ccp-props=\"{&quot;134233117&quot;:false,&quot;134233118&quot;:false,&quot;335559738&quot;:0,&quot;335559739&quot;:0}\">\u00a0<\/span><\/p>\r\n<p><i><span data-contrast=\"none\">Tiedosta etuoikeutesi ja valta-asemasi<\/span><\/i><\/p>\r\n<p><span data-contrast=\"none\">Pyri tunnistamaan omat etuoikeutesi sek\u00e4 mahdollinen valta-asemasi. K\u00e4yt\u00e4 valta-asemia hyv\u00e4n toteuttamiseen. Luo yhdenvertaista, kunnioittavaa ja avointa ilmapiiri\u00e4.<\/span><span data-ccp-props=\"{&quot;134233117&quot;:false,&quot;134233118&quot;:false,&quot;335559738&quot;:0,&quot;335559739&quot;:0}\">\u00a0<\/span><\/p>\r\n<p><span data-ccp-props=\"{}\">\u00a0<\/span><\/p>\r\n<ul>\r\n<li data-leveltext=\"\uf0b7\" data-font=\"Symbol\" data-listid=\"2\" data-list-defn-props=\"{&quot;335552541&quot;:1,&quot;335559685&quot;:720,&quot;335559991&quot;:360,&quot;469769226&quot;:&quot;Symbol&quot;,&quot;469769242&quot;:[8226],&quot;469777803&quot;:&quot;left&quot;,&quot;469777804&quot;:&quot;\uf0b7&quot;,&quot;469777815&quot;:&quot;hybridMultilevel&quot;}\" aria-setsize=\"-1\" data-aria-posinset=\"1\" data-aria-level=\"1\"><b><span data-contrast=\"none\">Oppiminen ja oman toiminnan kehitt\u00e4minen<\/span><\/b><\/li>\r\n<\/ul>\r\n<p><i><span data-contrast=\"none\">Ole avoin<\/span><\/i><\/p>\r\n<p><span data-contrast=\"none\">Pyri kohtaamaan uudet aiheet, n\u00e4k\u00f6kulmat ja henkil\u00f6t ennakkoluulottomasti, ja ota vastaantulevat asiat ja tilanteet mahdollisuutena oppia uutta ja kehitty\u00e4.\u00a0<\/span><span data-ccp-props=\"{&quot;134233117&quot;:false,&quot;134233118&quot;:false,&quot;335559738&quot;:0,&quot;335559739&quot;:0}\">\u00a0<\/span><\/p>\r\n<p><i><span data-contrast=\"none\">Puhu tavalla, jota kaikki voivat ymm\u00e4rt\u00e4\u00e4<\/span><\/i><\/p>\r\n<p><span data-contrast=\"none\">Pyri kommunikoimaan ymm\u00e4rrett\u00e4v\u00e4sti ja yleistajuisesti. Huomioi my\u00f6s kielellinen saavutettavuus.<\/span><span data-ccp-props=\"{&quot;134233117&quot;:false,&quot;134233118&quot;:false,&quot;335559738&quot;:0,&quot;335559739&quot;:0}\">\u00a0<\/span><\/p>\r\n<p><i><span data-contrast=\"none\">Kysy ja tarkenna <\/span><\/i><span data-ccp-props=\"{&quot;134233117&quot;:false,&quot;134233118&quot;:false,&quot;335559738&quot;:0,&quot;335559739&quot;:0}\">\u00a0<\/span><\/p>\r\n<p><span data-contrast=\"none\">Erehtyminen ja kysyminen on sallittua. Pyyd\u00e4 itsellesi tarvittaessa tilaa. Kommentoi rakentavasti ja pyri dialogiin.<\/span><span data-ccp-props=\"{&quot;134233117&quot;:false,&quot;134233118&quot;:false,&quot;335559738&quot;:0,&quot;335559739&quot;:0}\">\u00a0<\/span><\/p>\r\n<p><span data-ccp-props=\"{}\">\u00a0<\/span><i><span data-contrast=\"none\">Hyv\u00e4ksy keskener\u00e4isyys<\/span><\/i><span data-ccp-props=\"{&quot;134233117&quot;:false,&quot;134233118&quot;:false,&quot;335559738&quot;:0,&quot;335559739&quot;:0}\">\u00a0<\/span><\/p>\r\n<p><span data-contrast=\"none\">Kaikki erehtyv\u00e4t. Suhtaudu ymm\u00e4rt\u00e4v\u00e4isesti itsesi ja muiden keskener\u00e4isyyteen.<\/span><span data-ccp-props=\"{&quot;134233117&quot;:false,&quot;134233118&quot;:false,&quot;335559738&quot;:0,&quot;335559739&quot;:0}\">\u00a0<\/span><\/p>\r\n<p><span data-ccp-props=\"{}\">\u00a0<\/span><\/p>\r\n<ul>\r\n<li data-leveltext=\"\uf0b7\" data-font=\"Symbol\" data-listid=\"3\" data-list-defn-props=\"{&quot;335552541&quot;:1,&quot;335559685&quot;:720,&quot;335559991&quot;:360,&quot;469769226&quot;:&quot;Symbol&quot;,&quot;469769242&quot;:[8226],&quot;469777803&quot;:&quot;left&quot;,&quot;469777804&quot;:&quot;\uf0b7&quot;,&quot;469777815&quot;:&quot;hybridMultilevel&quot;}\" aria-setsize=\"-1\" data-aria-posinset=\"1\" data-aria-level=\"1\"><b><span data-contrast=\"none\">Huolenpito ja yhdess\u00e4 kannettu vastuu<\/span><\/b><\/li>\r\n<\/ul>\r\n<p><span data-ccp-props=\"{}\">\u00a0<\/span><i><span data-contrast=\"none\">Kannusta<\/span><\/i><\/p>\r\n<p><span data-contrast=\"none\">Ota vastuuta my\u00f6s muiden osallistujien kokemuksesta. Kuuntele ja kannusta. Ole tietoinen tilasta, jonka olet tottunut ottamaan sosiaalisissa tilanteissa ja anna tilaa my\u00f6s muille.<\/span><span data-ccp-props=\"{&quot;134233117&quot;:false,&quot;134233118&quot;:false,&quot;335559738&quot;:0,&quot;335559739&quot;:0}\">\u00a0<\/span><\/p>\r\n<p><span data-ccp-props=\"{}\">\u00a0<\/span><i><span data-contrast=\"none\">Ota vastuu toiminnastasi<\/span><\/i><\/p>\r\n<p><span data-contrast=\"none\">Pyyd\u00e4 anteeksi, jos olet loukannut tahallisesti tai tahattomasti muita. Mik\u00e4li olet toiminut h\u00e4iritsev\u00e4sti, ota vastuu omista teoistasi. Ota palaute ja kritiikki avoimesti vastaan.<\/span><span data-ccp-props=\"{&quot;134233117&quot;:false,&quot;134233118&quot;:false,&quot;335559738&quot;:0,&quot;335559739&quot;:0}\">\u00a0<\/span><\/p>\r\n<p><span data-ccp-props=\"{}\">\u00a0<\/span><i><span data-contrast=\"none\">Puutu<\/span><\/i><span data-ccp-props=\"{&quot;134233117&quot;:false,&quot;134233118&quot;:false,&quot;335559738&quot;:0,&quot;335559739&quot;:0}\">\u00a0<\/span><\/p>\r\n<p><span data-contrast=\"none\">Mik\u00e4li todistat h\u00e4irint\u00e4\u00e4 tai muuta ep\u00e4asiallista kohtelua, \u00e4l\u00e4 j\u00e4\u00e4 sivustakatsojaksi. Sinulla on oikeus ilmoittaa tapahtuneesta tapahtumaturvallisuushenkil\u00f6lle\/h\u00e4irint\u00e4yhdyshenkil\u00f6lle, silloinkin kun tilanne ei koske itse\u00e4si.\u00a0<\/span><span data-ccp-props=\"{&quot;134233117&quot;:false,&quot;134233118&quot;:false,&quot;335559738&quot;:0,&quot;335559739&quot;:0}\">\u00a0<\/span><\/p>\r\n<p>&nbsp;<\/p>\r\n<hr \/>\r\n<p>&nbsp;<\/p>\r\n<p><span data-contrast=\"none\">N\u00e4m\u00e4 ohjeet perustuvat muun muassa <\/span><a href=\"https:\/\/www.uniarts.fi\/ohjeet\/turvallisemman-tilan-ohjeet-akateemisille-tapahtumille\/\"><span data-contrast=\"none\">Taideyliopiston<\/span><\/a><span data-contrast=\"none\">, <\/span><a href=\"https:\/\/www.ykliitto.fi\/turvallinen-tila\"><span data-contrast=\"none\">Suomen YK-liiton<\/span><\/a><span data-contrast=\"none\">, <\/span><a href=\"https:\/\/www.kulttuuriakaikille.fi\/tietoa_meista_turvallisemman_tilan_periaatteet\"><span data-contrast=\"none\">Kulttuuria kaikille<\/span><\/a><span data-contrast=\"none\"> -palvelun, <\/span><a href=\"https:\/\/www.nyyti.fi\/yhdistys\/turvallisemman-tilan-periaatteet\/\"><span data-contrast=\"none\">Nyyti ry<\/span><\/a><span data-contrast=\"none\">:n ja muiden ylioppilaskuntien ohjeistuksiin. P\u00e4ivit\u00e4mme turvallisemman tilan periaatteita aina tarpeen mukaan ja oppiessamme uutta<\/span><span data-ccp-props=\"{&quot;134233117&quot;:false,&quot;134233118&quot;:false,&quot;335559738&quot;:0,&quot;335559739&quot;:0}\">\u00a0<\/span><\/p>\r\n\r\n\r\n\r\n<p class=\"wp-block-paragraph\"><em>N\u00e4m\u00e4 turvallisemman tilan periaatteet on hyv\u00e4ksytty Taideyliopiston ylioppilaskunnan hallituksen kokouksessa 2.12.2024. Periaatteita tarkastellaan v\u00e4hint\u00e4\u00e4n vuosittain ja p\u00e4ivitet\u00e4\u00e4n tarpeen mukaan.\u00a0<\/em><\/p>\r\n\r\n\r\n\r\n<p class=\"wp-block-paragraph\"><strong>H\u00e4irint\u00e4yhdyshenkil\u00f6t<\/strong><\/p>\r\n\r\n\r\n\r\n\r\n\r\n<p class=\"wp-block-paragraph\"><em><strong>Kikko Siltanen (SibA), <\/strong>kikko.siltanen (at) uniarts.fi, +358 44 213 0326 (my\u00f6s WhatsApp)<\/em><\/p>\r\n<p><em><strong>Jan \u0160krob\u00e1nek (SibA), <\/strong><\/em><em>jan.skrobanek (at) uniarts.fi, +358 40 615 3393 (my\u00f6s WhatsApp)<\/em><\/p>\r\n<p><em><strong>Moona Ranta (TeaK), <\/strong>moona.ranta (at) uniarts,fi, <span data-olk-copy-source=\"MessageBody\">+358 41 544 4929 (my\u00f6s WhatsApp)<\/span><\/em><\/p>\r\n\r\n\r\n\r\n<p class=\"wp-block-paragraph\">Voit olla yhteydess\u00e4 keneen tahansa h\u00e4irint\u00e4yhdyshenkil\u00f6ist\u00e4 akatemiasta riippumatta.\u00a0<\/p>\r\n\r\n\r\n\r\n<p class=\"wp-block-paragraph\">&nbsp;<\/p>\r\n","protected":false},"excerpt":{"rendered":"<p>Turvallisemman tilan periaatteilla ja toimintatavoilla viitataan yhteis\u00f6lliseen pyrkimykseen luoda tiloihin sek\u00e4 tapahtumiin turvallisuutta lis\u00e4\u00e4vi\u00e4 k\u00e4yt\u00e4nt\u00f6j\u00e4. K\u00e4yt\u00e4mme sanaa \u201cturvallisempi\u201d sanan \u201cturvallinen\u201d sijaan, koska [&hellip;]<\/p>\n","protected":false},"author":13,"featured_media":0,"parent":0,"menu_order":0,"comment_status":"closed","ping_status":"closed","template":"","meta":{"_coblocks_attr":"","_coblocks_dimensions":"","_coblocks_responsive_height":"","_coblocks_accordion_ie_support":"","_crdt_document":"","advanced_seo_description":"","jetpack_seo_html_title":"","jetpack_seo_noindex":false,"footnotes":""},"class_list":["post-10713","page","type-page","status-publish","hentry"],"jetpack_sharing_enabled":true,"jetpack_shortlink":"https:\/\/wp.me\/P2w00X-2MN","jetpack_likes_enabled":true,"amp_enabled":true,"_links":{"self":[{"href":"https:\/\/taiyo.fi\/sv\/wp-json\/wp\/v2\/pages\/10713","targetHints":{"allow":["GET"]}}],"collection":[{"href":"https:\/\/taiyo.fi\/sv\/wp-json\/wp\/v2\/pages"}],"about":[{"href":"https:\/\/taiyo.fi\/sv\/wp-json\/wp\/v2\/types\/page"}],"author":[{"embeddable":true,"href":"https:\/\/taiyo.fi\/sv\/wp-json\/wp\/v2\/users\/13"}],"replies":[{"embeddable":true,"href":"https:\/\/taiyo.fi\/sv\/wp-json\/wp\/v2\/comments?post=10713"}],"version-history":[{"count":15,"href":"https:\/\/taiyo.fi\/sv\/wp-json\/wp\/v2\/pages\/10713\/revisions"}],"predecessor-version":[{"id":15290,"href":"https:\/\/taiyo.fi\/sv\/wp-json\/wp\/v2\/pages\/10713\/revisions\/15290"}],"wp:attachment":[{"href":"https:\/\/taiyo.fi\/sv\/wp-json\/wp\/v2\/media?parent=10713"}],"curies":[{"name":"wp","href":"https:\/\/api.w.org\/{rel}","templated":true}]}}