{"id":10364,"date":"2021-10-08T12:11:07","date_gmt":"2021-10-08T10:11:07","guid":{"rendered":"https:\/\/taiyo.fi\/?page_id=10364"},"modified":"2026-03-04T12:39:15","modified_gmt":"2026-03-04T10:39:15","slug":"tuotteet","status":"publish","type":"page","link":"https:\/\/taiyo.fi\/sv\/tuotteet\/","title":{"rendered":"Produkter att hyra, l\u00e5na och k\u00f6pa"},"content":{"rendered":"<p class=\"wp-block-paragraph\">TaiYo hyr ut PA-utrustning, trumset och campingutrustning till sina medlemmar till \u00f6verkomliga priser. Dessutom kan du l\u00e5na t.ex. fr\u00e5n kontoret. discgolfskivor, pulkor och andra utomhusspel och k\u00f6pa t.ex. TaiYos band och kokard.<\/p>\r\n\r\n\r\n\r\n<h3 class=\"wp-block-heading\"><a href=\"#ohjeet\">Hur ska man g\u00e5 till v\u00e4ga f\u00f6r att hyra\/l\u00e5na?<\/a><\/h3>\r\n<h3>Produkter till hyres<\/h3>\r\n<ul>\r\n<li><a href=\"#pa-laitteet\">PA-system<\/a><\/li>\r\n<li><a href=\"#rumpusetti\">Trumset<\/a><\/li>\r\n<li><a href=\"#retkikalusto\">Campingutrustning<\/a><\/li>\r\n<\/ul>\r\n<h3><a href=\"#lainattavat\">Produkter till l\u00e5nes<\/a><\/h3>\r\n<h3>Produkter till salu<\/h3>\r\n<ul>\r\n<li style=\"list-style-type: none\">\r\n<ul>\r\n<li><a href=\"#lakkimerkki\">Kokard och pins<\/a><\/li>\r\n<li><a href=\"#nauha\">TaiYo:s f\u00f6reningsband<\/a><\/li>\r\n<li><a href=\"#huppari\">Munkjacka<\/a><\/li>\r\n<li><a href=\"#kangaskassi\">Tygkasse<\/a><\/li>\r\n<\/ul>\r\n<\/li>\r\n<\/ul>\r\n<p>&nbsp;<\/p>\r\n<p>&nbsp;<\/p>\r\n<p>\r\n\r\n<\/p>\r\n<hr class=\"wp-block-separator\" \/>\r\n<p>\r\n\r\n<\/p>\r\n<h3 class=\"wp-block-heading\" id=\"ohjeet\">Hur ska man g\u00e5 till v\u00e4ga f\u00f6r att hyra\/l\u00e5na?<\/h3>\r\n\r\n\r\n\r\n<p class=\"wp-block-paragraph\">Boka utrustning genom att skicka e-post till taiyo-toimisto (at) uniarts.fi eller ring 040 710 4298 (under tj\u00e4nstetid).<br \/>Kom ih\u00e5g att boka utrustningen i tid s\u00e5 att vi hinner svara p\u00e5 ditt meddelande!<\/p>\r\n\r\n\r\n\r\n<p class=\"wp-block-paragraph\"><strong>N\u00e4r du bokar utrustning, v\u00e4nligen ange f\u00f6ljande i e-postmeddelandet:<\/strong><\/p>\r\n\r\n\r\n\r\n<ol class=\"wp-block-list\">\r\n<li>Vem \u00e4r du?<\/li>\r\n<li>Vad vill du hyra?<\/li>\r\n<li>Under vilken period vill du hyra utrustningen?<\/li>\r\n<li>N\u00e4r skulle du kunna h\u00e4mta och l\u00e4mna tillbaka utrustningen? H\u00e4mtning och retur \u00e4r m\u00f6jlig inom kontorets \u00f6ppettider. Kontrollera kontorstid p\u00e5 <a href=\"https:\/\/taiyo.fi\/sv\/ylioppilaskunta\/yhteystiedot\/\">Kontakt<\/a>-sidan.<br \/><br \/><\/li>\r\n<\/ol>\r\n\r\n\r\n\r\n<p><strong>-&gt; N\u00e4r du h\u00e4mtar den utrustning du har hyrt: <\/strong><\/p>\r\n<ol>\r\n<li>Ankomst till TaiYo-kontoret vid \u00f6verenskommen avh\u00e4mtningstid: Nervandersgatan 13, 4:e v\u00e5ningen.<\/li>\r\n<li><span data-contrast=\"auto\"> Du undertecknar ett hyres- eller l\u00e5neavtal d\u00e4r du f\u00f6rbinder dig att l\u00e4mna tillbaka utrustningen vid \u00f6verenskommen tidpunkt.<\/span><\/li>\r\n<li><span data-contrast=\"auto\"> Om du hyr f\u00e5r du utrustningen till ditt f\u00f6rfogande n\u00e4r du visar oss betalningskvittot. Du kan ocks\u00e5 betala f\u00f6r hyran p\u00e5 kontoret.<\/span><span data-contrast=\"auto\"><br \/><\/span><\/li>\r\n<li><span data-contrast=\"auto\">Observera att transport av PA-utrustning till exempel kan kr\u00e4va mer \u00e4n en person.<\/span><\/li>\r\n<\/ol>\r\n<p><strong>&gt; N\u00e4r du l\u00e4mnar tillbaka den utrustning du har hyrt:\u00a0<\/strong><\/p>\r\n<ol>\r\n<li><span data-contrast=\"auto\"> Fyll i och skicka returformul\u00e4ret f\u00f6r utrustning (l\u00e4nk nedan), d\u00e4r du verifierar utrustningens skick efter anv\u00e4ndning och vi kommer att meddelas att utrustningen har returnerats.  Blanketten kan ocks\u00e5 fyllas i med en smarttelefon.<\/span><\/li>\r\n<li><span data-contrast=\"auto\"> Kom till TaiYots kansli vid den \u00f6verenskomna tiden och l\u00e4mna tillbaka den utrustning du har fodrat.<br \/><br \/><a href=\"https:\/\/link.webropolsurveys.com\/S\/8E1C56B885FC2D79\"><strong>Du kan komma \u00e5t returformul\u00e4ret f\u00f6r uthyrning av utrustning fr\u00e5n den h\u00e4r l\u00e4nken<\/strong><\/a><\/span><\/li>\r\n<\/ol>\r\n<hr class=\"wp-block-separator\" \/>\r\n\r\n\r\n<h2 class=\"wp-block-heading\" id=\"pa-laitteet\">Produkter till hyres<\/h2>\r\n<h3>PA-system<\/h3>\r\n\r\n<ul class=\"wp-block-list\">\r\n<li>tv\u00e5 aktiv h\u00f6gtalare (JBL EON Power15) med stativ<\/li>\r\n<li>Ett mixerbord med inspelande ljudkanaler (Soundcraft Spirit Folio FX8)<\/li>\r\n<li>fyra dynamiska microfoner med st\u00e4llning<\/li>\r\n<li>mikrofon- och h\u00f6rtalare elsladdar<\/li>\r\n<\/ul>\r\n\r\n\r\n\r\n<p class=\"wp-block-paragraph\"><strong>Pris: hela set 50 \u20ac \/dag eller 60 \u20ac\/veckoslut.<\/strong>\u00a0Du kan ocks\u00e5 hyra moduler separat: h\u00f6gtalare 20 \u20ac\/dag, mixerbord 20 \u20ac\/dag, mikrofon och st\u00e4llning 5 \u20ac\/stycke\/dag. Om du hyrar PA-grejer f\u00f6r en veckoslut (fre-s\u00f6n), m\u00e5ste du \u00e5terlamna dem m\u00e5ndagmorgonen.<\/p>\r\n<h4>Hyresvillkor<\/h4>\r\n<p>\r\n\r\n<\/p>\r\n<p class=\"wp-block-paragraph\"><strong>L\u00e4s bokningsvillkoren noggrant s\u00e5 undviker vi problem!<\/strong><\/p>\r\n<p>\r\n\r\n<\/p>\r\n<p class=\"wp-block-paragraph\">1. G\u00e5 igenom hyresavtalet f\u00f6r utrustning n\u00e4r du kommer f\u00f6r att h\u00e4mta varorna. ANGE i kontraktet vilka delar av utrustningen du kommer att ta med dig!<\/p>\r\n<p>\r\n\r\n<\/p>\r\n<p class=\"wp-block-paragraph\">2. Du hyr utrustningen i det skick den \u00e4r. Utrustningen hyrs aktivt av en mycket varierad grupp anv\u00e4ndare, och enheter b\u00e5de h\u00e4mtas och returneras utanf\u00f6r kontorstid. Av denna anledning har studentk\u00e5ren inte resurser att underh\u00e5lla och kontrollera skicket p\u00e5 utrustningen\/saknade delar etc. efter varje uthyrning.<\/p>\r\n<p>\r\n\r\n<\/p>\r\n<p class=\"wp-block-paragraph\">3. Det \u00e4r ditt ansvar att rapportera eventuella fel eller defekter i utrustningen. Vi tar ocks\u00e5 g\u00e4rna emot utvecklingsf\u00f6rslag!<\/p>\r\n<p>\r\n\r\n<\/p>\r\n<p class=\"wp-block-paragraph\">4. Du f\u00e5r inte en rabatt p\u00e5 hyrespriser om du f\u00f6rst p\u00e5 spelplatsen m\u00e4rker att n\u00e5gon del saknas \/ inte fungerar -&gt; kontrollera och testa att allt \u00e4r ok n\u00e4r du h\u00e4mtar utrustningen!<\/p>\r\n<p>\r\n\r\n<\/p>\r\n<p class=\"wp-block-paragraph\">5. Du \u00e4r ansvarig om de uthyrda sakerna f\u00f6rsvinner eller g\u00e5r s\u00f6nder under din uthyrning.<\/p>\r\n<p>\r\n\r\n<\/p>\r\n<p class=\"wp-block-paragraph\">6. PA-utrustningen ska l\u00e4mnas tillbaka till sina respektive platser i kontorsf\u00f6rr\u00e5det. TaiYo tar ut en \u00f6verf\u00f6ringsavgift p\u00e5 15 euro f\u00f6r PA-utrustning som l\u00e4mnats p\u00e5 fel plats.<\/p>\r\n<p>\r\n\r\n<\/p>\r\n<p class=\"wp-block-paragraph\">7. S\u00e4tt tillbaka kablarna inslagna i snygga buntar, med h\u00f6gtalarens str\u00f6msladd som \u00f6verst i kabell\u00e5dan.<\/p>\r\n<p>&nbsp;<\/p>\r\n\r\n\r\n\r\n<h3 class=\"wp-block-heading\" id=\"rumpusetti\">Trumset<\/h3>\r\n<p>&nbsp;<\/p>\r\n\r\n\r\n\r\n<p class=\"wp-block-paragraph\">Pearl World Series: tre toms, ride-, crash- och HiHat-symbals.<\/p>\r\n\r\n\r\n\r\n<p class=\"wp-block-paragraph\"><strong>Pris: 20 \u20ac\/dag eller 30 \u20ac \/veckoslut.<\/strong><\/p>\r\n\r\n\r\n\r\n<h4 class=\"wp-block-heading\">Hyresvillkor<\/h4>\r\n\r\n\r\n\r\n<p class=\"wp-block-paragraph\"><strong>L\u00e4s bokningsvillkoren noggrant s\u00e5 undviker vi problem!<\/strong><\/p>\r\n\r\n\r\n\r\n<p class=\"wp-block-paragraph\">1. G\u00e5 igenom hyresavtalet f\u00f6r utrustning n\u00e4r du kommer f\u00f6r att h\u00e4mta varorna. ANGE i kontraktet vilka delar av utrustningen du kommer att ta med dig!<\/p>\r\n\r\n\r\n\r\n<p class=\"wp-block-paragraph\">2. Du hyr utrustningen i det skick den \u00e4r. Utrustningen hyrs aktivt av en mycket varierad grupp anv\u00e4ndare, och enheter b\u00e5de h\u00e4mtas och returneras utanf\u00f6r kontorstid. Av denna anledning har studentk\u00e5ren inte resurser att underh\u00e5lla och kontrollera skicket p\u00e5 utrustningen\/saknade delar etc. efter varje uthyrning.<\/p>\r\n\r\n\r\n\r\n<p class=\"wp-block-paragraph\">3. Det \u00e4r ditt ansvar att rapportera eventuella fel eller defekter i utrustningen. Vi tar ocks\u00e5 g\u00e4rna emot utvecklingsf\u00f6rslag!<\/p>\r\n\r\n\r\n\r\n<p class=\"wp-block-paragraph\">4. Du f\u00e5r inte en rabatt p\u00e5 hyrespriser om du f\u00f6rst p\u00e5 spelplatsen m\u00e4rker att n\u00e5gon del saknas \/ inte fungerar -&gt; kontrollera och testa att allt \u00e4r ok n\u00e4r du h\u00e4mtar utrustningen!<\/p>\r\n\r\n\r\n\r\n<p class=\"wp-block-paragraph\">5. Du \u00e4r ansvarig om de uthyrda sakerna f\u00f6rsvinner eller g\u00e5r s\u00f6nder under din uthyrning.<\/p>\r\n\r\n\r\n\r\n<p class=\"wp-block-paragraph\">6. PA-utrustningen ska l\u00e4mnas tillbaka till sina respektive platser i kontorsf\u00f6rr\u00e5det. TaiYo tar ut en \u00f6verf\u00f6ringsavgift p\u00e5 15 euro f\u00f6r PA-utrustning som l\u00e4mnats p\u00e5 fel plats.<\/p>\r\n\r\n\r\n\r\n<p class=\"wp-block-paragraph\">7. S\u00e4tt tillbaka kablarna inslagna i snygga buntar, med h\u00f6gtalarens str\u00f6msladd som \u00f6verst i kabell\u00e5dan.<\/p>\r\n<p>&nbsp;<\/p>\r\n\r\n\r\n<hr class=\"wp-block-separator\" \/>\r\n\r\n\r\n<h3 class=\"wp-block-heading\" id=\"retkikalusto\">Utflyktsutrustning<\/h3>\r\n\r\n\r\n\r\n<p class=\"wp-block-paragraph\">Konstuniversitetets studentk\u00e5r erbjuder sina medlemmar m\u00f6jlighet att hyra utflyktsutrustning billigt. Det finns tre olika paket tillg\u00e4ngliga:<\/p>\r\n\r\n\r\n\r\n<ol class=\"wp-block-list\">\r\n<li>Litet paket\r\n<ul>\r\n<li>En 1\u20132 persons vindskydd f\u00f6r \u00f6vernattning (<a href=\"https:\/\/scandinavianoutdoor.fi\/halti\/varusteet\/teltat\/tarpit-ja-laavut\/laavu-pro-2017\/\">Halti Laavu Pro<\/a>)<\/li>\r\n<li>Tillbeh\u00f6r*<\/li>\r\n<\/ul>\r\n<\/li>\r\n<\/ol>\r\n\r\n\r\n\r\n<ol class=\"wp-block-list\" start=\"2\">\r\n<li>Stora paket\r\n<ul>\r\n<li>En stora k\u00e5ta, plats f\u00f6r 3\u20134 personer (<a href=\"https:\/\/www.tuntsa.fi\/kauppa\/?product=tuntsa-vaelluskota-40m-2\">Tuntsa-vaelluskota<\/a>)<\/li>\r\n<li>Tillbeh\u00f6r*<\/li>\r\n<\/ul>\r\n<\/li>\r\n<li>Mega paket\r\n<ul>\r\n<li>En 1\u20132 persons vindskydd f\u00f6r \u00f6vernattning (<a href=\"https:\/\/scandinavianoutdoor.fi\/halti\/varusteet\/teltat\/tarpit-ja-laavut\/laavu-pro-2017\/\">Halti Laavu Pro<\/a>)<\/li>\r\n<li>En stora k\u00e5ta, plats f\u00f6r 3\u20134 personer (<a href=\"https:\/\/www.tuntsa.fi\/kauppa\/?product=tuntsa-vaelluskota-40m-2\">Tuntsa-vaelluskota<\/a>)<\/li>\r\n<li>Tillbeh\u00f6r*<\/li>\r\n<\/ul>\r\n<\/li>\r\n<\/ol>\r\n\r\n\r\n\r\n<p class=\"wp-block-paragraph\">* Tillbeh\u00f6r inneh\u00e5ller:<\/p>\r\n\r\n\r\n\r\n<ul class=\"wp-block-list\">\r\n<li>En stor termosflaska (0,7 liter)<\/li>\r\n<li>En sm\u00e5 termosflaska (0,5 liter)<\/li>\r\n<li>En l\u00e4gereld panna (2,7 liter)<\/li>\r\n<li>En l\u00e4gereld kaffepanna (ca. 2 liter)<\/li>\r\n<li>Noux nationalpark friluftskarta<\/li>\r\n<li>Sibbo storskogs nationalpark friluftskarta<\/li>\r\n<li>Pieni ensiapulaukku: 1kpl sytk\u00e4ri, 1 kpl elastinen side, 2kpl steriili kiinnittyv\u00e4 haavaside, 1kpl rasvalappu, 1kpl steriili haavatyyny, 1kpl steriili kuitukankainen haavataitos, 5kpl perhoslaastari, 4kpl antiseptinen haavapyyhe, 4kpl X-laastari, 4kpl neli\u00f6-laastari, 6kpl kapea laastari, 2kpl leve\u00e4 laastari,1kpl\u00a0 leikattava laastarimatto<\/li>\r\n<li>En stora filt<\/li>\r\n<\/ul>\r\n\r\n\r\n\r\n<p class=\"wp-block-paragraph\">Du beh\u00f6ver inte ta med dig alla tillbeh\u00f6r om du inte k\u00e4nner att det \u00e4r n\u00f6dv\u00e4ndigt. Du kan ocks\u00e5 bara v\u00e4lja en del av tillbeh\u00f6r. Detta p\u00e5verkar inte den totala hyran. Tillbeh\u00f6ren du v\u00e4ljer kommer att noteras i hyresavtalet. L\u00e4s villkoren i hyresavtalet och underh\u00e5llsinstruktionerna f\u00f6r t\u00e4lten och utrustningen noggrant innan du hyr.<\/p>\r\n\r\n\r\n\r\n<h4 class=\"wp-block-heading\">Hyresavtalet<\/h4>\r\n\r\n\r\n\r\n<ol class=\"wp-block-list\">\r\n<li>Uthyraren \u00e4r skyldig att kontrollera utrustningens skick innan hyra.<\/li>\r\n<li>Utrustningen kommer att returneras i samma eller b\u00e4ttre skick som n\u00e4r de hyrdes.<\/li>\r\n<li>Uthyraren har l\u00e4st instruktionerna f\u00f6r underh\u00e5ll av utrustningen och f\u00f6rbinder sig att underh\u00e5lla utrustningen ordentligt f\u00f6re retur.<\/li>\r\n<li>Varorna kommer att returneras i tid, inom \u00f6ppettiderna f\u00f6r Studentk\u00e5rens kontor. Upph\u00e4mtnings- och returtider kommer att \u00f6verenskommas f\u00f6re uthyrning och kommer att f\u00f6ljas.<\/li>\r\n<li>Uthyraren \u00e4r skyldig att kompensera f\u00f6r utrustning som har g\u00e5tt s\u00f6nder eller f\u00f6rlorats.<\/li>\r\n<\/ol>\r\n\r\n\r\n\r\n<h4 class=\"wp-block-heading\">Underh\u00e5llsinstruktionerna<\/h4>\r\n\r\n\r\n\r\n<p class=\"wp-block-paragraph\">Hyresg\u00e4sten ansvarar f\u00f6r underh\u00e5llet av campingutrustningen och utrustningen m\u00e5ste returneras f\u00f6rst efter underh\u00e5ll. S\u00e5 v\u00e4nligen l\u00e4mna tillbaka utrustningen sent ist\u00e4llet f\u00f6r d\u00e5ligt underh\u00e5llet. T\u00e4lttyger b\u00f6r vara torra innan de packas och returneras. Termosar och pannor ska tv\u00e4ttas f\u00f6re retur.<\/p>\r\n\r\n\r\n\r\n<p class=\"wp-block-paragraph\">Om det finns skador eller defekter i utrustningen m\u00e5ste de rapporteras till kontoret. Med tanke p\u00e5 dessa saker \u00e4r l\u00e5n ocks\u00e5 trevligt f\u00f6r efterf\u00f6ljande hyresg\u00e4ster och utrustningen stannar i ordning l\u00e4ngre.<\/p>\r\n\r\n\r\n\r\n<p class=\"wp-block-paragraph\">Underh\u00e5llning av t\u00e4lt\u00a0<\/p>\r\n\r\n\r\n\r\n<ul class=\"wp-block-list\">\r\n<li>L\u00e5t t\u00e4ltduken torka ordentligt p\u00e5 en varm plats innan du packar den.<\/li>\r\n<li>Kontrollera att alla tillbeh\u00f6r \u00e4r lagrade.<\/li>\r\n<li>Om du uppt\u00e4cker n\u00e5gra brister, informera KonSTs kansli n\u00e4r du \u00e5terl\u00e4mnar utrustning eller meddela taiyo (at) uniarts.fi. <a href=\"mailto:taiyo@uniarts.fi\">taiyo@uniarts.fi<\/a><\/li>\r\n<li>NOTERA! T\u00e4ltduken m\u00e5ste vara torr innan den packas och skickas tillbaka.<\/li>\r\n<\/ul>\r\n\r\n\r\n\r\n<p class=\"wp-block-paragraph\">Underh\u00e5llning av pannor och tillbeh\u00f6r<\/p>\r\n\r\n\r\n\r\n<ul class=\"wp-block-list\">\r\n<li>Tv\u00e4tta pannor och termoser noggrant inifr\u00e5n innan du \u00e5terl\u00e4mnar.<\/li>\r\n<li>F\u00f6rvara alltid sotpannor i en skyddande p\u00e5se.<\/li>\r\n<li>Kontrollera att alla delar finns i f\u00f6rsta hj\u00e4lpen. Om du anv\u00e4nder n\u00e5got fr\u00e5n f\u00f6rpackningen, byt ut det mot en ny liknande produkt.<\/li>\r\n<li>Ventilera filten ordentligt. Tv\u00e4tta vid behov filten enligt tv\u00e4ttinstruktionerna (vattentv\u00e4tt 30 grader. Torktumla INTE).<\/li>\r\n<li>Vik kartorna snyggt innan du \u00e5terv\u00e4nder.<\/li>\r\n<li>NOTERA! Pannor och termoser m\u00e5ste tv\u00e4ttas f\u00f6re retur.<\/li>\r\n<\/ul>\r\n\r\n\r\n\r\n<h4 class=\"wp-block-heading\">Prislista<\/h4>\r\n\r\n\r\n\r\n<figure class=\"wp-block-table\">\r\n<table>\r\n<tbody>\r\n<tr>\r\n<td>\u00a0<\/td>\r\n<td>Veckoslut<\/td>\r\n<td>1\u20132 veckor<\/td>\r\n<td>M\u00e5nad+<\/td>\r\n<\/tr>\r\n<tr>\r\n<td>Litet paket<\/td>\r\n<td>15 \u20ac<\/td>\r\n<td>30 \u20ac<\/td>\r\n<td>Fr\u00e5ga om priset<\/td>\r\n<\/tr>\r\n<tr>\r\n<td>Stora paket<\/td>\r\n<td>20 \u20ac<\/td>\r\n<td>40 \u20ac<\/td>\r\n<td>Fr\u00e5ga om priset<\/td>\r\n<\/tr>\r\n<tr>\r\n<td>Mega paket<\/td>\r\n<td>25 \u20ac<\/td>\r\n<td>50 \u20ac<\/td>\r\n<td>Fr\u00e5ga om priset<\/td>\r\n<\/tr>\r\n<\/tbody>\r\n<\/table>\r\n<\/figure>\r\n\r\n\r\n\r\n<p class=\"wp-block-paragraph\">Du kan betala b\u00e5de kontant och med kort p\u00e5 Studentk\u00e5rens kansli.<\/p>\r\n\r\n\r\n\r\n<p class=\"wp-block-paragraph\">Trevliga resor! \u00d6nskningar, TaiYo<\/p>\r\n<p>&nbsp;<\/p>\r\n<p>&nbsp;<\/p>\r\n<p>\r\n\r\n<\/p>\r\n<hr class=\"wp-block-separator\" \/>\r\n<p>\r\n\r\n<\/p>\r\n<h2 class=\"wp-block-heading\" id=\"lainattavat\">Produkter till l\u00e5nes<\/h2>\r\n<p>Fr\u00e5n TaiYos kontor p\u00e5 4: e v\u00e5ningen i N-huset kan du l\u00e5na f\u00f6rem\u00e5len nedan. Kom \u00f6verens om att l\u00e5na genom att skicka e-post till adressen taiyo-toimisto (at) uniarts.fi eller genom att ringa 040 710 4298 (under tj\u00e4nstetid).<\/p>\r\n<ul>\r\n<li>Discgolfskivor<\/li>\r\n<li>M\u00f6lkky<\/li>\r\n<li>Krocket (2x krocket set)<\/li>\r\n<li>Fotboll<\/li>\r\n<li>Pulka (2x)<\/li>\r\n<li>Br\u00e4dspel<\/li>\r\n<li>Pingisracketar och bollar<\/li>\r\n<li>Presenningar och picknickfiltar<\/li>\r\n<\/ul>\r\n<p>&nbsp;<\/p>\r\n<p>&nbsp;<\/p>\r\n<p>\r\n\r\n<\/p>\r\n<hr class=\"wp-block-separator\" \/>\r\n<p>\r\n\r\n<\/p>\r\n<h2 class=\"wp-block-heading\">Produkter till salu<\/h2>\r\n<p>Du kan k\u00f6pa t.ex. f\u00f6ljande produkter fr\u00e5n Studentk\u00e5rens kansli:<\/p>\r\n<p>\r\n\r\n<\/p>\r\n<h3 class=\"wp-block-heading\" id=\"lakkimerkki\">KonSt:s kokard eller pins<\/h3>\r\n<p>\r\n\r\n<\/p>\r\n<div class=\"wp-block-image\">\r\n<figure class=\"alignleft\"><img data-recalc-dims=\"1\" loading=\"lazy\" decoding=\"async\" width=\"1170\" height=\"878\" data-attachment-id=\"3507\" data-permalink=\"https:\/\/taiyo.fi\/sv\/jasenille\/palvelut-taiyon-jasenelle\/myyntituotteet\/hattumerkki\/\" data-orig-file=\"https:\/\/i0.wp.com\/taiyo.fi\/wp-content\/uploads\/2013\/02\/hattumerkki.jpeg?fit=4032%2C3024&amp;ssl=1\" data-orig-size=\"4032,3024\" data-comments-opened=\"0\" data-image-meta=\"{&quot;aperture&quot;:&quot;2.2&quot;,&quot;credit&quot;:&quot;&quot;,&quot;camera&quot;:&quot;iPhone 6s Plus&quot;,&quot;caption&quot;:&quot;&quot;,&quot;created_timestamp&quot;:&quot;1447863731&quot;,&quot;copyright&quot;:&quot;&quot;,&quot;focal_length&quot;:&quot;4.15&quot;,&quot;iso&quot;:&quot;100&quot;,&quot;shutter_speed&quot;:&quot;0.058823529411765&quot;,&quot;title&quot;:&quot;&quot;,&quot;orientation&quot;:&quot;1&quot;,&quot;latitude&quot;:&quot;60.173880555556&quot;,&quot;longitude&quot;:&quot;24.929322222222&quot;}\" data-image-title=\"hattumerkki\" data-image-description=\"\" data-image-caption=\"\" data-large-file=\"https:\/\/i0.wp.com\/taiyo.fi\/wp-content\/uploads\/2013\/02\/hattumerkki.jpeg?fit=700%2C525&amp;ssl=1\" class=\"wp-image-3507\" src=\"https:\/\/i0.wp.com\/taiyo.fi\/wp-content\/uploads\/2013\/02\/hattumerkki.jpeg?resize=1170%2C878&#038;ssl=1\" alt=\"hattumerkki\" \/><\/figure>\r\n<\/div>\r\n<p>\r\n\r\n<\/p>\r\n<p class=\"wp-block-paragraph\">Ett kokard p\u00e5 din studentm\u00f6ssa s\u00e5 att konstn\u00e4ren \u00e4ven p\u00e5 valborg kan k\u00e4nnas igen. Studentm\u00f6ssans traditionella lyra \u00e4r officiellt Helsingfors universitets studerandes emblem, men genom att ers\u00e4tta den med TaiYos kokard  kan du k\u00e4nna igen f\u00e4rgen och visa att du studerar vid Konstuniversitetet. Det finns ocks\u00e5 en pins av samma modell och till samma pris.<\/p>\r\n<p>\r\n\r\n<\/p>\r\n<p class=\"wp-block-paragraph\">12,00 \u20ac<\/p>\r\n<p>\r\n\r\n<\/p>\r\n<hr class=\"wp-block-separator\" \/>\r\n<p>\r\n\r\n<\/p>\r\n<h3 class=\"wp-block-heading\" id=\"nauha\">KonSt:s studentk\u00e5rsband<\/h3>\r\n<p>\r\n\r\n<\/p>\r\n<div class=\"wp-block-image\">\r\n<figure class=\"alignleft\"><img data-recalc-dims=\"1\" loading=\"lazy\" decoding=\"async\" width=\"1170\" height=\"878\" data-attachment-id=\"3508\" data-permalink=\"https:\/\/taiyo.fi\/sv\/jasenille\/palvelut-taiyon-jasenelle\/myyntituotteet\/taiyonauha\/\" data-orig-file=\"https:\/\/i0.wp.com\/taiyo.fi\/wp-content\/uploads\/2013\/02\/taiyonauha.jpeg?fit=4032%2C3024&amp;ssl=1\" data-orig-size=\"4032,3024\" data-comments-opened=\"0\" data-image-meta=\"{&quot;aperture&quot;:&quot;2.2&quot;,&quot;credit&quot;:&quot;&quot;,&quot;camera&quot;:&quot;iPhone 6s Plus&quot;,&quot;caption&quot;:&quot;&quot;,&quot;created_timestamp&quot;:&quot;1447863800&quot;,&quot;copyright&quot;:&quot;&quot;,&quot;focal_length&quot;:&quot;4.15&quot;,&quot;iso&quot;:&quot;64&quot;,&quot;shutter_speed&quot;:&quot;0.058823529411765&quot;,&quot;title&quot;:&quot;&quot;,&quot;orientation&quot;:&quot;1&quot;,&quot;latitude&quot;:&quot;60.173825&quot;,&quot;longitude&quot;:&quot;24.929127777778&quot;}\" data-image-title=\"Taiyonauha\" data-image-description=\"\" data-image-caption=\"\" data-large-file=\"https:\/\/i0.wp.com\/taiyo.fi\/wp-content\/uploads\/2013\/02\/taiyonauha.jpeg?fit=700%2C525&amp;ssl=1\" class=\"wp-image-3508\" src=\"https:\/\/i0.wp.com\/taiyo.fi\/wp-content\/uploads\/2013\/02\/taiyonauha.jpeg?resize=1170%2C878&#038;ssl=1\" alt=\"Taiyonauha\" \/><\/figure>\r\n<\/div>\r\n<p>\r\n\r\n<\/p>\r\n<p class=\"wp-block-paragraph\">Studentk\u00e5rens band som anv\u00e4nds vid akademiska fester.<\/p>\r\n<p>\r\n\r\n<\/p>\r\n<p class=\"wp-block-paragraph\">L\u00e5ngt band (far \u00f6ver kroppen)<br \/>3,00 \u20ac<\/p>\r\n<p>\r\n\r\n<\/p>\r\n<p class=\"wp-block-paragraph\">Kort band (g\u00f6rs till en rosett)<br \/>1,00 \u20ac<\/p>\r\n<p>\r\n\r\n<\/p>\r\n<hr class=\"wp-block-separator\" \/>\r\n<p>\r\n\r\n<\/p>\r\n<h3 class=\"wp-block-heading\" id=\"huppari\">TaiYo munkjacka<\/h3>\r\n<p>\r\n\r\n<\/p>\r\n<div class=\"wp-block-image\">\r\n<figure class=\"alignleft\"><img data-recalc-dims=\"1\" loading=\"lazy\" decoding=\"async\" width=\"1170\" height=\"1560\" data-attachment-id=\"3509\" data-permalink=\"https:\/\/taiyo.fi\/sv\/jasenille\/palvelut-taiyon-jasenelle\/myyntituotteet\/huppari\/\" data-orig-file=\"https:\/\/i0.wp.com\/taiyo.fi\/wp-content\/uploads\/2013\/02\/huppari.jpeg?fit=3024%2C4032&amp;ssl=1\" data-orig-size=\"3024,4032\" data-comments-opened=\"0\" data-image-meta=\"{&quot;aperture&quot;:&quot;2.2&quot;,&quot;credit&quot;:&quot;&quot;,&quot;camera&quot;:&quot;iPhone 6s Plus&quot;,&quot;caption&quot;:&quot;&quot;,&quot;created_timestamp&quot;:&quot;1447864320&quot;,&quot;copyright&quot;:&quot;&quot;,&quot;focal_length&quot;:&quot;4.15&quot;,&quot;iso&quot;:&quot;125&quot;,&quot;shutter_speed&quot;:&quot;0.125&quot;,&quot;title&quot;:&quot;&quot;,&quot;orientation&quot;:&quot;1&quot;,&quot;latitude&quot;:&quot;60.173916666667&quot;,&quot;longitude&quot;:&quot;24.928908333333&quot;}\" data-image-title=\"huppari\" data-image-description=\"\" data-image-caption=\"\" data-large-file=\"https:\/\/i0.wp.com\/taiyo.fi\/wp-content\/uploads\/2013\/02\/huppari.jpeg?fit=700%2C933&amp;ssl=1\" class=\"wp-image-3509\" src=\"https:\/\/i0.wp.com\/taiyo.fi\/wp-content\/uploads\/2013\/02\/huppari.jpeg?resize=1170%2C1560&#038;ssl=1\" alt=\"huppari\" \/><\/figure>\r\n<\/div>\r\n<p>\r\n\r\n<\/p>\r\n<p class=\"wp-block-paragraph\">Sk\u00f6n och h\u00f6gkvalitativ svart hoodie i Fruit of the Looms mjuka men slitstarka Premium-modell. Dragkedja fram, TaiYo-logotyp p\u00e5 baksidan. Finns i tv\u00e5 typer av modeller (ladyfit och resten), storlekar fr\u00e5n XS till XXL.<\/p>\r\n<p>\r\n\r\n<\/p>\r\n<p class=\"wp-block-paragraph\">29,90 \u20ac<\/p>\r\n<p>\r\n\r\n<\/p>\r\n<hr class=\"wp-block-separator\" \/>\r\n<p>\r\n\r\n<\/p>\r\n<h3 class=\"wp-block-heading\" id=\"kangaskassi\">KonSt:s tygkasse<\/h3>\r\n<p>\r\n\r\n<\/p>\r\n<div class=\"wp-block-image\">\r\n<figure class=\"alignleft\"><img data-recalc-dims=\"1\" loading=\"lazy\" decoding=\"async\" width=\"1170\" height=\"737\" data-attachment-id=\"3510\" data-permalink=\"https:\/\/taiyo.fi\/sv\/jasenille\/palvelut-taiyon-jasenelle\/myyntituotteet\/kangaskassi\/\" data-orig-file=\"https:\/\/i0.wp.com\/taiyo.fi\/wp-content\/uploads\/2013\/02\/kangaskassi-e1504796326987.jpeg?fit=4032%2C2539&amp;ssl=1\" data-orig-size=\"4032,2539\" data-comments-opened=\"0\" data-image-meta=\"{&quot;aperture&quot;:&quot;0&quot;,&quot;credit&quot;:&quot;&quot;,&quot;camera&quot;:&quot;&quot;,&quot;caption&quot;:&quot;&quot;,&quot;created_timestamp&quot;:&quot;0&quot;,&quot;copyright&quot;:&quot;&quot;,&quot;focal_length&quot;:&quot;0&quot;,&quot;iso&quot;:&quot;0&quot;,&quot;shutter_speed&quot;:&quot;0&quot;,&quot;title&quot;:&quot;&quot;,&quot;orientation&quot;:&quot;0&quot;}\" data-image-title=\"kangaskassi\" data-image-description=\"\" data-image-caption=\"\" data-large-file=\"https:\/\/i0.wp.com\/taiyo.fi\/wp-content\/uploads\/2013\/02\/kangaskassi-e1504796326987.jpeg?fit=700%2C441&amp;ssl=1\" class=\"wp-image-3510\" src=\"https:\/\/i0.wp.com\/taiyo.fi\/wp-content\/uploads\/2013\/02\/kangaskassi-e1504796326987.jpeg?resize=1170%2C737&#038;ssl=1\" alt=\"kangaskassi\" \/><\/figure>\r\n<\/div>\r\n<p>\r\n\r\n<\/p>\r\n<p class=\"wp-block-paragraph\">Snygg och h\u00f6gkvalitativ svart tygkasse med TaiYo-logot f\u00f6r all din konstn\u00e4rsutrustning.<\/p>\r\n<p>\r\n\r\n<\/p>\r\n<p class=\"wp-block-paragraph\">7 \u20ac<\/p>\r\n<p>\r\n\r\n<\/p>\r\n<hr class=\"wp-block-separator\" \/>\r\n<p>\r\n\r\n<\/p>\r\n<p>&nbsp;<\/p>","protected":false},"excerpt":{"rendered":"<p>TaiYo vuokraa j\u00e4senilleen edullisesti PA-laitteita, rumpusetti\u00e4 ja retkeilyvarusteita. Lis\u00e4ksi toimistolta voit lainata esim. frisbeegolfkiekkoja, pulkkia ja muita ulkopelej\u00e4 ja ostaa mm. TaiYo:n [&hellip;]<\/p>\n","protected":false},"author":13,"featured_media":0,"parent":0,"menu_order":0,"comment_status":"closed","ping_status":"closed","template":"","meta":{"_coblocks_attr":"","_coblocks_dimensions":"","_coblocks_responsive_height":"","_coblocks_accordion_ie_support":"","_crdt_document":"","advanced_seo_description":"","jetpack_seo_html_title":"","jetpack_seo_noindex":false,"footnotes":""},"class_list":["post-10364","page","type-page","status-publish","hentry"],"jetpack_sharing_enabled":true,"jetpack_shortlink":"https:\/\/wp.me\/P2w00X-2Ha","jetpack_likes_enabled":true,"amp_enabled":true,"_links":{"self":[{"href":"https:\/\/taiyo.fi\/sv\/wp-json\/wp\/v2\/pages\/10364","targetHints":{"allow":["GET"]}}],"collection":[{"href":"https:\/\/taiyo.fi\/sv\/wp-json\/wp\/v2\/pages"}],"about":[{"href":"https:\/\/taiyo.fi\/sv\/wp-json\/wp\/v2\/types\/page"}],"author":[{"embeddable":true,"href":"https:\/\/taiyo.fi\/sv\/wp-json\/wp\/v2\/users\/13"}],"replies":[{"embeddable":true,"href":"https:\/\/taiyo.fi\/sv\/wp-json\/wp\/v2\/comments?post=10364"}],"version-history":[{"count":30,"href":"https:\/\/taiyo.fi\/sv\/wp-json\/wp\/v2\/pages\/10364\/revisions"}],"predecessor-version":[{"id":16108,"href":"https:\/\/taiyo.fi\/sv\/wp-json\/wp\/v2\/pages\/10364\/revisions\/16108"}],"wp:attachment":[{"href":"https:\/\/taiyo.fi\/sv\/wp-json\/wp\/v2\/media?parent=10364"}],"curies":[{"name":"wp","href":"https:\/\/api.w.org\/{rel}","templated":true}]}}