{"id":10363,"date":"2021-10-08T12:11:07","date_gmt":"2021-10-08T10:11:07","guid":{"rendered":"https:\/\/taiyo.fi\/?page_id=10363"},"modified":"2021-10-08T12:57:57","modified_gmt":"2021-10-08T10:57:57","slug":"viikkotiedote","status":"publish","type":"page","link":"https:\/\/taiyo.fi\/sv\/viikkotiedote\/","title":{"rendered":"Veckobrev"},"content":{"rendered":"<p class=\"wp-block-paragraph\">Den viktigaste kommunikationskanalen f\u00f6r Konstuniversitetets studentk\u00e5r \u00e4r det elektroniska veckobrevet som skickas till alla studerande via e-post. Det inneh\u00e5ller information om \u00f6ppna studentrepresentantpositioner i administrationen, studentk\u00e5rens evenemang och andra aktuella fr\u00e5gor om studentk\u00e5ren och Konstuniversitetet.<br><br>Alla redan skickade veckobrev kan du l\u00e4sa <a href=\"https:\/\/us9.campaign-archive.com\/home\/?u=88481e841a0440173595a7c31&amp;id=0805303eef\">h\u00e4r<\/a>.<\/p>","protected":false},"excerpt":{"rendered":"<p>Taideyliopiston ylioppilaskunnan t\u00e4rkein viestint\u00e4kanava on kaikille opiskelijoille s\u00e4hk\u00f6postitse l\u00e4hetett\u00e4v\u00e4 viikkotiedote. Siit\u00e4 l\u00f6ytyy tietoa avoinna olevista hallinnon opiskelijaedustajapaikoista, ylioppilaskunnan tapahtumista sek\u00e4 muista ylioppilaskunnan [&hellip;]<\/p>\n","protected":false},"author":13,"featured_media":0,"parent":0,"menu_order":0,"comment_status":"closed","ping_status":"closed","template":"","meta":{"_coblocks_attr":"","_coblocks_dimensions":"","_coblocks_responsive_height":"","_coblocks_accordion_ie_support":"","_crdt_document":"","advanced_seo_description":"","jetpack_seo_html_title":"","jetpack_seo_noindex":false,"footnotes":""},"class_list":["post-10363","page","type-page","status-publish","hentry"],"jetpack_sharing_enabled":true,"jetpack_shortlink":"https:\/\/wp.me\/P2w00X-2H9","jetpack_likes_enabled":true,"amp_enabled":true,"_links":{"self":[{"href":"https:\/\/taiyo.fi\/sv\/wp-json\/wp\/v2\/pages\/10363","targetHints":{"allow":["GET"]}}],"collection":[{"href":"https:\/\/taiyo.fi\/sv\/wp-json\/wp\/v2\/pages"}],"about":[{"href":"https:\/\/taiyo.fi\/sv\/wp-json\/wp\/v2\/types\/page"}],"author":[{"embeddable":true,"href":"https:\/\/taiyo.fi\/sv\/wp-json\/wp\/v2\/users\/13"}],"replies":[{"embeddable":true,"href":"https:\/\/taiyo.fi\/sv\/wp-json\/wp\/v2\/comments?post=10363"}],"version-history":[{"count":3,"href":"https:\/\/taiyo.fi\/sv\/wp-json\/wp\/v2\/pages\/10363\/revisions"}],"predecessor-version":[{"id":10395,"href":"https:\/\/taiyo.fi\/sv\/wp-json\/wp\/v2\/pages\/10363\/revisions\/10395"}],"wp:attachment":[{"href":"https:\/\/taiyo.fi\/sv\/wp-json\/wp\/v2\/media?parent=10363"}],"curies":[{"name":"wp","href":"https:\/\/api.w.org\/{rel}","templated":true}]}}