{"id":10359,"date":"2021-10-08T12:11:07","date_gmt":"2021-10-08T10:11:07","guid":{"rendered":"https:\/\/taiyo.fi\/?page_id=10359"},"modified":"2026-03-16T12:04:38","modified_gmt":"2026-03-16T10:04:38","slug":"toimisto","status":"publish","type":"page","link":"https:\/\/taiyo.fi\/sv\/toimisto\/","title":{"rendered":"Kansliets \u00f6ppettider och kontaktinformation"},"content":{"rendered":"<p class=\"wp-block-paragraph\" style=\"text-align: center;\">Kansliet \u00e4r \u00f6ppet med f\u00f6ljande \u00f6ppettider:<\/p>\r\n<p style=\"text-align: center;\"><strong>Veckor 12\u201314 (16.3.\u20135.4.):<\/strong><br \/>Tis 12\u201315<br \/>Ons 12\u201315<\/p>\r\n<p style=\"text-align: center;\"><strong>Vecka 15 (6.4.\u201312.4.):<\/strong><br \/>Ons 12\u201315<\/p>\r\n<p style=\"text-align: center;\"><strong>Veckor 16\u201322 (13.4.\u201331.5.):<\/strong><br \/>M\u00e5n 13\u201315<br \/>Tis 12\u201315<\/p>\r\n<p style=\"text-align: center;\">\u00a0<\/p>\r\n<p style=\"text-align: center;\"><em><strong>eller<\/strong>, utanf\u00f6r sommaren, har vi \u00f6ppet efter \u00f6verenskommelse (v\u00e4nligen kontakta oss tre arbetsdagar f\u00f6re dina f\u00f6reslagna bes\u00f6kstider via e-post taiyo-toimisto@uniarts.fi eller genom att ringa oss under kontorets \u00f6ppettider)<br \/><br \/><\/em><\/p>\r\n<p style=\"text-align: left;\"><strong>Kansliets telefonnummer kan kontaktas under \u00f6ppettiderna:<br \/><\/strong>+358 (0)40 710 4298<\/p>\r\n<p style=\"text-align: left;\"><strong><br \/>TaiYo:n toimiston k\u00e4yntiosoite:<\/strong><br \/>Nervanderinkatu 13, 4. krs, <br \/><span data-contrast=\"auto\">00100 Helsinki<\/span><span data-ccp-props=\"{&quot;335551550&quot;:0,&quot;335551620&quot;:0}\">\u00a0<\/span><\/p>\r\n<p style=\"text-align: left;\"><span data-contrast=\"auto\"><strong>Postitusosoite:<\/strong> <br \/>PB 36, 00097 Taideyliopisto<\/span><span data-ccp-props=\"{&quot;134233117&quot;:false,&quot;134233118&quot;:false,&quot;335551550&quot;:0,&quot;335551620&quot;:0,&quot;335557856&quot;:16777215,&quot;335559738&quot;:0,&quot;335559739&quot;:360}\">\u00a0<\/span><\/p>","protected":false},"excerpt":{"rendered":"<p>Toimisto on auki seuraavin aukioloajoin: Viikot 12\u201314 (16.3.\u20135.4.):Ti 12\u201315Ke 12\u201315 Viikko 15 (6.4.\u201312.4.):Ke 12\u201315 Viikot 16\u201322 (13.4.\u201331.5.):Ma 13\u201315Ti 12\u201315 \u00a0 tai, muulloin [&hellip;]<\/p>\n","protected":false},"author":13,"featured_media":0,"parent":0,"menu_order":0,"comment_status":"closed","ping_status":"closed","template":"","meta":{"_coblocks_attr":"","_coblocks_dimensions":"","_coblocks_responsive_height":"","_coblocks_accordion_ie_support":"","_crdt_document":"","advanced_seo_description":"","jetpack_seo_html_title":"","jetpack_seo_noindex":false,"footnotes":""},"class_list":["post-10359","page","type-page","status-publish","hentry"],"jetpack_sharing_enabled":true,"jetpack_shortlink":"https:\/\/wp.me\/P2w00X-2H5","jetpack_likes_enabled":true,"amp_enabled":true,"_links":{"self":[{"href":"https:\/\/taiyo.fi\/sv\/wp-json\/wp\/v2\/pages\/10359","targetHints":{"allow":["GET"]}}],"collection":[{"href":"https:\/\/taiyo.fi\/sv\/wp-json\/wp\/v2\/pages"}],"about":[{"href":"https:\/\/taiyo.fi\/sv\/wp-json\/wp\/v2\/types\/page"}],"author":[{"embeddable":true,"href":"https:\/\/taiyo.fi\/sv\/wp-json\/wp\/v2\/users\/13"}],"replies":[{"embeddable":true,"href":"https:\/\/taiyo.fi\/sv\/wp-json\/wp\/v2\/comments?post=10359"}],"version-history":[{"count":100,"href":"https:\/\/taiyo.fi\/sv\/wp-json\/wp\/v2\/pages\/10359\/revisions"}],"predecessor-version":[{"id":16148,"href":"https:\/\/taiyo.fi\/sv\/wp-json\/wp\/v2\/pages\/10359\/revisions\/16148"}],"wp:attachment":[{"href":"https:\/\/taiyo.fi\/sv\/wp-json\/wp\/v2\/media?parent=10359"}],"curies":[{"name":"wp","href":"https:\/\/api.w.org\/{rel}","templated":true}]}}