{"id":10072,"date":"2021-09-10T11:40:19","date_gmt":"2021-09-10T09:40:19","guid":{"rendered":"https:\/\/taiyo.fi\/?page_id=10072"},"modified":"2023-10-12T10:18:54","modified_gmt":"2023-10-12T08:18:54","slug":"ehdolle","status":"publish","type":"page","link":"https:\/\/taiyo.fi\/sv\/ehdolle\/","title":{"rendered":"Som kandidat?"},"content":{"rendered":"<p class=\"wp-block-paragraph\">Alla medlemmar av studentk\u00e5ren (b\u00e5de n\u00e4rvaro- och fr\u00e5nvaroanm\u00e4lda) kan kandidera i delegationsvalet. Studentk\u00e5rens medlemmar \u00e4r:<\/p>\r\n\r\n\r\n\r\n<ul class=\"wp-block-list\">\r\n<li>alla studerande p\u00e5 grundexamensniv\u00e5 vid Konstuniversitetet (alla som avl\u00e4gger kandidat- eller magisterexamen vid Konstuniversitetet)<\/li>\r\n<li>alla forskarstuderande och utbytesstuderande, som har betalat KonSts medlemsavgift f\u00f6r h\u00f6stterminen 2023<\/li>\r\n<\/ul>\r\n\r\n\r\n\r\n<p class=\"wp-block-paragraph\"><strong>Varf\u00f6r st\u00e4lla upp som kandidat?<\/strong><\/p>\r\n\r\n\r\n\r\n<p class=\"wp-block-paragraph\">Delegationen \u00e4r ett bra st\u00e4lle att p\u00e5verka studier, studentens dagliga liv och studenters gemenskap eller konstpolitik. Det finns inga krav p\u00e5 tidigare erfarenhet, s\u00e5 l\u00e4nge det finns intresse \u00e4r det ingen skada \u00e4ven om du inte har varit inblandad i aktiviteten tidigare. Delegationen sammantr\u00e4der 4\u20136 g\u00e5nger om \u00e5ret, s\u00e5 det kr\u00e4ver inte mycket tid att arbeta d\u00e4r. I st\u00e4llet l\u00e4r sig representanthuset nya saker, tr\u00e4ffar nya m\u00e4nniskor \u00f6ver akademiska gr\u00e4nser och har m\u00f6jlighet att p\u00e5verka studentk\u00e5rens och universitetets verksamhet.<\/p>\r\n\r\n\r\n\r\n<p class=\"wp-block-paragraph\"><strong>Hur st\u00e4ller jag upp som kandidat?<\/strong><\/p>\r\n\r\n\r\n\r\n<p class=\"wp-block-paragraph\">F\u00f6r att st\u00e4lla upp som kandidat du beh\u00f6ver bara fylla i elektroniska <a href=\"https:\/\/forms.office.com\/e\/R4NJgUW9C3\">kandidatanm\u00e4lan (l\u00e4nken)<\/a>.<\/p>\r\n\r\n\r\n\r\n<p class=\"wp-block-paragraph\">Kandidatnominering avslutas <strong>13.10. klo 12 menness\u00e4.\u00a0<\/strong>Enligt studentk\u00e5rens stadgar kan sena anm\u00e4lningar inte behandlas.<\/p>\r\n\r\n\r\n\r\n<p class=\"wp-block-paragraph\"><strong>Valf\u00f6rbund och valringar<\/strong><\/p>\r\n\r\n\r\n\r\n<p class=\"wp-block-paragraph\">Delegationsval genomf\u00f6rs med det proportionella valsystemet, s\u00e5 kandidater kan grunda valf\u00f6rbund. Valringar \u00e4r i sin tur sammanslutningar av valf\u00f6rbund, och \u00e4ven valringens sammanlagda r\u00f6stetal p\u00e5verkar placeringen f\u00f6r samtliga f\u00f6rbund och kandidater i ringen. Det \u00e4r inte obligatoriskt att h\u00f6ra till ett valf\u00f6rbund eller en valring, men i praktiken \u00f6kar det chansen att bli invald. Mer information om valf\u00f6rbund <a href=\"http:\/\/taiyo.fi\/sv\/vaaliliitot\/\">h\u00e4r<\/a>.<\/p>\r\n\r\n\r\n\r\n<p class=\"wp-block-paragraph\">&nbsp;<\/p>","protected":false},"excerpt":{"rendered":"<p>TaiYo:n edustajistovaaleissa ehdolle saavat asettua kaikki l\u00e4sn\u00e4- tai poissaolevaksi ilmoittautuneet ylioppilaskunnan j\u00e4senet. Ylioppilaskunnan j\u00e4seni\u00e4 ovat kaikki kandi- tai maisteriopintoja tekev\u00e4t Taideyliopiston opiskelijat [&hellip;]<\/p>\n","protected":false},"author":13,"featured_media":0,"parent":0,"menu_order":0,"comment_status":"closed","ping_status":"closed","template":"","meta":{"_coblocks_attr":"","_coblocks_dimensions":"","_coblocks_responsive_height":"","_coblocks_accordion_ie_support":"","_crdt_document":"","advanced_seo_description":"","jetpack_seo_html_title":"","jetpack_seo_noindex":false,"footnotes":""},"class_list":["post-10072","page","type-page","status-publish","hentry"],"jetpack_sharing_enabled":true,"jetpack_shortlink":"https:\/\/wp.me\/P2w00X-2Cs","jetpack_likes_enabled":true,"amp_enabled":true,"_links":{"self":[{"href":"https:\/\/taiyo.fi\/sv\/wp-json\/wp\/v2\/pages\/10072","targetHints":{"allow":["GET"]}}],"collection":[{"href":"https:\/\/taiyo.fi\/sv\/wp-json\/wp\/v2\/pages"}],"about":[{"href":"https:\/\/taiyo.fi\/sv\/wp-json\/wp\/v2\/types\/page"}],"author":[{"embeddable":true,"href":"https:\/\/taiyo.fi\/sv\/wp-json\/wp\/v2\/users\/13"}],"replies":[{"embeddable":true,"href":"https:\/\/taiyo.fi\/sv\/wp-json\/wp\/v2\/comments?post=10072"}],"version-history":[{"count":19,"href":"https:\/\/taiyo.fi\/sv\/wp-json\/wp\/v2\/pages\/10072\/revisions"}],"predecessor-version":[{"id":15195,"href":"https:\/\/taiyo.fi\/sv\/wp-json\/wp\/v2\/pages\/10072\/revisions\/15195"}],"wp:attachment":[{"href":"https:\/\/taiyo.fi\/sv\/wp-json\/wp\/v2\/media?parent=10072"}],"curies":[{"name":"wp","href":"https:\/\/api.w.org\/{rel}","templated":true}]}}