{"id":10051,"date":"2021-09-01T12:54:13","date_gmt":"2021-09-01T10:54:13","guid":{"rendered":"https:\/\/taiyo.fi\/?page_id=10051"},"modified":"2025-11-07T18:52:47","modified_gmt":"2025-11-07T16:52:47","slug":"mika-edustajisto","status":"publish","type":"page","link":"https:\/\/taiyo.fi\/sv\/mika-edustajisto\/","title":{"rendered":"Vilken delegationen?"},"content":{"rendered":"<p class=\"wp-block-paragraph\">I Konstuniversitetets studentk\u00e5r ut\u00f6var delegationen den h\u00f6gsta beslutander\u00e4tten. Delegationen v\u00e4ljs genom val f\u00f6r tv\u00e5 \u00e5r i taget. Alla medlemmar i Studentk\u00e5ren, det vill s\u00e4ga alla studenter vid Konstuniversitetet, f\u00e5r r\u00f6sta och st\u00e4lla upp p\u00e5 val. Delegationen har 4\u20136 m\u00f6ten per \u00e5ret.<\/p>\r\n\r\n\r\n\r\n<h4 class=\"has-medium-font-size\">Vad beslutar delegationen?<\/h4>\r\n\r\n\r\n\r\n<p class=\"wp-block-paragraph\">Delegationens uppgift \u00e4r att besluta om studentk\u00e5rens centrala fr\u00e5gor, s\u00e5som:<\/p>\r\n\r\n\r\n\r\n<ul class=\"wp-block-list\">\r\n<li><strong>medlemsavgiftens storlek<\/strong><em>.<\/em> Varje student betalar en \u00e5rlig medlemsavgift till studentk\u00e5ren, som anv\u00e4nds f\u00f6r att finansiera studentk\u00e5rens verksamhet. Delegationen beslutar om hur h\u00f6g medlemsavgiften \u00e4r \u2013 f\u00f6r n\u00e4rvarande 85 euro per \u00e5r.<\/li>\r\n<li><strong>om anv\u00e4ndningen av pengar<\/strong>. Delegationen beslutar vad medlemsavgiftspengarna ska anv\u00e4ndas till: ska verksamheten sk\u00e4ras ned eller ska studentk\u00e5ren ordna fler fester? I praktiken godk\u00e4nner delegationen \u00e5rligen studentk\u00e5rens budget, godk\u00e4nner bokslutet och beslutar om beviljande av ansvarsfrihet.<\/li>\r\n<li><strong>studentk\u00e5rs v\u00e4rderingar<\/strong> Delegationen godk\u00e4nner TaiYos strategi och, som en del av den, de v\u00e4rderingar som avses \u00e5terspeglas i all verksamhet. F\u00f6r n\u00e4rvarande \u00e4r studentk\u00e5rens v\u00e4rderingar Konst, Vetenskap och Bildning; Kritikalitet; Ekologi och J\u00e4mlikhet samt Gemenskap.<\/li>\r\n<li><strong>Verksamhetens m\u00e5l och prioriteringar. <\/strong>Borde studentk\u00e5ren fokusera p\u00e5 att ordna gemensamma evenemang som \u00f6verskrider akademigr\u00e4nserna, konstpolitiskt p\u00e5verkansarbete, r\u00e4tta till brister i universitetsundervisningen eller n\u00e5got helt annat? Delegationen beslutar \u00e5rligen om studentk\u00e5rens verksamhetsplan och styr d\u00e4rmed styrelsens verksamhet.<\/li>\r\n<li><strong>val av styrelse och generalsekreterare<\/strong>. Studentk\u00e5rens dagliga verksamhet sk\u00f6ts av styrelsen, som v\u00e4ljs av delegationen f\u00f6r ett \u00e5r i s\u00e4nder.<\/li>\r\n<li><strong>val av centrala studentrepresentanter<\/strong>. Delegationen v\u00e4ljer studentrepresentanter till universitetskollegiet och universitetsstyrelsen f\u00f6r att fr\u00e4mja studenternas intressen p\u00e5 h\u00f6gsta f\u00f6rvaltningsniv\u00e5.<\/li>\r\n<\/ul>\r\n\r\n\r\n\r\n<h4 class=\"has-medium-font-size\">Vad \u00e4r delegationens verksamhet i praktiken?<\/h4>\r\n\r\n\r\n\r\n<ul class=\"wp-block-list\">\r\n<li>Delegationen sammantr\u00e4der \u00e5rligen cirka 4-6 g\u00e5nger f\u00f6r att diskutera bland annat ovan n\u00e4mnda fr\u00e5gor och fatta beslut. Som medlem i delegationen kan du ocks\u00e5 ta upp fr\u00e5gor som du vill p\u00e5verka.<\/li>\r\n<li>Delegationens arbete f\u00f6re m\u00f6tena inneh\u00e5ller viss f\u00f6rtrogenhet med fr\u00e5gorna och eget tankearbete.<\/li>\r\n<li>Ut\u00f6ver m\u00f6tena ordnas frivillig utbildning och rekreationsm\u00f6ten f\u00f6r delegationens medlemmar.<\/li>\r\n<li>Delegationens medlemmar f\u00e5r inget arvode f\u00f6r sina uppgifter, utan de \u00e4r frivilliga f\u00f6rtroendeuppdrag. Delegationens ordf\u00f6rande, som v\u00e4ljs av delegationen bland sina medlemmar, f\u00e5r ett litet arvode f\u00f6r uppgiften. (\u00c5 andra sidan \u00e4r detta ocks\u00e5 en fr\u00e5ga f\u00f6r delegationen att avg\u00f6ra!)<\/li>\r\n<li>Vid delegationens m\u00f6ten tillhandah\u00e5lls snacks.<\/li>\r\n<\/ul>\r\n\r\n\r\n\r\n<h4 class=\"has-medium-font-size\">Vad beh\u00f6ver du veta i f\u00f6rv\u00e4g?<\/h4>\r\n\r\n\r\n\r\n<p class=\"wp-block-paragraph\">Det finns inga s\u00e4rskilda krav f\u00f6r att arbeta i delegationen baserat p\u00e5 tidigare erfarenhet eller bakgrundskunskap \u2013 s\u00e5 det spelar ingen roll om du inte har varit involverad i verksamheten p\u00e5 n\u00e5got s\u00e4tt tidigare. Det \u00e4r tillr\u00e4ckligt att vara intresserad f\u00f6r att sk\u00f6ta studenternas gemensamma angel\u00e4genheter. Delegationsmedlemmar f\u00e5r utbildning om delegations verksamhet n\u00e4r de blir vald.<\/p>\r\n<h4>Edustajiston toimintaa ohjaavia asiakirjoja<\/h4>\r\n<p><a href=\"https:\/\/taiyo.fi\/wp-content\/uploads\/2025\/11\/TaiYon-saannot-251122-1.pdf\">Ylioppilaskunnan s\u00e4\u00e4nn\u00f6t<\/a><br \/><a href=\"https:\/\/taiyo.fi\/wp-content\/uploads\/2025\/11\/edustajiston-tyc3b6jc3a4rjestys-2411141-1.pdf\">Edustajiston ty\u00f6j\u00e4rjestys<\/a>\u00a0<\/p>\r\n<p>&nbsp;<\/p>","protected":false},"excerpt":{"rendered":"<p>Edustajisto eli edari k\u00e4ytt\u00e4\u00e4 ylint\u00e4 p\u00e4\u00e4t\u00f6svaltaa Taideyliopiston ylioppilaskunnassa eli TaiYo:ssa. 15-henkinen edustajisto valitaan vaaleilla kahdeksi vuodeksi kerrallaan, ja vaaleissa saavat \u00e4\u00e4nest\u00e4\u00e4 ja [&hellip;]<\/p>\n","protected":false},"author":13,"featured_media":0,"parent":0,"menu_order":0,"comment_status":"closed","ping_status":"closed","template":"","meta":{"_coblocks_attr":"","_coblocks_dimensions":"","_coblocks_responsive_height":"","_coblocks_accordion_ie_support":"","_crdt_document":"","advanced_seo_description":"","jetpack_seo_html_title":"","jetpack_seo_noindex":false,"footnotes":""},"class_list":["post-10051","page","type-page","status-publish","hentry"],"jetpack_sharing_enabled":true,"jetpack_shortlink":"https:\/\/wp.me\/P2w00X-2C7","jetpack_likes_enabled":true,"amp_enabled":true,"_links":{"self":[{"href":"https:\/\/taiyo.fi\/sv\/wp-json\/wp\/v2\/pages\/10051","targetHints":{"allow":["GET"]}}],"collection":[{"href":"https:\/\/taiyo.fi\/sv\/wp-json\/wp\/v2\/pages"}],"about":[{"href":"https:\/\/taiyo.fi\/sv\/wp-json\/wp\/v2\/types\/page"}],"author":[{"embeddable":true,"href":"https:\/\/taiyo.fi\/sv\/wp-json\/wp\/v2\/users\/13"}],"replies":[{"embeddable":true,"href":"https:\/\/taiyo.fi\/sv\/wp-json\/wp\/v2\/comments?post=10051"}],"version-history":[{"count":19,"href":"https:\/\/taiyo.fi\/sv\/wp-json\/wp\/v2\/pages\/10051\/revisions"}],"predecessor-version":[{"id":15656,"href":"https:\/\/taiyo.fi\/sv\/wp-json\/wp\/v2\/pages\/10051\/revisions\/15656"}],"wp:attachment":[{"href":"https:\/\/taiyo.fi\/sv\/wp-json\/wp\/v2\/media?parent=10051"}],"curies":[{"name":"wp","href":"https:\/\/api.w.org\/{rel}","templated":true}]}}