{"id":90,"date":"2012-06-19T12:26:53","date_gmt":"2012-06-19T12:26:53","guid":{"rendered":"http:\/\/taiyo.fi\/?page_id=90"},"modified":"2013-02-08T11:41:09","modified_gmt":"2013-02-08T09:41:09","slug":"projektin-henkilot","status":"publish","type":"page","link":"https:\/\/taiyo.fi\/en\/vanha-sisalto\/projektin-henkilot\/","title":{"rendered":"Projektin henkil\u00f6t"},"content":{"rendered":"<p>Suunnitelmien, taulukkojen ja aikataulujen takana t\u00e4m\u00e4kin projekti koostuu todellisuudessa ihmisist\u00e4. T\u00e4ll\u00e4 sivulla kerrotaan heist\u00e4.<\/p>\n<p>Haluatko messiin tekem\u00e4\u00e4n uutta ylioppilaskuntaa? <a title=\"Contact Information\" href=\"http:\/\/taiyo.fi\/en\/yhteystiedot\/\">Laita viesti\u00e4<\/a> ja kerro, mit\u00e4 haluaisit tehd\u00e4!<\/p>\n<p><strong><a href=\"https:\/\/i0.wp.com\/taiyo.fi\/wp-content\/uploads\/2012\/07\/saara_hyrkko.jpg\"><img data-recalc-dims=\"1\" loading=\"lazy\" decoding=\"async\" data-attachment-id=\"137\" data-permalink=\"https:\/\/taiyo.fi\/en\/vanha-sisalto\/projektin-henkilot\/saara_hyrkko\/\" data-orig-file=\"https:\/\/i0.wp.com\/taiyo.fi\/wp-content\/uploads\/2012\/07\/saara_hyrkko.jpg?fit=300%2C300&amp;ssl=1\" data-orig-size=\"300,300\" data-comments-opened=\"1\" data-image-meta=\"{&quot;aperture&quot;:&quot;6.3&quot;,&quot;credit&quot;:&quot;Pyry Ekholm&quot;,&quot;camera&quot;:&quot;Canon EOS 20D&quot;,&quot;caption&quot;:&quot;&quot;,&quot;created_timestamp&quot;:&quot;1295443366&quot;,&quot;copyright&quot;:&quot;Pyry Ekholm 2010&quot;,&quot;focal_length&quot;:&quot;47&quot;,&quot;iso&quot;:&quot;100&quot;,&quot;shutter_speed&quot;:&quot;0.004&quot;,&quot;title&quot;:&quot;&quot;}\" data-image-title=\"saara_hyrkko\" data-image-description=\"\" data-image-caption=\"\" data-large-file=\"https:\/\/i0.wp.com\/taiyo.fi\/wp-content\/uploads\/2012\/07\/saara_hyrkko.jpg?fit=300%2C300&amp;ssl=1\" class=\"alignleft  wp-image-137\" title=\"Saara Hyrkk\u00f6\" src=\"https:\/\/i0.wp.com\/taiyo.fi\/wp-content\/uploads\/2012\/07\/saara_hyrkko.jpg?resize=90%2C90\" alt=\"Saara Hyrkk\u00f6\" width=\"90\" height=\"90\" \/><\/a>Saara Hyrkk\u00f6<\/strong> toimii projektip\u00e4\u00e4llikk\u00f6n\u00e4 yhdistymishankkeessa. H\u00e4nell\u00e4 on siis kaikki projektin langat k\u00e4siss\u00e4 ja vastaus miltei jokaiseen kysymykseen.<\/p>\n<p><strong>Janne Peltola<\/strong> on edustajistovaalien keskusvaalilautakunnan puheenjohtaja. Saaran lis\u00e4ksi my\u00f6s Janne osaa vastata moniin vaaleihin liittyviin kysymyksiin.<\/p>\n<p><strong>Elections Committee<\/strong> huolehtii edustajistovaalien j\u00e4rjestelyist\u00e4. Keskusvaalilautakunnassa on puheenjohtaja Jannen lis\u00e4ksi kaksi j\u00e4sent\u00e4 (sek\u00e4 1-2 varaj\u00e4sent\u00e4) jokaisesta yhdistyv\u00e4st\u00e4 ylioppilaskunnasta. Sihteerin\u00e4 porukalle toimii Saara. Kokoonpano: Tuomas Saloniemi (varapj, SAY), Antti Pakkanen (SAY), Timo Andersson (KUVYO), Eva K\u00e4rki (KUVYO), Laura Lehtinen (TEYO) ja Lauri Sir\u00e9n (TEYO). Varaj\u00e4seni\u00e4 ovat Timo Kurppa, Laura Kuisma, Annika Kempe, Katri Puranen ja Panu Poutanen.<\/p>\n<p><strong>Kuusikko<\/strong> on yhdistyvien ylioppilaskuntien perustama yhteisty\u00f6elin, joka ohjaa projektin etenemist\u00e4. Kuusikkoon kuuluvat ylioppilaskuntien puheenjohtajat Laura Lehtinen (TEYO), Tiitus Pet\u00e4j\u00e4niemi (KUVYO) ja Niilo Tarnanen (SAY) sek\u00e4 TEYO:n edustajiston pj Eero Erkamo, KUVYO:n p\u00e4\u00e4sihteeri Inka Kynk\u00e4\u00e4nniemi ja SAY:n p\u00e4\u00e4sihteeri Aaro H\u00e4kkinen.<\/p>\n<p>Yliopiston hallituksessa on kaksi opiskelijaj\u00e4sent\u00e4: <strong>Jussi Rauvola ja Virpi Viljanmaa<\/strong>. Opiskelijaj\u00e4senet ovat yliopiston hallituksen t\u00e4ysivaltaisia j\u00e4seni\u00e4. He pit\u00e4v\u00e4t aktiivisesti yhteytt\u00e4 yhdistyviin ylioppilaskuntiin ja yhdistymisprojektiin.<\/p>\n<p>Sis\u00e4lt\u00f6pilottirahoituksen k\u00e4ynnist\u00e4m\u00e4 <a title=\"Poikkitaiteellinen\u00a0toiminta\" href=\"http:\/\/taiyo.fi\/en\/poikkitaiteellinen-toiminta\/\">Taiteen tilat ja kohtaamispaikat -hanke<\/a> el\u00e4\u00e4 itsen\u00e4isen\u00e4 yhdistymisprojektin rinnalla. Tilahankkeen puuhanaiset ja -miehet <strong>Milla Martikainen, Oskari Nokso-Koivisto ja Tiitus Pet\u00e4j\u00e4niemi<\/strong> ovat tiiviisti yhteydess\u00e4 yhdistymisen emoprojektiin.<\/p>\n<p>Lis\u00e4ksi projektissa oma roolinsa on kaikkien yhdistyvien ylioppilaskuntien <strong>edustajistoilla ja hallituksilla<\/strong>, jotka osallistuvat mahdollisuuksien ja kiinnostuksen mukaan uuden ylioppilaskunnan valmisteluun siihen asti, kun uuden ylioppilaskunnan edustajisto ja hallitus astuvat ruoriin.<\/p>","protected":false},"excerpt":{"rendered":"<p>Suunnitelmien, taulukkojen ja aikataulujen takana t\u00e4m\u00e4kin projekti koostuu todellisuudessa ihmisist\u00e4. T\u00e4ll\u00e4 sivulla kerrotaan heist\u00e4. Haluatko messiin tekem\u00e4\u00e4n uutta ylioppilaskuntaa? Laita viesti\u00e4 ja [&hellip;]<\/p>\n","protected":false},"author":13,"featured_media":137,"parent":242,"menu_order":30,"comment_status":"open","ping_status":"open","template":"","meta":{"_coblocks_attr":"","_coblocks_dimensions":"","_coblocks_responsive_height":"","_coblocks_accordion_ie_support":"","_crdt_document":"","advanced_seo_description":"","jetpack_seo_html_title":"","jetpack_seo_noindex":false,"footnotes":""},"class_list":["post-90","page","type-page","status-publish","has-post-thumbnail","hentry"],"jetpack_sharing_enabled":true,"jetpack_shortlink":"https:\/\/wp.me\/P2w00X-1s","jetpack_likes_enabled":true,"amp_enabled":true,"_links":{"self":[{"href":"https:\/\/taiyo.fi\/en\/wp-json\/wp\/v2\/pages\/90","targetHints":{"allow":["GET"]}}],"collection":[{"href":"https:\/\/taiyo.fi\/en\/wp-json\/wp\/v2\/pages"}],"about":[{"href":"https:\/\/taiyo.fi\/en\/wp-json\/wp\/v2\/types\/page"}],"author":[{"embeddable":true,"href":"https:\/\/taiyo.fi\/en\/wp-json\/wp\/v2\/users\/13"}],"replies":[{"embeddable":true,"href":"https:\/\/taiyo.fi\/en\/wp-json\/wp\/v2\/comments?post=90"}],"version-history":[{"count":7,"href":"https:\/\/taiyo.fi\/en\/wp-json\/wp\/v2\/pages\/90\/revisions"}],"predecessor-version":[{"id":92,"href":"https:\/\/taiyo.fi\/en\/wp-json\/wp\/v2\/pages\/90\/revisions\/92"}],"up":[{"embeddable":true,"href":"https:\/\/taiyo.fi\/en\/wp-json\/wp\/v2\/pages\/242"}],"wp:featuredmedia":[{"embeddable":true,"href":"https:\/\/taiyo.fi\/en\/wp-json\/wp\/v2\/media\/137"}],"wp:attachment":[{"href":"https:\/\/taiyo.fi\/en\/wp-json\/wp\/v2\/media?parent=90"}],"curies":[{"name":"wp","href":"https:\/\/api.w.org\/{rel}","templated":true}]}}