{"id":80,"date":"2012-06-19T12:15:57","date_gmt":"2012-06-19T12:15:57","guid":{"rendered":"http:\/\/taiyo.fi\/?page_id=80"},"modified":"2019-09-10T18:16:54","modified_gmt":"2019-09-10T16:16:54","slug":"tietoa-edustajistotoiminnasta","status":"publish","type":"page","link":"https:\/\/taiyo.fi\/en\/edustajistovaalit\/tietoa-edustajistotoiminnasta\/","title":{"rendered":"Tietoa edustajistotoiminnasta"},"content":{"rendered":"<p>Edustajisto on tavallaan ylioppilaskunnan oma eduskunta. Edustajisto eli \u201dedari\u201d k\u00e4ytt\u00e4\u00e4 TaiYo:n ylint\u00e4 p\u00e4\u00e4t\u00f6svaltaa ja vet\u00e4\u00e4 linjat muun muassa siit\u00e4, mihin toiminnassa panostetaan, mit\u00e4 mielt\u00e4 ollaan asioista ja mihin rahaa k\u00e4ytet\u00e4\u00e4n. Edustajistolla on ensiluokkainen n\u00e4k\u00f6ala koko ylioppilaskunnan toimintaan, ja siell\u00e4 toimimalla oppii uusia asioita sek\u00e4 saa erinomaista kokemusta yhteisten asioiden hoitamisesta.<\/p>\n<p>Edustajiston teht\u00e4viin ja p\u00e4\u00e4t\u00f6svaltaan kuuluu mm. ylioppilaskunnan s\u00e4\u00e4nn\u00f6ist\u00e4, edunvalvonnan linjoista, vuosittaisesta toimintasuunnitelmasta ja talousarviosta p\u00e4\u00e4tt\u00e4minen, ja talousarvion osana edustajisto p\u00e4\u00e4tt\u00e4\u00e4 my\u00f6s ylioppilaskunnan j\u00e4senmaksun suuruudesta. My\u00f6s keskeisimm\u00e4t henkil\u00f6valinnat kuuluvat edustajistolle: edari valitsee mm. Taideyliopiston hallituksen opiskelijaj\u00e4senet ja ylioppilaskunnan p\u00e4\u00e4sihteerin sek\u00e4 kaikkein t\u00e4rkeimp\u00e4n\u00e4 vuosittain TaiYo:n hallituksen.<\/p>\n<p>K\u00e4yt\u00e4nn\u00f6n tasolla edustajistotoiminta tarkoittaa:<\/p>\n<ul>\n<li>Vuosittain n. 5 kokousta, joissa tehd\u00e4\u00e4n viralliset p\u00e4\u00e4t\u00f6kset<\/li>\n<li>Jonkin verran asioihin perehtymist\u00e4 ja ajatusty\u00f6t\u00e4 ennen kokouksia<\/li>\n<li>Vapaaehtoisia keskustelu- ja virkitystapaamisia hyv\u00e4ss\u00e4 porukassa.<\/li>\n<\/ul>\n<p>Edustajiston toiminnassa mukana olemalla:<\/p>\n<ul>\n<li>P\u00e4\u00e4see vaikuttamaan ylioppilaskunnan ja koko yliopistoyhteis\u00f6n toimintaan<\/li>\n<li>Oppii uusia asioita, joista voi my\u00f6hemmin olla yll\u00e4tt\u00e4v\u00e4\u00e4kin hy\u00f6ty\u00e4<\/li>\n<li>Saa hyv\u00e4\u00e4 kokemusta yhteisten asioiden hoidosta ja p\u00e4\u00e4t\u00f6ksenteosta<\/li>\n<li>Tutustuu uusiin ihmisiin ja voi l\u00f6yt\u00e4\u00e4 niin yst\u00e4vi\u00e4 kuin hy\u00f6dyllisi\u00e4 kontakteja yli akatemiarajojen.<\/li>\n<\/ul>\n<p>Edustajistossa toimimiseen ei ole sen kummempia vaatimuksia aiemmasta kokemuksesta tai pohjatiedoista \u2013 ei siis haittaa, vaikka et olisi aiemmin ollut mukana toiminnassa mill\u00e4\u00e4n tavoin! Toivottavasti olet kuitenkin innokas oppimaan ja valmis k\u00e4ytt\u00e4m\u00e4\u00e4n hieman aikaa edustajiston toimintaan, mink\u00e4 lis\u00e4ksi toki kiinnostus Taideyliopiston opiskelijoiden yhteisiin asioihin on hyv\u00e4ksi. Kokouksista ei makseta kokouspalkkioita, mutta niiss\u00e4 on aina tarjolla hyv\u00e4\u00e4 iltapalaa, mink\u00e4 lis\u00e4ksi edustajiston j\u00e4senille j\u00e4rjestet\u00e4\u00e4n vuosittain virkistystapahtumia.<\/p>\n<p>You can read the lists of decisions of the Representative Council meetings <a href=\"http:\/\/taiyo.fi\/en\/ylioppilaskunta\/ilmoitustaulu\/\">here (link).<\/a><\/p>\n\n\n<p class=\"wp-block-paragraph\"><\/p>","protected":false},"excerpt":{"rendered":"<p>Edustajisto on tavallaan ylioppilaskunnan oma eduskunta. Edustajisto eli \u201dedari\u201d k\u00e4ytt\u00e4\u00e4 TaiYo:n ylint\u00e4 p\u00e4\u00e4t\u00f6svaltaa ja vet\u00e4\u00e4 linjat muun muassa siit\u00e4, mihin toiminnassa panostetaan, [&hellip;]<\/p>\n","protected":false},"author":13,"featured_media":0,"parent":1342,"menu_order":60,"comment_status":"open","ping_status":"open","template":"","meta":{"_coblocks_attr":"","_coblocks_dimensions":"","_coblocks_responsive_height":"","_coblocks_accordion_ie_support":"","_crdt_document":"","advanced_seo_description":"","jetpack_seo_html_title":"","jetpack_seo_noindex":false,"footnotes":""},"class_list":["post-80","page","type-page","status-publish","hentry"],"jetpack_sharing_enabled":true,"jetpack_shortlink":"https:\/\/wp.me\/P2w00X-1i","jetpack_likes_enabled":true,"amp_enabled":true,"_links":{"self":[{"href":"https:\/\/taiyo.fi\/en\/wp-json\/wp\/v2\/pages\/80","targetHints":{"allow":["GET"]}}],"collection":[{"href":"https:\/\/taiyo.fi\/en\/wp-json\/wp\/v2\/pages"}],"about":[{"href":"https:\/\/taiyo.fi\/en\/wp-json\/wp\/v2\/types\/page"}],"author":[{"embeddable":true,"href":"https:\/\/taiyo.fi\/en\/wp-json\/wp\/v2\/users\/13"}],"replies":[{"embeddable":true,"href":"https:\/\/taiyo.fi\/en\/wp-json\/wp\/v2\/comments?post=80"}],"version-history":[{"count":10,"href":"https:\/\/taiyo.fi\/en\/wp-json\/wp\/v2\/pages\/80\/revisions"}],"predecessor-version":[{"id":6517,"href":"https:\/\/taiyo.fi\/en\/wp-json\/wp\/v2\/pages\/80\/revisions\/6517"}],"up":[{"embeddable":true,"href":"https:\/\/taiyo.fi\/en\/wp-json\/wp\/v2\/pages\/1342"}],"wp:attachment":[{"href":"https:\/\/taiyo.fi\/en\/wp-json\/wp\/v2\/media?parent=80"}],"curies":[{"name":"wp","href":"https:\/\/api.w.org\/{rel}","templated":true}]}}