{"id":7395,"date":"2020-04-02T14:22:21","date_gmt":"2020-04-02T12:22:21","guid":{"rendered":"https:\/\/taiyo.fi\/?page_id=7395"},"modified":"2024-01-22T12:30:54","modified_gmt":"2024-01-22T10:30:54","slug":"hakemus-opiskelijaedustajaksi","status":"publish","type":"page","link":"https:\/\/taiyo.fi\/en\/hakemus-opiskelijaedustajaksi\/","title":{"rendered":"Hakemus opiskelijaedustajaksi \u2013 Student representative application \u2013 Ans\u00f6kningsblankett f\u00f6r att bli studentrepresentant"},"content":{"rendered":"<p class=\"wp-block-paragraph\">The student representative positions of the University of the Arts Student Union are applied for by filling in the form below. <strong>Please read the instructions before filling the form.<\/strong><\/p>\r\n<ul>\r\n<li>Applications are discussed by the Student Union Board. The Secretary General anonymises applications for the Board\u2019s decision-making. Personal data such as name, age, gender or nationality will be anonymised from the application.<\/li>\r\n<li>As the election of student representatives is one of the Student Union's statutory public duties, applications are public documents. This means that we will give the application upon request, but we will not publish it anywhere. Therefore, please do not fill in sensitive information, such as information about your health or other personal data, in the application. TaiYo's description of document publicity is available <a href=\"https:\/\/taiyo.fi\/wp-content\/uploads\/2022\/06\/Asiakirjajulkisuuskuvaus.pdf\">here (link)<\/a>.<\/li>\r\n<li>In order for us to verify that the application comes from a real person, you must first log in to the form with your uniarts account. After that, you no longer need to fill in your name on the form. If you are already logged in with your uniarts credentials, e.g. to your email, the form will automatically identify you and no new login is required.<\/li>\r\n<li>Questions 3-5 on the form will help you tell the right things about yourself, but you do not have to divide your application according to them or to answer all the questions - you can also apply for a position with one slightly longer or even shorter text. Please check the information on the position you are applying for at <a href=\"https:\/\/taiyo.fi\/en\/avoimet-luottamuspaikat\/\">https:\/\/taiyo.fi\/en\/avoimet-luottamuspaikat\/<\/a>If you have any questions about the application process or the position you are applying for, you can contact TaiYo\u2019s Secretary General (taiyo-paasihteeri@uniarts.fi, tel. +358 40 710 4296).<\/li>\r\n<li>Data protection: The information on the form is only used for purposes related to the election of student representatives and is processed in accordance with the Student Union's <a href=\"https:\/\/taiyo.fi\/en\/ylioppilaskunta\/ilmoitustaulu\/tietosuojailmoitus\/\">privacy policy (link)<\/a> mukaisesti.<\/li>\r\n<\/ul>\r\n\r\n\r\n\r\n<p class=\"wp-block-paragraph\">Linkki hakemukseen: <a href=\"https:\/\/forms.office.com\/Pages\/ResponsePage.aspx?id=r_2RbbArHUO4kGTBSGlLrPrA2cagVZpPkUxPpXG1MZxUM1VFVUlET1daRENIT0hXU0paMzhWUElXUiQlQCN0PWcu\">https:\/\/forms.office.com\/Pages\/ResponsePage.aspx?id=r_2RbbArHUO4kGTBSGlLrPrA2cagVZpPkUxPpXG1MZxUM1VFVUlET1daRENIT0hXU0paMzhWUElXUiQlQCN0PWcu<\/a><\/p>\r\n\r\n\r\n\r\n\r\n\r\n<p><iframe loading=\"lazy\" style=\"border: none; max-width: 100%; max-height: 100vh;\" src=\"https:\/\/forms.office.com\/Pages\/ResponsePage.aspx?id=r_2RbbArHUO4kGTBSGlLrPrA2cagVZpPkUxPpXG1MZxUM1VFVUlET1daRENIT0hXU0paMzhWUElXUiQlQCN0PWcu&amp;embed=true\" width=\"100%\" height=\"750px\" frameborder=\"0\" marginwidth=\"0\" marginheight=\"0\" allowfullscreen=\"allowfullscreen\"> <\/iframe><\/p>","protected":false},"excerpt":{"rendered":"<p>Taideyliopiston ylioppilaskunnan opiskelijaedustajan teht\u00e4vi\u00e4 haetaan t\u00e4ytt\u00e4m\u00e4ll\u00e4 allaoleva lomake. Tutustu ohjeisiin ennen hakemuksen l\u00e4hett\u00e4mist\u00e4. Hakemukset k\u00e4sittelee ylioppilaskunnan hallitus. P\u00e4\u00e4sihteeri anonymisoi hakemukset hallituksen k\u00e4sittely\u00e4 [&hellip;]<\/p>\n","protected":false},"author":13,"featured_media":0,"parent":0,"menu_order":0,"comment_status":"closed","ping_status":"closed","template":"","meta":{"_coblocks_attr":"","_coblocks_dimensions":"","_coblocks_responsive_height":"","_coblocks_accordion_ie_support":"","_crdt_document":"","advanced_seo_description":"","jetpack_seo_html_title":"","jetpack_seo_noindex":false,"footnotes":""},"class_list":["post-7395","page","type-page","status-publish","hentry"],"jetpack_sharing_enabled":true,"jetpack_shortlink":"https:\/\/wp.me\/P2w00X-1Vh","jetpack_likes_enabled":true,"amp_enabled":true,"_links":{"self":[{"href":"https:\/\/taiyo.fi\/en\/wp-json\/wp\/v2\/pages\/7395","targetHints":{"allow":["GET"]}}],"collection":[{"href":"https:\/\/taiyo.fi\/en\/wp-json\/wp\/v2\/pages"}],"about":[{"href":"https:\/\/taiyo.fi\/en\/wp-json\/wp\/v2\/types\/page"}],"author":[{"embeddable":true,"href":"https:\/\/taiyo.fi\/en\/wp-json\/wp\/v2\/users\/13"}],"replies":[{"embeddable":true,"href":"https:\/\/taiyo.fi\/en\/wp-json\/wp\/v2\/comments?post=7395"}],"version-history":[{"count":17,"href":"https:\/\/taiyo.fi\/en\/wp-json\/wp\/v2\/pages\/7395\/revisions"}],"predecessor-version":[{"id":13218,"href":"https:\/\/taiyo.fi\/en\/wp-json\/wp\/v2\/pages\/7395\/revisions\/13218"}],"wp:attachment":[{"href":"https:\/\/taiyo.fi\/en\/wp-json\/wp\/v2\/media?parent=7395"}],"curies":[{"name":"wp","href":"https:\/\/api.w.org\/{rel}","templated":true}]}}