{"id":55,"date":"2012-06-19T11:52:56","date_gmt":"2012-06-19T11:52:56","guid":{"rendered":"http:\/\/taiyo.fi\/?page_id=55"},"modified":"2019-10-17T22:07:06","modified_gmt":"2019-10-17T20:07:06","slug":"vaalien-aikataulu","status":"publish","type":"page","link":"https:\/\/taiyo.fi\/en\/edustajistovaalit\/vaalien-aikataulu\/","title":{"rendered":"Vaalien aikataulu"},"content":{"rendered":"<h4><strong>Edustajistovaalien 2019 keskeiset p\u00e4iv\u00e4m\u00e4\u00e4r\u00e4t:<br \/>\n<\/strong><\/h4>\n<table width=\"395\">\n<tbody>\n<tr>\n<td><span style=\"color: #000000;\"><strong>Pvm<\/strong><\/span><\/td>\n<td><span style=\"color: #000000;\"><strong>Mit\u00e4 tapahtuu?<\/strong><\/span><\/td>\n<\/tr>\n<tr>\n<td><span style=\"color: #000000;\">10.9.<\/span><\/td>\n<td><span style=\"color: #000000;\">Vaalijulistus julkaistaan, ehdokasilmoittautuminen alkaa<br \/>\n<\/span><\/td>\n<\/tr>\n<tr>\n<td><span style=\"color: #000000;\">7.-8.10.<\/span><\/td>\n<td>TaiYo:n vaalikiertue akatemioissa<\/td>\n<\/tr>\n<tr>\n<td><span style=\"color: #000000;\">9.10.<\/span><\/td>\n<td><span style=\"color: #000000;\">Ehdokasilmoittautuminen p\u00e4\u00e4ttyy klo 12.00<\/span><\/td>\n<\/tr>\n<tr>\n<td><span style=\"color: #000000;\">10.10.<\/span><\/td>\n<td><span style=\"color: #000000;\">Alustava ehdokaslista julkaistaan, vaalimainonta ja ehdokkaiden vastaaminen vaalikoneeseen alkaa<\/span><\/td>\n<\/tr>\n<tr>\n<td><span style=\"color: #000000;\">17.10.<\/span><\/td>\n<td><span style=\"color: #000000;\">Korjauspyynn\u00f6t alustavaan ehdokaslistaan viimeist\u00e4\u00e4n klo 16.00<\/span><br \/>\n<span style=\"color: #000000;\"> Ilmoittautuminen kirjevaaliin ja \u00e4\u00e4nestyspaikan vaihtoon viim. klo 16.00*<\/span><\/td>\n<\/tr>\n<tr>\n<td><span style=\"color: #000000;\">18.10.<\/span><\/td>\n<td><span style=\"color: #000000;\">Lopullinen ehdokaslista julkaistaan<\/span><\/td>\n<\/tr>\n<tr>\n<td><span style=\"color: #000000;\">24.10.<\/span><\/td>\n<td><span style=\"color: #000000;\">Vaalikone aukeaa yleis\u00f6lle<\/span><\/td>\n<\/tr>\n<tr>\n<td><span style=\"color: #000000;\">31.10.<\/span><\/td>\n<td><span style=\"color: #000000;\"><strong>Ennakko\u00e4\u00e4nestys (KuvA, V\u00c4S, N-talo, Kuopio)*<\/strong><\/span><\/td>\n<\/tr>\n<tr>\n<td><span style=\"color: #000000;\">5.11.<\/span><\/td>\n<td><span style=\"color: #000000;\"><strong>Vaalip\u00e4iv\u00e4 (KuvA, TeaK, R-talo)*<\/strong><\/span><\/td>\n<\/tr>\n<tr>\n<td><span style=\"color: #000000;\">6.11.<\/span><\/td>\n<td><span style=\"color: #000000;\"><strong>Vaalip\u00e4iv\u00e4 (KuvA, TeaK, M-talo)*<\/strong><\/span><br \/>\n<span style=\"color: #000000;\"> Vaalivalvojaiset ja alustava vaalitulos<\/span><\/td>\n<\/tr>\n<tr>\n<td><span style=\"color: #000000;\">8.11.<\/span><\/td>\n<td><span style=\"color: #000000;\">Lopullinen vaalitulos vahvistetaan<br \/>\n<\/span><\/td>\n<\/tr>\n<tr>\n<td><\/td>\n<td><\/td>\n<\/tr>\n<\/tbody>\n<\/table>\n<p>* Katso lis\u00e4tietoa n\u00e4ist\u00e4 <a title=\"N\u00e4in \u00e4\u00e4nest\u00e4t vaaleissa\" href=\"http:\/\/taiyo.fi\/en\/edustajistovaalit\/nain-aanestat-vaaleissa\/\">N\u00e4in \u00e4\u00e4nest\u00e4t vaaleissa<\/a> Contact Information.<strong><br \/>\n<\/strong><\/p>","protected":false},"excerpt":{"rendered":"<p>Edustajistovaalien 2019 keskeiset p\u00e4iv\u00e4m\u00e4\u00e4r\u00e4t: Pvm Mit\u00e4 tapahtuu? 10.9. Vaalijulistus julkaistaan, ehdokasilmoittautuminen alkaa 7.-8.10. TaiYo:n vaalikiertue akatemioissa 9.10. Ehdokasilmoittautuminen p\u00e4\u00e4ttyy klo 12.00 10.10. [&hellip;]<\/p>\n","protected":false},"author":13,"featured_media":0,"parent":1342,"menu_order":10,"comment_status":"open","ping_status":"closed","template":"","meta":{"_coblocks_attr":"","_coblocks_dimensions":"","_coblocks_responsive_height":"","_coblocks_accordion_ie_support":"","_crdt_document":"","advanced_seo_description":"","jetpack_seo_html_title":"","jetpack_seo_noindex":false,"footnotes":""},"class_list":["post-55","page","type-page","status-publish","hentry"],"jetpack_sharing_enabled":true,"jetpack_shortlink":"https:\/\/wp.me\/P2w00X-T","jetpack_likes_enabled":true,"amp_enabled":true,"_links":{"self":[{"href":"https:\/\/taiyo.fi\/en\/wp-json\/wp\/v2\/pages\/55","targetHints":{"allow":["GET"]}}],"collection":[{"href":"https:\/\/taiyo.fi\/en\/wp-json\/wp\/v2\/pages"}],"about":[{"href":"https:\/\/taiyo.fi\/en\/wp-json\/wp\/v2\/types\/page"}],"author":[{"embeddable":true,"href":"https:\/\/taiyo.fi\/en\/wp-json\/wp\/v2\/users\/13"}],"replies":[{"embeddable":true,"href":"https:\/\/taiyo.fi\/en\/wp-json\/wp\/v2\/comments?post=55"}],"version-history":[{"count":26,"href":"https:\/\/taiyo.fi\/en\/wp-json\/wp\/v2\/pages\/55\/revisions"}],"predecessor-version":[{"id":10663,"href":"https:\/\/taiyo.fi\/en\/wp-json\/wp\/v2\/pages\/55\/revisions\/10663"}],"up":[{"embeddable":true,"href":"https:\/\/taiyo.fi\/en\/wp-json\/wp\/v2\/pages\/1342"}],"wp:attachment":[{"href":"https:\/\/taiyo.fi\/en\/wp-json\/wp\/v2\/media?parent=55"}],"curies":[{"name":"wp","href":"https:\/\/api.w.org\/{rel}","templated":true}]}}