{"id":4963,"date":"2018-02-05T10:36:11","date_gmt":"2018-02-05T08:36:11","guid":{"rendered":"https:\/\/taiyo.fi\/?page_id=4963"},"modified":"2018-02-05T10:36:11","modified_gmt":"2018-02-05T08:36:11","slug":"arkisto-2017","status":"publish","type":"page","link":"https:\/\/taiyo.fi\/en\/ylioppilaskunta\/ilmoitustaulu\/arkisto-2017\/","title":{"rendered":"Arkisto 2017"},"content":{"rendered":"<p><strong>Edustajiston kokouskutsut 2017<\/strong><br \/>\n<a title=\"2017_01_Edustajisto_Kokouskutsu\" href=\"https:\/\/taiyo.fi\/wp-content\/uploads\/2012\/06\/2017_01_edustajisto_kokouskutsu1.pdf\">Edustajiston kokous 1\/2017 Kokouskutsu<br \/>\n<\/a><a title=\"2017_02_Edustajisto_Kokouskutsu\" href=\"https:\/\/taiyo.fi\/wp-content\/uploads\/2012\/06\/2017_02_edustajisto_kokouskutsu.pdf\">Edustajiston kokous 2\/2017 Kokouskutsu<\/a><br \/>\n<a title=\"2017_03_Edustajisto_Kokouskutsu\" href=\"https:\/\/taiyo.fi\/wp-content\/uploads\/2017\/10\/2017_03_Edustajisto_Kokouskutsu.pdf\">Edustajiston kokous 3\/2017 Kokouskutsu<\/a><br \/>\n<a title=\"2017_04_Edustajisto_Kokouskutsu\" href=\"https:\/\/taiyo.fi\/wp-content\/uploads\/2017\/11\/2017_04_Edustajisto_Kokouskutsu.pdf\">Edustajiston kokous 4\/2017 Kokouskutsu<\/a><br \/>\n<a title=\"2017_05_Edustajisto_Kokouskutsu\" href=\"https:\/\/taiyo.fi\/wp-content\/uploads\/2017\/12\/2017_05_Edustajisto_Kokouskutsu.pdf\">Edustajiston kokous 5\/2017 Kokouskutsu<\/a><\/p>\n<p><strong>Edustajiston p\u00e4\u00e4t\u00f6sluettelot 2017<\/strong><br \/>\n<a title=\"2017_01_Edustajisto_P\u00e4\u00e4t\u00f6sluettelo\" href=\"https:\/\/taiyo.fi\/wp-content\/uploads\/2012\/06\/2017_01_edustajisto_pc3a4c3a4tc3b6sluettelo1.pdf\">Edustajiston kokous 1\/2017 P\u00e4\u00e4t\u00f6sluettelo<br \/>\n<\/a><a title=\"2017_02_Edustajisto_P\u00e4\u00e4t\u00f6sluettelo\" href=\"https:\/\/taiyo.fi\/wp-content\/uploads\/2012\/06\/2017_02_edustajisto_pc3a4c3a4tc3b6sluettelo.pdf\">Edustajiston kokous 2\/2017 P\u00e4\u00e4t\u00f6sluettelo<\/a><br \/>\n<a title=\"2017_03_Edustajisto_P\u00e4\u00e4t\u00f6sluettelo\" href=\"https:\/\/taiyo.fi\/wp-content\/uploads\/2017\/11\/2017_03_Edustajisto_P\u00e4\u00e4t\u00f6sluettelo.pdf\">Edustajiston kokous 3\/2017 P\u00e4\u00e4t\u00f6sluettelo<\/a><br \/>\n<a title=\"2017_04_Edustajisto_P\u00e4\u00e4t\u00f6sluettelo\" href=\"https:\/\/taiyo.fi\/wp-content\/uploads\/2017\/12\/2017_04_Edustajisto_P\u00e4\u00e4t\u00f6sluettelo.pdf\">Edustajiston kokous 4\/2017 P\u00e4\u00e4t\u00f6sluettelo<\/a><br \/>\n<a title=\"2017_05_Edustajisto_P\u00e4\u00e4t\u00f6sluettelo\" href=\"https:\/\/taiyo.fi\/wp-content\/uploads\/2017\/12\/2017_05_Edustajisto_P\u00e4\u00e4t\u00f6sluettelo.pdf\">Edustajiston kokous 5\/2017 P\u00e4\u00e4t\u00f6sluettelo<\/a><\/p>\n<p><strong>Hallituksen p\u00e4\u00e4t\u00f6sluettelot 2017<\/strong><br \/>\n<a title=\"2017_01_paatosluettelo_hallitus\" href=\"https:\/\/taiyo.fi\/wp-content\/uploads\/2012\/06\/2017_01_pc3a4c3a4tc3b6sluettelo_hallitus.pdf\">Hallituksen kokous 1\/2017 P\u00e4\u00e4t\u00f6sluettelo<br \/>\n<\/a><a title=\"2017_02_paatosluettelo_hallitus\" href=\"https:\/\/taiyo.fi\/wp-content\/uploads\/2012\/06\/2017_02_pc3a4c3a4tc3b6sluettelo_hallitus.pdf\">Hallituksen kokous 2\/2017 P\u00e4\u00e4t\u00f6sluettelo<br \/>\n<\/a><a title=\"2017_03_paatosluettelo_hallitus\" href=\"https:\/\/taiyo.fi\/wp-content\/uploads\/2012\/06\/2017_03_pc3a4c3a4tc3b6sluettelo_hallitus.pdf\">Hallituksen kokous 3\/2017 P\u00e4\u00e4t\u00f6sluettelo<br \/>\n<\/a><a title=\"2017_04_paatosluettelo_hallitus\" href=\"https:\/\/taiyo.fi\/wp-content\/uploads\/2012\/06\/2017_04_pc3a4c3a4tc3b6sluettelo_hallitus.pdf\">Hallituksen kokous 4\/2017 P\u00e4\u00e4t\u00f6sluettelo<br \/>\n<\/a><a title=\"2017_05_paatosluettelo_hallitus\" href=\"https:\/\/taiyo.fi\/wp-content\/uploads\/2012\/06\/2017_05_pc3a4c3a4tc3b6sluettelo_hallitus.pdf\">Hallituksen kokous 5\/2017 P\u00e4\u00e4t\u00f6sluettelo<br \/>\n<\/a><a title=\"2017_06_paatosluettelo_hallitus\" href=\"https:\/\/taiyo.fi\/wp-content\/uploads\/2012\/06\/2017_06_pc3a4c3a4tc3b6sluettelo_hallitus.pdf\">Hallituksen kokous 6\/2017 P\u00e4\u00e4t\u00f6sluettelo<br \/>\n<\/a><a title=\"2017_07_paatosluettelo_hallitus\" href=\"https:\/\/taiyo.fi\/wp-content\/uploads\/2012\/06\/2017_07_pc3a4c3a4tc3b6sluettelo_hallitus.pdf\">Hallituksen kokous 7\/2017 P\u00e4\u00e4t\u00f6sluettelo<br \/>\n<\/a><a title=\"2017_08_P\u00e4\u00e4t\u00f6sluettelo_Hallitus\" href=\"https:\/\/taiyo.fi\/wp-content\/uploads\/2012\/06\/2017_08_pc3a4c3a4tc3b6sluettelo_hallitus.pdf\">Hallituksen kokous 8\/2017 P\u00e4\u00e4t\u00f6sluettelo<br \/>\n<\/a><a title=\"2017_09_P\u00e4\u00e4t\u00f6sluettelo_Hallitus\" href=\"https:\/\/taiyo.fi\/wp-content\/uploads\/2012\/06\/2017_09_pc3a4c3a4tc3b6sluettelo_hallitus.pdf\">Hallituksen kokous 9\/2017 P\u00e4\u00e4t\u00f6sluettelo<br \/>\n<\/a><a title=\"2017_10_P\u00e4\u00e4t\u00f6sluettelo_Hallitus\" href=\"https:\/\/taiyo.fi\/wp-content\/uploads\/2012\/06\/2017_10_pc3a4c3a4tc3b6sluettelo_hallitus.pdf\">Hallituksen kokous 10\/2017 P\u00e4\u00e4t\u00f6sluettelo<br \/>\n<\/a><a title=\"2017_11_P\u00e4\u00e4t\u00f6sluettelo_Hallitus\" href=\"https:\/\/taiyo.fi\/wp-content\/uploads\/2012\/06\/2017_11_pc3a4c3a4tc3b6sluettelo_hallitus.pdf\">Hallituksen kokous 11\/2017 P\u00e4\u00e4t\u00f6sluettelo<br \/>\n<\/a><a title=\"2017_12_P\u00e4\u00e4t\u00f6sluettelo_Hallitus\" href=\"https:\/\/taiyo.fi\/wp-content\/uploads\/2012\/06\/2017_12_pc3a4c3a4tc3b6sluettelo_hallitus.pdf\">Hallituksen kokous 12\/2017 P\u00e4\u00e4t\u00f6sluettelo<br \/>\n<\/a><a title=\"2017_13_P\u00e4\u00e4t\u00f6sluettelo_Hallitus\" href=\"https:\/\/taiyo.fi\/wp-content\/uploads\/2012\/06\/2017_13_pc3a4c3a4tc3b6sluettelo_hallitus.pdf\">Hallituksen kokous 13\/2017 P\u00e4\u00e4t\u00f6sluettelo<br \/>\n<\/a><a title=\"2017_14_P\u00e4\u00e4t\u00f6sluettelo_Hallitus\" href=\"https:\/\/taiyo.fi\/wp-content\/uploads\/2012\/06\/2017_14_pc3a4c3a4tc3b6sluettelo_hallitus.pdf\">Hallituksen kokous 14\/2017 P\u00e4\u00e4t\u00f6sluettelo<br \/>\n<\/a><a title=\"2017_15_P\u00e4\u00e4t\u00f6sluettelo_Hallitus\" href=\"https:\/\/taiyo.fi\/wp-content\/uploads\/2012\/06\/2017_15_pc3a4c3a4tc3b6sluettelo_hallitus.pdf\">Hallituksen kokous 15\/2017 P\u00e4\u00e4t\u00f6sluettelo<br \/>\n<\/a><a title=\"2017_16_P\u00e4\u00e4t\u00f6sluettelo_Hallitus\" href=\"https:\/\/taiyo.fi\/wp-content\/uploads\/2012\/06\/2017_16_pc3a4c3a4tc3b6sluettelo_hallitus.pdf\">Hallituksen kokous 16\/2017 P\u00e4\u00e4t\u00f6sluettelo<br \/>\n<\/a><a title=\"2017_17_P\u00e4\u00e4t\u00f6sluettelo_Hallitus\" href=\"https:\/\/taiyo.fi\/wp-content\/uploads\/2012\/06\/2017_17_pc3a4c3a4tc3b6sluettelo_hallitus1.pdf\">Hallituksen kokous 17\/2017 P\u00e4\u00e4t\u00f6sluettelo<\/a><br \/>\n<a title=\"2017_18_P\u00e4\u00e4t\u00f6sluettelo_Hallitus\" href=\"https:\/\/taiyo.fi\/wp-content\/uploads\/2012\/06\/2017_18_pc3a4c3a4tc3b6sluettelo_hallitus.pdf\">Hallituksen kokous 18\/2017 P\u00e4\u00e4t\u00f6sluettelo<br \/>\n<\/a><a title=\"2017_19_P\u00e4\u00e4t\u00f6sluettelo_Hallitus\" href=\"https:\/\/taiyo.fi\/wp-content\/uploads\/2012\/06\/2017_19_pc3a4c3a4tc3b6sluettelo_hallitus.pdf\">Hallituksen kokous 19\/2017 P\u00e4\u00e4t\u00f6sluettelo<\/a><br \/>\n<a title=\"2017_20_P\u00e4\u00e4t\u00f6sluettelo_Hallitus\" href=\"https:\/\/taiyo.fi\/wp-content\/uploads\/2012\/06\/2017_20_pc3a4c3a4tc3b6sluettelo_hallitus.pdf\">Hallituksen kokous 20\/2017 P\u00e4\u00e4t\u00f6sluettelo<\/a><br \/>\n<a title=\"2017_21_P\u00e4\u00e4t\u00f6sluettelo_Hallitus\" href=\"https:\/\/taiyo.fi\/wp-content\/uploads\/2012\/06\/2017_21_pc3a4c3a4tc3b6sluettelo_hallitus.pdf\">Hallituksen kokous 21\/2017 P\u00e4\u00e4t\u00f6sluettelo<\/a><br \/>\n<a title=\"2017_22_P\u00e4\u00e4t\u00f6sluettelo_Hallitus\" href=\"https:\/\/taiyo.fi\/wp-content\/uploads\/2012\/06\/2017_22_pc3a4c3a4tc3b6sluettelo_hallitus.pdf\">Hallituksen kokous 22\/2017 P\u00e4\u00e4t\u00f6sluettelo<\/a><br \/>\n<a title=\"2017_23_P\u00e4\u00e4t\u00f6sluettelo_Hallitus\" href=\"https:\/\/taiyo.fi\/wp-content\/uploads\/2012\/06\/2017_23_pc3a4c3a4tc3b6sluettelo_hallitus.pdf\">Hallituksen kokous 23\/2017 P\u00e4\u00e4t\u00f6sluettelo<\/a><br \/>\n<a title=\"2017_24_P\u00e4\u00e4t\u00f6sluettelo_Hallitus\" href=\"https:\/\/taiyo.fi\/wp-content\/uploads\/2012\/06\/2017_24_pc3a4c3a4tc3b6sluettelo_hallitus.pdf\">Hallituksen kokous 24\/2017 P\u00e4\u00e4t\u00f6sluettelo<\/a><br \/>\n<a title=\"2017_25_P\u00e4\u00e4t\u00f6sluettelo_Hallitus\" href=\"https:\/\/taiyo.fi\/wp-content\/uploads\/2012\/06\/2017_25_pc3a4c3a4tc3b6sluettelo_hallitus.pdf\">Hallituksen kokous 25\/2017 P\u00e4\u00e4t\u00f6sluettelo<\/a><br \/>\n<a title=\"2017_26_P\u00e4\u00e4t\u00f6sluettelo_Hallitus\" href=\"https:\/\/taiyo.fi\/wp-content\/uploads\/2017\/09\/2017_26_P\u00e4\u00e4t\u00f6sluettelo_Hallitus.pdf\">Hallituksen kokous 26\/2017 P\u00e4\u00e4t\u00f6sluettelo<\/a><br \/>\n<a title=\"2017_27_P\u00e4\u00e4t\u00f6sluettelo_Hallitus\" href=\"https:\/\/taiyo.fi\/wp-content\/uploads\/2017\/10\/2017_27_P\u00e4\u00e4t\u00f6sluettelo_Hallitus.pdf\">Hallituksen kokous 27\/2017 P\u00e4\u00e4t\u00f6sluettelo<\/a><br \/>\n<a title=\"2017_28_P\u00e4\u00e4t\u00f6sluettelo_Hallitus\" href=\"https:\/\/taiyo.fi\/wp-content\/uploads\/2017\/10\/2017_28_P\u00e4\u00e4t\u00f6sluettelo_Hallitus.pdf\">Hallituksen kokous 28\/2017 P\u00e4\u00e4t\u00f6sluettelo<\/a><br \/>\n<a title=\"2017_29_P\u00e4\u00e4t\u00f6sluettelo_Hallitus\" href=\"https:\/\/taiyo.fi\/wp-content\/uploads\/2017\/10\/2017_29_P\u00e4\u00e4t\u00f6sluettelo_Hallitus.pdf\">Hallituksen kokous 29\/2017 P\u00e4\u00e4t\u00f6sluettelo<\/a><br \/>\n<a title=\"2017_30_P\u00e4\u00e4t\u00f6sluettelo_Hallitus\" href=\"https:\/\/taiyo.fi\/wp-content\/uploads\/2017\/11\/2017_30_P\u00e4\u00e4t\u00f6sluettelo_Hallitus.pdf\">Hallituksen kokous 30\/2017 P\u00e4\u00e4t\u00f6sluettelo<\/a><br \/>\n<a title=\"2017_31_P\u00e4\u00e4t\u00f6sluettelo_Hallitus\" href=\"https:\/\/taiyo.fi\/wp-content\/uploads\/2017\/11\/2017_31_P\u00e4\u00e4t\u00f6sluettelo_Hallitus.pdf\">Hallituksen kokous 31\/2017 P\u00e4\u00e4t\u00f6sluettelo<\/a><br \/>\n<a title=\"2017_32_P\u00e4\u00e4t\u00f6sluettelo_Hallitus\" href=\"https:\/\/taiyo.fi\/wp-content\/uploads\/2017\/11\/2017_32_P\u00e4\u00e4t\u00f6sluettelo_Hallitus.pdf\">Hallituksen kokous 32\/2017 P\u00e4\u00e4t\u00f6sluettelo<\/a><br \/>\n<a title=\"2017_33_P\u00e4\u00e4t\u00f6sluettelo_Hallitus\" href=\"https:\/\/taiyo.fi\/wp-content\/uploads\/2017\/12\/2017_33_P\u00e4\u00e4t\u00f6sluettelo_Hallitus.pdf\">Hallituksen kokous 33\/2017 P\u00e4\u00e4t\u00f6sluettelo<\/a><br \/>\n<a title=\"2017_34_P\u00e4\u00e4t\u00f6sluettelo_Hallitus\" href=\"https:\/\/taiyo.fi\/wp-content\/uploads\/2017\/12\/2017_34_P\u00e4\u00e4t\u00f6sluettelo_Hallitus.pdf\">Hallituksen kokous 34\/2017 P\u00e4\u00e4t\u00f6sluettelo<\/a><br \/>\n<a title=\"2017_35_P\u00e4\u00e4t\u00f6sluettelo_Hallitus\" href=\"https:\/\/taiyo.fi\/wp-content\/uploads\/2017\/12\/2017_35_P\u00e4\u00e4t\u00f6sluettelo_Hallitus.pdf\">Hallituksen kokous 35\/2017 P\u00e4\u00e4t\u00f6sluettelo<\/a><\/p>\n<p><strong>Edustajistovaalien julistukset, ehdokaslistat ja tulokset<br \/>\n<\/strong><a title=\"TaiYo vaalitulos 2017 lopullinen\" href=\"https:\/\/taiyo.fi\/wp-content\/uploads\/2017\/11\/TaiYo-vaalitulos-2017-lopullinen.pdf\">Lopullinen vaalitulos \/ Slutliga valresultatet<\/a><br \/>\n<a title=\"Lopullinen ehdokaslista 2017 suomi\" href=\"https:\/\/taiyo.fi\/wp-content\/uploads\/2017\/10\/Lopullinen-ehdokaslista-2017-suomi.pdf\">Lopullinen ehdokaslista<\/a>\u00a0\/\u00a0<a title=\"Lopullinen ehdokaslista 2017 ruotsi\" href=\"https:\/\/taiyo.fi\/wp-content\/uploads\/2017\/10\/Lopullinen-ehdokaslista-2017-ruotsi.pdf\">Slutliga kandidatlistan<\/a><br \/>\n<a title=\"Vaalijulistus 2017\" href=\"https:\/\/taiyo.fi\/wp-content\/uploads\/2013\/09\/vaalijulistus-2017.pdf\">Vaalijulistus<\/a>\u00a0\/\u00a0<a title=\"Kung\u00f6relse om val 2017\" href=\"https:\/\/taiyo.fi\/wp-content\/uploads\/2013\/09\/kungc3b6relse-om-val-2017.pdf\">Kung\u00f6relse om val<\/a><br \/>\n<a title=\"Alustava ehdokaslista 2017 suomi\" href=\"https:\/\/taiyo.fi\/wp-content\/uploads\/2017\/10\/Alustava-ehdokaslista-2017-suomi.pdf\">Alustava ehdokaslista<\/a>\u00a0\/\u00a0<a title=\"Alustava ehdokaslista 2017 ruotsi\" href=\"https:\/\/taiyo.fi\/wp-content\/uploads\/2017\/10\/Alustava-ehdokaslista-2017-ruotsi.pdf\">Prelimin\u00e4r kandidatlista<\/a> (ei en\u00e4\u00e4 voimassa \/\u00a0g\u00e4ller inte l\u00e4ngre)<br \/>\n<a title=\"TaiYo vaalitulos 2017 alustava\" href=\"https:\/\/taiyo.fi\/wp-content\/uploads\/2017\/11\/TaiYo-vaalitulos-2017-alustava.pdf\">Alustava vaalitulos \/ Prelimin\u00e4r valresultat<\/a> (ei en\u00e4\u00e4 voimassa \/ g\u00e4ller inte l\u00e4ngre)<\/p>\n<h4><\/h4>","protected":false},"excerpt":{"rendered":"<p>Edustajiston kokouskutsut 2017 Edustajiston kokous 1\/2017 Kokouskutsu Edustajiston kokous 2\/2017 Kokouskutsu Edustajiston kokous 3\/2017 Kokouskutsu Edustajiston kokous 4\/2017 Kokouskutsu Edustajiston kokous 5\/2017 [&hellip;]<\/p>\n","protected":false},"author":13,"featured_media":0,"parent":2,"menu_order":0,"comment_status":"closed","ping_status":"closed","template":"","meta":{"_coblocks_attr":"","_coblocks_dimensions":"","_coblocks_responsive_height":"","_coblocks_accordion_ie_support":"","_crdt_document":"","advanced_seo_description":"","jetpack_seo_html_title":"","jetpack_seo_noindex":false,"footnotes":""},"class_list":["post-4963","page","type-page","status-publish","hentry"],"jetpack_sharing_enabled":true,"jetpack_shortlink":"https:\/\/wp.me\/P2w00X-1i3","jetpack_likes_enabled":true,"amp_enabled":true,"_links":{"self":[{"href":"https:\/\/taiyo.fi\/en\/wp-json\/wp\/v2\/pages\/4963","targetHints":{"allow":["GET"]}}],"collection":[{"href":"https:\/\/taiyo.fi\/en\/wp-json\/wp\/v2\/pages"}],"about":[{"href":"https:\/\/taiyo.fi\/en\/wp-json\/wp\/v2\/types\/page"}],"author":[{"embeddable":true,"href":"https:\/\/taiyo.fi\/en\/wp-json\/wp\/v2\/users\/13"}],"replies":[{"embeddable":true,"href":"https:\/\/taiyo.fi\/en\/wp-json\/wp\/v2\/comments?post=4963"}],"version-history":[{"count":1,"href":"https:\/\/taiyo.fi\/en\/wp-json\/wp\/v2\/pages\/4963\/revisions"}],"predecessor-version":[{"id":4964,"href":"https:\/\/taiyo.fi\/en\/wp-json\/wp\/v2\/pages\/4963\/revisions\/4964"}],"up":[{"embeddable":true,"href":"https:\/\/taiyo.fi\/en\/wp-json\/wp\/v2\/pages\/2"}],"wp:attachment":[{"href":"https:\/\/taiyo.fi\/en\/wp-json\/wp\/v2\/media?parent=4963"}],"curies":[{"name":"wp","href":"https:\/\/api.w.org\/{rel}","templated":true}]}}