{"id":4186,"date":"2017-01-19T11:26:12","date_gmt":"2017-01-19T09:26:12","guid":{"rendered":"http:\/\/taiyo.fi\/?page_id=4186"},"modified":"2017-01-19T11:26:12","modified_gmt":"2017-01-19T09:26:12","slug":"arkisto-2016","status":"publish","type":"page","link":"https:\/\/taiyo.fi\/en\/ylioppilaskunta\/ilmoitustaulu\/arkisto-2016\/","title":{"rendered":"Arkisto 2016"},"content":{"rendered":"<p><strong>Edustajiston kokouskutsut 2016<br \/>\n<\/strong><a title=\"2016_01_Edustajisto_Kokouskutsu\" href=\"https:\/\/taiyo.fi\/wp-content\/uploads\/2012\/06\/2016_01_edustajisto_kokouskutsu.pdf\">Edustajiston kokous 1\/2016 Kokouskutsu<br \/>\n<\/a><a title=\"2016_02_Edustajisto_Kokouskutsu\" href=\"https:\/\/taiyo.fi\/wp-content\/uploads\/2012\/06\/2016_02_edustajisto_kokouskutsu.pdf\">Edustajiston kokous 2\/2016 Kokouskutsu<br \/>\n<\/a><a title=\"2016_03_edustajisto_kokouskutsu\" href=\"https:\/\/taiyo.fi\/wp-content\/uploads\/2012\/06\/2016_03_edustajisto_kokouskutsu.pdf\">Edustajiston kokous 3\/2016 Kokouskutsu<br \/>\n<\/a><a title=\"2016_04_edustajisto_kokouskutsu\" href=\"https:\/\/taiyo.fi\/wp-content\/uploads\/2012\/06\/2016_04_edustajisto_kokouskutsu.pdf\">Edustajiston kokous 4\/2016 Kokouskutsu<br \/>\n<\/a><a title=\"2016_05_edustajisto_kokouskutsu\" href=\"https:\/\/taiyo.fi\/wp-content\/uploads\/2012\/06\/2016_05_edustajisto_kokouskutsu.pdf\">Edustajiston kokous 5\/2016 Kokouskutsu<\/a><\/p>\n<p><strong>Edustajiston p\u00e4\u00e4t\u00f6sluettelot 2016<\/strong><br \/>\n<a title=\"2016_01_Edustajisto_P\u00e4\u00e4t\u00f6sluettelo\" href=\"https:\/\/taiyo.fi\/wp-content\/uploads\/2012\/06\/2016_01_edustajisto_pc3a4c3a4tc3b6sluettelo.pdf\">Edustajiston kokous 1\/2016 P\u00e4\u00e4t\u00f6sluettelo<br \/>\n<\/a><a title=\"2016_02_Edustajisto_P\u00e4\u00e4t\u00f6sluettelo\" href=\"https:\/\/taiyo.fi\/wp-content\/uploads\/2012\/06\/2016_02_edustajisto_pc3a4c3a4tc3b6sluettelo.pdf\">Edustajiston kokous 2\/2016 P\u00e4\u00e4t\u00f6sluettelo<br \/>\n<\/a><a title=\"2016_03_edustajisto_paatosluettelo\" href=\"https:\/\/taiyo.fi\/wp-content\/uploads\/2012\/06\/2016_03_edustajisto_pc3a4c3a4tc3b6sluettelo.pdf\">Edustajiston kokous 3\/2016 P\u00e4\u00e4t\u00f6sluettelo<br \/>\n<\/a><a title=\"2016_04_edustajisto_paatosluettelo\" href=\"https:\/\/taiyo.fi\/wp-content\/uploads\/2012\/06\/2016_04_edustajisto_pc3a4c3a4tc3b6sluettelo.pdf\">Edustajiston kokous 4\/2016 P\u00e4\u00e4t\u00f6sluettelo<br \/>\n<\/a><a title=\"2016_05_edustajisto_paatosluettelo\" href=\"https:\/\/taiyo.fi\/wp-content\/uploads\/2012\/06\/2016_05_edustajisto_pc3a4c3a4tc3b6sluettelo.pdf\">Edustajiston kokous 5\/2016 P\u00e4\u00e4t\u00f6sluettelo<\/a><\/p>\n<p><strong>Hallituksen p\u00e4\u00e4t\u00f6sluettelot 2016<\/strong><br \/>\n<a title=\"2016_01_P\u00e4\u00e4t\u00f6sluettelo_Hallitus\" href=\"https:\/\/taiyo.fi\/wp-content\/uploads\/2012\/06\/2016_01_pc3a4c3a4tc3b6sluettelo_hallitus.pdf\">Hallituksen kokous 1\/2016 P\u00e4\u00e4t\u00f6sluettelo<br \/>\n<\/a><a title=\"2016_02_P\u00e4\u00e4t\u00f6sluettelo_Hallitus\" href=\"https:\/\/taiyo.fi\/wp-content\/uploads\/2012\/06\/2016_02_pc3a4c3a4tc3b6sluettelo_hallitus.pdf\">Hallituksen kokous 2\/2016 P\u00e4\u00e4t\u00f6sluettelo<br \/>\n<\/a><a title=\"2016_03_P\u00e4\u00e4t\u00f6sluettelo_Hallitus\" href=\"https:\/\/taiyo.fi\/wp-content\/uploads\/2012\/06\/2016_03_pc3a4c3a4tc3b6sluettelo_hallitus.pdf\">Hallituksen kokous 3\/2016 P\u00e4\u00e4t\u00f6sluettelo<br \/>\n<\/a><a title=\"2016_04_P\u00e4\u00e4t\u00f6sluettelo_Hallitus\" href=\"https:\/\/taiyo.fi\/wp-content\/uploads\/2012\/06\/2016_04_pc3a4c3a4tc3b6sluettelo_hallitus.pdf\">Hallituksen kokous 4\/2016 P\u00e4\u00e4t\u00f6sluettelo<br \/>\n<\/a><a title=\"2016_05_P\u00e4\u00e4t\u00f6sluettelo_Hallitus\" href=\"https:\/\/taiyo.fi\/wp-content\/uploads\/2012\/06\/2016_05_pc3a4c3a4tc3b6sluettelo_hallitus.pdf\">Hallituksen kokous 5\/2016 P\u00e4\u00e4t\u00f6sluettelo<br \/>\n<\/a><a title=\"2016_06_P\u00e4\u00e4t\u00f6sluettelo_Hallitus\" href=\"https:\/\/taiyo.fi\/wp-content\/uploads\/2012\/06\/2016_06_pc3a4c3a4tc3b6sluettelo_hallitus.pdf\">Hallituksen kokous 6\/2016 P\u00e4\u00e4t\u00f6sluettelo<br \/>\n<\/a><a title=\"2016_07_P\u00e4\u00e4t\u00f6sluettelo_Hallitus\" href=\"https:\/\/taiyo.fi\/wp-content\/uploads\/2012\/06\/2016_07_pc3a4c3a4tc3b6sluettelo_hallitus.pdf\">Hallituksen kokous 7\/2016 P\u00e4\u00e4t\u00f6sluettelo<br \/>\n<\/a><a title=\"2016_08_P\u00e4\u00e4t\u00f6sluettelo_Hallitus\" href=\"https:\/\/taiyo.fi\/wp-content\/uploads\/2012\/06\/2016_08_pc3a4c3a4tc3b6sluettelo_hallitus.pdf\">Hallituksen kokous 8\/2016 P\u00e4\u00e4t\u00f6sluettelo<br \/>\n<\/a><a title=\"2016_09_P\u00e4\u00e4t\u00f6sluettelo_Hallitus\" href=\"https:\/\/taiyo.fi\/wp-content\/uploads\/2012\/06\/2016_09_pc3a4c3a4tc3b6sluettelo_hallitus.pdf\">Hallituksen kokous 9\/2016 P\u00e4\u00e4t\u00f6sluettelo<br \/>\n<\/a><a title=\"2016_10_P\u00e4\u00e4t\u00f6sluettelo_Hallitus\" href=\"https:\/\/taiyo.fi\/wp-content\/uploads\/2012\/06\/2016_10_pc3a4c3a4tc3b6sluettelo_hallitus.pdf\">Hallituksen kokous 10\/2016 P\u00e4\u00e4t\u00f6sluettelo<br \/>\n<\/a><a title=\"2016_11_P\u00e4\u00e4t\u00f6sluettelo_Hallitus\" href=\"https:\/\/taiyo.fi\/wp-content\/uploads\/2012\/06\/2016_11_pc3a4c3a4tc3b6sluettelo_hallitus.pdf\">Hallituksen kokous 11\/2016 P\u00e4\u00e4t\u00f6sluettelo<br \/>\n<\/a><a title=\"2016_12_P\u00e4\u00e4t\u00f6sluettelo_Hallitus\" href=\"https:\/\/taiyo.fi\/wp-content\/uploads\/2012\/06\/2016_12_pc3a4c3a4tc3b6sluettelo_hallitus.pdf\">Hallituksen kokous 12\/2016 P\u00e4\u00e4t\u00f6sluettelo<br \/>\n<\/a><a title=\"2016_13_P\u00e4\u00e4t\u00f6sluettelo_Hallitus\" href=\"https:\/\/taiyo.fi\/wp-content\/uploads\/2012\/06\/2016_13_pc3a4c3a4tc3b6sluettelo_hallitus.pdf\">Hallituksen kokous 13\/2016 P\u00e4\u00e4t\u00f6sluettelo<br \/>\n<\/a><a title=\"2016_14_P\u00e4\u00e4t\u00f6sluettelo_Hallitus\" href=\"https:\/\/taiyo.fi\/wp-content\/uploads\/2012\/06\/2016_14_pc3a4c3a4tc3b6sluettelo_hallitus.pdf\">Hallituksen kokous 14\/2016 P\u00e4\u00e4t\u00f6sluettelo<br \/>\n<\/a><a title=\"2016_15_P\u00e4\u00e4t\u00f6sluettelo_Hallitus\" href=\"https:\/\/taiyo.fi\/wp-content\/uploads\/2012\/06\/2016_15_pc3a4c3a4tc3b6sluettelo_hallitus.pdf\">Hallituksen kokous 15\/2016 P\u00e4\u00e4t\u00f6sluettelo<br \/>\n<\/a><a title=\"2016_16_P\u00e4\u00e4t\u00f6sluettelo_Hallitus\" href=\"https:\/\/taiyo.fi\/wp-content\/uploads\/2012\/06\/2016_16_pc3a4c3a4tc3b6sluettelo_hallitus.pdf\">Hallituksen kokous 16\/2016 P\u00e4\u00e4t\u00f6sluettelo<br \/>\n<\/a><a title=\"2016_17_P\u00e4\u00e4t\u00f6sluettelo_Hallitus\" href=\"https:\/\/taiyo.fi\/wp-content\/uploads\/2012\/06\/2016_17_pc3a4c3a4tc3b6sluettelo_hallitus.pdf\">Hallituksen kokous 17\/2016 P\u00e4\u00e4t\u00f6sluettelo<br \/>\n<\/a><a title=\"2016_18_P\u00e4\u00e4t\u00f6sluettelo_Hallitus\" href=\"https:\/\/taiyo.fi\/wp-content\/uploads\/2012\/06\/2016_18_pc3a4c3a4tc3b6sluettelo_hallitus.pdf\">Hallituksen kokous 18\/2016 P\u00e4\u00e4t\u00f6sluettelo<br \/>\n<\/a><a title=\"2016_19_P\u00e4\u00e4t\u00f6sluettelo_Hallitus\" href=\"https:\/\/taiyo.fi\/wp-content\/uploads\/2012\/06\/2016_19_pc3a4c3a4tc3b6sluettelo_hallitus.pdf\">Hallituksen kokous 19\/2016 P\u00e4\u00e4t\u00f6sluettelo<br \/>\n<\/a><a title=\"2016_20_P\u00e4\u00e4t\u00f6sluettelo_Hallitus\" href=\"https:\/\/taiyo.fi\/wp-content\/uploads\/2012\/06\/2016_20_pc3a4c3a4tc3b6sluettelo_hallitus.pdf\">Hallituksen kokous 20\/2016 P\u00e4\u00e4t\u00f6sluettelo<br \/>\n<\/a><a title=\"2016_21_P\u00e4\u00e4t\u00f6sluettelo_Hallitus\" href=\"https:\/\/taiyo.fi\/wp-content\/uploads\/2012\/06\/2016_21_pc3a4c3a4tc3b6sluettelo_hallitus1.pdf\">Hallituksen kokous 21\/2016 P\u00e4\u00e4t\u00f6sluettelo<br \/>\n<\/a><a title=\"2016_22_paatosluettelo_hallitus\" href=\"https:\/\/taiyo.fi\/wp-content\/uploads\/2012\/06\/2016_22_pc3a4c3a4tc3b6sluettelo_hallitus.pdf\">Hallituksen kokous 22\/2016 P\u00e4\u00e4t\u00f6sluettelo<br \/>\n<\/a><a title=\"2016_23_paatosluettelo_hallitus\" href=\"https:\/\/taiyo.fi\/wp-content\/uploads\/2012\/06\/2016_23_pc3a4c3a4tc3b6sluettelo_hallitus.pdf\">Hallituksen kokous 23\/2016 P\u00e4\u00e4t\u00f6sluettelo<br \/>\n<\/a><a title=\"2016_24_paatosluettelo_hallitus\" href=\"https:\/\/taiyo.fi\/wp-content\/uploads\/2012\/06\/2016_24_pc3a4c3a4tc3b6sluettelo_hallitus.pdf\">Hallituksen kokous 24\/2016 P\u00e4\u00e4t\u00f6sluettelo<br \/>\n<\/a><a title=\"2016_25_paatosluettelo_hallitus\" href=\"https:\/\/taiyo.fi\/wp-content\/uploads\/2012\/06\/2016_25_pc3a4c3a4tc3b6sluettelo_hallitus.pdf\">Hallituksen kokous 25\/2016 P\u00e4\u00e4t\u00f6sluettelo<br \/>\n<\/a><a title=\"2016_26_paatosluettelo_hallitus\" href=\"https:\/\/taiyo.fi\/wp-content\/uploads\/2012\/06\/2016_26_pc3a4c3a4tc3b6sluettelo_hallitus.pdf\">Hallituksen kokous 26\/2017 P\u00e4\u00e4t\u00f6sluettelo<br \/>\n<\/a><a title=\"2016_27_paatosluettelo_hallitus\" href=\"https:\/\/taiyo.fi\/wp-content\/uploads\/2012\/06\/2016_27_pc3a4c3a4tc3b6sluettelo_hallitus.pdf\">Hallituksen kokous 27\/2016 P\u00e4\u00e4t\u00f6sluettelo<br \/>\n<\/a><a title=\"2016_28_paatosluettelo_hallitus\" href=\"https:\/\/taiyo.fi\/wp-content\/uploads\/2012\/06\/2016_28_pc3a4c3a4tc3b6sluettelo_hallitus.pdf\">Hallituksen kokous 28\/2016 P\u00e4\u00e4t\u00f6sluettelo<br \/>\n<\/a><a title=\"2016_29_paatosluettelo_hallitus\" href=\"https:\/\/taiyo.fi\/wp-content\/uploads\/2012\/06\/2016_29_pc3a4c3a4tc3b6sluettelo_hallitus.pdf\">Hallituksen kokous 29\/2016 P\u00e4\u00e4t\u00f6sluettelo<br \/>\n<\/a><a title=\"2016_30_paatosluettelo_hallitus\" href=\"https:\/\/taiyo.fi\/wp-content\/uploads\/2012\/06\/2016_30_pc3a4c3a4tc3b6sluettelo_hallitus.pdf\">Hallituksen kokous 30\/2016 P\u00e4\u00e4t\u00f6sluettelo<br \/>\n<\/a><a title=\"2016_31_paatosluettelo_hallitus\" href=\"https:\/\/taiyo.fi\/wp-content\/uploads\/2012\/06\/2016_31_pc3a4c3a4tc3b6sluettelo_hallitus.pdf\">Hallituksen kokous 31\/2016 P\u00e4\u00e4t\u00f6sluettelo<br \/>\n<\/a><a title=\"2016_32_paatosluettelo_hallitus\" href=\"https:\/\/taiyo.fi\/wp-content\/uploads\/2012\/06\/2016_32_pc3a4c3a4tc3b6sluettelo_hallitus.pdf\">Hallituksen kokous 32\/2016 P\u00e4\u00e4t\u00f6sluettelo<br \/>\n<\/a><a title=\"2016_33_paatosluettelo_hallitus\" href=\"https:\/\/taiyo.fi\/wp-content\/uploads\/2012\/06\/2016_33_pc3a4c3a4tc3b6sluettelo_hallitus.pdf\">Hallituksen kokous 33\/2016 P\u00e4\u00e4t\u00f6sluettelo<\/a><\/p>","protected":false},"excerpt":{"rendered":"<p>Edustajiston kokouskutsut 2016 Edustajiston kokous 1\/2016 Kokouskutsu Edustajiston kokous 2\/2016 Kokouskutsu Edustajiston kokous 3\/2016 Kokouskutsu Edustajiston kokous 4\/2016 Kokouskutsu Edustajiston kokous 5\/2016 [&hellip;]<\/p>\n","protected":false},"author":13,"featured_media":0,"parent":2,"menu_order":0,"comment_status":"closed","ping_status":"closed","template":"","meta":{"_coblocks_attr":"","_coblocks_dimensions":"","_coblocks_responsive_height":"","_coblocks_accordion_ie_support":"","_crdt_document":"","advanced_seo_description":"","jetpack_seo_html_title":"","jetpack_seo_noindex":false,"footnotes":""},"class_list":["post-4186","page","type-page","status-publish","hentry"],"jetpack_sharing_enabled":true,"jetpack_shortlink":"https:\/\/wp.me\/P2w00X-15w","jetpack_likes_enabled":true,"amp_enabled":true,"_links":{"self":[{"href":"https:\/\/taiyo.fi\/en\/wp-json\/wp\/v2\/pages\/4186","targetHints":{"allow":["GET"]}}],"collection":[{"href":"https:\/\/taiyo.fi\/en\/wp-json\/wp\/v2\/pages"}],"about":[{"href":"https:\/\/taiyo.fi\/en\/wp-json\/wp\/v2\/types\/page"}],"author":[{"embeddable":true,"href":"https:\/\/taiyo.fi\/en\/wp-json\/wp\/v2\/users\/13"}],"replies":[{"embeddable":true,"href":"https:\/\/taiyo.fi\/en\/wp-json\/wp\/v2\/comments?post=4186"}],"version-history":[{"count":2,"href":"https:\/\/taiyo.fi\/en\/wp-json\/wp\/v2\/pages\/4186\/revisions"}],"predecessor-version":[{"id":4188,"href":"https:\/\/taiyo.fi\/en\/wp-json\/wp\/v2\/pages\/4186\/revisions\/4188"}],"up":[{"embeddable":true,"href":"https:\/\/taiyo.fi\/en\/wp-json\/wp\/v2\/pages\/2"}],"wp:attachment":[{"href":"https:\/\/taiyo.fi\/en\/wp-json\/wp\/v2\/media?parent=4186"}],"curies":[{"name":"wp","href":"https:\/\/api.w.org\/{rel}","templated":true}]}}