{"id":360,"date":"2013-02-12T11:34:14","date_gmt":"2013-02-12T09:34:14","guid":{"rendered":"http:\/\/taiyo.fi\/?page_id=360"},"modified":"2025-05-28T13:03:53","modified_gmt":"2025-05-28T11:03:53","slug":"viestinta","status":"publish","type":"page","link":"https:\/\/taiyo.fi\/en\/toiminta\/viestinta\/","title":{"rendered":"Communications"},"content":{"rendered":"<p>The most important communication channel of University of the Arts Student Union is the weekly newsletter sent to all students by e-mail. It contains information on open student representative positions, student union events and other current issues of the student union and Uniarts Helsinki.<\/p>\r\n<p>In addition to the weekly newsletter, the student union informs about current affairs on its website and on social media - be sure to follow our channels!<\/p>\r\n<ul>\r\n<li>Instagram: @taiyoartsu<\/li>\r\n<li>Facebook: facebook.com\/taiyoartsu (page) and facebook.com\/groups\/323951204315366 (group)<\/li>\r\n<\/ul>\r\n\r\n<p class=\"wp-block-paragraph\">&nbsp;<\/p>","protected":false},"excerpt":{"rendered":"<p>Taideyliopiston ylioppilaskunnan t\u00e4rkein viestint\u00e4kanava on kaikille opiskelijoille s\u00e4hk\u00f6postitse l\u00e4hetett\u00e4v\u00e4 viikkotiedote. Siit\u00e4 l\u00f6ytyy tietoa avoinna olevista hallinnon opiskelijaedustajapaikoista, ylioppilaskunnan tapahtumista sek\u00e4 muista ylioppilaskunnan [&hellip;]<\/p>\n","protected":false},"author":13,"featured_media":0,"parent":303,"menu_order":42,"comment_status":"open","ping_status":"open","template":"","meta":{"_coblocks_attr":"","_coblocks_dimensions":"","_coblocks_responsive_height":"","_coblocks_accordion_ie_support":"","_crdt_document":"","advanced_seo_description":"","jetpack_seo_html_title":"","jetpack_seo_noindex":false,"footnotes":""},"class_list":["post-360","page","type-page","status-publish","hentry"],"jetpack_sharing_enabled":true,"jetpack_shortlink":"https:\/\/wp.me\/P2w00X-5O","jetpack_likes_enabled":true,"amp_enabled":true,"_links":{"self":[{"href":"https:\/\/taiyo.fi\/en\/wp-json\/wp\/v2\/pages\/360","targetHints":{"allow":["GET"]}}],"collection":[{"href":"https:\/\/taiyo.fi\/en\/wp-json\/wp\/v2\/pages"}],"about":[{"href":"https:\/\/taiyo.fi\/en\/wp-json\/wp\/v2\/types\/page"}],"author":[{"embeddable":true,"href":"https:\/\/taiyo.fi\/en\/wp-json\/wp\/v2\/users\/13"}],"replies":[{"embeddable":true,"href":"https:\/\/taiyo.fi\/en\/wp-json\/wp\/v2\/comments?post=360"}],"version-history":[{"count":15,"href":"https:\/\/taiyo.fi\/en\/wp-json\/wp\/v2\/pages\/360\/revisions"}],"predecessor-version":[{"id":15012,"href":"https:\/\/taiyo.fi\/en\/wp-json\/wp\/v2\/pages\/360\/revisions\/15012"}],"up":[{"embeddable":true,"href":"https:\/\/taiyo.fi\/en\/wp-json\/wp\/v2\/pages\/303"}],"wp:attachment":[{"href":"https:\/\/taiyo.fi\/en\/wp-json\/wp\/v2\/media?parent=360"}],"curies":[{"name":"wp","href":"https:\/\/api.w.org\/{rel}","templated":true}]}}